{"id":3526,"date":"2021-02-08T12:29:06","date_gmt":"2021-02-08T12:29:06","guid":{"rendered":"https:\/\/www.thervacb.eu\/projecte\/"},"modified":"2025-01-14T14:15:13","modified_gmt":"2025-01-14T14:15:13","slug":"projecte","status":"publish","type":"page","link":"https:\/\/www.thervacb.eu\/ca\/projecte\/","title":{"rendered":"Projecte"},"content":{"rendered":"<p>[et_pb_section fb_built=&#8221;1&#8243; fullwidth=&#8221;on&#8221; _builder_version=&#8221;4.16&#8243; da_disable_devices=&#8221;off|off|off&#8221; global_colors_info=&#8221;{}&#8221; da_is_popup=&#8221;off&#8221; da_exit_intent=&#8221;off&#8221; da_has_close=&#8221;on&#8221; da_alt_close=&#8221;off&#8221; da_dark_close=&#8221;off&#8221; da_not_modal=&#8221;on&#8221; da_is_singular=&#8221;off&#8221; da_with_loader=&#8221;off&#8221; da_has_shadow=&#8221;on&#8221;][et_pb_fullwidth_slider use_text_overlay=&#8221;on&#8221; text_overlay_color=&#8221;rgba(6,66,58,0.25)&#8221; _builder_version=&#8221;4.16&#8243; custom_padding=&#8221;83px||65px|||&#8221; auto=&#8221;on&#8221; auto_ignore_hover=&#8221;on&#8221; global_colors_info=&#8221;{}&#8221;][et_pb_slide heading=&#8221;About TherVacB&#8221; use_bg_overlay=&#8221;off&#8221; use_text_overlay=&#8221;on&#8221; arrows_custom_color=&#8221;#2d788c&#8221; dot_nav_custom_color=&#8221;#2d788c&#8221; text_border_radius=&#8221;10px&#8221; _builder_version=&#8221;4.16&#8243; header_font=&#8221;|700|||||||&#8221; header_text_align=&#8221;center&#8221; body_text_align=&#8221;center&#8221; background_enable_color=&#8221;off&#8221; use_background_color_gradient=&#8221;on&#8221; background_color_gradient_direction=&#8221;90deg&#8221; background_color_gradient_stops=&#8221;rgba(0,0,0,0) 0%|rgba(0,0,0,0) 100%&#8221; background_color_gradient_overlays_image=&#8221;on&#8221; background_color_gradient_start=&#8221;rgba(0,0,0,0)&#8221; background_color_gradient_end=&#8221;rgba(0,0,0,0)&#8221; background_image=&#8221;https:\/\/www.thervacb.eu\/wp-content\/uploads\/3d-objects-of-hepatitis-b-viruses-in-abstract-plasma.jpg&#8221; background_enable_image=&#8221;on&#8221; text_orientation=&#8221;center&#8221; header_text_shadow_style=&#8221;preset1&#8243; header_text_shadow_color=&#8221;#706f6f&#8221; body_text_shadow_style=&#8221;preset1&#8243; body_text_shadow_color=&#8221;#706f6f&#8221; text_shadow_style=&#8221;preset1&#8243; text_shadow_color=&#8221;#706f6f&#8221; global_colors_info=&#8221;{}&#8221; sticky_transition=&#8221;on&#8221;]<\/p>\n<p>Nou concepte per combatre l\u2019hepatitis B cr\u00f2nica<\/p>\n<p>[\/et_pb_slide][\/et_pb_fullwidth_slider][\/et_pb_section][et_pb_section fb_built=&#8221;1&#8243; _builder_version=&#8221;4.16&#8243; da_disable_devices=&#8221;off|off|off&#8221; global_colors_info=&#8221;{}&#8221; da_is_popup=&#8221;off&#8221; da_exit_intent=&#8221;off&#8221; da_has_close=&#8221;on&#8221; da_alt_close=&#8221;off&#8221; da_dark_close=&#8221;off&#8221; da_not_modal=&#8221;on&#8221; da_is_singular=&#8221;off&#8221; da_with_loader=&#8221;off&#8221; da_has_shadow=&#8221;on&#8221;][et_pb_row column_structure=&#8221;1_4,1_4,1_4,1_4&#8243; custom_padding_last_edited=&#8221;on|tablet&#8221; _builder_version=&#8221;4.16&#8243; custom_padding_tablet=&#8221;|5px||5px|false|false&#8221; custom_padding_phone=&#8221;&#8221; global_colors_info=&#8221;{}&#8221;][et_pb_column type=&#8221;1_4&#8243; _builder_version=&#8221;4.16&#8243; global_colors_info=&#8221;{}&#8221;][et_pb_blurb title=&#8221;La nostra missi\u00f3&#8221; url=&#8221;#mission&#8221; use_icon=&#8221;on&#8221; font_icon=&#8221;&#xe0f5;||divi||400&#8243; _builder_version=&#8221;4.16&#8243; header_level=&#8221;h2&#8243; header_text_align=&#8221;center&#8221; header_text_color=&#8221;#1c9080&#8243; background_enable_image=&#8221;off&#8221; custom_padding=&#8221;20px||20px||false|false&#8221; animation_style=&#8221;slide&#8221; animation_direction=&#8221;bottom&#8221; border_radii=&#8221;on|30px|30px|30px|30px&#8221; box_shadow_style=&#8221;preset1&#8243; box_shadow_blur=&#8221;8px&#8221; global_colors_info=&#8221;{}&#8221; transform_styles__hover_enabled=&#8221;on|hover&#8221; transform_scale__hover_enabled=&#8221;on|hover&#8221; transform_translate__hover_enabled=&#8221;on|desktop&#8221; transform_rotate__hover_enabled=&#8221;on|desktop&#8221; transform_skew__hover_enabled=&#8221;on|desktop&#8221; transform_origin__hover_enabled=&#8221;on|desktop&#8221; transform_scale__hover=&#8221;105%|105%&#8221;][\/et_pb_blurb][\/et_pb_column][et_pb_column type=&#8221;1_4&#8243; _builder_version=&#8221;4.16&#8243; global_colors_info=&#8221;{}&#8221;][et_pb_blurb title=&#8221;El nostre enfocament&#8221; url=&#8221;#approach&#8221; use_icon=&#8221;on&#8221; font_icon=&#8221;&#xf6f1;||fa||900&#8243; _builder_version=&#8221;4.21.0&#8243; header_level=&#8221;h2&#8243; header_text_align=&#8221;center&#8221; header_text_color=&#8221;#1c9080&#8243; background_enable_image=&#8221;off&#8221; custom_padding=&#8221;20px||20px||false|false&#8221; animation_style=&#8221;slide&#8221; animation_direction=&#8221;bottom&#8221; animation_delay=&#8221;200ms&#8221; border_radii=&#8221;on|30px|30px|30px|30px&#8221; box_shadow_style=&#8221;preset1&#8243; box_shadow_blur=&#8221;8px&#8221; global_colors_info=&#8221;{}&#8221; transform_styles__hover_enabled=&#8221;on|hover&#8221; transform_scale__hover_enabled=&#8221;on|hover&#8221; transform_translate__hover_enabled=&#8221;on|desktop&#8221; transform_rotate__hover_enabled=&#8221;on|desktop&#8221; transform_skew__hover_enabled=&#8221;on|desktop&#8221; transform_origin__hover_enabled=&#8221;on|desktop&#8221; transform_scale__hover=&#8221;105%|105%&#8221;][\/et_pb_blurb][\/et_pb_column][et_pb_column type=&#8221;1_4&#8243; _builder_version=&#8221;4.16&#8243; global_colors_info=&#8221;{}&#8221;][et_pb_blurb title=&#8221;El nostre impacte&#8221; url=&#8221;#impact&#8221; use_icon=&#8221;on&#8221; font_icon=&#8221;&#xf233;||fa||900&#8243; _builder_version=&#8221;4.21.0&#8243; header_level=&#8221;h2&#8243; header_text_align=&#8221;center&#8221; header_text_color=&#8221;#1c9080&#8243; background_enable_image=&#8221;off&#8221; custom_padding=&#8221;20px||20px||false|false&#8221; animation_style=&#8221;slide&#8221; animation_direction=&#8221;bottom&#8221; animation_delay=&#8221;400ms&#8221; border_radii=&#8221;on|30px|30px|30px|30px&#8221; box_shadow_style=&#8221;preset1&#8243; box_shadow_blur=&#8221;8px&#8221; global_colors_info=&#8221;{}&#8221; transform_styles__hover_enabled=&#8221;on|hover&#8221; transform_scale__hover_enabled=&#8221;on|hover&#8221; transform_translate__hover_enabled=&#8221;on|desktop&#8221; transform_rotate__hover_enabled=&#8221;on|desktop&#8221; transform_skew__hover_enabled=&#8221;on|desktop&#8221; transform_origin__hover_enabled=&#8221;on|desktop&#8221; transform_scale__hover=&#8221;105%|105%&#8221;][\/et_pb_blurb][\/et_pb_column][et_pb_column type=&#8221;1_4&#8243; _builder_version=&#8221;4.16&#8243; global_colors_info=&#8221;{}&#8221;][et_pb_blurb title=&#8221;Les nostres cronologies&#8221; url=&#8221;#timelines&#8221; use_icon=&#8221;on&#8221; font_icon=&#8221;&#xf252;||fa||900&#8243; _builder_version=&#8221;4.21.0&#8243; header_level=&#8221;h2&#8243; header_text_align=&#8221;center&#8221; header_text_color=&#8221;#1c9080&#8243; background_enable_image=&#8221;off&#8221; custom_padding=&#8221;20px||20px||false|false&#8221; animation_style=&#8221;slide&#8221; animation_direction=&#8221;bottom&#8221; animation_delay=&#8221;600ms&#8221; border_radii=&#8221;on|30px|30px|30px|30px&#8221; box_shadow_style=&#8221;preset1&#8243; box_shadow_blur=&#8221;8px&#8221; global_colors_info=&#8221;{}&#8221; transform_styles__hover_enabled=&#8221;on|hover&#8221; transform_scale__hover_enabled=&#8221;on|hover&#8221; transform_translate__hover_enabled=&#8221;on|desktop&#8221; transform_rotate__hover_enabled=&#8221;on|desktop&#8221; transform_skew__hover_enabled=&#8221;on|desktop&#8221; transform_origin__hover_enabled=&#8221;on|desktop&#8221; transform_scale__hover=&#8221;105%|105%&#8221;][\/et_pb_blurb][\/et_pb_column][\/et_pb_row][et_pb_row module_id=&#8221;mission&#8221; _builder_version=&#8221;4.16&#8243; global_colors_info=&#8221;{}&#8221;][et_pb_column type=&#8221;4_4&#8243; _builder_version=&#8221;4.16&#8243; global_colors_info=&#8221;{}&#8221;][et_pb_text _builder_version=&#8221;4.16&#8243; global_colors_info=&#8221;{}&#8221;]<\/p>\n<h1>La nostra missi\u00f3<\/h1>\n<p>El sistema immunitari hum\u00e0, \u00f2bviament, t\u00e9 la capacitat de resoldre una infecci\u00f3 aguda per VHB en aproximadament el 90% dels adults infectats. Una resposta efectiva de les c\u00e8l\u00b7lules B i T espec\u00edfiques del virus es considera un factor determinant del control del virus i, finalment, de la resoluci\u00f3 de la infecci\u00f3 pel VHB. Malauradament, les respostes de les c\u00e8l\u00b7lules B i T amb prou feines es detecten i afecten funcionalment la infecci\u00f3 cr\u00f2nica per VHB.<\/p>\n<p>La missi\u00f3 de TherVacB \u00e9s superar la toler\u00e0ncia immune espec\u00edfica del VHB i restaurar les respostes antivirals de les c\u00e8l\u00b7lules B i de les c\u00e8l\u00b7lules T mitjan\u00e7ant una vacunaci\u00f3 terap\u00e8utica per curar finalment el VHB. <\/p>\n<p>[\/et_pb_text][\/et_pb_column][\/et_pb_row][et_pb_row module_id=&#8221;approach&#8221; _builder_version=&#8221;4.16&#8243; global_colors_info=&#8221;{}&#8221;][et_pb_column type=&#8221;4_4&#8243; _builder_version=&#8221;4.16&#8243; global_colors_info=&#8221;{}&#8221;][et_pb_text _builder_version=&#8221;4.16&#8243; global_colors_info=&#8221;{}&#8221;]<\/p>\n<h1>EL NOSTRE enfocament<\/h1>\n<h2><strong>Tecnologia de vacunaci\u00f3 terap\u00e8utica d\u2019avantguarda: fabricada a la UE<\/strong><\/h2>\n<p>La vacunaci\u00f3 terap\u00e8utica \u00e9s un concepte altament atractiu per trencar la toler\u00e0ncia immunol\u00f2gica en pacients amb infeccions cr\u00f2niques i establir un tractament finit i curatiu per a l\u2019hepatitis B. La vacuna TherVacB es basa en la nostra comprensi\u00f3 mecanicista de la insufici\u00e8ncia immunol\u00f2gica durant la infecci\u00f3 cr\u00f2nica pel VHB que inclou B- disfuncional com aix\u00ed com les respostes de les c\u00e8l\u00b7lules T CD4 i CD8. Per tant, creiem que \u00e9s necess\u00e0ria l\u2019activaci\u00f3 simult\u00e0nia de les respostes de les c\u00e8l\u00b7lules T B- i CD4 i CD8 per aconseguir el control immunitari del VHB. Aix\u00f2 va conduir al desenvolupament sistem\u00e0tic i al disseny basat en mecanismes de TherVacB com una vacuna heter\u00f2loga de primer impuls, pangenot\u00edpica, en mosaic, dirigida a tots els genotips rellevants del VHB i que t\u00e9 el potencial de curar la infecci\u00f3 cr\u00f2nica per VHB a&gt; 95% de les persones a tot el m\u00f3n.<\/p>\n<p>En dos passos inicials separats per quatre setmanes, els ant\u00edgens superficials del VHB i de la c\u00e0psida activen les c\u00e8l\u00b7lules T ajudants i les c\u00e8l\u00b7lules B que comencen a produir anticossos neutralitzants per evitar una nova propagaci\u00f3 del virus i c\u00e8l\u00b7lules T efectores primeres (creuades). L&#8217;augment del vector MVA-HBVac despr\u00e9s de 4 setmanes despr\u00e9s de la segona vacunaci\u00f3 prim\u00e0ria augmenta una resposta efectora \u00e0mplia i multifuncional de les c\u00e8l\u00b7lules T CD4 i CD8, que finalment controla el VHB.<\/p>\n<p>L&#8217;assaig cl\u00ednic que avalua TherVacB est\u00e0 dissenyat com un assaig aleatoritzat, obert i multic\u00e8ntric de fase 1\/2 per avaluar la seguretat i la tolerabilitat de l&#8217;enfocament i per recollir les primeres dades d&#8217;efic\u00e0cia del candidat a la vacuna terap\u00e8utica contra l&#8217;hepatitis B en pacients amb hepatitis B cr\u00f2nica.  <\/p>\n<p>[\/et_pb_text][\/et_pb_column][\/et_pb_row][et_pb_row module_id=&#8221;impact&#8221; _builder_version=&#8221;4.16&#8243; global_colors_info=&#8221;{}&#8221;][et_pb_column type=&#8221;4_4&#8243; _builder_version=&#8221;4.16&#8243; global_colors_info=&#8221;{}&#8221;][et_pb_text _builder_version=&#8221;4.16&#8243; global_colors_info=&#8221;{}&#8221;]<\/p>\n<h1>EL NOSTRE Impacte<\/h1>\n<p>TherVacB ofereix una opci\u00f3 de tractament curativa nova i assequible per a l\u2019hepatitis B cr\u00f2nica per a un gran nombre de pacients a tot el m\u00f3n. En combinaci\u00f3 amb la vacunaci\u00f3 profil\u00e0ctica establerta, la sensibilitzaci\u00f3 i els programes de detecci\u00f3 de l\u2019hepatitis B, un enfocament de tractament curatiu ser\u00e0 fonamental per assolir l\u2019Objectiu 3.3 de les Nacions Unides per al Desenvolupament Sostenible de combatre la infecci\u00f3 viral de l\u2019hepatitis B i D a tot el m\u00f3n fins al 2030.<\/p>\n<p>Els pacients esperen amb impaci\u00e8ncia la introducci\u00f3 cl\u00ednica de TherVacB a la UE. El registre europeu de pacients amb hepatitis B creat pel projecte TherVacB ajuda a seleccionar pacients que compleixin els criteris per incloure&#8217;ls a l&#8217;assaig cl\u00ednic TherVacB i altres assaigs que tenen com a objectiu la curaci\u00f3 del VHB. L\u2019\u00e8tica del reclutament de pacients a trav\u00e9s de les xarxes socials s\u2019estudiar\u00e0 dins del consorci perqu\u00e8 permet arribar a grups de pacients que ho necessitin, per\u00f2 encara no en atenci\u00f3 m\u00e8dica regular. El registre s\u2019ampliar\u00e0 a Tanz\u00e0nia, on els pacients tindran per primera vegada l\u2019opci\u00f3 de rebre tractament per l\u2019hepatitis B. La perspectiva d\u2019una curaci\u00f3 potencial de les infeccions cr\u00f2niques del virus de l\u2019hepatitis B fa esperar a les persones afectades una salut sostinguda i deixar d\u2019estar estigmatitzades. &#8211; augmentar en gran mesura la qualitat de vida.<\/p>\n<p>El consorci TherVacB est\u00e0 altament comprom\u00e8s amb una pol\u00edtica de dades obertes i presentar\u00e0 les seves dades generades despr\u00e9s de finalitzar l\u2019assaig cl\u00ednic en reunions nacionals i internacionals als metges i a la comunitat de pacients.<\/p>\n<p>[\/et_pb_text][\/et_pb_column][\/et_pb_row][et_pb_row module_id=&#8221;timelines&#8221; _builder_version=&#8221;4.16&#8243; global_colors_info=&#8221;{}&#8221;][et_pb_column type=&#8221;4_4&#8243; _builder_version=&#8221;4.16&#8243; global_colors_info=&#8221;{}&#8221;][et_pb_text _builder_version=&#8221;4.16&#8243; global_colors_info=&#8221;{}&#8221;]<\/p>\n<h1>LES NOSTRES Cronologies<\/h1>\n<p>TherVacB \u00e9s un projecte finan\u00e7at per la UE que dura set anys des de gener de 2020 fins a desembre de 2026.<br \/>Per obtenir tota la informaci\u00f3 sobre el reclutament de pacients i el nostre estudi cl\u00ednic, consulteu el nostre document<a href=\"https:\/\/www.thervacb.eu\/patients\/\" title=\"Lloc del pacient TherVacB\"> lloc del pacient<\/a> .<\/p>\n<p>Una altra aplicaci\u00f3 de TherVacB per avaluar la seguretat i la tolerabilitat en voluntaris sans est\u00e0 finan\u00e7ada per altres fonts i precedir\u00e0 l\u2019assaig TherVacB finan\u00e7at per la UE en pacients amb hepatitis B cr\u00f2nica.<\/p>\n<p>&nbsp;<\/p>\n<p>[\/et_pb_text][\/et_pb_column][\/et_pb_row][\/et_pb_section]<\/p>\n","protected":false},"excerpt":{"rendered":"<p>Nou concepte per combatre l\u2019hepatitis B cr\u00f2nicaLa nostra missi\u00f3 El sistema immunitari hum\u00e0, \u00f2bviament, t\u00e9 la capacitat de resoldre una infecci\u00f3 aguda per VHB en aproximadament el 90% dels adults infectats. Una resposta efectiva de les c\u00e8l\u00b7lules B i T espec\u00edfiques del virus es considera un factor determinant del control del virus i, finalment, de [&hellip;]<\/p>\n","protected":false},"author":4,"featured_media":0,"parent":0,"menu_order":9,"comment_status":"closed","ping_status":"closed","template":"","meta":{"_et_pb_use_builder":"on","_et_pb_old_content":"","_et_gb_content_width":"","_monsterinsights_skip_tracking":false,"_monsterinsights_sitenote_active":false,"_monsterinsights_sitenote_note":"","_monsterinsights_sitenote_category":0,"footnotes":"","_links_to":"","_links_to_target":""},"class_list":["post-3526","page","type-page","status-publish","hentry"],"aioseo_notices":[],"_links":{"self":[{"href":"https:\/\/www.thervacb.eu\/ca\/wp-json\/wp\/v2\/pages\/3526","targetHints":{"allow":["GET"]}}],"collection":[{"href":"https:\/\/www.thervacb.eu\/ca\/wp-json\/wp\/v2\/pages"}],"about":[{"href":"https:\/\/www.thervacb.eu\/ca\/wp-json\/wp\/v2\/types\/page"}],"author":[{"embeddable":true,"href":"https:\/\/www.thervacb.eu\/ca\/wp-json\/wp\/v2\/users\/4"}],"replies":[{"embeddable":true,"href":"https:\/\/www.thervacb.eu\/ca\/wp-json\/wp\/v2\/comments?post=3526"}],"version-history":[{"count":3,"href":"https:\/\/www.thervacb.eu\/ca\/wp-json\/wp\/v2\/pages\/3526\/revisions"}],"predecessor-version":[{"id":11834,"href":"https:\/\/www.thervacb.eu\/ca\/wp-json\/wp\/v2\/pages\/3526\/revisions\/11834"}],"wp:attachment":[{"href":"https:\/\/www.thervacb.eu\/ca\/wp-json\/wp\/v2\/media?parent=3526"}],"curies":[{"name":"wp","href":"https:\/\/api.w.org\/{rel}","templated":true}]}}