{"id":3527,"date":"2021-02-08T12:29:06","date_gmt":"2021-02-08T12:29:06","guid":{"rendered":"https:\/\/www.thervacb.eu\/soci-blt\/"},"modified":"2025-07-15T07:28:16","modified_gmt":"2025-07-15T06:28:16","slug":"soci-blt","status":"publish","type":"page","link":"https:\/\/www.thervacb.eu\/ca\/equip\/soci-blt\/","title":{"rendered":"Soci BLT"},"content":{"rendered":"<p>[et_pb_section fb_built=&#8221;1&#8243; fullwidth=&#8221;on&#8221; _builder_version=&#8221;4.2.2&#8243; da_disable_devices=&#8221;off|off|off&#8221; global_module=&#8221;539&#8243; saved_tabs=&#8221;all&#8221; da_is_popup=&#8221;off&#8221; da_exit_intent=&#8221;off&#8221; da_has_close=&#8221;on&#8221; da_alt_close=&#8221;off&#8221; da_dark_close=&#8221;off&#8221; da_not_modal=&#8221;on&#8221; da_is_singular=&#8221;off&#8221; da_with_loader=&#8221;off&#8221; da_has_shadow=&#8221;on&#8221;][et_pb_map_fullwidth_extended address=&#8221;Paris, France&#8221; zoom_level=&#8221;2&#8243; address_lat=&#8221;43.762201679538&#8243; address_lng=&#8221;5.1647219&#8243; mobile_dragging=&#8221;off&#8221; map_type_control_position=&#8221;LEFT_CENTER&#8221; streetview_control_position=&#8221;LEFT_BOTTOM&#8221; info_window_width=&#8221;300px&#8221; map_type=&#8221;2&#8243; _builder_version=&#8221;4.4.3&#8243; title_text_color=&#8221;#1c9080&#8243; title_font_size=&#8221;24px&#8221; content_text_color=&#8221;#666666&#8243; content_font_size=&#8221;18px&#8221;][et_pb_map_pin_extended title=&#8221;LMU&#8221; pin_address=&#8221;GESCHWISTER SCHOLL PLATZ 1, 80539 M\u00fcnchen,&#8221; pin_address_lat=&#8221;48.1540685&#8243; pin_address_lng=&#8221;11.5823284&#8243; pin_fill_color=&#8221;#2d788c&#8221; pin_stroke_color=&#8221;#06423a&#8221; pin_circle_color=&#8221;#ffffff&#8221; _builder_version=&#8221;4.4.3&#8243;]<\/p>\n<p><a href=\"https:\/\/www.thervacb.eu\/team\/partner-lmu\/\" title=\"LMU\"><img loading=\"lazy\" decoding=\"async\" src=\"https:\/\/www.thervacb.eu\/wp-content\/uploads\/lmu-logo.png\" alt=\"LMU\" class=\"wp-image-763 size-full\" width=\"204\" height=\"57\" \/><\/a> <\/p>\n<p>[\/et_pb_map_pin_extended][et_pb_map_pin_extended title=&#8221;CTC North&#8221; pin_address=&#8221;Martinistra\u00dfe 64, 20251 Hamburg, Deutschland&#8221; pin_address_lat=&#8221;53.5898297&#8243; pin_address_lng=&#8221;9.9736084&#8243; pin_fill_color=&#8221;#2d788c&#8221; pin_stroke_color=&#8221;#06423a&#8221; pin_circle_color=&#8221;#ffffff&#8221; _builder_version=&#8221;4.4.3&#8243;]<\/p>\n<p><a href=\"https:\/\/www.thervacb.eu\/team\/\" title=\"CTC North\"><img loading=\"lazy\" decoding=\"async\" src=\"https:\/\/www.thervacb.eu\/wp-content\/uploads\/151204-ctc-logo-cmyk-400x114.png\" alt=\"\" class=\"wp-image-523 aligncenter size-medium\" width=\"200\" height=\"57\" srcset=\"https:\/\/www.thervacb.eu\/wp-content\/uploads\/151204-ctc-logo-cmyk-400x116.png 400w, https:\/\/www.thervacb.eu\/wp-content\/uploads\/151204-ctc-logo-cmyk.png 406w\" sizes=\"auto, (max-width: 200px) 100vw, 200px\" \/><\/a><\/p>\n<p>[\/et_pb_map_pin_extended][et_pb_map_pin_extended title=&#8221;Fundaci\u00f3 Cl\u00ednic per a la Recerca Biom\u00e8dica&#8221; pin_address=&#8221;Carrer del Rossell\u00f3, 149, 08036 Barcelona, Spanien&#8221; pin_address_lat=&#8221;41.3885899&#8243; pin_address_lng=&#8221;2.1508862&#8243; pin_fill_color=&#8221;#2d788c&#8221; pin_stroke_color=&#8221;#06423a&#8221; pin_circle_color=&#8221;#ffffff&#8221; _builder_version=&#8221;4.4.2&#8243;]<\/p>\n<p><a href=\"https:\/\/www.thervacb.eu\/team\/partner-fcrb\/\" title=\"Clinic Barcelona\"><img loading=\"lazy\" decoding=\"async\" src=\"https:\/\/www.thervacb.eu\/wp-content\/uploads\/clinic-barcelona-logo.png\" alt=\"Clinic Barcelona\" class=\"wp-image-758 size-full\" width=\"200\" height=\"126\" \/><\/a><\/p>\n<p>[\/et_pb_map_pin_extended][et_pb_map_pin_extended title=&#8221;Helmholtz Zentrum M\u00fcnchen&#8221; pin_address=&#8221;Ingolst\u00e4dter Landstra\u00dfe 1, 85764 Oberschlei\u00dfheim, Deutschland&#8221; pin_address_lat=&#8221;48.2208172&#8243; pin_address_lng=&#8221;11.5871674&#8243; pin_fill_color=&#8221;#2d788c&#8221; pin_stroke_color=&#8221;#06423a&#8221; pin_circle_color=&#8221;#ffffff&#8221; _builder_version=&#8221;4.4.1&#8243;]<\/p>\n<p><a href=\"https:\/\/www.thervacb.eu\/team\/partner-hmgu\/\" title=\"Helmholtz Zentrum M\u00fcnchen\"><img loading=\"lazy\" decoding=\"async\" src=\"https:\/\/www.thervacb.eu\/wp-content\/uploads\/helmholzzentrum-logo.png\" alt=\"Helmholtz Zentrum M\u00fcnchen\" class=\"wp-image-760 size-full\" width=\"236\" height=\"50\" \/><\/a><\/p>\n<p>[\/et_pb_map_pin_extended][et_pb_map_pin_extended title=&#8221;Helmholtz Zentrum f\u00fcr Infektionsforschung GmbH&#8221; pin_address=&#8221;Inhoffenstra\u00dfe 7, 38124 Braunschweig, Deutschland&#8221; pin_address_lat=&#8221;52.2109803&#8243; pin_address_lng=&#8221;10.5314925&#8243; pin_fill_color=&#8221;#2d788c&#8221; pin_stroke_color=&#8221;#06423a&#8221; pin_circle_color=&#8221;#ffffff&#8221; _builder_version=&#8221;4.4.2&#8243;]<a href=\"https:\/\/www.thervacb.eu\/team\/partner-hzi\/\" title=\"Helmholtz-Zentrum f\u00fcr Infektionsforschung GmbH (HZI)\"><img loading=\"lazy\" decoding=\"async\" src=\"https:\/\/www.thervacb.eu\/wp-content\/uploads\/hzi-logo-400x133.png\" alt=\"\" class=\"wp-image-525 alignleft size-medium\" width=\"200\" height=\"66\" srcset=\"https:\/\/www.thervacb.eu\/wp-content\/uploads\/hzi-logo-400x133.png 400w, https:\/\/www.thervacb.eu\/wp-content\/uploads\/hzi-logo.png 406w\" sizes=\"auto, (max-width: 200px) 100vw, 200px\" \/><\/a>[\/et_pb_map_pin_extended][et_pb_map_pin_extended title=&#8221;Medizinische Hochschule Hannover&#8221; pin_address=&#8221;Carl-Neuberg-Stra\u00dfe 1, 30625 Hannover, Deutschland&#8221; pin_address_lat=&#8221;52.3834749&#8243; pin_address_lng=&#8221;9.8047999&#8243; pin_fill_color=&#8221;#2d788c&#8221; pin_stroke_color=&#8221;#06423a&#8221; pin_circle_color=&#8221;#ffffff&#8221; _builder_version=&#8221;4.4.1&#8243;]<\/p>\n<p><a href=\"https:\/\/www.thervacb.eu\/team\/partner-mhh\/\" title=\"Medizinische Hochschule Hannover\"><img loading=\"lazy\" decoding=\"async\" src=\"https:\/\/www.thervacb.eu\/wp-content\/uploads\/mhh-logo.png\" alt=\"MHH\" class=\"wp-image-765 size-full\" width=\"220\" height=\"38\" \/><\/a><\/p>\n<p>[\/et_pb_map_pin_extended][et_pb_map_pin_extended title=&#8221; NIMR-Mbeya Medical Research Center&#8221; pin_address=&#8221;Hospital Hill Rd, Mbeya, Tansania&#8221; pin_address_lat=&#8221;-8.8892372&#8243; pin_address_lng=&#8221;33.4397813&#8243; pin_fill_color=&#8221;#2d788c&#8221; pin_stroke_color=&#8221;#06423a&#8221; pin_circle_color=&#8221;#ffffff&#8221; _builder_version=&#8221;4.4.1&#8243;]<\/p>\n<p><a href=\"https:\/\/www.thervacb.eu\/team\/partner-nimr\/\" title=\" NIMR-Mbeya Medical Research Center\"><img loading=\"lazy\" decoding=\"async\" src=\"https:\/\/www.thervacb.eu\/wp-content\/uploads\/nimr-mmrc-logo-g.png\" alt=\"National Institute for Medical Research\" class=\"wp-image-600 size-full\" width=\"200\" height=\"200\" srcset=\"https:\/\/www.thervacb.eu\/wp-content\/uploads\/nimr-mmrc-logo-g.png 200w, https:\/\/www.thervacb.eu\/wp-content\/uploads\/nimr-mmrc-logo-g-150x150.png 150w\" sizes=\"auto, (max-width: 200px) 100vw, 200px\" \/><\/a><\/p>\n<p>[\/et_pb_map_pin_extended][et_pb_map_pin_extended title=&#8221;Technische Universit\u00e4t M\u00fcnchen&#8221; pin_address=&#8221;Arcisstra\u00dfe 21, 80333 M\u00fcnchen, Deutschland&#8221; pin_address_lat=&#8221;48.1486686&#8243; pin_address_lng=&#8221;11.5685941&#8243; pin_fill_color=&#8221;#2d788c&#8221; pin_stroke_color=&#8221;#06423a&#8221; pin_circle_color=&#8221;#ffffff&#8221; _builder_version=&#8221;4.4.1&#8243;]<\/p>\n<p><a href=\"https:\/\/www.thervacb.eu\/team\/partner-tum\/\" title=\"Technische Universit\u00e4t M\u00fcnchen\"><img loading=\"lazy\" decoding=\"async\" src=\"https:\/\/www.thervacb.eu\/wp-content\/uploads\/tum-logo.png\" alt=\"TUM\" class=\"wp-image-768 size-full\" width=\"200\" height=\"67\" \/><\/a> <\/p>\n<p>[\/et_pb_map_pin_extended][et_pb_map_pin_extended title=&#8221;UNIVERSITY COLLEGE LONDON&#8221; pin_address=&#8221;GOWER STREET, WC1E 6BT London&#8221; pin_address_lat=&#8221;51.5233687&#8243; pin_address_lng=&#8221;-0.135766&#8243; pin_fill_color=&#8221;#2d788c&#8221; pin_stroke_color=&#8221;#06423a&#8221; pin_circle_color=&#8221;#ffffff&#8221; _builder_version=&#8221;4.4.3&#8243;]<\/p>\n<p><a href=\"https:\/\/www.thervacb.eu\/team\/partner-ucl\/\" title=\"UNIVERSITY COLLEGE LONDON\"><img loading=\"lazy\" decoding=\"async\" src=\"https:\/\/www.thervacb.eu\/wp-content\/uploads\/ucl-logo.png\" alt=\"UCL\" class=\"wp-image-770 size-full\" width=\"200\" height=\"59\" \/><\/a><\/p>\n<p>[\/et_pb_map_pin_extended][et_pb_map_pin_extended title=&#8221;ARTTIC SAS&#8221; pin_address=&#8221;58a Rue du Dessous des Berges, 75013 Paris, Frankreich&#8221; pin_address_lat=&#8221;48.827405&#8243; pin_address_lng=&#8221;2.3743052&#8243; pin_fill_color=&#8221;#2d788c&#8221; pin_stroke_color=&#8221;#06423a&#8221; pin_circle_color=&#8221;#ffffff&#8221; _builder_version=&#8221;4.4.1&#8243;]<\/p>\n<p><a href=\"https:\/\/www.thervacb.eu\/team\/arttic\/\" title=\"ARTTIC\"><img loading=\"lazy\" decoding=\"async\" src=\"https:\/\/www.thervacb.eu\/wp-content\/uploads\/arttic-logo-400x200.png\" alt=\"\" class=\"wp-image-524 alignleft size-medium\" width=\"200\" height=\"100\" srcset=\"https:\/\/www.thervacb.eu\/wp-content\/uploads\/arttic-logo-400x200.png 400w, https:\/\/www.thervacb.eu\/wp-content\/uploads\/arttic-logo.png 406w\" sizes=\"auto, (max-width: 200px) 100vw, 200px\" \/><\/a><\/p>\n<p>[\/et_pb_map_pin_extended][et_pb_map_pin_extended title=&#8221;Klinikum Rechts der Isar der Technischen Universit\u00e4t M\u00fcnchen&#8221; pin_address=&#8221;H\u00f6rsaal A, Klinikum rechts der Isar, Ismaninger Str. 22, 81675 M\u00fcnchen, Deutschland&#8221; pin_address_lat=&#8221;48.1360041&#8243; pin_address_lng=&#8221;11.5997829&#8243; pin_fill_color=&#8221;#2d788c&#8221; pin_stroke_color=&#8221;#06423a&#8221; pin_circle_color=&#8221;#ffffff&#8221; _builder_version=&#8221;4.4.1&#8243;]<\/p>\n<p><a href=\"https:\/\/www.thervacb.eu\/team\/partner-tum-med\/\"><img loading=\"lazy\" decoding=\"async\" src=\"https:\/\/www.thervacb.eu\/wp-content\/uploads\/logo-mri-tum-400x118.png\" alt=\"\" class=\"wp-image-521 aligncenter size-medium\" style=\"float: left\" width=\"200\" height=\"59\" srcset=\"https:\/\/www.thervacb.eu\/wp-content\/uploads\/logo-mri-tum-400x120.png 400w, https:\/\/www.thervacb.eu\/wp-content\/uploads\/logo-mri-tum.png 406w\" sizes=\"auto, (max-width: 200px) 100vw, 200px\" \/><\/a><\/p>\n<p>[\/et_pb_map_pin_extended][et_pb_map_pin_extended title=&#8221;Universit\u00e4tsklinikum Hamburg-Eppendorf &#8221; pin_address=&#8221;Martinistra\u00dfe 52, 20251 Hamburg, Deutschland&#8221; pin_address_lat=&#8221;53.5902421&#8243; pin_address_lng=&#8221;9.9785922&#8243; pin_fill_color=&#8221;#2d788c&#8221; pin_stroke_color=&#8221;#06423a&#8221; pin_circle_color=&#8221;#ffffff&#8221; _builder_version=&#8221;4.4.1&#8243;]<\/p>\n<p><a href=\"https:\/\/www.thervacb.eu\/team\/partner-uke\/\" title=\"University Medical Center Hamburg-Eppendorf, I. Department of Internal Medicin\"><img loading=\"lazy\" decoding=\"async\" src=\"https:\/\/www.thervacb.eu\/wp-content\/uploads\/uke-hamburg.png\" alt=\"University Medical Center Hamburg-Eppendorf, I. Department of Internal Medicin\" title=\"University Medical Center Hamburg-Eppendorf, I. Department of Internal Medicin\" class=\"wp-image-1057 aligncenter size-full\" style=\"float: left\" width=\"195\" height=\"169\" \/><\/a><\/p>\n<p>[\/et_pb_map_pin_extended][et_pb_map_pin_extended title=&#8221;Universit\u00e1 degli Studi di Parma&#8221; pin_address=&#8221;Str. dell&#8217;Universit\u00e0, 12, 43121 Parma PR, Italien&#8221; pin_address_lat=&#8221;44.8012357&#8243; pin_address_lng=&#8221;10.3255389&#8243; pin_fill_color=&#8221;#2d788c&#8221; pin_stroke_color=&#8221;#06423a&#8221; pin_circle_color=&#8221;#ffffff&#8221; _builder_version=&#8221;4.4.1&#8243;]<a href=\"https:\/\/www.thervacb.eu\/team\/partner-aop-new\/\"><img loading=\"lazy\" decoding=\"async\" class=\"wp-image-520 aligncenter size-medium\" src=\"https:\/\/www.thervacb.eu\/wp-content\/uploads\/logo-azienda-ospedaliero-universitaria-di-parma-1-400x82.png\" alt=\"\" width=\"200\" height=\"41\" srcset=\"https:\/\/www.thervacb.eu\/wp-content\/uploads\/logo-azienda-ospedaliero-universitaria-di-parma-1-400x83.png 400w, https:\/\/www.thervacb.eu\/wp-content\/uploads\/logo-azienda-ospedaliero-universitaria-di-parma-1.png 406w\" sizes=\"auto, (max-width: 200px) 100vw, 200px\" \/><\/a>[\/et_pb_map_pin_extended][et_pb_map_pin_extended title=&#8221;Universit\u00e4t Leipzig&#8221; pin_address=&#8221;Ritterstra\u00dfe 26, 04109 Leipzig, Deutschland&#8221; pin_address_lat=&#8221;51.3412809&#8243; pin_address_lng=&#8221;12.3802676&#8243; pin_fill_color=&#8221;#2d788c&#8221; pin_stroke_color=&#8221;#06423a&#8221; pin_circle_color=&#8221;#ffffff&#8221; _builder_version=&#8221;4.3.4&#8243;][\/et_pb_map_pin_extended][et_pb_map_pin_extended title=&#8221;Barts Health NHS Trust&#8221; pin_address=&#8221;Co-operative Bank Plc, 9 Prescot St, Whitechapel, London E1 8AZ, Vereinigtes K\u00f6nigreich&#8221; zoom_level=&#8221;5&#8243; pin_address_lat=&#8221;51.5115034&#8243; pin_address_lng=&#8221;-0.0706499&#8243; pin_fill_color=&#8221;#2d788c&#8221; pin_stroke_color=&#8221;#06423a&#8221; pin_circle_color=&#8221;#ffffff&#8221; _builder_version=&#8221;4.4.3&#8243;][\/et_pb_map_pin_extended][et_pb_map_pin_extended title=&#8221;Royal Free London NHS Foundation Trust&#8221; pin_address=&#8221;Pond St, Hampstead, London NW3 2QG, Vereinigtes K\u00f6nigreich&#8221; pin_address_lat=&#8221;51.5537706&#8243; pin_address_lng=&#8221;-0.1672142&#8243; pin_fill_color=&#8221;#2d788c&#8221; pin_stroke_color=&#8221;#06423a&#8221; pin_circle_color=&#8221;#ffffff&#8221; _builder_version=&#8221;4.3.4&#8243;][\/et_pb_map_pin_extended][\/et_pb_map_fullwidth_extended][\/et_pb_section][et_pb_section fb_built=&#8221;1&#8243; _builder_version=&#8221;4.3.1&#8243; da_disable_devices=&#8221;off|off|off&#8221; da_is_popup=&#8221;off&#8221; da_exit_intent=&#8221;off&#8221; da_has_close=&#8221;on&#8221; da_alt_close=&#8221;off&#8221; da_dark_close=&#8221;off&#8221; da_not_modal=&#8221;on&#8221; da_is_singular=&#8221;off&#8221; da_with_loader=&#8221;off&#8221; da_has_shadow=&#8221;on&#8221;][et_pb_row column_structure=&#8221;3_4,1_4&#8243; _builder_version=&#8221;4.3.2&#8243;][et_pb_column type=&#8221;3_4&#8243; _builder_version=&#8221;4.3.1&#8243;][et_pb_text _builder_version=&#8221;4.4.3&#8243;]<\/p>\n<h1>Barts Health NHS Trust<\/h1>\n<h2>Informaci\u00f3 general<\/h2>\n<p>Barts Health \u00e9s un trust del NHS que opera cinc hospitals a la ciutat de Londres i a l&#8217;est de Londres. \u00c9s el segon NHS Trust m\u00e9s gran del Regne Unit, amb m\u00e9s de 16.000 empleats i un dels serveis d\u2019hepatitis viral m\u00e9s grans del Regne Unit. El professor Patrick Kennedy dirigeix un pr\u00f2sper servei cl\u00ednic en la gesti\u00f3 de CHB amb m\u00e9s de 6.000 pacients sota la seva cura al Barts Health NHS Trust i a la East London Network. Va iniciar la prestaci\u00f3 d\u2019un servei multidisciplinari per a tots els centres de gesti\u00f3 de CHB, que forma una aut\u00e8ntica xarxa de parla i hub. Aix\u00f2 ha racionalitzat la gesti\u00f3 dels pacients, ha millorat les vies d\u2019atenci\u00f3 local i ha afavorit el treball entre llocs i el lliurament a assaigs cl\u00ednics. Aquest servei cl\u00ednic, un dels m\u00e9s grans del Regne Unit, ha situat Barts Health com a l\u00edder mundial en diversos assaigs nous a CHB; actualment&gt; 10 assajos cl\u00ednics de fase 1, 2 i 3 dirigits per la ind\u00fastria. A m\u00e9s, el professor Kennedy t\u00e9 una llarga traject\u00f2ria en recerca translacional, que coincideix amb la cartera d\u2019assaigs cl\u00ednics CHB, elevant el llist\u00f3 per a la investigaci\u00f3 cl\u00ednica i translacional a Barts Health.<\/p>\n<p>[\/et_pb_text][\/et_pb_column][et_pb_column type=&#8221;1_4&#8243; _builder_version=&#8221;4.3.2&#8243; background_enable_color=&#8221;off&#8221; use_background_color_gradient=&#8221;on&#8221; background_color_gradient_start=&#8221;rgba(0,0,0,0)&#8221; background_color_gradient_end=&#8221;rgba(92,189,217,0.25)&#8221; background_enable_image=&#8221;off&#8221; background_size=&#8221;initial&#8221; background_position=&#8221;top_left&#8221; custom_padding=&#8221;10px|10px|10px|10px|false|false&#8221; border_radii=&#8221;on|10px|10px|10px|10px&#8221; border_width_all=&#8221;2px&#8221; border_color_all=&#8221;#5cbdd9&#8243;][et_pb_image src=&#8221;https:\/\/www.thervacb.eu\/wp-content\/uploads\/Barts-and-the-London-NHS.png&#8221; alt=&#8221;UNIVERSITY COLLEGE LONDON&#8221; title_text=&#8221;UNIVERSITY COLLEGE LONDON&#8221; _builder_version=&#8221;4.4.3&#8243;][\/et_pb_image][et_pb_text _builder_version=&#8221;4.4.3&#8243; max_width=&#8221;100%&#8221; module_alignment=&#8221;left&#8221;]<\/p>\n<p><strong>Barts Health NHS Trust<br \/><\/strong> Hospital Royal London<br \/>Carretera Whitechapel<br \/>Londres E1 1FR<br \/> Regne Unit<\/p>\n<p>[\/et_pb_text][\/et_pb_column][\/et_pb_row][et_pb_row _builder_version=&#8221;4.4.2&#8243;][et_pb_column type=&#8221;4_4&#8243; _builder_version=&#8221;4.4.2&#8243;][et_pb_text _builder_version=&#8221;4.4.3&#8243;]<\/p>\n<h2>Rol a TherVacB<\/h2>\n<p>Barts Health NHS Trust reclutar\u00e0 pacients per al projecte. El professor Patrick Kennedy \u00e9s el grup d&#8217;inter\u00e8s especial de l&#8217;Associaci\u00f3 Brit\u00e0nica per a l&#8217;Estudi del Fetge (BASL) per al virus de l&#8217;hepatitis B (VHB). Aquest paper implica la coordinaci\u00f3, la planificaci\u00f3 i el lliurament de la investigaci\u00f3 sobre el VHB al Regne Unit. A m\u00e9s, Barts Health t\u00e9 un programa de recerca translacional l\u00edder al m\u00f3n en VHB, que dirigeix el professor Kennedy. Barts Health NHS Trust ha contribu\u00eft a la planificaci\u00f3 del projecte actual fent \u00e8mfasi espec\u00edfic en la selecci\u00f3 de pacients. Basat en l&#8217;experi\u00e8ncia en immunologia del VHB i en la investigaci\u00f3 translacional, Barts Health contribuir\u00e0 als estudis d&#8217;immunologia planificats com a part del projecte actual.<\/p>\n<p>[\/et_pb_text][\/et_pb_column][\/et_pb_row][et_pb_row _builder_version=&#8221;4.4.2&#8243;][et_pb_column type=&#8221;4_4&#8243; _builder_version=&#8221;4.4.2&#8243;][et_pb_text _builder_version=&#8221;4.4.2&#8243;]<\/p>\n<h2>Personal del projecte<\/h2>\n<p>[\/et_pb_text][\/et_pb_column][\/et_pb_row][et_pb_row column_structure=&#8221;1_2,1_2&#8243; _builder_version=&#8221;4.4.2&#8243;][et_pb_column type=&#8221;1_2&#8243; _builder_version=&#8221;4.4.2&#8243;][et_pb_team_member name=&#8221;Patrick Kennedy&#8221; position=&#8221;Coinvestigador&#8221; image_url=&#8221;https:\/\/www.thervacb.eu\/wp-content\/uploads\/BLT_Patrick-Kennedy.jpg&#8221; _builder_version=&#8221;4.4.6&#8243; header_text_align=&#8221;center&#8221; position_text_align=&#8221;center&#8221; position_line_height=&#8221;2em&#8221; text_orientation=&#8221;left&#8221; hover_enabled=&#8221;0&#8243; custom_css_member_image=&#8221;-webkit-clip-path: circle(45% at 50% 68%);||clip-path: circle(43% at 50% 68%);||margin-top:-20px;||height:160px;||margin-left: auto;||margin-right: auto;||&#8221; custom_css_member_description=&#8221;margin-top:80px&#8221; box_shadow_style=&#8221;preset1&#8243; border_radii=&#8221;on|10px|10px|10px|10px&#8221; custom_margin=&#8221;||||false|false&#8221; custom_padding=&#8221;40px|20px|20px|20px|false|false&#8221;][\/et_pb_team_member][\/et_pb_column][et_pb_column type=&#8221;1_2&#8243; _builder_version=&#8221;4.4.2&#8243;][et_pb_team_member name=&#8221;James Hand&#8221; position=&#8221;Director d&#8217;Investigaci\u00f3 Cl\u00ednica&#8221; image_url=&#8221;https:\/\/www.thervacb.eu\/wp-content\/uploads\/person-blue.png&#8221; _builder_version=&#8221;4.4.6&#8243; header_text_align=&#8221;center&#8221; position_text_align=&#8221;center&#8221; position_line_height=&#8221;2em&#8221; text_orientation=&#8221;left&#8221; hover_enabled=&#8221;0&#8243; custom_css_member_image=&#8221;-webkit-clip-path: circle(45% at 50% 68%);||clip-path: circle(43% at 50% 68%);||margin-top:-20px;||height:160px;||margin-left: auto;||margin-right: auto;||&#8221; custom_css_member_description=&#8221;margin-top:80px&#8221; custom_padding=&#8221;40px|20px|20px|20px|false|false&#8221; border_radii=&#8221;on|10px|10px|10px|10px&#8221; box_shadow_style=&#8221;preset1&#8243;][\/et_pb_team_member][\/et_pb_column][\/et_pb_row][\/et_pb_section]<\/p>\n","protected":false},"excerpt":{"rendered":"<p>Barts Health NHS Trust Informaci\u00f3 general Barts Health \u00e9s un trust del NHS que opera cinc hospitals a la ciutat de Londres i a l&#8217;est de Londres. \u00c9s el segon NHS Trust m\u00e9s gran del Regne Unit, amb m\u00e9s de 16.000 empleats i un dels serveis d\u2019hepatitis viral m\u00e9s grans del Regne Unit. El professor [&hellip;]<\/p>\n","protected":false},"author":4,"featured_media":0,"parent":3533,"menu_order":4,"comment_status":"closed","ping_status":"closed","template":"","meta":{"_et_pb_use_builder":"on","_et_pb_old_content":"","_et_gb_content_width":"","_monsterinsights_skip_tracking":false,"_monsterinsights_sitenote_active":false,"_monsterinsights_sitenote_note":"","_monsterinsights_sitenote_category":0,"footnotes":"","_links_to":"","_links_to_target":""},"class_list":["post-3527","page","type-page","status-publish","hentry"],"aioseo_notices":[],"_links":{"self":[{"href":"https:\/\/www.thervacb.eu\/ca\/wp-json\/wp\/v2\/pages\/3527","targetHints":{"allow":["GET"]}}],"collection":[{"href":"https:\/\/www.thervacb.eu\/ca\/wp-json\/wp\/v2\/pages"}],"about":[{"href":"https:\/\/www.thervacb.eu\/ca\/wp-json\/wp\/v2\/types\/page"}],"author":[{"embeddable":true,"href":"https:\/\/www.thervacb.eu\/ca\/wp-json\/wp\/v2\/users\/4"}],"replies":[{"embeddable":true,"href":"https:\/\/www.thervacb.eu\/ca\/wp-json\/wp\/v2\/comments?post=3527"}],"version-history":[{"count":1,"href":"https:\/\/www.thervacb.eu\/ca\/wp-json\/wp\/v2\/pages\/3527\/revisions"}],"predecessor-version":[{"id":12570,"href":"https:\/\/www.thervacb.eu\/ca\/wp-json\/wp\/v2\/pages\/3527\/revisions\/12570"}],"up":[{"embeddable":true,"href":"https:\/\/www.thervacb.eu\/ca\/wp-json\/wp\/v2\/pages\/3533"}],"wp:attachment":[{"href":"https:\/\/www.thervacb.eu\/ca\/wp-json\/wp\/v2\/media?parent=3527"}],"curies":[{"name":"wp","href":"https:\/\/api.w.org\/{rel}","templated":true}]}}