{"id":3545,"date":"2021-02-08T12:29:10","date_gmt":"2021-02-08T12:29:10","guid":{"rendered":"https:\/\/www.thervacb.eu\/copyright\/"},"modified":"2021-10-20T07:39:34","modified_gmt":"2021-10-20T06:39:34","slug":"copyright","status":"publish","type":"page","link":"https:\/\/www.thervacb.eu\/ca\/copyright\/","title":{"rendered":"Copyright"},"content":{"rendered":"<p>[et_pb_section fb_built=&#8221;1&#8243; _builder_version=&#8221;4.0.9&#8243; da_disable_devices=&#8221;off|off|off&#8221; da_is_popup=&#8221;off&#8221; da_exit_intent=&#8221;off&#8221; da_has_close=&#8221;on&#8221; da_alt_close=&#8221;off&#8221; da_dark_close=&#8221;off&#8221; da_not_modal=&#8221;on&#8221; da_is_singular=&#8221;off&#8221; da_with_loader=&#8221;off&#8221; da_has_shadow=&#8221;on&#8221;][et_pb_row _builder_version=&#8221;4.0.9&#8243;][et_pb_column type=&#8221;4_4&#8243; _builder_version=&#8221;4.0.9&#8243;][et_pb_text _builder_version=&#8221;4.2.2&#8243;]<\/p>\n<h1>Copyright<\/h1>\n<p>Les imatges d\u2019individus s\u00f3n drets d\u2019autor del fot\u00f2graf o propietat personal de la persona que es mostra. Les il\u00b7lustracions s\u00f3n propietat de les organitzacions que les van proporcionar a l&#8217;administrador web.<\/p>\n<p>Podeu descarregar, reproduir i retransmetre el material que es mostra en aquest lloc web per a \u00fas personal i no comercial. Si ho feu, accepteu esmentar la font i conservar tots els avisos sobre drets d&#8217;autor i altres continguts en els materials. No podeu utilitzar, distribuir, modificar, transmetre o publicar el contingut del lloc web de TherVacB amb finalitats p\u00fabliques o comercials, inclosos textos, imatges, \u00e0udio o v\u00eddeo, sense el perm\u00eds escrit de TherVacB. <\/p>\n<p>&nbsp;<\/p>\n<h2>Imatges i gr\u00e0fics<\/h2>\n<p>[\/et_pb_text][et_pb_gallery gallery_ids=&#8221;2767,2618,2606,2701,2881,2887,2863,2875,2869&#8243; posts_number=&#8221;40&#8243; zoom_icon_color=&#8221;#ffffff&#8221; hover_overlay_color=&#8221;rgba(255,255,255,0.15)&#8221; hover_icon=&#8221;%%47%%&#8221; _builder_version=&#8221;4.4.6&#8243; animation_style=&#8221;zoom&#8221; border_color_all_image=&#8221;#706f6f&#8221; box_shadow_style_image=&#8221;preset1&#8243; box_shadow_blur_image=&#8221;6px&#8221; global_module=&#8221;2260&#8243; saved_tabs=&#8221;all&#8221;][\/et_pb_gallery][\/et_pb_column][\/et_pb_row][\/et_pb_section]<\/p>\n","protected":false},"excerpt":{"rendered":"<p>Copyright Les imatges d\u2019individus s\u00f3n drets d\u2019autor del fot\u00f2graf o propietat personal de la persona que es mostra. Les il\u00b7lustracions s\u00f3n propietat de les organitzacions que les van proporcionar a l&#8217;administrador web. Podeu descarregar, reproduir i retransmetre el material que es mostra en aquest lloc web per a \u00fas personal i no comercial. Si ho [&hellip;]<\/p>\n","protected":false},"author":4,"featured_media":0,"parent":0,"menu_order":52,"comment_status":"closed","ping_status":"closed","template":"","meta":{"_et_pb_use_builder":"on","_et_pb_old_content":"","_et_gb_content_width":"","_monsterinsights_skip_tracking":false,"_monsterinsights_sitenote_active":false,"_monsterinsights_sitenote_note":"","_monsterinsights_sitenote_category":0,"footnotes":"","_links_to":"","_links_to_target":""},"class_list":["post-3545","page","type-page","status-publish","hentry"],"aioseo_notices":[],"_links":{"self":[{"href":"https:\/\/www.thervacb.eu\/ca\/wp-json\/wp\/v2\/pages\/3545","targetHints":{"allow":["GET"]}}],"collection":[{"href":"https:\/\/www.thervacb.eu\/ca\/wp-json\/wp\/v2\/pages"}],"about":[{"href":"https:\/\/www.thervacb.eu\/ca\/wp-json\/wp\/v2\/types\/page"}],"author":[{"embeddable":true,"href":"https:\/\/www.thervacb.eu\/ca\/wp-json\/wp\/v2\/users\/4"}],"replies":[{"embeddable":true,"href":"https:\/\/www.thervacb.eu\/ca\/wp-json\/wp\/v2\/comments?post=3545"}],"version-history":[{"count":0,"href":"https:\/\/www.thervacb.eu\/ca\/wp-json\/wp\/v2\/pages\/3545\/revisions"}],"wp:attachment":[{"href":"https:\/\/www.thervacb.eu\/ca\/wp-json\/wp\/v2\/media?parent=3545"}],"curies":[{"name":"wp","href":"https:\/\/api.w.org\/{rel}","templated":true}]}}