{"id":3706,"date":"2021-02-08T12:30:28","date_gmt":"2021-02-08T12:30:28","guid":{"rendered":"https:\/\/www.thervacb.eu\/equip\/soci-ulei\/"},"modified":"2025-07-15T07:28:16","modified_gmt":"2025-07-15T06:28:16","slug":"soci-ulei","status":"publish","type":"page","link":"https:\/\/www.thervacb.eu\/ca\/equip\/soci-ulei\/","title":{"rendered":"Soci ULEI"},"content":{"rendered":"<p>[et_pb_section fb_built=&#8221;1&#8243; fullwidth=&#8221;on&#8221; admin_label=&#8221;Map&#8221; _builder_version=&#8221;4.9.0&#8243; da_disable_devices=&#8221;off|off|off&#8221; global_module=&#8221;539&#8243; saved_tabs=&#8221;all&#8221; global_colors_info=&#8221;{}&#8221; da_is_popup=&#8221;off&#8221; da_exit_intent=&#8221;off&#8221; da_has_close=&#8221;on&#8221; da_alt_close=&#8221;off&#8221; da_dark_close=&#8221;off&#8221; da_not_modal=&#8221;on&#8221; da_is_singular=&#8221;off&#8221; da_with_loader=&#8221;off&#8221; da_has_shadow=&#8221;on&#8221;][et_pb_map_fullwidth_extended address=&#8221;Paris, France&#8221; zoom_level=&#8221;2&#8243; address_lat=&#8221;43.762201679538&#8243; address_lng=&#8221;5.1647219&#8243; mobile_dragging=&#8221;off&#8221; map_type_control_position=&#8221;LEFT_CENTER&#8221; streetview_control_position=&#8221;LEFT_BOTTOM&#8221; info_window_width=&#8221;300px&#8221; map_type=&#8221;2&#8243; _builder_version=&#8221;4.25.0&#8243; title_text_color=&#8221;#1c9080&#8243; title_font_size=&#8221;24px&#8221; content_text_color=&#8221;#666666&#8243; content_font_size=&#8221;18px&#8221; global_colors_info=&#8221;{}&#8221;][et_pb_map_pin_extended title=&#8221;LMU&#8221; pin_address=&#8221;GESCHWISTER SCHOLL PLATZ 1, 80539 M\u00fcnchen,&#8221; pin_address_lat=&#8221;48.1540685&#8243; pin_address_lng=&#8221;11.5823284&#8243; pin_fill_color=&#8221;#2d788c&#8221; pin_stroke_color=&#8221;#06423a&#8221; pin_circle_color=&#8221;#ffffff&#8221; _builder_version=&#8221;4.21.0&#8243; global_colors_info=&#8221;{}&#8221;]<\/p>\n<p><a title=\"LMU\" href=\"https:\/\/www.thervacb.eu\/team\/partner-lmu\/\" title=\"Hospital of the Ludwig-Maximilians-University (LMU) Munich,  Division of Infectious Diseases and Tropical Medicine\"><img loading=\"lazy\" decoding=\"async\" class=\"wp-image-763 size-full\" src=\"https:\/\/www.thervacb.eu\/wp-content\/uploads\/lmu-logo.png\" alt=\"Hospital of the Ludwig-Maximilians-University (LMU) Munich,  Division of Infectious Diseases and Tropical Medicine\" width=\"204\" height=\"57\" title=\"Hospital of the Ludwig-Maximilians-University (LMU) Munich,  Division of Infectious Diseases and Tropical Medicine\"><\/a><\/p>\n<p>[\/et_pb_map_pin_extended][et_pb_map_pin_extended title=&#8221;Fundaci\u00f3 Cl\u00ednic per a la Recerca Biom\u00e8dica &#8221; pin_address=&#8221;Carrer del Rossell\u00f3, 149, 08036 Barcelona, Spanien&#8221; pin_address_lat=&#8221;41.3885899&#8243; pin_address_lng=&#8221;2.1508862&#8243; pin_fill_color=&#8221;#2d788c&#8221; pin_stroke_color=&#8221;#06423a&#8221; pin_circle_color=&#8221;#ffffff&#8221; _builder_version=&#8221;4.21.0&#8243; global_colors_info=&#8221;{}&#8221;]<\/p>\n<p><a href=\"https:\/\/www.thervacb.eu\/team\/partner-fcrb\/\" title=\"Fundaci\u00f3 Cl\u00ednic per a la Recerca Biom\u00e8dica \"><img loading=\"lazy\" decoding=\"async\" src=\"https:\/\/www.thervacb.eu\/wp-content\/uploads\/clinic-barcelona-logo.png\" alt=\"Fundaci\u00f3 Cl\u00ednic per a la Recerca Biom\u00e8dica \" class=\"wp-image-758 size-full\" width=\"200\" height=\"126\"><\/a><\/p>\n<p>[\/et_pb_map_pin_extended][et_pb_map_pin_extended title=&#8221;Helmholtz-Zentrum f\u00fcr Infektionsforschung GmbH (HZI)&#8221; pin_address=&#8221;Ingolst\u00e4dter Landstra\u00dfe 1, 85764 Oberschlei\u00dfheim, Deutschland&#8221; pin_address_lat=&#8221;48.2208172&#8243; pin_address_lng=&#8221;11.5871674&#8243; pin_fill_color=&#8221;#2d788c&#8221; pin_stroke_color=&#8221;#06423a&#8221; pin_circle_color=&#8221;#ffffff&#8221; _builder_version=&#8221;4.21.0&#8243; global_colors_info=&#8221;{}&#8221;]<\/p>\n<p><a href=\"https:\/\/www.thervacb.eu\/team\/partner-hzi\/\" title=\"Helmholtz-Zentrum f\u00fcr Infektionsforschung GmbH (HZI)\"><img loading=\"lazy\" decoding=\"async\" src=\"https:\/\/www.thervacb.eu\/wp-content\/uploads\/helmholzzentrum-logo.png\" alt=\"Helmholtz-Zentrum f\u00fcr Infektionsforschung GmbH (HZI)\" class=\"wp-image-760 size-full\" width=\"236\" height=\"50\"><\/a><\/p>\n<p>[\/et_pb_map_pin_extended][et_pb_map_pin_extended title=&#8221;Helmholtz Zentrumf\u00fcrInfektionsforschung GmbH&#8221; pin_address=&#8221;Inhoffenstra\u00dfe 7, 38124 Braunschweig, Deutschland&#8221; pin_address_lat=&#8221;52.2109803&#8243; pin_address_lng=&#8221;10.5314925&#8243; pin_fill_color=&#8221;#2d788c&#8221; pin_stroke_color=&#8221;#06423a&#8221; pin_circle_color=&#8221;#ffffff&#8221; _builder_version=&#8221;4.21.0&#8243; global_colors_info=&#8221;{}&#8221;]<a href=\"https:\/\/www.thervacb.eu\/team\/partner-hzi\/\" title=\"Helmholtz-Zentrumf\u00fcrInfektionsforschung GmbH\uff08HZI\uff09\"><img loading=\"lazy\" decoding=\"async\" src=\"https:\/\/www.thervacb.eu\/wp-content\/uploads\/hzi-logo-400x133.png\" title=\"Helmholtz Zentrumf\u00fcrInfektionsforschung GmbH\" alt=\"Helmholtz Zentrumf\u00fcrInfektionsforschung GmbH\" class=\"wp-image-525 alignleft size-medium\" width=\"200\" height=\"66\" srcset=\"https:\/\/www.thervacb.eu\/wp-content\/uploads\/hzi-logo-400x133.png 400w, https:\/\/www.thervacb.eu\/wp-content\/uploads\/hzi-logo.png 406w\" sizes=\"auto, (max-width: 200px) 100vw, 200px\" \/><\/a>[\/et_pb_map_pin_extended][et_pb_map_pin_extended title=&#8221;Medizinische Hochschule Hannover&#8221; pin_address=&#8221;Carl-Neuberg-Stra\u00dfe 1, 30625 Hannover, Deutschland&#8221; pin_address_lat=&#8221;52.3834749&#8243; pin_address_lng=&#8221;9.8047999&#8243; pin_fill_color=&#8221;#2d788c&#8221; pin_stroke_color=&#8221;#06423a&#8221; pin_circle_color=&#8221;#ffffff&#8221; _builder_version=&#8221;4.21.0&#8243; global_colors_info=&#8221;{}&#8221;]<\/p>\n<p><a href=\"https:\/\/www.thervacb.eu\/team\/partner-mhh\/\" title=\"Medizinische Hochschule Hannover\"><img loading=\"lazy\" decoding=\"async\" src=\"https:\/\/www.thervacb.eu\/wp-content\/uploads\/mhh-logo.png\" alt=\"MHH\" class=\"wp-image-765 size-full\" width=\"220\" height=\"38\"><\/a><\/p>\n<p>[\/et_pb_map_pin_extended][et_pb_map_pin_extended title=&#8221;NIMR-Mbeya Medical Research Center&#8221; pin_address=&#8221;Hospital Hill Rd, Mbeya, Tansania&#8221; pin_address_lat=&#8221;-8.8892372&#8243; pin_address_lng=&#8221;33.4397813&#8243; pin_fill_color=&#8221;#2d788c&#8221; pin_stroke_color=&#8221;#06423a&#8221; pin_circle_color=&#8221;#ffffff&#8221; _builder_version=&#8221;4.21.0&#8243; global_colors_info=&#8221;{}&#8221;]<\/p>\n<p><a href=\"https:\/\/www.thervacb.eu\/team\/partner-nimr\/\" title=\"NIMR-Mbeya Medical Research Center\"><img loading=\"lazy\" decoding=\"async\" src=\"https:\/\/www.thervacb.eu\/wp-content\/uploads\/nimr-mmrc-logo-g.png\" alt=\"NIMR-Mbeya Medical Research Center\" class=\"wp-image-600 size-full\" width=\"200\" height=\"200\" srcset=\"https:\/\/www.thervacb.eu\/wp-content\/uploads\/nimr-mmrc-logo-g.png 200w, https:\/\/www.thervacb.eu\/wp-content\/uploads\/nimr-mmrc-logo-g-150x150.png 150w\" sizes=\"auto, (max-width: 200px) 100vw, 200px\" \/><\/a><\/p>\n<p>[\/et_pb_map_pin_extended][et_pb_map_pin_extended title=&#8221;Technische Universit\u00e4t M\u00fcnchen&#8221; pin_address=&#8221;Arcisstra\u00dfe 21, 80333 M\u00fcnchen, Deutschland&#8221; pin_address_lat=&#8221;48.1486686&#8243; pin_address_lng=&#8221;11.5685941&#8243; pin_fill_color=&#8221;#2d788c&#8221; pin_stroke_color=&#8221;#06423a&#8221; pin_circle_color=&#8221;#ffffff&#8221; _builder_version=&#8221;4.21.0&#8243; global_colors_info=&#8221;{}&#8221;]<\/p>\n<p><a href=\"https:\/\/www.thervacb.eu\/team\/partner-tum\/\" title=\"Technische Universit\u00e4t M\u00fcnchen\"><img loading=\"lazy\" decoding=\"async\" src=\"https:\/\/www.thervacb.eu\/wp-content\/uploads\/tum-logo.png\" alt=\"\u6c64\u59c6\" class=\"wp-image-768 size-full\" width=\"200\" height=\"67\"><\/a> <\/p>\n<p>[\/et_pb_map_pin_extended][et_pb_map_pin_extended title=&#8221;UNIVERSITY COLLEGE LONDON (UCL)&#8221; pin_address=&#8221;GOWER STREET, WC1E 6BT London&#8221; pin_address_lat=&#8221;51.5233687&#8243; pin_address_lng=&#8221;-0.135766&#8243; pin_fill_color=&#8221;#2d788c&#8221; pin_stroke_color=&#8221;#06423a&#8221; pin_circle_color=&#8221;#ffffff&#8221; _builder_version=&#8221;4.21.0&#8243; global_colors_info=&#8221;{}&#8221;]<\/p>\n<p><a href=\"https:\/\/www.thervacb.eu\/team\/partner-ucl\/\" title=\"UNIVERSITY COLLEGE LONDON (UCL)\"><img loading=\"lazy\" decoding=\"async\" src=\"https:\/\/www.thervacb.eu\/wp-content\/uploads\/ucl-logo.png\" alt=\"UNIVERSITY COLLEGE LONDON (UCL)\" class=\"wp-image-770 size-full\" width=\"200\" height=\"59\"><\/a><\/p>\n<p>[\/et_pb_map_pin_extended][et_pb_map_pin_extended title=&#8221;Klinikum Rechts der Isar der Technischen Universit\u00e4t M\u00fcnchen&#8221; pin_address=&#8221;H\u00f6rsaal A, Klinikum rechts der Isar, Ismaninger Str. 22, 81675 M\u00fcnchen, Deutschland&#8221; pin_address_lat=&#8221;48.1360041&#8243; pin_address_lng=&#8221;11.5997829&#8243; pin_fill_color=&#8221;#2d788c&#8221; pin_stroke_color=&#8221;#06423a&#8221; pin_circle_color=&#8221;#ffffff&#8221; _builder_version=&#8221;4.21.0&#8243; global_colors_info=&#8221;{}&#8221;]<\/p>\n<p><a href=\"https:\/\/www.thervacb.eu\/team\/partner-tum-med\/\"><img loading=\"lazy\" decoding=\"async\" src=\"https:\/\/www.thervacb.eu\/wp-content\/uploads\/logo-mri-tum-400x118.png\" alt=\"Klinikum Rechts der Isar der Technischen Universit\u00e4t M\u00fcnchen\" title=\"Klinikum Rechts der Isar der Technischen Universit\u00e4t M\u00fcnchen\" class=\"wp-image-521 aligncenter size-medium\" style=\"float: left\" width=\"200\" height=\"59\" srcset=\"https:\/\/www.thervacb.eu\/wp-content\/uploads\/logo-mri-tum-400x120.png 400w, https:\/\/www.thervacb.eu\/wp-content\/uploads\/logo-mri-tum.png 406w\" sizes=\"auto, (max-width: 200px) 100vw, 200px\" \/><\/a><\/p>\n<p>[\/et_pb_map_pin_extended][et_pb_map_pin_extended title=&#8221;University Medical Center Hamburg-Eppendorf, I. Department of Internal Medicine&#8221; pin_address=&#8221;Martinistra\u00dfe 52, 20251 Hamburg, Deutschland&#8221; pin_address_lat=&#8221;53.5902421&#8243; pin_address_lng=&#8221;9.9785922&#8243; pin_fill_color=&#8221;#2d788c&#8221; pin_stroke_color=&#8221;#06423a&#8221; pin_circle_color=&#8221;#ffffff&#8221; _builder_version=&#8221;4.21.0&#8243; global_colors_info=&#8221;{}&#8221;]<\/p>\n<p><a href=\"https:\/\/www.thervacb.eu\/team\/partner-uke\/\" title=\"University Medical Center Hamburg-Eppendorf, I. Department of Internal Medicine\"><img loading=\"lazy\" decoding=\"async\" src=\"https:\/\/www.thervacb.eu\/wp-content\/uploads\/uke-hamburg.png\" alt=\"University Medical Center Hamburg-Eppendorf, I. Department of Internal Medicine\" title=University Medical Center Hamburg-Eppendorf, I. Department of Internal Medicine\" class=\"wp-image-1057 aligncenter size-full\" style=\"float: left\" width=\"195\" height=\"169\"><\/a><\/p>\n<p>[\/et_pb_map_pin_extended][et_pb_map_pin_extended title=&#8221;Azienda Ospedaliero- Universitaria di Parma&#8221; pin_address=&#8221;Str. dell&#8217;Universit\u00e0, 12, 43121 Parma PR, Italien&#8221; pin_address_lat=&#8221;44.8012357&#8243; pin_address_lng=&#8221;10.3255389&#8243; pin_fill_color=&#8221;#2d788c&#8221; pin_stroke_color=&#8221;#06423a&#8221; pin_circle_color=&#8221;#ffffff&#8221; _builder_version=&#8221;4.21.0&#8243; global_colors_info=&#8221;{}&#8221;]<a href=\"https:\/\/www.thervacb.eu\/team\/partner-aop-new\/\" title=\"Azienda Ospedaliero-\nUniversitaria di Parma\"><img loading=\"lazy\" decoding=\"async\" class=\"wp-image-520 aligncenter size-medium\" src=\"https:\/\/www.thervacb.eu\/wp-content\/uploads\/logo-azienda-ospedaliero-universitaria-di-parma-1-400x82.png\" alt=\"Azienda Ospedaliero-\nUniversitaria di Parma\" width=\"200\" height=\"41\" title=\"Azienda Ospedaliero-\nUniversitaria di Parma\" srcset=\"https:\/\/www.thervacb.eu\/wp-content\/uploads\/logo-azienda-ospedaliero-universitaria-di-parma-1-400x83.png 400w, https:\/\/www.thervacb.eu\/wp-content\/uploads\/logo-azienda-ospedaliero-universitaria-di-parma-1.png 406w\" sizes=\"auto, (max-width: 200px) 100vw, 200px\" \/><\/a>[\/et_pb_map_pin_extended][et_pb_map_pin_extended title=&#8221;Universit\u00e4t Leipzig&#8221; pin_address=&#8221;Ritterstra\u00dfe 26, 04109 Leipzig, Deutschland&#8221; pin_address_lat=&#8221;51.3412809&#8243; pin_address_lng=&#8221;12.3802676&#8243; pin_fill_color=&#8221;#2d788c&#8221; pin_stroke_color=&#8221;#06423a&#8221; pin_circle_color=&#8221;#ffffff&#8221; _builder_version=&#8221;4.21.0&#8243; global_colors_info=&#8221;{}&#8221;]<\/p>\n<p><a title=\"Universit\u00e4t Leipzig\" href=\"https:\/\/www.thervacb.eu\/team\/partner-ulei\/\"><img decoding=\"async\" class=\"alignnone wp-image-4300 size-medium\" title=\"Universit\u00e4t Leipzig\" src=\"https:\/\/www.thervacb.eu\/wp-content\/uploads\/university-leipzig.png\" alt=\"Universit\u00e4t Leipzig\" width=\"200\"><\/a><\/p>\n<p>[\/et_pb_map_pin_extended][et_pb_map_pin_extended title=&#8221;Barts Health NHS Trust&#8221; pin_address=&#8221;Co-operative Bank Plc, 9 Prescot St, Whitechapel, London E1 8AZ, Vereinigtes K\u00f6nigreich&#8221; zoom_level=&#8221;5&#8243; pin_address_lat=&#8221;51.5115034&#8243; pin_address_lng=&#8221;-0.0706499&#8243; pin_fill_color=&#8221;#2d788c&#8221; pin_stroke_color=&#8221;#06423a&#8221; pin_circle_color=&#8221;#ffffff&#8221; _builder_version=&#8221;4.21.0&#8243; global_colors_info=&#8221;{}&#8221;]<\/p>\n<p><a title=\"Barts Health NHS Trust\" href=\"https:\/\/www.thervacb.eu\/team\/partner-blt\/\"><img decoding=\"async\" class=\"alignnone wp-image-4300 size-medium\" title=\"Barts Health NHS Trust\" src=\"https:\/\/www.thervacb.eu\/wp-content\/uploads\/Barts-and-the-London-NHS.png\" alt=\"Barts Health NHS Trust\" width=\"200\" ><\/a><\/p>\n<p>[\/et_pb_map_pin_extended][et_pb_map_pin_extended title=&#8221;Royal Free London NHS Foundation Trust&#8221; pin_address=&#8221;Pond St, Hampstead, London NW3 2QG, Vereinigtes K\u00f6nigreich&#8221; pin_address_lat=&#8221;51.5537706&#8243; pin_address_lng=&#8221;-0.1672142&#8243; pin_fill_color=&#8221;#2d788c&#8221; pin_stroke_color=&#8221;#06423a&#8221; pin_circle_color=&#8221;#ffffff&#8221; _builder_version=&#8221;4.3.4&#8243; global_colors_info=&#8221;{}&#8221;][\/et_pb_map_pin_extended][et_pb_map_pin_extended title=&#8221;ARTTIC Innovation GmbH&#8221; pin_address=&#8221;Oskar-von-Miller-Ring 29, 80333 M\u00fcnchen, Germany&#8221; pin_address_lat=&#8221;48.1459821&#8243; pin_address_lng=&#8221;11.5760781&#8243; pin_fill_color=&#8221;#2d788c&#8221; pin_stroke_color=&#8221;#06423a&#8221; pin_circle_color=&#8221;#ffffff&#8221; _builder_version=&#8221;4.21.0&#8243; global_colors_info=&#8221;{}&#8221;]<\/p>\n<p><a title=\"ARTTIC Innovation GmbH\" href=\"https:\/\/www.thervacb.eu\/team\/arttic-innovation-gmbh\/\"><img loading=\"lazy\" decoding=\"async\" class=\"alignnone wp-image-4300 size-medium\" title=\"ARTTIC Innovation GmbH\" src=\"https:\/\/www.thervacb.eu\/wp-content\/uploads\/arttic-innovation.svg\" alt=\"ARTTIC Innovation GmbH\" width=\"200\" height=\"83\"><\/a><\/p>\n<p>[\/et_pb_map_pin_extended][et_pb_map_pin_extended title=&#8221;MONIPOL &#8211; Clinical Research &#8221; pin_address=&#8221;Roncallistra\u00dfe 39, 53123 Bonn, Germany&#8221; pin_address_lat=&#8221;50.7227678&#8243; pin_address_lng=&#8221;7.0436162&#8243; pin_fill_color=&#8221;#2d788c&#8221; pin_stroke_color=&#8221;#06423a&#8221; pin_circle_color=&#8221;#ffffff&#8221; _builder_version=&#8221;4.22.1&#8243; global_colors_info=&#8221;{}&#8221;]<\/p>\n<p><a title=\"MONIPOL - Clinical Research\" href=\"https:\/\/www.thervacb.eu\/team\/\"><img loading=\"lazy\" decoding=\"async\" class=\"alignnone wp-image-4300 size-medium\" title=\"MONIPOL - Clinical Research\" src=\"https:\/\/www.thervacb.eu\/wp-content\/uploads\/MONIPOL-Logotype-Color_TherVacB-400x128.png\" alt=\"MONIPOL - Clinical Research\" width=\"200\" height=\"64\"><\/a>[\/et_pb_map_pin_extended][\/et_pb_map_fullwidth_extended][\/et_pb_section][et_pb_section fb_built=&#8221;1&#8243; _builder_version=&#8221;4.16&#8243; da_disable_devices=&#8221;off|off|off&#8221; global_colors_info=&#8221;{}&#8221; da_is_popup=&#8221;off&#8221; da_exit_intent=&#8221;off&#8221; da_has_close=&#8221;on&#8221; da_alt_close=&#8221;off&#8221; da_dark_close=&#8221;off&#8221; da_not_modal=&#8221;on&#8221; da_is_singular=&#8221;off&#8221; da_with_loader=&#8221;off&#8221; da_has_shadow=&#8221;on&#8221;][et_pb_row column_structure=&#8221;3_4,1_4&#8243; _builder_version=&#8221;4.16&#8243; global_colors_info=&#8221;{}&#8221;][et_pb_column type=&#8221;3_4&#8243; _builder_version=&#8221;4.16&#8243; global_colors_info=&#8221;{}&#8221;][et_pb_text _builder_version=&#8221;4.16&#8243; global_colors_info=&#8221;{}&#8221;]<\/p>\n<h1>Universit\u00e4t Leipzig<\/h1>\n<h2>Informaci\u00f3 general<\/h2>\n<p>El Departament d\u2019Hepatologia de la Universitat de Leipzig (ULEI) representa una de les unitats d\u2019hepatologia m\u00e9s grans d\u2019Alemanya. Inclou diversos ambulatoris especialitzats amb presentaci\u00f3 anual de&gt; 5.000 pacients, que cobreixen tot l\u2019espectre d\u2019hepatologia, oncologia hepatol\u00f2gica i trasplantament hep\u00e0tic, una gran oficina d\u2019estudi amb 5 infermeres a temps complet i un laboratori de recerca. S\u2019estan realitzant o s\u2019han realitzat assajos cl\u00ednics que van des de la fase I-IV amb especial atenci\u00f3 a l\u2019hepatitis B, l\u2019hepatitis C, el carcinoma hepatocel\u00b7lular, les malalties del fetge gras (NASH, NAFLD) i altres malalties hep\u00e0tiques.<br \/> El laboratori d\u2019investigaci\u00f3 del Departament d\u2019Hepatologia realitza nombrosos estudis cl\u00ednics, aix\u00ed com projectes cient\u00edfics b\u00e0sics i translacionals, inclosos els camps de l\u2019hepatitis viral, el carcinoma hepatocel\u00b7lular, el microbioma hum\u00e0 i la gen\u00f2mica en hepatologia. Des de la secci\u00f3 d\u2019hepatologia s\u2019han iniciat m\u00faltiples estudis de cohorts nacionals i internacionals. Cada any, publicacions d\u2019alt rang subratllen el fort impacte cient\u00edfic de la unitat.<\/p>\n<p>[\/et_pb_text][\/et_pb_column][et_pb_column type=&#8221;1_4&#8243; _builder_version=&#8221;4.16&#8243; background_enable_color=&#8221;off&#8221; use_background_color_gradient=&#8221;on&#8221; background_color_gradient_stops=&#8221;rgba(0,0,0,0) 0%|rgba(92,189,217,0.25) 100%&#8221; background_color_gradient_start=&#8221;rgba(0,0,0,0)&#8221; background_color_gradient_end=&#8221;rgba(92,189,217,0.25)&#8221; background_enable_image=&#8221;off&#8221; background_size=&#8221;initial&#8221; background_position=&#8221;top_left&#8221; custom_padding=&#8221;10px|10px|10px|10px|false|false&#8221; border_radii=&#8221;on|10px|10px|10px|10px&#8221; border_width_all=&#8221;2px&#8221; border_color_all=&#8221;#5cbdd9&#8243; global_colors_info=&#8221;{}&#8221;][et_pb_image src=&#8221;https:\/\/www.thervacb.eu\/wp-content\/uploads\/university-leipzig.png&#8221; alt=&#8221;Universitat de Leipzig&#8221; title_text=&#8221;Universitat de Leipzig&#8221; _builder_version=&#8221;4.16&#8243; global_colors_info=&#8221;{}&#8221;][\/et_pb_image][et_pb_text _builder_version=&#8221;4.16&#8243; max_width=&#8221;100%&#8221; module_alignment=&#8221;left&#8221; global_colors_info=&#8221;{}&#8221;]<\/p>\n<p><strong>Universit\u00e4t Leipzig<br \/><\/strong><span> Klinik und Poliklinik f\u00fcr Onkologie, Gastroenterologie, Hepatologie, Pneumologie, Infektiologie<\/span><\/p>\n<p>Liebigstr. 20<br \/> 04103 Leipzig<br \/> Germany<br \/> <a href=\"https:\/\/www.uniklinikum-leipzig.de\/einrichtungen\/medizinische-klinik-2\" target=\"_blank\" rel=\"noopener noreferrer\" title=\"University Leipzig Website\">enlla\u00e7<\/a><\/p>\n<p>[\/et_pb_text][\/et_pb_column][\/et_pb_row][et_pb_row _builder_version=&#8221;4.16&#8243; global_colors_info=&#8221;{}&#8221;][et_pb_column type=&#8221;4_4&#8243; _builder_version=&#8221;4.16&#8243; global_colors_info=&#8221;{}&#8221;][et_pb_text _builder_version=&#8221;4.16&#8243; global_colors_info=&#8221;{}&#8221;]<\/p>\n<h2>Role in TherVacB<\/h2>\n<p>ULEI has long term experience in conducting clinical trials (phase I-IV), appropriate facilities and a well-trained staff. The university is currently involved in several translational studies and has great experience with the collection of patient materials. This includes serum, tissue and circulating blood cell (PBMC) samples, which can be collected and stored according to highest quality requirements. A special focus lies on the development of bio markers for hepatitis B virus infections. The Department of Hepatology has gained significant international reputation in the field and will contribute experience and methodology to the consortium.<\/p>\n<p>ULEI has a large international network with collaborating hospitals and residents and can mobilize significant patient populations for inclusion in the clinical trials. Its experience is especially great in studies in hepatitis B, as well as in vaccine trials.<\/p>\n<p>[\/et_pb_text][\/et_pb_column][\/et_pb_row][et_pb_row column_structure=&#8221;1_2,1_2&#8243; _builder_version=&#8221;4.16&#8243; custom_padding=&#8221;||0px|||&#8221; global_colors_info=&#8221;{}&#8221;][et_pb_column type=&#8221;1_2&#8243; _builder_version=&#8221;4.16&#8243; global_colors_info=&#8221;{}&#8221;][et_pb_text _builder_version=&#8221;4.16&#8243; global_colors_info=&#8221;{}&#8221;]<\/p>\n<h2>Personal del projecte<\/h2>\n<p>[\/et_pb_text][\/et_pb_column][et_pb_column type=&#8221;1_2&#8243; _builder_version=&#8221;4.16&#8243; global_colors_info=&#8221;{}&#8221;][\/et_pb_column][\/et_pb_row][et_pb_row column_structure=&#8221;1_2,1_2&#8243; _builder_version=&#8221;4.16&#8243; global_colors_info=&#8221;{}&#8221;][et_pb_column type=&#8221;1_2&#8243; _builder_version=&#8221;4.16&#8243; global_colors_info=&#8221;{}&#8221;][et_pb_team_member name=&#8221;Thomas Berg&#8221; position=&#8221;Professor i cap del departament d\u2019hepatologia &#8221; image_url=&#8221;https:\/\/www.thervacb.eu\/wp-content\/uploads\/UniLeipzig_Thomas-Berg.jpg&#8221; _builder_version=&#8221;4.16&#8243; header_text_align=&#8221;center&#8221; position_text_align=&#8221;center&#8221; position_line_height=&#8221;2em&#8221; text_orientation=&#8221;left&#8221; custom_padding=&#8221;40px|20px|20px|20px|false|false&#8221; custom_css_member_image=&#8221;-webkit-clip-path: circle(45% at 50% 68%);||clip-path: circle(43% at 50% 68%);||margin-top:-20px;||height:160px;||margin-left: auto;||margin-right: auto;||&#8221; custom_css_member_description=&#8221;margin-top:80px&#8221; border_radii=&#8221;on|10px|10px|10px|10px&#8221; box_shadow_style=&#8221;preset1&#8243; global_colors_info=&#8221;{}&#8221;][\/et_pb_team_member][\/et_pb_column][et_pb_column type=&#8221;1_2&#8243; _builder_version=&#8221;4.16&#8243; global_colors_info=&#8221;{}&#8221;][et_pb_team_member name=&#8221;Florian van B\u00f6mmel&#8221; position=&#8221;Cap del grup de recerca Hepatitis B&#8221; image_url=&#8221;https:\/\/www.thervacb.eu\/wp-content\/uploads\/UniLeipzig_Florian-vanBoemmel.jpg&#8221; _builder_version=&#8221;4.16&#8243; header_text_align=&#8221;center&#8221; position_text_align=&#8221;center&#8221; position_line_height=&#8221;2em&#8221; text_orientation=&#8221;left&#8221; custom_padding=&#8221;40px|20px|20px|20px|false|false&#8221; custom_css_member_image=&#8221;-webkit-clip-path: circle(45% at 50% 68%);||clip-path: circle(43% at 50% 68%);||margin-top:-20px;||height:160px;||margin-left: auto;||margin-right: auto;||&#8221; custom_css_member_description=&#8221;margin-top:80px&#8221; border_radii=&#8221;on|10px|10px|10px|10px&#8221; box_shadow_style=&#8221;preset1&#8243; global_colors_info=&#8221;{}&#8221;][\/et_pb_team_member][\/et_pb_column][\/et_pb_row][\/et_pb_section]<\/p>\n","protected":false},"excerpt":{"rendered":"","protected":false},"author":4,"featured_media":0,"parent":3533,"menu_order":17,"comment_status":"closed","ping_status":"closed","template":"","meta":{"_et_pb_use_builder":"on","_et_pb_old_content":"","_et_gb_content_width":"","_monsterinsights_skip_tracking":false,"_monsterinsights_sitenote_active":false,"_monsterinsights_sitenote_note":"","_monsterinsights_sitenote_category":0,"footnotes":"","_links_to":"","_links_to_target":""},"class_list":["post-3706","page","type-page","status-publish","hentry"],"aioseo_notices":[],"_links":{"self":[{"href":"https:\/\/www.thervacb.eu\/ca\/wp-json\/wp\/v2\/pages\/3706","targetHints":{"allow":["GET"]}}],"collection":[{"href":"https:\/\/www.thervacb.eu\/ca\/wp-json\/wp\/v2\/pages"}],"about":[{"href":"https:\/\/www.thervacb.eu\/ca\/wp-json\/wp\/v2\/types\/page"}],"author":[{"embeddable":true,"href":"https:\/\/www.thervacb.eu\/ca\/wp-json\/wp\/v2\/users\/4"}],"replies":[{"embeddable":true,"href":"https:\/\/www.thervacb.eu\/ca\/wp-json\/wp\/v2\/comments?post=3706"}],"version-history":[{"count":2,"href":"https:\/\/www.thervacb.eu\/ca\/wp-json\/wp\/v2\/pages\/3706\/revisions"}],"predecessor-version":[{"id":12633,"href":"https:\/\/www.thervacb.eu\/ca\/wp-json\/wp\/v2\/pages\/3706\/revisions\/12633"}],"up":[{"embeddable":true,"href":"https:\/\/www.thervacb.eu\/ca\/wp-json\/wp\/v2\/pages\/3533"}],"wp:attachment":[{"href":"https:\/\/www.thervacb.eu\/ca\/wp-json\/wp\/v2\/media?parent=3706"}],"curies":[{"name":"wp","href":"https:\/\/api.w.org\/{rel}","templated":true}]}}