{"id":8155,"date":"2022-04-19T10:02:53","date_gmt":"2022-04-19T09:02:53","guid":{"rendered":"https:\/\/www.thervacb.eu\/centre-de-mitjans\/recursos\/"},"modified":"2022-11-03T06:26:13","modified_gmt":"2022-11-03T06:26:13","slug":"recursos","status":"publish","type":"page","link":"https:\/\/www.thervacb.eu\/ca\/centre-de-mitjans\/recursos\/","title":{"rendered":"Recursos"},"content":{"rendered":"<p>[et_pb_section fb_built=&#8221;1&#8243; fullwidth=&#8221;on&#8221; _builder_version=&#8221;4.2.1&#8243; da_disable_devices=&#8221;off|off|off&#8221; global_colors_info=&#8221;{}&#8221; da_is_popup=&#8221;off&#8221; da_exit_intent=&#8221;off&#8221; da_has_close=&#8221;on&#8221; da_alt_close=&#8221;off&#8221; da_dark_close=&#8221;off&#8221; da_not_modal=&#8221;on&#8221; da_is_singular=&#8221;off&#8221; da_with_loader=&#8221;off&#8221; da_has_shadow=&#8221;on&#8221;][et_pb_fullwidth_slider use_text_overlay=&#8221;on&#8221; text_overlay_color=&#8221;rgba(6,66,58,0.25)&#8221; _builder_version=&#8221;4.9.7&#8243; custom_padding=&#8221;83px||65px|||&#8221; auto=&#8221;on&#8221; auto_ignore_hover=&#8221;on&#8221; global_colors_info=&#8221;{}&#8221;][et_pb_slide heading=&#8221;Recursos&#8221; use_bg_overlay=&#8221;off&#8221; use_text_overlay=&#8221;on&#8221; arrows_custom_color=&#8221;#2d788c&#8221; dot_nav_custom_color=&#8221;#2d788c&#8221; text_border_radius=&#8221;10px&#8221; _builder_version=&#8221;4.9.7&#8243; header_font=&#8221;|700|||||||&#8221; header_text_align=&#8221;center&#8221; body_text_align=&#8221;center&#8221; background_enable_color=&#8221;off&#8221; use_background_color_gradient=&#8221;on&#8221; background_color_gradient_start=&#8221;rgba(0,0,0,0)&#8221; background_color_gradient_end=&#8221;rgba(0,0,0,0)&#8221; background_color_gradient_direction=&#8221;90deg&#8221; background_color_gradient_overlays_image=&#8221;on&#8221; background_image=&#8221;https:\/\/www.thervacb.eu\/wp-content\/uploads\/hepatitis-b-h.jpg&#8221; background_enable_image=&#8221;on&#8221; text_orientation=&#8221;center&#8221; header_text_shadow_style=&#8221;preset1&#8243; header_text_shadow_color=&#8221;#706f6f&#8221; body_text_shadow_style=&#8221;preset1&#8243; body_text_shadow_color=&#8221;#706f6f&#8221; text_shadow_style=&#8221;preset1&#8243; text_shadow_color=&#8221;#706f6f&#8221; global_colors_info=&#8221;{}&#8221; sticky_transition=&#8221;on&#8221;][\/et_pb_slide][\/et_pb_fullwidth_slider][\/et_pb_section][et_pb_section fb_built=&#8221;1&#8243; _builder_version=&#8221;4.2.1&#8243; da_disable_devices=&#8221;off|off|off&#8221; global_colors_info=&#8221;{}&#8221; da_is_popup=&#8221;off&#8221; da_exit_intent=&#8221;off&#8221; da_has_close=&#8221;on&#8221; da_alt_close=&#8221;off&#8221; da_dark_close=&#8221;off&#8221; da_not_modal=&#8221;on&#8221; da_is_singular=&#8221;off&#8221; da_with_loader=&#8221;off&#8221; da_has_shadow=&#8221;on&#8221;][et_pb_row module_id=&#8221;press&#8221; _builder_version=&#8221;4.3.4&#8243; custom_padding=&#8221;||7px|||&#8221; global_colors_info=&#8221;{}&#8221;][et_pb_column type=&#8221;4_4&#8243; _builder_version=&#8221;4.3.4&#8243; global_colors_info=&#8221;{}&#8221;][et_pb_text _builder_version=&#8221;4.9.7&#8243; global_colors_info=&#8221;{}&#8221;]<\/p>\n<h1 class=\"title style-scope ytd-video-primary-info-renderer\">Recursos \u00datils<\/h1>\n<p>Aquesta secci\u00f3 del lloc web de TherVacB ofereix material disponible gratu\u00eftament produ\u00eft per l&#8217;equip de TherVacB o organitzacions nacionals i internacionals de pacients i grups de defensa, que es pot utilitzar per a informaci\u00f3 p\u00fablica.<\/p>\n<p>Desplaceu-vos cap avall per explorar diferents materials.<\/p>\n<p>[\/et_pb_text][\/et_pb_column][\/et_pb_row][\/et_pb_section][et_pb_section fb_built=&#8221;1&#8243; _builder_version=&#8221;4.9.7&#8243; _module_preset=&#8221;default&#8221; custom_padding=&#8221;4px|||||&#8221; top_divider_color=&#8221;rgba(92,189,217,0.5)&#8221; top_divider_height=&#8221;50px&#8221; bottom_divider_style=&#8221;slant2&#8243; bottom_divider_color=&#8221;rgba(92,189,217,0.5)&#8221; bottom_divider_height=&#8221;50px&#8221; bottom_divider_flip=&#8221;vertical&#8221; da_disable_devices=&#8221;off|off|off&#8221; global_colors_info=&#8221;{}&#8221; da_is_popup=&#8221;off&#8221; da_exit_intent=&#8221;off&#8221; da_has_close=&#8221;on&#8221; da_alt_close=&#8221;off&#8221; da_dark_close=&#8221;off&#8221; da_not_modal=&#8221;on&#8221; da_is_singular=&#8221;off&#8221; da_with_loader=&#8221;off&#8221; da_has_shadow=&#8221;on&#8221;][et_pb_row column_structure=&#8221;1_2,1_2&#8243; module_id=&#8221;projectlogo&#8221; _builder_version=&#8221;4.9.2&#8243; custom_padding=&#8221;3px|||||&#8221; global_colors_info=&#8221;{}&#8221;][et_pb_column type=&#8221;1_2&#8243; _builder_version=&#8221;4.3.4&#8243; global_colors_info=&#8221;{}&#8221;][et_pb_text _builder_version=&#8221;4.11.3&#8243; global_colors_info=&#8221;{}&#8221;]<\/p>\n<h2>B_Infografia conscient<\/h2>\n<p>Un dels objectius del projecte TherVacB \u00e9s conscienciar sobre els perills d&#8217;una <strong>infecci\u00f3 pel virus de l&#8217;hepatitis B<\/strong> , sovint no detectada. <span>El coneixement dels factors de risc \u00e9s especialment important. Aquells que tenen un risc m\u00e9s elevat se&#8217;ls anima a prendre mesures: fer-se la prova, vacunar-se, accedir a la ter\u00e0pia.<\/span><\/p>\n<p>L&#8217;equip de comunicaci\u00f3 de TherVacB va produir diverses infografies \u00fatils que il\u00b7lustren fets i factors de risc de l&#8217;hepatitis B, que es poden utilitzar per a la informaci\u00f3 p\u00fablica, la prevenci\u00f3 i l&#8217;educaci\u00f3.<\/p>\n<p>Feu clic a la imatge per descarregar-la o seguiu aquest <a href=\"https:\/\/www.thervacb.eu\/wp-content\/uploads\/thervacb_infographic-en.gif\" target=\"_blank\" rel=\"noopener\" title=\"Infografia B_AWARE\">enlla\u00e7<\/a> .<\/p>\n<p>Aquesta infografia tamb\u00e9 est\u00e0 disponible en <a href=\"https:\/\/www.thervacb.eu\/wp-content\/uploads\/thervacb_infographic-de.gif\" target=\"_blank\" rel=\"noopener\" title=\"B_AWARE Infografia alemanya\">alemany<\/a> .<\/p>\n<p>[\/et_pb_text][\/et_pb_column][et_pb_column type=&#8221;1_2&#8243; _builder_version=&#8221;4.9.0&#8243; global_colors_info=&#8221;{}&#8221;][et_pb_image src=&#8221;https:\/\/www.thervacb.eu\/wp-content\/uploads\/B_Aware-infographic-preview.gif&#8221; alt=&#8221;B_Aware infografia&#8221; title_text=&#8221;B_Aware infografia&#8221; url=&#8221;https:\/\/www.thervacb.eu\/wp-content\/uploads\/thervacb_infographic-en.gif&#8221; url_new_window=&#8221;on&#8221; _builder_version=&#8221;4.11.3&#8243; _module_preset=&#8221;default&#8221; box_shadow_style=&#8221;preset3&#8243; global_colors_info=&#8221;{}&#8221;][\/et_pb_image][\/et_pb_column][\/et_pb_row][\/et_pb_section][et_pb_section fb_built=&#8221;1&#8243; disabled_on=&#8221;off|off|off&#8221; _builder_version=&#8221;4.11.3&#8243; _module_preset=&#8221;default&#8221; custom_padding=&#8221;||||false|false&#8221; top_divider_style=&#8221;slant2&#8243; top_divider_color=&#8221;rgba(92,189,217,0.5)&#8221; top_divider_height=&#8221;50px&#8221; bottom_divider_color=&#8221;rgba(92,189,217,0.5)&#8221; bottom_divider_height=&#8221;50px&#8221; bottom_divider_flip=&#8221;horizontal&#8221; da_disable_devices=&#8221;off|off|off&#8221; global_colors_info=&#8221;{}&#8221; da_is_popup=&#8221;off&#8221; da_exit_intent=&#8221;off&#8221; da_has_close=&#8221;on&#8221; da_alt_close=&#8221;off&#8221; da_dark_close=&#8221;off&#8221; da_not_modal=&#8221;on&#8221; da_is_singular=&#8221;off&#8221; da_with_loader=&#8221;off&#8221; da_has_shadow=&#8221;on&#8221;][et_pb_row column_structure=&#8221;1_2,1_2&#8243; module_id=&#8221;projectlogo&#8221; _builder_version=&#8221;4.9.2&#8243; global_colors_info=&#8221;{}&#8221;][et_pb_column type=&#8221;1_2&#8243; _builder_version=&#8221;4.3.4&#8243; global_colors_info=&#8221;{}&#8221;][et_pb_text _builder_version=&#8221;4.11.3&#8243; global_colors_info=&#8221;{}&#8221;]<\/p>\n<h2>Tr\u00edptic B_AWARE<\/h2>\n<p>Per separat, es va elaborar un fullet\u00f3 imprimible que es pot mostrar per emportar o repartir a la gent mentre es parla sobre els factors de risc de l&#8217;hepatitis B o altres ITS.<\/p>\n<p>Feu clic a la imatge per descarregar-la o seguiu aquest <a href=\"https:\/\/www.thervacb.eu\/wp-content\/uploads\/thervacB-leaflet-en.jpg\" target=\"_blank\" rel=\"noopener\" title=\"TherVacB Flyer - angl\u00e8s\">enlla\u00e7<\/a> .<\/p>\n<p>Aquest fullet\u00f3 tamb\u00e9 est\u00e0 disponible en <a href=\"https:\/\/www.thervacb.eu\/wp-content\/uploads\/thervacB-leaflet-de.jpg\" target=\"_blank\" rel=\"noopener\" title=\"TherVacB Flyer - alemany\">alemany<\/a> .<\/p>\n<p>[\/et_pb_text][\/et_pb_column][et_pb_column type=&#8221;1_2&#8243; _builder_version=&#8221;4.9.0&#8243; global_colors_info=&#8221;{}&#8221;][et_pb_image src=&#8221;https:\/\/www.thervacb.eu\/wp-content\/uploads\/thervacB-leaflet-en.jpg&#8221; alt=&#8221;Fullet TherVacB&#8221; title_text=&#8221;Fullet TherVacB&#8221; url=&#8221;https:\/\/www.thervacb.eu\/wp-content\/uploads\/thervacB-leaflet-en.jpg&#8221; url_new_window=&#8221;on&#8221; _builder_version=&#8221;4.11.3&#8243; _module_preset=&#8221;default&#8221; box_shadow_style=&#8221;preset3&#8243; global_colors_info=&#8221;{}&#8221;][\/et_pb_image][\/et_pb_column][\/et_pb_row][\/et_pb_section]<\/p>\n","protected":false},"excerpt":{"rendered":"<p>Recursos \u00datils Aquesta secci\u00f3 del lloc web de TherVacB ofereix material disponible gratu\u00eftament produ\u00eft per l&#8217;equip de TherVacB o organitzacions nacionals i internacionals de pacients i grups de defensa, que es pot utilitzar per a informaci\u00f3 p\u00fablica. Desplaceu-vos cap avall per explorar diferents materials.B_Infografia conscient Un dels objectius del projecte TherVacB \u00e9s conscienciar sobre els [&hellip;]<\/p>\n","protected":false},"author":4,"featured_media":0,"parent":3501,"menu_order":1,"comment_status":"closed","ping_status":"closed","template":"","meta":{"_et_pb_use_builder":"on","_et_pb_old_content":"<!-- wp:paragraph -->\r\n<p>This is an example page. It's different from a blog post because it will stay in one place and will show up in your site navigation (in most themes). Most people start with an About page that introduces them to potential site visitors. It might say something like this:<\/p>\r\n<!-- \/wp:paragraph -->\r\n\r\n<!-- wp:quote -->\r\n<blockquote class=\"wp-block-quote\"><p>Hi there! I'm a bike messenger by day, aspiring actor by night, and this is my website. I live in Los Angeles, have a great dog named Jack, and I like pi\u00f1a coladas. (And gettin' caught in the rain.)<\/p><\/blockquote>\r\n<!-- \/wp:quote -->\r\n\r\n<!-- wp:paragraph -->\r\n<p>...or something like this:<\/p>\r\n<!-- \/wp:paragraph -->\r\n\r\n<!-- wp:quote -->\r\n<blockquote class=\"wp-block-quote\"><p>The XYZ Doohickey Company was founded in 1971, and has been providing quality doohickeys to the public ever since. Located in Gotham City, XYZ employs over 2,000 people and does all kinds of awesome things for the Gotham community.<\/p><\/blockquote>\r\n<!-- \/wp:quote -->\r\n\r\n<!-- wp:paragraph -->\r\n<p>As a new WordPress user, you should go to <a href=\"https:\/\/www.thervacb.eu\/wp-admin\/\">your dashboard<\/a> to delete this page and create new pages for your content. Have fun!<\/p>\r\n<!-- \/wp:paragraph -->","_et_gb_content_width":"","_monsterinsights_skip_tracking":false,"_monsterinsights_sitenote_active":false,"_monsterinsights_sitenote_note":"","_monsterinsights_sitenote_category":0,"footnotes":"","_links_to":"","_links_to_target":""},"class_list":["post-8155","page","type-page","status-publish","hentry"],"aioseo_notices":[],"_links":{"self":[{"href":"https:\/\/www.thervacb.eu\/ca\/wp-json\/wp\/v2\/pages\/8155","targetHints":{"allow":["GET"]}}],"collection":[{"href":"https:\/\/www.thervacb.eu\/ca\/wp-json\/wp\/v2\/pages"}],"about":[{"href":"https:\/\/www.thervacb.eu\/ca\/wp-json\/wp\/v2\/types\/page"}],"author":[{"embeddable":true,"href":"https:\/\/www.thervacb.eu\/ca\/wp-json\/wp\/v2\/users\/4"}],"replies":[{"embeddable":true,"href":"https:\/\/www.thervacb.eu\/ca\/wp-json\/wp\/v2\/comments?post=8155"}],"version-history":[{"count":0,"href":"https:\/\/www.thervacb.eu\/ca\/wp-json\/wp\/v2\/pages\/8155\/revisions"}],"up":[{"embeddable":true,"href":"https:\/\/www.thervacb.eu\/ca\/wp-json\/wp\/v2\/pages\/3501"}],"wp:attachment":[{"href":"https:\/\/www.thervacb.eu\/ca\/wp-json\/wp\/v2\/media?parent=8155"}],"curies":[{"name":"wp","href":"https:\/\/api.w.org\/{rel}","templated":true}]}}