{"id":8171,"date":"2022-04-19T10:25:35","date_gmt":"2022-04-19T09:25:35","guid":{"rendered":"https:\/\/www.thervacb.eu\/pacients-2\/lassaig-clinic-thervacb\/"},"modified":"2025-07-15T08:13:57","modified_gmt":"2025-07-15T07:13:57","slug":"lassaig-clinic-thervacb","status":"publish","type":"page","link":"https:\/\/www.thervacb.eu\/ca\/pacients\/lassaig-clinic-thervacb\/","title":{"rendered":"L&#8217;assaig cl\u00ednic TherVacB"},"content":{"rendered":"<p>[et_pb_section fb_built=&#8221;1&#8243; fullwidth=&#8221;on&#8221; admin_label=&#8221;Section&#8221; _builder_version=&#8221;4.16&#8243; da_disable_devices=&#8221;off|off|off&#8221; global_colors_info=&#8221;{}&#8221; da_is_popup=&#8221;off&#8221; da_exit_intent=&#8221;off&#8221; da_has_close=&#8221;on&#8221; da_alt_close=&#8221;off&#8221; da_dark_close=&#8221;off&#8221; da_not_modal=&#8221;on&#8221; da_is_singular=&#8221;off&#8221; da_with_loader=&#8221;off&#8221; da_has_shadow=&#8221;on&#8221;][et_pb_fullwidth_slider use_text_overlay=&#8221;on&#8221; text_overlay_color=&#8221;rgba(6,66,58,0.25)&#8221; _builder_version=&#8221;4.16&#8243; custom_padding=&#8221;83px||65px|||&#8221; auto=&#8221;on&#8221; auto_ignore_hover=&#8221;on&#8221; global_colors_info=&#8221;{}&#8221;][et_pb_slide heading=&#8221;Pacients&#8221; use_bg_overlay=&#8221;off&#8221; use_text_overlay=&#8221;on&#8221; arrows_custom_color=&#8221;#2d788c&#8221; dot_nav_custom_color=&#8221;#2d788c&#8221; text_border_radius=&#8221;10px&#8221; _builder_version=&#8221;4.16&#8243; header_font=&#8221;|700|||||||&#8221; header_text_align=&#8221;center&#8221; body_text_align=&#8221;center&#8221; body_font_size=&#8221;30px&#8221; background_enable_color=&#8221;off&#8221; use_background_color_gradient=&#8221;on&#8221; background_color_gradient_direction=&#8221;90deg&#8221; background_color_gradient_stops=&#8221;rgba(0,0,0,0) 0%|rgba(0,0,0,0) 100%&#8221; background_color_gradient_overlays_image=&#8221;on&#8221; background_color_gradient_start=&#8221;rgba(0,0,0,0)&#8221; background_color_gradient_end=&#8221;rgba(0,0,0,0)&#8221; background_image=&#8221;https:\/\/www.thervacb.eu\/wp-content\/uploads\/the-thervacb-hlinical-study-h.jpg&#8221; background_enable_image=&#8221;on&#8221; text_orientation=&#8221;center&#8221; header_text_shadow_style=&#8221;preset1&#8243; header_text_shadow_color=&#8221;#706f6f&#8221; body_text_shadow_style=&#8221;preset1&#8243; body_text_shadow_color=&#8221;#706f6f&#8221; text_shadow_style=&#8221;preset1&#8243; text_shadow_color=&#8221;#706f6f&#8221; global_colors_info=&#8221;{}&#8221; sticky_transition=&#8221;on&#8221;]L&#8217;assaig cl\u00ednic TherVacB[\/et_pb_slide][\/et_pb_fullwidth_slider][\/et_pb_section][et_pb_section fb_built=&#8221;1&#8243; admin_label=&#8221;Section&#8221; module_id=&#8221;estudiar&#8221; _builder_version=&#8221;4.16&#8243; da_popup_slug=&#8221;study&#8221; da_disable_devices=&#8221;off|off|off&#8221; global_colors_info=&#8221;{}&#8221; da_is_popup=&#8221;off&#8221; da_exit_intent=&#8221;off&#8221; da_has_close=&#8221;on&#8221; da_alt_close=&#8221;off&#8221; da_dark_close=&#8221;off&#8221; da_not_modal=&#8221;on&#8221; da_is_singular=&#8221;off&#8221; da_with_loader=&#8221;off&#8221; da_has_shadow=&#8221;on&#8221;][et_pb_row module_id=&#8221;approach&#8221; _builder_version=&#8221;4.16&#8243; global_colors_info=&#8221;{}&#8221;][et_pb_column type=&#8221;4_4&#8243; _builder_version=&#8221;4.16&#8243; global_colors_info=&#8221;{}&#8221;][et_pb_text _builder_version=&#8221;4.16&#8243; global_colors_info=&#8221;{}&#8221;]<\/p>\n<h1><strong>Puc contribuir a l&#8217;assaig cl\u00ednic TherVacB \/ participar-hi com a pacient amb hepatitis B?<\/strong><\/h1>\n<p>[\/et_pb_text][\/et_pb_column][\/et_pb_row][et_pb_row column_structure=&#8221;1_2,1_2&#8243; admin_label=&#8221;map&#8221; _builder_version=&#8221;4.16&#8243; _module_preset=&#8221;default&#8221; custom_padding=&#8221;5px|||||&#8221; global_colors_info=&#8221;{}&#8221;][et_pb_column type=&#8221;1_2&#8243; _builder_version=&#8221;4.16&#8243; _module_preset=&#8221;default&#8221; global_colors_info=&#8221;{}&#8221;][et_pb_text _builder_version=&#8221;4.25.0&#8243; global_colors_info=&#8221;{}&#8221;]<\/p>\n<p>Les persones amb par\u00e0metres virol\u00f2gics i d&#8217;hoste que compleixin els criteris d&#8217;inclusi\u00f3 poden participar en l&#8217;assaig cl\u00ednic, que permet inscriure&#8217;n uns 59 a Europa i 22 a l&#8217;\u00c0frica.<\/p>\n<p>En aquest assaig cl\u00ednic, es provaran les modificacions de la vacuna contra l\u2019hepatitis B de TherVacB per determinar la seguretat i la tolerabilitat i es compararan per definir l\u2019efic\u00e0cia \u00f2ptima en els pacients.<\/p>\n<p>Els nostres llocs d\u2019estudi TherVacB a tot Europa i a l\u2019\u00c0frica oriental tenen una llarga experi\u00e8ncia en la investigaci\u00f3 i el servei cl\u00ednic d\u2019hepatitis B. Els metges de l\u2019estudi TherVacB s\u00f3n experts en el tractament de l\u2019hepatitis viral.<\/p>\n<p><span data-contrast=\"auto\"><\/span><span data-contrast=\"auto\"><\/span><span data-ccp-props=\"{\"134233117\":true,\"134233118\":true,\"201341983\":0,\"335559740\":240}\"><\/span><\/p>\n<p>[\/et_pb_text][et_pb_text _builder_version=&#8221;4.16&#8243; _module_preset=&#8221;default&#8221; global_colors_info=&#8221;{}&#8221;]<\/p>\n<p>Si esteu interessats a participar en l\u2019estudi cl\u00ednic TherVacB, si us plau<a href=\"https:\/\/www.thervacb.eu\/ca\/pacients\/contacta-amb-nosaltres\/\"> poseu-vos en contacte amb nosaltres<\/a> . Simplement marqueu la casella de selecci\u00f3 i ens posarem en contacte.<\/p>\n<p>Hi ha bastants altres estudis en curs sobre compostos en desenvolupament per a la cura de l&#8217;hepatitis B cr\u00f2nica i del VHB. Si esteu interessats, consulteu m\u00e9s detalls<a href=\"https:\/\/www.hepb.org\/treatment-and-management\/drug-watch\/\" target=\"_blank\" rel=\"noopener noreferrer\"> aqu\u00ed<\/a> .<\/p>\n<p>[\/et_pb_text][\/et_pb_column][et_pb_column type=&#8221;1_2&#8243; _builder_version=&#8221;4.16&#8243; _module_preset=&#8221;default&#8221; global_colors_info=&#8221;{}&#8221;][et_pb_map_extended address=&#8221;Munich, Germany&#8221; zoom_level=&#8221;2&#8243; address_lat=&#8221;33.041912795694&#8243; address_lng=&#8221;21.337839875&#8243; mobile_dragging=&#8221;off&#8221; marker_center=&#8221;off&#8221; info_window_width=&#8221;250px&#8221; info_window_method=&#8221;mouseover&#8221; bounce_on_click_on_off=&#8221;on&#8221; marker_animation=&#8221;on&#8221; map_type=&#8221;4&#8243; map_options=&#8221;72&#8243; _builder_version=&#8221;4.25.0&#8243; _module_preset=&#8221;default&#8221; custom_padding=&#8221;30px||30px||false|false&#8221; global_colors_info=&#8221;{}&#8221; height__hover_enabled=&#8221;on|desktop&#8221; min_height__hover_enabled=&#8221;on|desktop&#8221;][et_pb_map_pin_extended title=&#8221;UNIVERSIT\u00c4T LEIPZIG&#8221; pin_address=&#8221;Leipzig, Germany&#8221; pin_address_lat=&#8221;51.3396955&#8243; pin_address_lng=&#8221;12.3730747&#8243; marker_url=&#8221;https:\/\/www.thervacb.eu\/team\/partner-ulei\/&#8221; pin_fill_color=&#8221;#5CBDD9&#8243; pin_stroke_color=&#8221;#BDBDBD&#8221; pin_circle_color=&#8221;#FFFFFF&#8221; _builder_version=&#8221;4.9.0&#8243; _module_preset=&#8221;default&#8221; global_colors_info=&#8221;{}&#8221;][\/et_pb_map_pin_extended][et_pb_map_pin_extended title=&#8221;ROYAL FREE LONDON NHS FOUNDATION TRUST&#8221; pin_address=&#8221;Pond St, Hampstead, London NW3 2QG, UK&#8221; pin_address_lat=&#8221;51.5539482&#8243; pin_address_lng=&#8221;-0.165902&#8243; marker_url=&#8221;https:\/\/www.thervacb.eu\/team\/partner-rfh\/&#8221; pin_fill_color=&#8221;#5CBDD9&#8243; pin_stroke_color=&#8221;#BDBDBD&#8221; pin_circle_color=&#8221;#FFFFFF&#8221; _builder_version=&#8221;4.9.0&#8243; _module_preset=&#8221;default&#8221; global_colors_info=&#8221;{}&#8221;][\/et_pb_map_pin_extended][et_pb_map_pin_extended title=&#8221;Klinikum Rechts der Isar der Technischen Universit\u00e4t M\u00fcnchen&#8221; pin_address=&#8221;Ismaninger Str. 22, 81675 M\u00fcnchen, Germany&#8221; pin_address_lat=&#8221;48.136766&#8243; pin_address_lng=&#8221;11.5993658&#8243; marker_url=&#8221;https:\/\/www.thervacb.eu\/team\/partner-tum-med\/&#8221; pin_fill_color=&#8221;#5CBDD9&#8243; pin_stroke_color=&#8221;#BDBDBD&#8221; pin_circle_color=&#8221;#FFFFFF&#8221; _builder_version=&#8221;4.9.0&#8243; _module_preset=&#8221;default&#8221; global_colors_info=&#8221;{}&#8221;][\/et_pb_map_pin_extended][et_pb_map_pin_extended title=&#8221;Azienda Ospedaliero- Universitaria di Parma&#8221; pin_address=&#8221;Viale Antonio Gramsci, 14, 43126 Parma PR, Italy&#8221; pin_address_lat=&#8221;44.8040388&#8243; pin_address_lng=&#8221;10.3093369&#8243; marker_url=&#8221;https:\/\/www.thervacb.eu\/team\/partner-aop\/&#8221; pin_fill_color=&#8221;#5CBDD9&#8243; pin_stroke_color=&#8221;#BDBDBD&#8221; pin_circle_color=&#8221;#FFFFFF&#8221; _builder_version=&#8221;4.9.0&#8243; _module_preset=&#8221;default&#8221; global_colors_info=&#8221;{}&#8221;][\/et_pb_map_pin_extended][et_pb_map_pin_extended title=&#8221;Universit\u00e4tsklinikum Hamburg-Eppendorf&#8221; pin_address=&#8221;Martinistra\u00dfe 52, 20251 Hamburg, Germany&#8221; pin_address_lat=&#8221;53.5918014&#8243; pin_address_lng=&#8221;9.9734646&#8243; marker_url=&#8221;https:\/\/www.thervacb.eu\/team\/partner-uke\/&#8221; pin_fill_color=&#8221;#5CBDD9&#8243; pin_stroke_color=&#8221;#BDBDBD&#8221; pin_circle_color=&#8221;#FFFFFF&#8221; _builder_version=&#8221;4.9.0&#8243; _module_preset=&#8221;default&#8221; global_colors_info=&#8221;{}&#8221;][\/et_pb_map_pin_extended][et_pb_map_pin_extended title=&#8221;Fundaci\u00f3 Cl\u00ednic per a la Recerca Biom\u00e8dica &#8221; pin_address=&#8221;Carrer del Rossell\u00f3, 149, 08036 Barcelona, Spain&#8221; pin_address_lat=&#8221;41.3885916&#8243; pin_address_lng=&#8221;2.150884&#8243; marker_url=&#8221;https:\/\/www.thervacb.eu\/team\/partner-fcrb\/&#8221; pin_fill_color=&#8221;#5CBDD9&#8243; pin_stroke_color=&#8221;#BDBDBD&#8221; pin_circle_color=&#8221;#FFFFFF&#8221; _builder_version=&#8221;4.9.0&#8243; _module_preset=&#8221;default&#8221; global_colors_info=&#8221;{}&#8221;][\/et_pb_map_pin_extended][et_pb_map_pin_extended title=&#8221;Barts Health NHS Trust&#8221; pin_address=&#8221;Whitechapel Rd, Whitechapel, London E1 1FR, UK&#8221; pin_address_lat=&#8221;51.5182221&#8243; pin_address_lng=&#8221;-0.0585176&#8243; marker_url=&#8221;https:\/\/www.thervacb.eu\/team\/partner-blt\/&#8221; pin_fill_color=&#8221;#5CBDD9&#8243; pin_stroke_color=&#8221;#BDBDBD&#8221; pin_circle_color=&#8221;#FFFFFF&#8221; _builder_version=&#8221;4.9.0&#8243; _module_preset=&#8221;default&#8221; global_colors_info=&#8221;{}&#8221;][\/et_pb_map_pin_extended][et_pb_map_pin_extended title=&#8221;Medizinische Hochschule Hannover&#8221; pin_address=&#8221;Carl-Neuberg-Stra\u00dfe 1, 30625 Hannover, Germany&#8221; pin_address_lat=&#8221;52.3845494&#8243; pin_address_lng=&#8221;9.8041333&#8243; marker_url=&#8221;https:\/\/www.thervacb.eu\/team\/partner-mhh\/&#8221; pin_fill_color=&#8221;#5CBDD9&#8243; pin_stroke_color=&#8221;#BDBDBD&#8221; pin_circle_color=&#8221;#FFFFFF&#8221; _builder_version=&#8221;4.9.0&#8243; _module_preset=&#8221;default&#8221; global_colors_info=&#8221;{}&#8221;][\/et_pb_map_pin_extended][et_pb_map_pin_extended title=&#8221;NIMR-Mbeya Medical Research Center&#8221; pin_address=&#8221;Hospital Hill Rd, Mbeya, Tanzania&#8221; pin_address_lat=&#8221;-8.8892372&#8243; pin_address_lng=&#8221;33.4397813&#8243; marker_url=&#8221;https:\/\/www.thervacb.eu\/team\/partner-nimr\/&#8221; pin_fill_color=&#8221;#5CBDD9&#8243; pin_stroke_color=&#8221;#BDBDBD&#8221; pin_circle_color=&#8221;#FFFFFF&#8221; _builder_version=&#8221;4.9.0&#8243; _module_preset=&#8221;default&#8221; global_colors_info=&#8221;{}&#8221;][\/et_pb_map_pin_extended][et_pb_map_pin_extended title=&#8221;LMU &#8211; Institut de Malalties Infeccioses i Medicina Tropical&#8221; pin_address=&#8221;Leopoldstra\u00dfe 5, 80802 M\u00fcnchen, Deutschland&#8221; pin_address_lat=&#8221;48.1540701&#8243; pin_address_lng=&#8221;11.5822625&#8243; marker_url=&#8221;https:\/\/www.thervacb.eu\/team\/partner-lmu\/&#8221; pin_fill_color=&#8221;#5CBDD9&#8243; pin_stroke_color=&#8221;#BDBDBD&#8221; pin_circle_color=&#8221;#FFFFFF&#8221; _builder_version=&#8221;4.25.0&#8243; _module_preset=&#8221;default&#8221; global_colors_info=&#8221;{}&#8221;][\/et_pb_map_pin_extended][et_pb_map_pin_extended title=&#8221;Universitat Cl\u00ednica de Frankfurt&#8221; pin_address=&#8221;Theodor-Stern-Kai 7, 60596 Frankfurt am Main, Deutschland&#8221; pin_address_lat=&#8221;50.095683&#8243; pin_address_lng=&#8221;8.6595022&#8243; pin_fill_color=&#8221;#5CBDD9&#8243; pin_stroke_color=&#8221;#BDBDBD&#8221; pin_circle_color=&#8221;#FFFFFF&#8221; _builder_version=&#8221;4.25.0&#8243; _module_preset=&#8221;default&#8221; global_colors_info=&#8221;{}&#8221;]<\/p>\n<p><a title=\"Universitat Cl\u00ednica de Frankfurt\" href=\"https:\/\/www.thervacb.eu\/ca\/equip\/soci-guf\/\"><img loading=\"lazy\" decoding=\"async\" class=\"alignnone wp-image-4300 size-medium\" title=\"Universitat Cl\u00ednica de Frankfurt\" src=\"https:\/\/www.thervacb.eu\/wp-content\/uploads\/frankfurt-university-hospital-logo.png\" alt=\"Universitat Cl\u00ednica de Frankfurt\" width=\"183\" height=\"100\">&lt;\/a<\/a><\/p>\n<p>[\/et_pb_map_pin_extended][\/et_pb_map_extended][\/et_pb_column][\/et_pb_row][et_pb_row module_id=&#8221;start&#8221; _builder_version=&#8221;4.16&#8243; global_colors_info=&#8221;{}&#8221;][et_pb_column type=&#8221;4_4&#8243; _builder_version=&#8221;4.16&#8243; global_colors_info=&#8221;{}&#8221;][et_pb_text _builder_version=&#8221;4.25.0&#8243; custom_padding=&#8221;||1px|||&#8221; hover_enabled=&#8221;0&#8243; global_colors_info=&#8221;{}&#8221; sticky_enabled=&#8221;0&#8243;]<\/p>\n<h1><strong>Quan va comen\u00e7ar l&#8217;assaig cl\u00ednic?<\/strong><\/h1>\n<p>L&#8217;assaig cl\u00ednic de TherVacB va comen\u00e7ar el juny de 2025. Aix\u00f2 marca una fita important en la nostra missi\u00f3 de desenvolupar un enfocament immunoterap\u00e8utic curatiu per a l&#8217;hepatitis B cr\u00f2nica. <\/p>\n<p>L&#8217;estudi est\u00e0 actualment reclutant pacients en m\u00faltiples centres cl\u00ednics d&#8217;Alemanya i s&#8217;ampliar\u00e0 cont\u00ednuament a centres d&#8217;assaig internacionals a Espanya, It\u00e0lia, el Regne Unit i Tanz\u00e0nia. Els participants elegibles s\u00f3n persones amb hepatitis B cr\u00f2nica que estan rebent ter\u00e0pia antiviral est\u00e0ndard i compleixen criteris d&#8217;inclusi\u00f3 addicionals. <\/p>\n<p>Per obtenir m\u00e9s informaci\u00f3 sobre el disseny de l&#8217;estudi i els criteris d&#8217;elegibilitat, consulteu el registre de l&#8217;assaig cl\u00ednic: <a href=\"https:\/\/clinicaltrials.gov\/study\/NCT06513286\" target=\"_blank\" rel=\"noopener\">NCT06513286<\/a> .<\/p>\n<p>Per obtenir m\u00e9s informaci\u00f3 sobre les fases dels assaigs cl\u00ednics del VHB, mireu el v\u00eddeo seg\u00fcent de la <a href=\"https:\/\/www.thervacb.eu\/ca\/pacients\/preguntes-frequents\/\">s\u00e8rie &#8220;Preguntes freq\u00fcents sobre la cura del VHB: tot el que necessiteu saber per entendre la investigaci\u00f3 del VHB&#8221;.<\/a><\/p>\n<p>[\/et_pb_text][\/et_pb_column][\/et_pb_row][et_pb_row column_structure=&#8221;1_2,1_2&#8243; _builder_version=&#8221;4.23.4&#8243; _module_preset=&#8221;default&#8221; custom_margin=&#8221;0px||||false|false&#8221; custom_padding=&#8221;0px||||false|false&#8221; global_colors_info=&#8221;{}&#8221;][et_pb_column type=&#8221;1_2&#8243; _builder_version=&#8221;4.23.4&#8243; _module_preset=&#8221;default&#8221; global_colors_info=&#8221;{}&#8221;][et_pb_video src=&#8221;https:\/\/www.youtube.com\/watch?v=NUhNaOAy1-8&#8243; _builder_version=&#8221;4.23.4&#8243; _module_preset=&#8221;default&#8221; global_colors_info=&#8221;{}&#8221;][\/et_pb_video][\/et_pb_column][et_pb_column type=&#8221;1_2&#8243; _builder_version=&#8221;4.23.4&#8243; _module_preset=&#8221;default&#8221; global_colors_info=&#8221;{}&#8221;][et_pb_text _builder_version=&#8221;4.23.4&#8243; _module_preset=&#8221;default&#8221; global_colors_info=&#8221;{}&#8221;][\/et_pb_text][\/et_pb_column][\/et_pb_row][\/et_pb_section]<\/p>\n","protected":false},"excerpt":{"rendered":"<p>L&#8217;assaig cl\u00ednic TherVacBPuc contribuir a l&#8217;assaig cl\u00ednic TherVacB \/ participar-hi com a pacient amb hepatitis B?Les persones amb par\u00e0metres virol\u00f2gics i d&#8217;hoste que compleixin els criteris d&#8217;inclusi\u00f3 poden participar en l&#8217;assaig cl\u00ednic, que permet inscriure&#8217;n uns 59 a Europa i 22 a l&#8217;\u00c0frica. En aquest assaig cl\u00ednic, es provaran les modificacions de la vacuna contra [&hellip;]<\/p>\n","protected":false},"author":4,"featured_media":4872,"parent":8168,"menu_order":1,"comment_status":"closed","ping_status":"closed","template":"","meta":{"_et_pb_use_builder":"on","_et_pb_old_content":"","_et_gb_content_width":"","_monsterinsights_skip_tracking":false,"_monsterinsights_sitenote_active":false,"_monsterinsights_sitenote_note":"","_monsterinsights_sitenote_category":0,"footnotes":"","_links_to":"","_links_to_target":""},"class_list":["post-8171","page","type-page","status-publish","has-post-thumbnail","hentry"],"aioseo_notices":[],"_links":{"self":[{"href":"https:\/\/www.thervacb.eu\/ca\/wp-json\/wp\/v2\/pages\/8171","targetHints":{"allow":["GET"]}}],"collection":[{"href":"https:\/\/www.thervacb.eu\/ca\/wp-json\/wp\/v2\/pages"}],"about":[{"href":"https:\/\/www.thervacb.eu\/ca\/wp-json\/wp\/v2\/types\/page"}],"author":[{"embeddable":true,"href":"https:\/\/www.thervacb.eu\/ca\/wp-json\/wp\/v2\/users\/4"}],"replies":[{"embeddable":true,"href":"https:\/\/www.thervacb.eu\/ca\/wp-json\/wp\/v2\/comments?post=8171"}],"version-history":[{"count":22,"href":"https:\/\/www.thervacb.eu\/ca\/wp-json\/wp\/v2\/pages\/8171\/revisions"}],"predecessor-version":[{"id":12911,"href":"https:\/\/www.thervacb.eu\/ca\/wp-json\/wp\/v2\/pages\/8171\/revisions\/12911"}],"up":[{"embeddable":true,"href":"https:\/\/www.thervacb.eu\/ca\/wp-json\/wp\/v2\/pages\/8168"}],"wp:featuredmedia":[{"embeddable":true,"href":"https:\/\/www.thervacb.eu\/ca\/wp-json\/wp\/v2\/media\/4872"}],"wp:attachment":[{"href":"https:\/\/www.thervacb.eu\/ca\/wp-json\/wp\/v2\/media?parent=8171"}],"curies":[{"name":"wp","href":"https:\/\/api.w.org\/{rel}","templated":true}]}}