{"id":12460,"date":"2025-04-11T09:54:49","date_gmt":"2025-04-11T08:54:49","guid":{"rendered":"https:\/\/www.thervacb.eu\/?page_id=12460"},"modified":"2025-07-11T07:25:30","modified_gmt":"2025-07-11T06:25:30","slug":"partner-guf","status":"publish","type":"page","link":"https:\/\/www.thervacb.eu\/de\/team\/partner-guf\/","title":{"rendered":"Partner GUF"},"content":{"rendered":"<p>[et_pb_section fb_built=&#8220;1&#8243; fullwidth=&#8220;on&#8220; admin_label=&#8220;Map&#8220; _builder_version=&#8220;4.9.0&#8243; da_disable_devices=&#8220;off|off|off&#8220; global_module=&#8220;539&#8243; saved_tabs=&#8220;all&#8220; global_colors_info=&#8220;{}&#8220; da_is_popup=&#8220;off&#8220; da_exit_intent=&#8220;off&#8220; da_has_close=&#8220;on&#8220; da_alt_close=&#8220;off&#8220; da_dark_close=&#8220;off&#8220; da_not_modal=&#8220;on&#8220; da_is_singular=&#8220;off&#8220; da_with_loader=&#8220;off&#8220; da_has_shadow=&#8220;on&#8220;][et_pb_map_fullwidth_extended address=&#8220;Paris, France&#8220; zoom_level=&#8220;2&#8243; address_lat=&#8220;43.762201679538&#8243; address_lng=&#8220;5.1647219&#8243; mobile_dragging=&#8220;off&#8220; map_type_control_position=&#8220;LEFT_CENTER&#8220; streetview_control_position=&#8220;LEFT_BOTTOM&#8220; info_window_width=&#8220;300px&#8220; map_type=&#8220;2&#8243; _builder_version=&#8220;4.25.0&#8243; title_text_color=&#8220;#1c9080&#8243; title_font_size=&#8220;24px&#8220; content_text_color=&#8220;#666666&#8243; content_font_size=&#8220;18px&#8220; global_colors_info=&#8220;{}&#8220;][et_pb_map_pin_extended title=&#8220;LMU&#8220; pin_address=&#8220;GESCHWISTER SCHOLL PLATZ 1, 80539 M\u00fcnchen,&#8220; pin_address_lat=&#8220;48.1540685&#8243; pin_address_lng=&#8220;11.5823284&#8243; pin_fill_color=&#8220;#2d788c&#8220; pin_stroke_color=&#8220;#06423a&#8220; pin_circle_color=&#8220;#ffffff&#8220; _builder_version=&#8220;4.21.0&#8243; global_colors_info=&#8220;{}&#8220;]<\/p>\n<p><a title=\"LMU\" href=\"https:\/\/www.thervacb.eu\/de\/team\/partner-lmu\/\"><img loading=\"lazy\" decoding=\"async\" class=\"wp-image-763 size-full\" src=\"https:\/\/www.thervacb.eu\/wp-content\/uploads\/lmu-logo.png\" alt=\"Hospital of the Ludwig-Maximilians-University (LMU) Munich, Division of Infectious Diseases and Tropical Medicine\" width=\"204\" height=\"57\" title=\"Hospital of the Ludwig-Maximilians-University (LMU) Munich, Division of Infectious Diseases and Tropical Medicine\"><\/a><\/p>\n<p>[\/et_pb_map_pin_extended][et_pb_map_pin_extended title=&#8220;Fundaci\u00f3 Cl\u00ednic per a la Recerca Biom\u00e8dica &#8220; pin_address=&#8220;Carrer del Rossell\u00f3, 149, 08036 Barcelona, Spanien&#8220; pin_address_lat=&#8220;41.3885899&#8243; pin_address_lng=&#8220;2.1508862&#8243; pin_fill_color=&#8220;#2d788c&#8220; pin_stroke_color=&#8220;#06423a&#8220; pin_circle_color=&#8220;#ffffff&#8220; _builder_version=&#8220;4.21.0&#8243; global_colors_info=&#8220;{}&#8220;]<\/p>\n<p><a href=\"https:\/\/www.thervacb.eu\/de\/team\/partner-fcrb\/\" title=\"Fundaci\u00f3 Cl\u00ednic per a la Recerca Biom\u00e8dica \"><img loading=\"lazy\" decoding=\"async\" src=\"https:\/\/www.thervacb.eu\/wp-content\/uploads\/clinic-barcelona-logo.png\" alt=\"Fundaci\u00f3 Cl\u00ednic per a la Recerca Biom\u00e8dica \" class=\"wp-image-758 size-full\" width=\"200\" height=\"126\"><\/a><\/p>\n<p>[\/et_pb_map_pin_extended][et_pb_map_pin_extended title=&#8220;Helmholtz-Zentrum f\u00fcr Infektionsforschung GmbH (HZI)&#8220; pin_address=&#8220;Ingolst\u00e4dter Landstra\u00dfe 1, 85764 Oberschlei\u00dfheim, Deutschland&#8220; pin_address_lat=&#8220;48.2208172&#8243; pin_address_lng=&#8220;11.5871674&#8243; pin_fill_color=&#8220;#2d788c&#8220; pin_stroke_color=&#8220;#06423a&#8220; pin_circle_color=&#8220;#ffffff&#8220; _builder_version=&#8220;4.21.0&#8243; global_colors_info=&#8220;{}&#8220;]<\/p>\n<p><a href=\"https:\/\/www.thervacb.eu\/de\/team\/partner-hzi\/\" title=\"Helmholtz-Zentrum f\u00fcr Infektionsforschung GmbH (HZI)\"><img loading=\"lazy\" decoding=\"async\" src=\"https:\/\/www.thervacb.eu\/wp-content\/uploads\/helmholzzentrum-logo.png\" alt=\"Helmholtz-Zentrum f\u00fcr Infektionsforschung GmbH (HZI)\" class=\"wp-image-760 size-full\" width=\"236\" height=\"50\"><\/a><\/p>\n<p>[\/et_pb_map_pin_extended][et_pb_map_pin_extended title=&#8220;Helmholtz Munich&#8220; pin_address=&#8220;Inhoffenstra\u00dfe 7, 38124 Braunschweig, Deutschland&#8220; pin_address_lat=&#8220;52.2109803&#8243; pin_address_lng=&#8220;10.5314925&#8243; pin_fill_color=&#8220;#2d788c&#8220; pin_stroke_color=&#8220;#06423a&#8220; pin_circle_color=&#8220;#ffffff&#8220; _builder_version=&#8220;4.25.0&#8243; global_colors_info=&#8220;{}&#8220;]<a href=\"https:\/\/www.thervacb.eu\/de\/team\/partner-hzi\/\" title=\"Helmholtz Munich\"><img loading=\"lazy\" decoding=\"async\" src=\"https:\/\/www.thervacb.eu\/wp-content\/uploads\/hzi-logo-400x133.png\" title=\"Helmholtz Munich\" alt=\"Helmholtz Munich\" class=\"wp-image-525 alignleft size-medium\" width=\"200\" height=\"66\" srcset=\"https:\/\/www.thervacb.eu\/wp-content\/uploads\/hzi-logo-400x133.png 400w, https:\/\/www.thervacb.eu\/wp-content\/uploads\/hzi-logo.png 406w\" sizes=\"auto, (max-width: 200px) 100vw, 200px\" \/><\/a>[\/et_pb_map_pin_extended][et_pb_map_pin_extended title=&#8220;Medizinische Hochschule Hannover&#8220; pin_address=&#8220;Carl-Neuberg-Stra\u00dfe 1, 30625 Hannover, Deutschland&#8220; pin_address_lat=&#8220;52.3834749&#8243; pin_address_lng=&#8220;9.8047999&#8243; pin_fill_color=&#8220;#2d788c&#8220; pin_stroke_color=&#8220;#06423a&#8220; pin_circle_color=&#8220;#ffffff&#8220; _builder_version=&#8220;4.21.0&#8243; global_colors_info=&#8220;{}&#8220;]<\/p>\n<p><a href=\"https:\/\/www.thervacb.eu\/de\/team\/partner-mhh\/\" title=\"Medizinische Hochschule Hannover\"><img loading=\"lazy\" decoding=\"async\" src=\"https:\/\/www.thervacb.eu\/wp-content\/uploads\/mhh-logo.png\" alt=\"MHH\" class=\"wp-image-765 size-full\" width=\"220\" height=\"38\"><\/a><\/p>\n<p>[\/et_pb_map_pin_extended][et_pb_map_pin_extended title=&#8220;NIMR-Mbeya Medizinisches Forschungszentrum&#8220; pin_address=&#8220;Hospital Hill Rd, Mbeya, Tansania&#8220; pin_address_lat=&#8220;-8.8892372&#8243; pin_address_lng=&#8220;33.4397813&#8243; pin_fill_color=&#8220;#2d788c&#8220; pin_stroke_color=&#8220;#06423a&#8220; pin_circle_color=&#8220;#ffffff&#8220; _builder_version=&#8220;4.21.0&#8243; global_colors_info=&#8220;{}&#8220;]<\/p>\n<p><a href=\"https:\/\/www.thervacb.eu\/de\/team\/partner-nimr\/\" title=\"NIMR-Mbeya Medizinisches Forschungszentrum\"><img loading=\"lazy\" decoding=\"async\" src=\"https:\/\/www.thervacb.eu\/wp-content\/uploads\/nimr-mmrc-logo-g.png\" alt=\"NIMR-Mbeya Medizinisches Forschungszentrum\" class=\"wp-image-600 size-full\" width=\"200\" height=\"200\" srcset=\"https:\/\/www.thervacb.eu\/wp-content\/uploads\/nimr-mmrc-logo-g.png 200w, https:\/\/www.thervacb.eu\/wp-content\/uploads\/nimr-mmrc-logo-g-150x150.png 150w\" sizes=\"auto, (max-width: 200px) 100vw, 200px\" \/><\/a><\/p>\n<p>[\/et_pb_map_pin_extended][et_pb_map_pin_extended title=&#8220;Technische Universit\u00e4t M\u00fcnchen&#8220; pin_address=&#8220;Arcisstra\u00dfe 21, 80333 M\u00fcnchen, Deutschland&#8220; pin_address_lat=&#8220;48.1486686&#8243; pin_address_lng=&#8220;11.5685941&#8243; pin_fill_color=&#8220;#2d788c&#8220; pin_stroke_color=&#8220;#06423a&#8220; pin_circle_color=&#8220;#ffffff&#8220; _builder_version=&#8220;4.21.0&#8243; global_colors_info=&#8220;{}&#8220;]<\/p>\n<p><a href=\"https:\/\/www.thervacb.eu\/de\/team\/partner-tum\/\" title=\"Technische Universit\u00e4t M\u00fcnchen\"><img loading=\"lazy\" decoding=\"async\" src=\"https:\/\/www.thervacb.eu\/wp-content\/uploads\/tum-logo.png\" alt=\"\u6c64\u59c6\" class=\"wp-image-768 size-full\" width=\"200\" height=\"67\"><\/a> <\/p>\n<p>[\/et_pb_map_pin_extended][et_pb_map_pin_extended title=&#8220;UNIVERSITY COLLEGE LONDON (UCL)&#8220; pin_address=&#8220;GOWER STREET, WC1E 6BT London&#8220; pin_address_lat=&#8220;51.5233687&#8243; pin_address_lng=&#8220;-0.135766&#8243; pin_fill_color=&#8220;#2d788c&#8220; pin_stroke_color=&#8220;#06423a&#8220; pin_circle_color=&#8220;#ffffff&#8220; _builder_version=&#8220;4.21.0&#8243; global_colors_info=&#8220;{}&#8220;]<\/p>\n<p><a href=\"https:\/\/www.thervacb.eu\/de\/team\/partner-ucl\/\" title=\"UNIVERSITY COLLEGE LONDON (UCL)\"><img loading=\"lazy\" decoding=\"async\" src=\"https:\/\/www.thervacb.eu\/wp-content\/uploads\/ucl-logo.png\" alt=\"UNIVERSITY COLLEGE LONDON (UCL)\" class=\"wp-image-770 size-full\" width=\"200\" height=\"59\"><\/a><\/p>\n<p>[\/et_pb_map_pin_extended][et_pb_map_pin_extended title=&#8220;Klinikum Rechts der Isar der Technischen Universit\u00e4t M\u00fcnchen&#8220; pin_address=&#8220;H\u00f6rsaal A, Klinikum rechts der Isar, Ismaninger Str. 22, 81675 M\u00fcnchen, Deutschland&#8220; pin_address_lat=&#8220;48.1360041&#8243; pin_address_lng=&#8220;11.5997829&#8243; pin_fill_color=&#8220;#2d788c&#8220; pin_stroke_color=&#8220;#06423a&#8220; pin_circle_color=&#8220;#ffffff&#8220; _builder_version=&#8220;4.21.0&#8243; global_colors_info=&#8220;{}&#8220;]<\/p>\n<p><a href=\"https:\/\/www.thervacb.eu\/de\/team\/partner-tum-med\/\"><img loading=\"lazy\" decoding=\"async\" src=\"https:\/\/www.thervacb.eu\/wp-content\/uploads\/logo-mri-tum-400x118.png\" alt=\"Klinikum Rechts der Isar der Technischen Universit\u00e4t M\u00fcnchen\" title=\"Klinikum Rechts der Isar der Technischen Universit\u00e4t M\u00fcnchen\" class=\"wp-image-521 aligncenter size-medium\" style=\"float: left\" width=\"200\" height=\"59\" srcset=\"https:\/\/www.thervacb.eu\/wp-content\/uploads\/logo-mri-tum-400x120.png 400w, https:\/\/www.thervacb.eu\/wp-content\/uploads\/logo-mri-tum.png 406w\" sizes=\"auto, (max-width: 200px) 100vw, 200px\" \/><\/a><\/p>\n<p>[\/et_pb_map_pin_extended][et_pb_map_pin_extended title=&#8220;UKE Hamburg Eppendorf&#8220; pin_address=&#8220;Martinistra\u00dfe 52, 20251 Hamburg, Deutschland&#8220; pin_address_lat=&#8220;53.5902421&#8243; pin_address_lng=&#8220;9.9785922&#8243; pin_fill_color=&#8220;#2d788c&#8220; pin_stroke_color=&#8220;#06423a&#8220; pin_circle_color=&#8220;#ffffff&#8220; _builder_version=&#8220;4.25.0&#8243; global_colors_info=&#8220;{}&#8220;]<a href=\"https:\/\/www.thervacb.eu\/de\/team\/partner-uke\/\" title=\"UKE Hamburg Eppendorf\"><img loading=\"lazy\" decoding=\"async\" src=\"https:\/\/www.thervacb.eu\/wp-content\/uploads\/uke-hamburg.png\" alt=\"UKE Hamburg Eppendorf\" title=\"UKE Hamburg Eppendorf\" medical=\"\" center=\"\" hamburg-eppendorf=\"\" i=\"\" department=\"\" of=\"\" internal=\"\" medicine=\"\" class=\"wp-image-1057 aligncenter size-full\" style=\"float: left;\" width=\"195\" height=\"169\"><\/a>[\/et_pb_map_pin_extended][et_pb_map_pin_extended title=&#8220;Azienda Ospedaliero- Universitaria di Parma&#8220; pin_address=&#8220;Str. dell&#8217;Universit\u00e0, 12, 43121 Parma PR, Italien&#8220; pin_address_lat=&#8220;44.8012357&#8243; pin_address_lng=&#8220;10.3255389&#8243; pin_fill_color=&#8220;#2d788c&#8220; pin_stroke_color=&#8220;#06423a&#8220; pin_circle_color=&#8220;#ffffff&#8220; _builder_version=&#8220;4.21.0&#8243; global_colors_info=&#8220;{}&#8220;]<a href=\"https:\/\/www.thervacb.eu\/team\/partner-aop-new\/\" title=\"Azienda Ospedaliero- Universitaria di Parma\"><img loading=\"lazy\" decoding=\"async\" class=\"wp-image-520 aligncenter size-medium\" src=\"https:\/\/www.thervacb.eu\/wp-content\/uploads\/logo-azienda-ospedaliero-universitaria-di-parma-1-400x82.png\" alt=\"Azienda Ospedaliero- Universitaria di Parma\" width=\"200\" height=\"41\" title=\"Azienda Ospedaliero- Universitaria di Parma\" srcset=\"https:\/\/www.thervacb.eu\/wp-content\/uploads\/logo-azienda-ospedaliero-universitaria-di-parma-1-400x83.png 400w, https:\/\/www.thervacb.eu\/wp-content\/uploads\/logo-azienda-ospedaliero-universitaria-di-parma-1.png 406w\" sizes=\"auto, (max-width: 200px) 100vw, 200px\" \/><\/a>[\/et_pb_map_pin_extended][et_pb_map_pin_extended title=&#8220;Universit\u00e4tsklinikum Leipzig&#8220; pin_address=&#8220;Ritterstra\u00dfe 26, 04109 Leipzig, Deutschland&#8220; pin_address_lat=&#8220;51.3412809&#8243; pin_address_lng=&#8220;12.3802676&#8243; pin_fill_color=&#8220;#2d788c&#8220; pin_stroke_color=&#8220;#06423a&#8220; pin_circle_color=&#8220;#ffffff&#8220; _builder_version=&#8220;4.25.0&#8243; global_colors_info=&#8220;{}&#8220;]<a title=\"Universit\u00e4tsklinikum Leipzig\" href=\"https:\/\/www.thervacb.eu\/de\/team\/partner-ulei\/\"><img decoding=\"async\" class=\"alignnone wp-image-4300 size-medium\" title=\"Universit\u00e4tsklinikum Leipzig\" src=\"https:\/\/www.thervacb.eu\/wp-content\/uploads\/university-leipzig.png\" alt=\"Universit\u00e4tsklinikum Leipzig\" width=\"200\"><\/a>[\/et_pb_map_pin_extended][et_pb_map_pin_extended title=&#8220;Barts Health NHS Trust&#8220; pin_address=&#8220;Co-operative Bank Plc, 9 Prescot St, Whitechapel, London E1 8AZ, Vereinigtes K\u00f6nigreich&#8220; zoom_level=&#8220;5&#8243; pin_address_lat=&#8220;51.5115034&#8243; pin_address_lng=&#8220;-0.0706499&#8243; pin_fill_color=&#8220;#2d788c&#8220; pin_stroke_color=&#8220;#06423a&#8220; pin_circle_color=&#8220;#ffffff&#8220; _builder_version=&#8220;4.21.0&#8243; global_colors_info=&#8220;{}&#8220;]<\/p>\n<p><a title=\"Barts Health NHS Trust\" href=\"https:\/\/www.thervacb.eu\/de\/team\/partner-blt\/\"><img decoding=\"async\" class=\"alignnone wp-image-4300 size-medium\" title=\"Barts Health NHS Trust\" src=\"https:\/\/www.thervacb.eu\/wp-content\/uploads\/Barts-and-the-London-NHS.png\" alt=\"Barts Health NHS Trust\" width=\"200\"><\/a><\/p>\n<p>[\/et_pb_map_pin_extended][et_pb_map_pin_extended title=&#8220;Royal Free London NHS Foundation Trust&#8220; pin_address=&#8220;Pond St, Hampstead, London NW3 2QG, Vereinigtes K\u00f6nigreich&#8220; pin_address_lat=&#8220;51.5537706&#8243; pin_address_lng=&#8220;-0.1672142&#8243; pin_fill_color=&#8220;#2d788c&#8220; pin_stroke_color=&#8220;#06423a&#8220; pin_circle_color=&#8220;#ffffff&#8220; _builder_version=&#8220;4.3.4&#8243; global_colors_info=&#8220;{}&#8220;][\/et_pb_map_pin_extended][et_pb_map_pin_extended title=&#8220;ARTTIC Innovation GmbH&#8220; pin_address=&#8220;Oskar-von-Miller-Ring 29, 80333 M\u00fcnchen, Germany&#8220; pin_address_lat=&#8220;48.1459821&#8243; pin_address_lng=&#8220;11.5760781&#8243; pin_fill_color=&#8220;#2d788c&#8220; pin_stroke_color=&#8220;#06423a&#8220; pin_circle_color=&#8220;#ffffff&#8220; _builder_version=&#8220;4.21.0&#8243; global_colors_info=&#8220;{}&#8220;]<\/p>\n<p><a title=\"ARTTIC Innovation GmbH\" href=\"https:\/\/www.thervacb.eu\/de\/team\/arttic-innovation-gmbh\/\"><img loading=\"lazy\" decoding=\"async\" class=\"alignnone wp-image-4300 size-medium\" title=\"ARTTIC Innovation GmbH\" src=\"https:\/\/www.thervacb.eu\/wp-content\/uploads\/arttic-innovation.svg\" alt=\"ARTTIC Innovation GmbH\" width=\"200\" height=\"83\"><\/a><\/p>\n<p>[\/et_pb_map_pin_extended][et_pb_map_pin_extended title=&#8220;SocraTec R&#038;D GmbH&#8220; pin_address=&#8220;Im Setzling 35, 61440 Oberursel (Taunus), Deutschland&#8220; pin_address_lat=&#8220;50.1968591&#8243; pin_address_lng=&#8220;8.5860136&#8243; pin_fill_color=&#8220;#2d788c&#8220; pin_stroke_color=&#8220;#06423a&#8220; pin_circle_color=&#8220;#ffffff&#8220; _builder_version=&#8220;4.25.0&#8243; display_conditions=&#8220;W10=&#8220; global_colors_info=&#8220;{}&#8220;]<a title=\"SocraTec R&amp;D GmbH\" href=\"https:\/\/www.thervacb.eu\/team\/socratech\/\"><img loading=\"lazy\" decoding=\"async\" class=\"alignnone wp-image-4300 size-medium\" title=\"SocraTec R&amp;D GmbH\" src=\"https:\/\/www.thervacb.eu\/wp-content\/uploads\/socratec-and-r-d-logo.svg\" alt=\"SocraTec R&amp;D GmbH\" width=\"200\" height=\"47\"><\/a>[\/et_pb_map_pin_extended][\/et_pb_map_fullwidth_extended][\/et_pb_section][et_pb_section fb_built=&#8220;1&#8243; _builder_version=&#8220;4.16&#8243; da_disable_devices=&#8220;off|off|off&#8220; global_colors_info=&#8220;{}&#8220; da_is_popup=&#8220;off&#8220; da_exit_intent=&#8220;off&#8220; da_has_close=&#8220;on&#8220; da_alt_close=&#8220;off&#8220; da_dark_close=&#8220;off&#8220; da_not_modal=&#8220;on&#8220; da_is_singular=&#8220;off&#8220; da_with_loader=&#8220;off&#8220; da_has_shadow=&#8220;on&#8220;][et_pb_row column_structure=&#8220;3_4,1_4&#8243; _builder_version=&#8220;4.16&#8243; custom_padding=&#8220;||64px|||&#8220; global_colors_info=&#8220;{}&#8220;][et_pb_column type=&#8220;3_4&#8243; _builder_version=&#8220;4.16&#8243; global_colors_info=&#8220;{}&#8220;][et_pb_text _builder_version=&#8220;4.25.0&#8243; global_colors_info=&#8220;{}&#8220;]<\/p>\n<h1>Universit\u00e4tsklinikum Frankfurt<\/h1>\n<h2>Allgemeine Informationen<\/h2>\n<p><span>Das Universit\u00e4tsklinikum Frankfurt, gegr\u00fcndet im Jahr 1914 und Teil der Goethe-Universit\u00e4t Frankfurt, ist das gr\u00f6\u00dfte Gesundheitszentrum in Hessen. Es umfasst 33 medizinische Kliniken und Institute, behandelt j\u00e4hrlich \u00fcber 46.000 station\u00e4re Patienten und betreut mehr als 480.000 ambulante Patienten. Das 1. Zentrum f\u00fcr Innere Medizin des Krankenhauses am Universit\u00e4tsklinikum Frankfurt (ZIM1) ist auf die Fachgebiete Gastroenterologie, Endokrinologie und Pneumologie spezialisiert und verf\u00fcgt \u00fcber umfassende Expertise in der Hepatologie sowie in der Hepatitisforschung.\u00a0<\/span><span>Im Laufe der Jahre hat das Zentrum an zahlreichen Impfstoff- und klinischen Studien im Fr\u00fchstadium mitgewirkt. Die hepatologische Ambulanz des Krankenhauses z\u00e4hlt zu den gr\u00f6\u00dften Deutschlands und betreut eine erhebliche Anzahl von Patienten mit chronischer Virushepatitis. In Zusammenarbeit mit der gastroenterologischen Abteilung f\u00fcr klinische Studien ist das Krankenhaus aktiv an nationalen und internationalen klinischen Studien beteiligt, einschlie\u00dflich industriefinanzierter und von Pr\u00fcf\u00e4rzten initiierter Studien. Viele dieser Studien befassen sich mit viraler Hepatitis und umfassen die Erforschung gentechnisch ver\u00e4nderter Organismen (GVO) sowie die Entwicklung von Impfstoffen. <\/span><\/p>\n<p>Das Universit\u00e4tsklinikum Frankfurt mit seiner umfangreichen Erfahrung in der Erforschung viraler Hepatitis und in klinischen Studien engagiert sich durch seinen Beitrag zur klinischen Studie des TherVacB-Projekts f\u00fcr die Entwicklung neuer Behandlungsm\u00f6glichkeiten. <span>Dr. Kathrin Sprinzl leitet die Studie, Prof. Dr. Stefan Zeuzem ist ihr Stellvertreter.<\/span><\/p>\n<p>[\/et_pb_text][\/et_pb_column][et_pb_column type=&#8220;1_4&#8243; _builder_version=&#8220;4.16&#8243; background_enable_color=&#8220;off&#8220; use_background_color_gradient=&#8220;on&#8220; background_color_gradient_stops=&#8220;rgba(0,0,0,0) 0%|rgba(92,189,217,0.25) 100%&#8220; background_color_gradient_start=&#8220;rgba(0,0,0,0)&#8220; background_color_gradient_end=&#8220;rgba(92,189,217,0.25)&#8220; background_enable_image=&#8220;off&#8220; background_size=&#8220;initial&#8220; background_position=&#8220;top_left&#8220; custom_padding=&#8220;10px|10px|10px|10px|false|false&#8220; border_radii=&#8220;on|10px|10px|10px|10px&#8220; border_width_all=&#8220;2px&#8220; border_color_all=&#8220;#5cbdd9&#8243; global_colors_info=&#8220;{}&#8220;][et_pb_image src=&#8220;https:\/\/www.thervacb.eu\/wp-content\/uploads\/frankfurt-university-hospital-goethe.png&#8220; alt=&#8220;Universit\u00e4tsklinikum Frankfurt&#8220; title_text=&#8220;Universit\u00e4tsklinikum Frankfurt&#8220; _builder_version=&#8220;4.25.0&#8243; global_colors_info=&#8220;{}&#8220;][\/et_pb_image][et_pb_text _builder_version=&#8220;4.25.0&#8243; max_width=&#8220;100%&#8220; module_alignment=&#8220;left&#8220; global_colors_info=&#8220;{}&#8220;]<\/p>\n<p><strong>Universit\u00e4tsklinikum Frankfurt<br \/><\/strong><\/p>\n<p>Theodor-Stern-Kai 7<br \/>60596 Frankfurt am Main<\/p>\n<p><a href=\"https:\/\/www.unimedizin-ffm.de\/einrichtungen\/kliniken\/zentrum-der-inneren-medizin\/medizinische-klinik-1-gastroenterologie-und-hepatologie-pneumologie-und-allergologie-endokrinologie-und-diabetologie-sowie-ernaehrungsmedizin\" title=\"Universit\u00e4tsklinikum Frankfurt  \" target=\"_blank\" rel=\"noopener\">unimedizin-ffm.de<\/a><\/p>\n<p>[\/et_pb_text][\/et_pb_column][\/et_pb_row][et_pb_row _builder_version=&#8220;4.16&#8243; global_colors_info=&#8220;{}&#8220;][et_pb_column type=&#8220;4_4&#8243; _builder_version=&#8220;4.16&#8243; global_colors_info=&#8220;{}&#8220;][et_pb_text _builder_version=&#8220;4.25.0&#8243; custom_padding=&#8220;||0px|||&#8220; global_colors_info=&#8220;{}&#8220;]<\/p>\n<h2>Rolle in TherVacB<\/h2>\n<p>Das Zentrum f\u00fcr Innere Medizin (ZIM1) am Universit\u00e4tsklinikum Frankfurt f\u00fchrt die klinische Studie von TherVacB in der gastroenterologischen Studieneinheit durch.<\/p>\n<p>[\/et_pb_text][\/et_pb_column][\/et_pb_row][et_pb_row _builder_version=&#8220;4.16&#8243; custom_padding=&#8220;||0px|||&#8220; global_colors_info=&#8220;{}&#8220;][et_pb_column type=&#8220;4_4&#8243; _builder_version=&#8220;4.16&#8243; global_colors_info=&#8220;{}&#8220;][et_pb_text _builder_version=&#8220;4.16&#8243; global_colors_info=&#8220;{}&#8220;]<\/p>\n<h2>Projektmitarbeiter<\/h2>\n<p>&nbsp;<\/p>\n<p>[\/et_pb_text][\/et_pb_column][\/et_pb_row][et_pb_row column_structure=&#8220;1_3,1_3,1_3&#8243; make_equal=&#8220;on&#8220; _builder_version=&#8220;4.22.1&#8243; custom_padding=&#8220;0px|||||&#8220; global_colors_info=&#8220;{}&#8220;][et_pb_column type=&#8220;1_3&#8243; _builder_version=&#8220;4.16&#8243; global_colors_info=&#8220;{}&#8220;][et_pb_team_member name=&#8220;Kathrin Sprinzl &#8220; position=&#8220;Ober\u00e4rztin, Medizinische Leitung der Klinischen Studieneinheit ZIM1, Universit\u00e4tsklinikum Frankfurt &#8220; image_url=&#8220;https:\/\/www.thervacb.eu\/wp-content\/uploads\/kathrin-sprinzl.jpg&#8220; _builder_version=&#8220;4.25.0&#8243; header_text_align=&#8220;center&#8220; position_text_align=&#8220;center&#8220; position_line_height=&#8220;1.3em&#8220; text_orientation=&#8220;left&#8220; custom_padding=&#8220;20px|20px|20px|20px|false|false&#8220; border_radii=&#8220;on|10px|10px|10px|10px&#8220; box_shadow_style=&#8220;preset1&#8243; global_colors_info=&#8220;{}&#8220; transform_styles__hover_enabled=&#8220;on|hover&#8220; transform_scale__hover_enabled=&#8220;on|hover&#8220; transform_translate__hover_enabled=&#8220;on|desktop&#8220; transform_rotate__hover_enabled=&#8220;on|desktop&#8220; transform_skew__hover_enabled=&#8220;on|desktop&#8220; transform_origin__hover_enabled=&#8220;on|desktop&#8220; transform_scale__hover=&#8220;105%|105%&#8220; custom_css_member_image_last_edited=&#8220;on|desktop&#8220;]<\/p>\n<p style=\"text-align: center;\">Dr. Sprinzl ist eine erfahrene Fach\u00e4rztin f\u00fcr Gastroenterologie und Hepatologie mit \u00fcber 20 Jahren Berufserfahrung. Sie hat sich auf die Behandlung viraler Hepatitis spezialisiert und war in zahlreichen klinischen Studien zu HBV und HDV als Sub-Investigator sowie Principal Investigator t\u00e4tig. Dar\u00fcber hinaus verf\u00fcgt Kathrin Sprinzl wertvolle Kenntnisse in der Durchf\u00fchrung von Impfstoffstudien, einschlie\u00dflich Studien in der fr\u00fchen Phase ab Phase 1.<\/p>\n<p>[\/et_pb_team_member][\/et_pb_column][et_pb_column type=&#8220;1_3&#8243; _builder_version=&#8220;4.16&#8243; global_colors_info=&#8220;{}&#8220;][et_pb_team_member name=&#8220;Stefan Zeuzem&#8220; position=&#8220;Professor und Leiter der Abteilung f\u00fcr Gastroenterologie, Endokrinologie und Pneumologie (ZIM1), Universit\u00e4tsklinikum Frankfurt &#8220; image_url=&#8220;https:\/\/www.thervacb.eu\/wp-content\/uploads\/stefan-zeuzem.jpg&#8220; _builder_version=&#8220;4.25.0&#8243; header_text_align=&#8220;center&#8220; position_text_align=&#8220;center&#8220; position_line_height=&#8220;1.3em&#8220; text_orientation=&#8220;left&#8220; custom_padding=&#8220;20px|20px|20px|20px|false|false&#8220; border_radii=&#8220;on|10px|10px|10px|10px&#8220; box_shadow_style=&#8220;preset1&#8243; global_colors_info=&#8220;{}&#8220; transform_styles__hover_enabled=&#8220;on|hover&#8220; transform_scale__hover_enabled=&#8220;on|hover&#8220; transform_translate__hover_enabled=&#8220;on|desktop&#8220; transform_rotate__hover_enabled=&#8220;on|desktop&#8220; transform_skew__hover_enabled=&#8220;on|desktop&#8220; transform_origin__hover_enabled=&#8220;on|desktop&#8220; transform_scale__hover=&#8220;105%|105%&#8220; custom_css_member_image_last_edited=&#8220;on|desktop&#8220;]<\/p>\n<p style=\"text-align: center;\">Prof. Zeuzem ist ein renommierter Experte f\u00fcr Gastroenterologie und Hepatologie mit \u00fcber 30 Jahren Berufserfahrung, der sich auf virale Hepatitis konzentriert. Seit 2007 leitet Prof. Zeuzem die Abteilung f\u00fcr Innere Medizin I (ZIM1) am Universit\u00e4tsklinikum Frankfurt. Er war als leitender Pr\u00fcfarzt an der Entwicklung zahlreicher Therapien f\u00fcr virale Hepatitis beteiligt und ist international f\u00fcr seine umfangreichen Ver\u00f6ffentlichungen und Beitr\u00e4ge zu diesem Thema bekannt.<\/p>\n<p>[\/et_pb_team_member][\/et_pb_column][et_pb_column type=&#8220;1_3&#8243; _builder_version=&#8220;4.16&#8243; global_colors_info=&#8220;{}&#8220;][\/et_pb_column][\/et_pb_row][\/et_pb_section]<\/p>\n","protected":false},"excerpt":{"rendered":"<p>Universit\u00e4tsklinikum Frankfurt Allgemeine Informationen Das Universit\u00e4tsklinikum Frankfurt, gegr\u00fcndet im Jahr 1914 und Teil der Goethe-Universit\u00e4t Frankfurt, ist das gr\u00f6\u00dfte Gesundheitszentrum in Hessen. Es umfasst 33 medizinische Kliniken und Institute, behandelt j\u00e4hrlich \u00fcber 46.000 station\u00e4re Patienten und betreut mehr als 480.000 ambulante Patienten. Das 1. Zentrum f\u00fcr Innere Medizin des Krankenhauses am Universit\u00e4tsklinikum Frankfurt (ZIM1) ist [&hellip;]<\/p>\n","protected":false},"author":4,"featured_media":0,"parent":2053,"menu_order":5,"comment_status":"closed","ping_status":"closed","template":"","meta":{"_et_pb_use_builder":"on","_et_pb_old_content":"","_et_gb_content_width":"","_monsterinsights_skip_tracking":false,"_monsterinsights_sitenote_active":false,"_monsterinsights_sitenote_note":"","_monsterinsights_sitenote_category":0,"footnotes":"","_links_to":"","_links_to_target":""},"class_list":["post-12460","page","type-page","status-publish","hentry"],"aioseo_notices":[],"_links":{"self":[{"href":"https:\/\/www.thervacb.eu\/de\/wp-json\/wp\/v2\/pages\/12460","targetHints":{"allow":["GET"]}}],"collection":[{"href":"https:\/\/www.thervacb.eu\/de\/wp-json\/wp\/v2\/pages"}],"about":[{"href":"https:\/\/www.thervacb.eu\/de\/wp-json\/wp\/v2\/types\/page"}],"author":[{"embeddable":true,"href":"https:\/\/www.thervacb.eu\/de\/wp-json\/wp\/v2\/users\/4"}],"replies":[{"embeddable":true,"href":"https:\/\/www.thervacb.eu\/de\/wp-json\/wp\/v2\/comments?post=12460"}],"version-history":[{"count":9,"href":"https:\/\/www.thervacb.eu\/de\/wp-json\/wp\/v2\/pages\/12460\/revisions"}],"predecessor-version":[{"id":12687,"href":"https:\/\/www.thervacb.eu\/de\/wp-json\/wp\/v2\/pages\/12460\/revisions\/12687"}],"up":[{"embeddable":true,"href":"https:\/\/www.thervacb.eu\/de\/wp-json\/wp\/v2\/pages\/2053"}],"wp:attachment":[{"href":"https:\/\/www.thervacb.eu\/de\/wp-json\/wp\/v2\/media?parent=12460"}],"curies":[{"name":"wp","href":"https:\/\/api.w.org\/{rel}","templated":true}]}}