{"id":2009,"date":"2021-02-05T13:54:07","date_gmt":"2021-02-05T13:54:07","guid":{"rendered":"https:\/\/www.thervacb.eu\/copyright\/"},"modified":"2021-10-20T07:39:34","modified_gmt":"2021-10-20T06:39:34","slug":"copyright","status":"publish","type":"page","link":"https:\/\/www.thervacb.eu\/de\/copyright\/","title":{"rendered":"Copyright"},"content":{"rendered":"<p>[et_pb_section fb_built=&#8220;1&#8243; _builder_version=&#8220;4.0.9&#8243; da_disable_devices=&#8220;off|off|off&#8220; da_is_popup=&#8220;off&#8220; da_exit_intent=&#8220;off&#8220; da_has_close=&#8220;on&#8220; da_alt_close=&#8220;off&#8220; da_dark_close=&#8220;off&#8220; da_not_modal=&#8220;on&#8220; da_is_singular=&#8220;off&#8220; da_with_loader=&#8220;off&#8220; da_has_shadow=&#8220;on&#8220;][et_pb_row _builder_version=&#8220;4.0.9&#8243;][et_pb_column type=&#8220;4_4&#8243; _builder_version=&#8220;4.0.9&#8243;][et_pb_text _builder_version=&#8220;4.2.2&#8243;]<\/p>\n<h1>Copyright<\/h1>\n<p>Bilder von Personen unterliegen dem Urheberrecht des Fotografen oder dem pers\u00f6nlichen Eigentum der abgebildeten Person. Die Abbildungen sind Eigentum der Organisationen, die sie dem Webmaster zur Verf\u00fcgung gestellt haben.<\/p>\n<p>Sie d\u00fcrfen Material, das auf dieser Website angezeigt wird, f\u00fcr den nicht-kommerziellen, pers\u00f6nlichen Gebrauch herunterladen, vervielf\u00e4ltigen und weiter\u00fcbertragen. Wenn Sie dies tun, erkl\u00e4ren Sie sich damit einverstanden, die Quelle zu nennen und alle in den Materialien enthaltenen Urheberrechts- und sonstigen Eigentumshinweise beizubehalten. Es ist nicht gestattet, den Inhalt der TherVacB-Website ohne schriftliche Genehmigung von TherVacB f\u00fcr \u00f6ffentliche oder gewerbliche Zwecke zu nutzen, zu verbreiten, zu ver\u00e4ndern, zu \u00fcbertragen oder zu ver\u00f6ffentlichen, einschlie\u00dflich aller Texte, Bilder, Audio- oder Videodateien. <\/p>\n<p>&nbsp;<\/p>\n<h2>Bilder &amp; Grafiken<\/h2>\n<p>[\/et_pb_text][et_pb_gallery gallery_ids=&#8220;2770,2621,2609,2704,2884,2890,2866,2878,2872&#8243; posts_number=&#8220;40&#8243; zoom_icon_color=&#8220;#ffffff&#8220; hover_overlay_color=&#8220;rgba(255,255,255,0.15)&#8220; hover_icon=&#8220;%%47%%&#8220; _builder_version=&#8220;4.4.6&#8243; animation_style=&#8220;zoom&#8220; border_color_all_image=&#8220;#706f6f&#8220; box_shadow_style_image=&#8220;preset1&#8243; box_shadow_blur_image=&#8220;6px&#8220; global_module=&#8220;2263&#8243;][\/et_pb_gallery][\/et_pb_column][\/et_pb_row][\/et_pb_section]<\/p>\n","protected":false},"excerpt":{"rendered":"<p>Copyright Bilder von Personen unterliegen dem Urheberrecht des Fotografen oder dem pers\u00f6nlichen Eigentum der abgebildeten Person. Die Abbildungen sind Eigentum der Organisationen, die sie dem Webmaster zur Verf\u00fcgung gestellt haben. Sie d\u00fcrfen Material, das auf dieser Website angezeigt wird, f\u00fcr den nicht-kommerziellen, pers\u00f6nlichen Gebrauch herunterladen, vervielf\u00e4ltigen und weiter\u00fcbertragen. Wenn Sie dies tun, erkl\u00e4ren Sie sich [&hellip;]<\/p>\n","protected":false},"author":4,"featured_media":0,"parent":0,"menu_order":52,"comment_status":"closed","ping_status":"closed","template":"","meta":{"_et_pb_use_builder":"on","_et_pb_old_content":"","_et_gb_content_width":"","_monsterinsights_skip_tracking":false,"_monsterinsights_sitenote_active":false,"_monsterinsights_sitenote_note":"","_monsterinsights_sitenote_category":0,"footnotes":"","_links_to":"","_links_to_target":""},"class_list":["post-2009","page","type-page","status-publish","hentry"],"aioseo_notices":[],"_links":{"self":[{"href":"https:\/\/www.thervacb.eu\/de\/wp-json\/wp\/v2\/pages\/2009","targetHints":{"allow":["GET"]}}],"collection":[{"href":"https:\/\/www.thervacb.eu\/de\/wp-json\/wp\/v2\/pages"}],"about":[{"href":"https:\/\/www.thervacb.eu\/de\/wp-json\/wp\/v2\/types\/page"}],"author":[{"embeddable":true,"href":"https:\/\/www.thervacb.eu\/de\/wp-json\/wp\/v2\/users\/4"}],"replies":[{"embeddable":true,"href":"https:\/\/www.thervacb.eu\/de\/wp-json\/wp\/v2\/comments?post=2009"}],"version-history":[{"count":0,"href":"https:\/\/www.thervacb.eu\/de\/wp-json\/wp\/v2\/pages\/2009\/revisions"}],"wp:attachment":[{"href":"https:\/\/www.thervacb.eu\/de\/wp-json\/wp\/v2\/media?parent=2009"}],"curies":[{"name":"wp","href":"https:\/\/api.w.org\/{rel}","templated":true}]}}