{"id":2040,"date":"2021-02-05T13:55:44","date_gmt":"2021-02-05T13:55:44","guid":{"rendered":"https:\/\/www.thervacb.eu\/projekt\/"},"modified":"2025-07-25T09:09:41","modified_gmt":"2025-07-25T08:09:41","slug":"projekt","status":"publish","type":"page","link":"https:\/\/www.thervacb.eu\/de\/projekt\/","title":{"rendered":"Projekt"},"content":{"rendered":"<p>[et_pb_section fb_built=&#8220;1&#8243; fullwidth=&#8220;on&#8220; _builder_version=&#8220;4.16&#8243; da_disable_devices=&#8220;off|off|off&#8220; global_colors_info=&#8220;{}&#8220; da_is_popup=&#8220;off&#8220; da_exit_intent=&#8220;off&#8220; da_has_close=&#8220;on&#8220; da_alt_close=&#8220;off&#8220; da_dark_close=&#8220;off&#8220; da_not_modal=&#8220;on&#8220; da_is_singular=&#8220;off&#8220; da_with_loader=&#8220;off&#8220; da_has_shadow=&#8220;on&#8220;][et_pb_fullwidth_slider use_text_overlay=&#8220;on&#8220; text_overlay_color=&#8220;rgba(6,66,58,0.25)&#8220; _builder_version=&#8220;4.16&#8243; custom_padding=&#8220;83px||65px|||&#8220; auto=&#8220;on&#8220; auto_ignore_hover=&#8220;on&#8220; global_colors_info=&#8220;{}&#8220;][et_pb_slide heading=&#8220;About TherVacB&#8220; use_bg_overlay=&#8220;off&#8220; use_text_overlay=&#8220;on&#8220; arrows_custom_color=&#8220;#2d788c&#8220; dot_nav_custom_color=&#8220;#2d788c&#8220; text_border_radius=&#8220;10px&#8220; _builder_version=&#8220;4.16&#8243; header_font=&#8220;|700|||||||&#8220; header_text_align=&#8220;center&#8220; body_text_align=&#8220;center&#8220; background_enable_color=&#8220;off&#8220; use_background_color_gradient=&#8220;on&#8220; background_color_gradient_direction=&#8220;90deg&#8220; background_color_gradient_stops=&#8220;rgba(0,0,0,0) 0%|rgba(0,0,0,0) 100%&#8220; background_color_gradient_overlays_image=&#8220;on&#8220; background_color_gradient_start=&#8220;rgba(0,0,0,0)&#8220; background_color_gradient_end=&#8220;rgba(0,0,0,0)&#8220; background_image=&#8220;https:\/\/www.thervacb.eu\/wp-content\/uploads\/3d-objects-of-hepatitis-b-viruses-in-abstract-plasma.jpg&#8220; background_enable_image=&#8220;on&#8220; text_orientation=&#8220;center&#8220; header_text_shadow_style=&#8220;preset1&#8243; header_text_shadow_color=&#8220;#706f6f&#8220; body_text_shadow_style=&#8220;preset1&#8243; body_text_shadow_color=&#8220;#706f6f&#8220; text_shadow_style=&#8220;preset1&#8243; text_shadow_color=&#8220;#706f6f&#8220; global_colors_info=&#8220;{}&#8220; sticky_transition=&#8220;on&#8220;]<\/p>\n<p>Neues Konzept zur Bek\u00e4mpfung der chronischen Hepatitis B<\/p>\n<p>[\/et_pb_slide][\/et_pb_fullwidth_slider][\/et_pb_section][et_pb_section fb_built=&#8220;1&#8243; _builder_version=&#8220;4.16&#8243; da_disable_devices=&#8220;off|off|off&#8220; global_colors_info=&#8220;{}&#8220; da_is_popup=&#8220;off&#8220; da_exit_intent=&#8220;off&#8220; da_has_close=&#8220;on&#8220; da_alt_close=&#8220;off&#8220; da_dark_close=&#8220;off&#8220; da_not_modal=&#8220;on&#8220; da_is_singular=&#8220;off&#8220; da_with_loader=&#8220;off&#8220; da_has_shadow=&#8220;on&#8220;][et_pb_row column_structure=&#8220;1_4,1_4,1_4,1_4&#8243; custom_padding_last_edited=&#8220;on|tablet&#8220; _builder_version=&#8220;4.16&#8243; custom_padding_tablet=&#8220;|5px||5px|false|false&#8220; custom_padding_phone=&#8220;&#8220; global_colors_info=&#8220;{}&#8220;][et_pb_column type=&#8220;1_4&#8243; _builder_version=&#8220;4.16&#8243; global_colors_info=&#8220;{}&#8220;][et_pb_blurb title=&#8220;Unser Auftrag&#8220; url=&#8220;#mission&#8220; use_icon=&#8220;on&#8220; font_icon=&#8220;&#xe0f5;||divi||400&#8243; _builder_version=&#8220;4.16&#8243; header_level=&#8220;h2&#8243; header_text_align=&#8220;center&#8220; header_text_color=&#8220;#1c9080&#8243; background_enable_image=&#8220;off&#8220; custom_padding=&#8220;20px||20px||false|false&#8220; animation_style=&#8220;slide&#8220; animation_direction=&#8220;bottom&#8220; border_radii=&#8220;on|30px|30px|30px|30px&#8220; box_shadow_style=&#8220;preset1&#8243; box_shadow_blur=&#8220;8px&#8220; global_colors_info=&#8220;{}&#8220; transform_styles__hover_enabled=&#8220;on|hover&#8220; transform_scale__hover_enabled=&#8220;on|hover&#8220; transform_translate__hover_enabled=&#8220;on|desktop&#8220; transform_rotate__hover_enabled=&#8220;on|desktop&#8220; transform_skew__hover_enabled=&#8220;on|desktop&#8220; transform_origin__hover_enabled=&#8220;on|desktop&#8220; transform_scale__hover=&#8220;105%|105%&#8220;][\/et_pb_blurb][\/et_pb_column][et_pb_column type=&#8220;1_4&#8243; _builder_version=&#8220;4.16&#8243; global_colors_info=&#8220;{}&#8220;][et_pb_blurb title=&#8220;Unser Ansatz&#8220; url=&#8220;#approach&#8220; use_icon=&#8220;on&#8220; font_icon=&#8220;&#xf6f1;||fa||900&#8243; _builder_version=&#8220;4.21.0&#8243; header_level=&#8220;h2&#8243; header_text_align=&#8220;center&#8220; header_text_color=&#8220;#1c9080&#8243; background_enable_image=&#8220;off&#8220; custom_padding=&#8220;20px||20px||false|false&#8220; animation_style=&#8220;slide&#8220; animation_direction=&#8220;bottom&#8220; animation_delay=&#8220;200ms&#8220; border_radii=&#8220;on|30px|30px|30px|30px&#8220; box_shadow_style=&#8220;preset1&#8243; box_shadow_blur=&#8220;8px&#8220; global_colors_info=&#8220;{}&#8220; transform_styles__hover_enabled=&#8220;on|hover&#8220; transform_scale__hover_enabled=&#8220;on|hover&#8220; transform_translate__hover_enabled=&#8220;on|desktop&#8220; transform_rotate__hover_enabled=&#8220;on|desktop&#8220; transform_skew__hover_enabled=&#8220;on|desktop&#8220; transform_origin__hover_enabled=&#8220;on|desktop&#8220; transform_scale__hover=&#8220;105%|105%&#8220;][\/et_pb_blurb][\/et_pb_column][et_pb_column type=&#8220;1_4&#8243; _builder_version=&#8220;4.16&#8243; global_colors_info=&#8220;{}&#8220;][et_pb_blurb title=&#8220;Unser Einfluss&#8220; url=&#8220;#impact&#8220; use_icon=&#8220;on&#8220; font_icon=&#8220;&#xf233;||fa||900&#8243; _builder_version=&#8220;4.21.0&#8243; header_level=&#8220;h2&#8243; header_text_align=&#8220;center&#8220; header_text_color=&#8220;#1c9080&#8243; background_enable_image=&#8220;off&#8220; custom_padding=&#8220;20px||20px||false|false&#8220; animation_style=&#8220;slide&#8220; animation_direction=&#8220;bottom&#8220; animation_delay=&#8220;400ms&#8220; border_radii=&#8220;on|30px|30px|30px|30px&#8220; box_shadow_style=&#8220;preset1&#8243; box_shadow_blur=&#8220;8px&#8220; global_colors_info=&#8220;{}&#8220; transform_styles__hover_enabled=&#8220;on|hover&#8220; transform_scale__hover_enabled=&#8220;on|hover&#8220; transform_translate__hover_enabled=&#8220;on|desktop&#8220; transform_rotate__hover_enabled=&#8220;on|desktop&#8220; transform_skew__hover_enabled=&#8220;on|desktop&#8220; transform_origin__hover_enabled=&#8220;on|desktop&#8220; transform_scale__hover=&#8220;105%|105%&#8220;][\/et_pb_blurb][\/et_pb_column][et_pb_column type=&#8220;1_4&#8243; _builder_version=&#8220;4.16&#8243; global_colors_info=&#8220;{}&#8220;][et_pb_blurb title=&#8220;Unsere Timelines&#8220; url=&#8220;#timelines&#8220; use_icon=&#8220;on&#8220; font_icon=&#8220;&#xf252;||fa||900&#8243; _builder_version=&#8220;4.21.0&#8243; header_level=&#8220;h2&#8243; header_text_align=&#8220;center&#8220; header_text_color=&#8220;#1c9080&#8243; background_enable_image=&#8220;off&#8220; custom_padding=&#8220;20px||20px||false|false&#8220; animation_style=&#8220;slide&#8220; animation_direction=&#8220;bottom&#8220; animation_delay=&#8220;600ms&#8220; border_radii=&#8220;on|30px|30px|30px|30px&#8220; box_shadow_style=&#8220;preset1&#8243; box_shadow_blur=&#8220;8px&#8220; global_colors_info=&#8220;{}&#8220; transform_styles__hover_enabled=&#8220;on|hover&#8220; transform_scale__hover_enabled=&#8220;on|hover&#8220; transform_translate__hover_enabled=&#8220;on|desktop&#8220; transform_rotate__hover_enabled=&#8220;on|desktop&#8220; transform_skew__hover_enabled=&#8220;on|desktop&#8220; transform_origin__hover_enabled=&#8220;on|desktop&#8220; transform_scale__hover=&#8220;105%|105%&#8220;][\/et_pb_blurb][\/et_pb_column][\/et_pb_row][et_pb_row module_id=&#8220;mission&#8220; _builder_version=&#8220;4.16&#8243; global_colors_info=&#8220;{}&#8220;][et_pb_column type=&#8220;4_4&#8243; _builder_version=&#8220;4.16&#8243; global_colors_info=&#8220;{}&#8220;][et_pb_text _builder_version=&#8220;4.16&#8243; global_colors_info=&#8220;{}&#8220;]<\/p>\n<h1>Unser Auftrag<\/h1>\n<p>Das menschliche Immunsystem besitzt offensichtlich die F\u00e4higkeit, eine akute HBV-Infektion bei etwa 90 % der infizierten Erwachsenen zu beseitigen. Eine effektive virus-spezifische B- und T-Zell-Antwort wird als Schl\u00fcsselfaktor f\u00fcr die Viruskontrolle und schlie\u00dflich f\u00fcr die Aufl\u00f6sung der HBV-Infektion angesehen. Leider sind B- und T-Zell-Antworten bei chronischer HBV-Infektion kaum nachweisbar und funktionell beeintr\u00e4chtigt.<\/p>\n<p>Die Mission von TherVacB ist es, die HBV-spezifische Immuntoleranz zu \u00fcberwinden und antivirale B-Zell- und T-Zell-Antworten durch therapeutische Impfung wiederherzustellen, um HBV endg\u00fcltig zu heilen. <\/p>\n<p>[\/et_pb_text][\/et_pb_column][\/et_pb_row][et_pb_row module_id=&#8220;approach&#8220; _builder_version=&#8220;4.16&#8243; global_colors_info=&#8220;{}&#8220;][et_pb_column type=&#8220;4_4&#8243; _builder_version=&#8220;4.16&#8243; global_colors_info=&#8220;{}&#8220;][et_pb_text _builder_version=&#8220;4.16&#8243; global_colors_info=&#8220;{}&#8220;]<\/p>\n<h1>UNSER Ansatz<\/h1>\n<h2><strong>Modernste therapeutische Impftechnologie &#8211; made in the EU<\/strong><\/h2>\n<p>Die therapeutische Impfung ist ein hochattraktives Konzept, um die Immuntoleranz bei Patienten mit chronischen Infektionen zu durchbrechen und eine endliche, kurative Behandlung f\u00fcr Hepatitis B zu etablieren. Der TherVacB-Impfstoff basiert auf unserem mechanistischen Verst\u00e4ndnis des Immunversagens w\u00e4hrend einer chronischen HBV-Infektion, das dysfunktionale B- sowie CD4- und CD8-T-Zellantworten einschlie\u00dft. Wir glauben daher, dass eine gleichzeitige Aktivierung von B- sowie CD4- und CD8-T-Zellantworten notwendig ist, um eine Immunkontrolle von HBV zu erreichen. Dies f\u00fchrte zur systematischen Entwicklung und zum mechanismusbasierten Design von TherVacB als heterologer prim\u00e4rer, pangenotypischer Mosaikimpfstoff, der auf alle relevanten HBV-Genotypen abzielt und das Potenzial hat, eine chronische HBV-Infektion bei &gt;95 % der Menschen weltweit zu heilen.<\/p>\n<p>In zwei Priming-Schritten im Abstand von vier Wochen aktivieren partikul\u00e4re HBV-Oberfl\u00e4chen- und -Kapsid-Antigene Helfer-T-Zellen und B-Zellen, die mit der Produktion von neutralisierenden Antik\u00f6rpern beginnen, um eine weitere Ausbreitung des Virus zu verhindern, und Effektor-T-Zellen (cross)primeen. Der MVA-HBVac-Vektor-Boost 4 Wochen nach der zweiten Grundimmunisierung verst\u00e4rkt eine breite und multifunktionale Effektor-CD4- und CD8-T-Zell-Antwort, die schlie\u00dflich das HBV kontrolliert.<\/p>\n<p>Die klinische Studie zur Evaluierung von TherVacB ist als randomisierte, offene, multizentrische Phase-1\/2-Studie konzipiert, um die Sicherheit und Vertr\u00e4glichkeit des Ansatzes zu bewerten und erste Wirksamkeitsdaten des therapeutischen Hepatitis-B-Impfstoffkandidaten bei Patienten mit chronischer Hepatitis B zu sammeln.<\/p>\n<p>[\/et_pb_text][\/et_pb_column][\/et_pb_row][et_pb_row module_id=&#8220;impact&#8220; _builder_version=&#8220;4.16&#8243; global_colors_info=&#8220;{}&#8220;][et_pb_column type=&#8220;4_4&#8243; _builder_version=&#8220;4.16&#8243; global_colors_info=&#8220;{}&#8220;][et_pb_text _builder_version=&#8220;4.16&#8243; global_colors_info=&#8220;{}&#8220;]<\/p>\n<h1>UNSER Einfluss<\/h1>\n<p>TherVacB bietet eine neuartige und erschwingliche, kurative Behandlungsoption f\u00fcr chronische Hepatitis B f\u00fcr die gro\u00dfe Anzahl von Patienten weltweit. In Kombination mit der etablierten prophylaktischen Impfung, der Bewusstseinsbildung und den Hepatitis-B-Screening-Programmen wird ein kurativer Behandlungsansatz entscheidend dazu beitragen, das Nachhaltigkeitsziel 3.3 der Vereinten Nationen zur weltweiten Bek\u00e4mpfung der Hepatitis-B- und -D-Virusinfektion bis 2030 zu erreichen.<\/p>\n<p>Die Patienten warten sehns\u00fcchtig auf die klinische Einf\u00fchrung von TherVacB in der EU. Das im Rahmen des TherVacB-Projekts eingerichtete europ\u00e4ische Hepatitis-B-Patientenregister hilft bei der Auswahl von Patienten, die die Kriterien f\u00fcr die Aufnahme in die klinische Studie TherVacB und andere Studien zur HBV-Heilung erf\u00fcllen. Die Ethik der Patientenrekrutierung \u00fcber soziale Medien wird im Rahmen des Konsortiums untersucht, da auf diese Weise bed\u00fcrftige, aber noch nicht in regul\u00e4rer medizinischer Versorgung befindliche Patientengruppen erreicht werden k\u00f6nnen. Das Register soll auf Tansania ausgeweitet werden, wo Patienten erstmals die M\u00f6glichkeit haben, sich gegen Hepatitis B behandeln zu lassen. Die Aussicht auf eine m\u00f6gliche Heilung chronischer Hepatitis-B-Virusinfektionen weckt bei den Betroffenen die Hoffnung auf eine nachhaltige Gesundheit und ein Ende der Stigmatisierung &#8211; was die Lebensqualit\u00e4t weitgehend erh\u00f6ht.<\/p>\n<p>Das TherVacB-Konsortium setzt sich sehr f\u00fcr eine offene Datenpolitik ein und wird die generierten Daten nach Abschluss der klinischen Studie auf nationalen und internationalen Kongressen den \u00c4rzten und der Patientengemeinschaft pr\u00e4sentieren.<\/p>\n<p>[\/et_pb_text][\/et_pb_column][\/et_pb_row][et_pb_row module_id=&#8220;timelines&#8220; _builder_version=&#8220;4.16&#8243; global_colors_info=&#8220;{}&#8220;][et_pb_column type=&#8220;4_4&#8243; _builder_version=&#8220;4.16&#8243; global_colors_info=&#8220;{}&#8220;][et_pb_text _builder_version=&#8220;4.16&#8243; global_colors_info=&#8220;{}&#8220;]<\/p>\n<h1>6NSERE Zeitleisten<\/h1>\n<p>TherVacB ist ein EU-gef\u00f6rdertes Projekt mit einer Laufzeit von sieben Jahren von Januar 2020 bis Dezember 2026.<br \/>Alle Informationen zur Patientenrekrutierung und zu unserer klinischen Studie finden Sie auf unserer <a href=\"https:\/\/www.thervacb.eu\/de\/patienten\/\" title=\"TherVacB Patientenplatz\">Patientenseite<\/a>.<\/p>\n<p>Eine erste Anwendung von TherVacB bei Menschen zur Beurteilung der Sicherheit und Vertr\u00e4glichkeit bei gesunden Probanden wird aus anderen Quellen finanziert und soll der von der EU finanzierten TherVacB-Studie bei chronischen Hepatitis-B-Patienten vorausgehen.<\/p>\n<p>&nbsp;<\/p>\n<p>[\/et_pb_text][\/et_pb_column][\/et_pb_row][\/et_pb_section]<\/p>\n","protected":false},"excerpt":{"rendered":"<p>Neues Konzept zur Bek\u00e4mpfung der chronischen Hepatitis BUnser Auftrag Das menschliche Immunsystem besitzt offensichtlich die F\u00e4higkeit, eine akute HBV-Infektion bei etwa 90 % der infizierten Erwachsenen zu beseitigen. Eine effektive virus-spezifische B- und T-Zell-Antwort wird als Schl\u00fcsselfaktor f\u00fcr die Viruskontrolle und schlie\u00dflich f\u00fcr die Aufl\u00f6sung der HBV-Infektion angesehen. Leider sind B- und T-Zell-Antworten bei chronischer [&hellip;]<\/p>\n","protected":false},"author":4,"featured_media":0,"parent":0,"menu_order":9,"comment_status":"closed","ping_status":"closed","template":"","meta":{"_et_pb_use_builder":"on","_et_pb_old_content":"","_et_gb_content_width":"","_monsterinsights_skip_tracking":false,"_monsterinsights_sitenote_active":false,"_monsterinsights_sitenote_note":"","_monsterinsights_sitenote_category":0,"footnotes":"","_links_to":"","_links_to_target":""},"class_list":["post-2040","page","type-page","status-publish","hentry"],"aioseo_notices":[],"_links":{"self":[{"href":"https:\/\/www.thervacb.eu\/de\/wp-json\/wp\/v2\/pages\/2040","targetHints":{"allow":["GET"]}}],"collection":[{"href":"https:\/\/www.thervacb.eu\/de\/wp-json\/wp\/v2\/pages"}],"about":[{"href":"https:\/\/www.thervacb.eu\/de\/wp-json\/wp\/v2\/types\/page"}],"author":[{"embeddable":true,"href":"https:\/\/www.thervacb.eu\/de\/wp-json\/wp\/v2\/users\/4"}],"replies":[{"embeddable":true,"href":"https:\/\/www.thervacb.eu\/de\/wp-json\/wp\/v2\/comments?post=2040"}],"version-history":[{"count":3,"href":"https:\/\/www.thervacb.eu\/de\/wp-json\/wp\/v2\/pages\/2040\/revisions"}],"predecessor-version":[{"id":11822,"href":"https:\/\/www.thervacb.eu\/de\/wp-json\/wp\/v2\/pages\/2040\/revisions\/11822"}],"wp:attachment":[{"href":"https:\/\/www.thervacb.eu\/de\/wp-json\/wp\/v2\/media?parent=2040"}],"curies":[{"name":"wp","href":"https:\/\/api.w.org\/{rel}","templated":true}]}}