{"id":2176,"date":"2021-02-05T14:21:53","date_gmt":"2021-02-05T14:21:53","guid":{"rendered":"https:\/\/www.thervacb.eu\/team\/partner-rfh\/"},"modified":"2025-06-16T10:43:56","modified_gmt":"2025-06-16T09:43:56","slug":"partner-rfh","status":"publish","type":"page","link":"https:\/\/www.thervacb.eu\/de\/team\/partner-rfh\/","title":{"rendered":"Partner RFH"},"content":{"rendered":"<p>[et_pb_section fb_built=&#8220;1&#8243; fullwidth=&#8220;on&#8220; _builder_version=&#8220;4.2.2&#8243; da_disable_devices=&#8220;off|off|off&#8220; global_module=&#8220;539&#8243; saved_tabs=&#8220;all&#8220; da_is_popup=&#8220;off&#8220; da_exit_intent=&#8220;off&#8220; da_has_close=&#8220;on&#8220; da_alt_close=&#8220;off&#8220; da_dark_close=&#8220;off&#8220; da_not_modal=&#8220;on&#8220; da_is_singular=&#8220;off&#8220; da_with_loader=&#8220;off&#8220; da_has_shadow=&#8220;on&#8220;][et_pb_map_fullwidth_extended address=&#8220;Paris, France&#8220; zoom_level=&#8220;2&#8243; address_lat=&#8220;43.762201679538&#8243; address_lng=&#8220;5.1647219&#8243; mobile_dragging=&#8220;off&#8220; map_type_control_position=&#8220;LEFT_CENTER&#8220; streetview_control_position=&#8220;LEFT_BOTTOM&#8220; info_window_width=&#8220;300px&#8220; map_type=&#8220;2&#8243; _builder_version=&#8220;4.4.3&#8243; title_text_color=&#8220;#1c9080&#8243; title_font_size=&#8220;24px&#8220; content_text_color=&#8220;#666666&#8243; content_font_size=&#8220;18px&#8220;][et_pb_map_pin_extended title=&#8220;LMU&#8220; pin_address=&#8220;GESCHWISTER SCHOLL PLATZ 1, 80539 M\u00fcnchen,&#8220; pin_address_lat=&#8220;48.1540685&#8243; pin_address_lng=&#8220;11.5823284&#8243; pin_fill_color=&#8220;#2d788c&#8220; pin_stroke_color=&#8220;#06423a&#8220; pin_circle_color=&#8220;#ffffff&#8220; _builder_version=&#8220;4.4.3&#8243;]<\/p>\n<p><a href=\"https:\/\/www.thervacb.eu\/team\/partner-lmu\/\" title=\"LMU\"><img loading=\"lazy\" decoding=\"async\" src=\"https:\/\/www.thervacb.eu\/wp-content\/uploads\/lmu-logo.png\" alt=\"LMU\" class=\"wp-image-763 size-full\" width=\"204\" height=\"57\" \/><\/a> <\/p>\n<p>[\/et_pb_map_pin_extended][et_pb_map_pin_extended title=&#8220;CTC North&#8220; pin_address=&#8220;Martinistra\u00dfe 64, 20251 Hamburg, Deutschland&#8220; pin_address_lat=&#8220;53.5898297&#8243; pin_address_lng=&#8220;9.9736084&#8243; pin_fill_color=&#8220;#2d788c&#8220; pin_stroke_color=&#8220;#06423a&#8220; pin_circle_color=&#8220;#ffffff&#8220; _builder_version=&#8220;4.4.3&#8243;]<\/p>\n<p><a href=\"https:\/\/www.thervacb.eu\/team\/\" title=\"CTC North\"><img loading=\"lazy\" decoding=\"async\" src=\"https:\/\/www.thervacb.eu\/wp-content\/uploads\/151204-ctc-logo-cmyk-400x114.png\" alt=\"\" class=\"wp-image-523 aligncenter size-medium\" width=\"200\" height=\"57\" srcset=\"https:\/\/www.thervacb.eu\/wp-content\/uploads\/151204-ctc-logo-cmyk-400x116.png 400w, https:\/\/www.thervacb.eu\/wp-content\/uploads\/151204-ctc-logo-cmyk.png 406w\" sizes=\"auto, (max-width: 200px) 100vw, 200px\" \/><\/a><\/p>\n<p>[\/et_pb_map_pin_extended][et_pb_map_pin_extended title=&#8220;Fundaci\u00f3 Cl\u00ednic per a la Recerca Biom\u00e8dica&#8220; pin_address=&#8220;Carrer del Rossell\u00f3, 149, 08036 Barcelona, Spanien&#8220; pin_address_lat=&#8220;41.3885899&#8243; pin_address_lng=&#8220;2.1508862&#8243; pin_fill_color=&#8220;#2d788c&#8220; pin_stroke_color=&#8220;#06423a&#8220; pin_circle_color=&#8220;#ffffff&#8220; _builder_version=&#8220;4.4.2&#8243;]<\/p>\n<p><a href=\"https:\/\/www.thervacb.eu\/team\/partner-fcrb\/\" title=\"Clinic Barcelona\"><img loading=\"lazy\" decoding=\"async\" src=\"https:\/\/www.thervacb.eu\/wp-content\/uploads\/clinic-barcelona-logo.png\" alt=\"Clinic Barcelona\" class=\"wp-image-758 size-full\" width=\"200\" height=\"126\" \/><\/a><\/p>\n<p>[\/et_pb_map_pin_extended][et_pb_map_pin_extended title=&#8220;Helmholtz Zentrum M\u00fcnchen&#8220; pin_address=&#8220;Ingolst\u00e4dter Landstra\u00dfe 1, 85764 Oberschlei\u00dfheim, Deutschland&#8220; pin_address_lat=&#8220;48.2208172&#8243; pin_address_lng=&#8220;11.5871674&#8243; pin_fill_color=&#8220;#2d788c&#8220; pin_stroke_color=&#8220;#06423a&#8220; pin_circle_color=&#8220;#ffffff&#8220; _builder_version=&#8220;4.4.1&#8243;]<\/p>\n<p><a href=\"https:\/\/www.thervacb.eu\/team\/partner-hmgu\/\" title=\"Helmholtz Zentrum M\u00fcnchen\"><img loading=\"lazy\" decoding=\"async\" src=\"https:\/\/www.thervacb.eu\/wp-content\/uploads\/helmholzzentrum-logo.png\" alt=\"Helmholtz Zentrum M\u00fcnchen\" class=\"wp-image-760 size-full\" width=\"236\" height=\"50\" \/><\/a><\/p>\n<p>[\/et_pb_map_pin_extended][et_pb_map_pin_extended title=&#8220;Helmholtz Zentrum f\u00fcr Infektionsforschung GmbH&#8220; pin_address=&#8220;Inhoffenstra\u00dfe 7, 38124 Braunschweig, Deutschland&#8220; pin_address_lat=&#8220;52.2109803&#8243; pin_address_lng=&#8220;10.5314925&#8243; pin_fill_color=&#8220;#2d788c&#8220; pin_stroke_color=&#8220;#06423a&#8220; pin_circle_color=&#8220;#ffffff&#8220; _builder_version=&#8220;4.4.2&#8243;]<a href=\"https:\/\/www.thervacb.eu\/team\/partner-hzi\/\" title=\"Helmholtz-Zentrum f\u00fcr Infektionsforschung GmbH (HZI)\"><img loading=\"lazy\" decoding=\"async\" src=\"https:\/\/www.thervacb.eu\/wp-content\/uploads\/hzi-logo-400x133.png\" alt=\"\" class=\"wp-image-525 alignleft size-medium\" width=\"200\" height=\"66\" srcset=\"https:\/\/www.thervacb.eu\/wp-content\/uploads\/hzi-logo-400x133.png 400w, https:\/\/www.thervacb.eu\/wp-content\/uploads\/hzi-logo.png 406w\" sizes=\"auto, (max-width: 200px) 100vw, 200px\" \/><\/a>[\/et_pb_map_pin_extended][et_pb_map_pin_extended title=&#8220;Medizinische Hochschule Hannover&#8220; pin_address=&#8220;Carl-Neuberg-Stra\u00dfe 1, 30625 Hannover, Deutschland&#8220; pin_address_lat=&#8220;52.3834749&#8243; pin_address_lng=&#8220;9.8047999&#8243; pin_fill_color=&#8220;#2d788c&#8220; pin_stroke_color=&#8220;#06423a&#8220; pin_circle_color=&#8220;#ffffff&#8220; _builder_version=&#8220;4.4.1&#8243;]<\/p>\n<p><a href=\"https:\/\/www.thervacb.eu\/team\/partner-mhh\/\" title=\"Medizinische Hochschule Hannover\"><img loading=\"lazy\" decoding=\"async\" src=\"https:\/\/www.thervacb.eu\/wp-content\/uploads\/mhh-logo.png\" alt=\"MHH\" class=\"wp-image-765 size-full\" width=\"220\" height=\"38\" \/><\/a><\/p>\n<p>[\/et_pb_map_pin_extended][et_pb_map_pin_extended title=&#8220; NIMR-Mbeya Medical Research Center&#8220; pin_address=&#8220;Hospital Hill Rd, Mbeya, Tansania&#8220; pin_address_lat=&#8220;-8.8892372&#8243; pin_address_lng=&#8220;33.4397813&#8243; pin_fill_color=&#8220;#2d788c&#8220; pin_stroke_color=&#8220;#06423a&#8220; pin_circle_color=&#8220;#ffffff&#8220; _builder_version=&#8220;4.4.1&#8243;]<\/p>\n<p><a href=\"https:\/\/www.thervacb.eu\/team\/partner-nimr\/\" title=\" NIMR-Mbeya Medical Research Center\"><img loading=\"lazy\" decoding=\"async\" src=\"https:\/\/www.thervacb.eu\/wp-content\/uploads\/nimr-mmrc-logo-g.png\" alt=\"National Institute for Medical Research\" class=\"wp-image-600 size-full\" width=\"200\" height=\"200\" srcset=\"https:\/\/www.thervacb.eu\/wp-content\/uploads\/nimr-mmrc-logo-g.png 200w, https:\/\/www.thervacb.eu\/wp-content\/uploads\/nimr-mmrc-logo-g-150x150.png 150w\" sizes=\"auto, (max-width: 200px) 100vw, 200px\" \/><\/a><\/p>\n<p>[\/et_pb_map_pin_extended][et_pb_map_pin_extended title=&#8220;Technische Universit\u00e4t M\u00fcnchen&#8220; pin_address=&#8220;Arcisstra\u00dfe 21, 80333 M\u00fcnchen, Deutschland&#8220; pin_address_lat=&#8220;48.1486686&#8243; pin_address_lng=&#8220;11.5685941&#8243; pin_fill_color=&#8220;#2d788c&#8220; pin_stroke_color=&#8220;#06423a&#8220; pin_circle_color=&#8220;#ffffff&#8220; _builder_version=&#8220;4.4.1&#8243;]<\/p>\n<p><a href=\"https:\/\/www.thervacb.eu\/team\/partner-tum\/\" title=\"Technische Universit\u00e4t M\u00fcnchen\"><img loading=\"lazy\" decoding=\"async\" src=\"https:\/\/www.thervacb.eu\/wp-content\/uploads\/tum-logo.png\" alt=\"TUM\" class=\"wp-image-768 size-full\" width=\"200\" height=\"67\" \/><\/a> <\/p>\n<p>[\/et_pb_map_pin_extended][et_pb_map_pin_extended title=&#8220;UNIVERSITY COLLEGE LONDON&#8220; pin_address=&#8220;GOWER STREET, WC1E 6BT London&#8220; pin_address_lat=&#8220;51.5233687&#8243; pin_address_lng=&#8220;-0.135766&#8243; pin_fill_color=&#8220;#2d788c&#8220; pin_stroke_color=&#8220;#06423a&#8220; pin_circle_color=&#8220;#ffffff&#8220; _builder_version=&#8220;4.4.3&#8243;]<\/p>\n<p><a href=\"https:\/\/www.thervacb.eu\/team\/partner-ucl\/\" title=\"UNIVERSITY COLLEGE LONDON\"><img loading=\"lazy\" decoding=\"async\" src=\"https:\/\/www.thervacb.eu\/wp-content\/uploads\/ucl-logo.png\" alt=\"UCL\" class=\"wp-image-770 size-full\" width=\"200\" height=\"59\" \/><\/a><\/p>\n<p>[\/et_pb_map_pin_extended][et_pb_map_pin_extended title=&#8220;ARTTIC SAS&#8220; pin_address=&#8220;58a Rue du Dessous des Berges, 75013 Paris, Frankreich&#8220; pin_address_lat=&#8220;48.827405&#8243; pin_address_lng=&#8220;2.3743052&#8243; pin_fill_color=&#8220;#2d788c&#8220; pin_stroke_color=&#8220;#06423a&#8220; pin_circle_color=&#8220;#ffffff&#8220; _builder_version=&#8220;4.4.1&#8243;]<\/p>\n<p><a href=\"https:\/\/www.thervacb.eu\/team\/arttic\/\" title=\"ARTTIC\"><img loading=\"lazy\" decoding=\"async\" src=\"https:\/\/www.thervacb.eu\/wp-content\/uploads\/arttic-logo-400x200.png\" alt=\"\" class=\"wp-image-524 alignleft size-medium\" width=\"200\" height=\"100\" srcset=\"https:\/\/www.thervacb.eu\/wp-content\/uploads\/arttic-logo-400x200.png 400w, https:\/\/www.thervacb.eu\/wp-content\/uploads\/arttic-logo.png 406w\" sizes=\"auto, (max-width: 200px) 100vw, 200px\" \/><\/a><\/p>\n<p>[\/et_pb_map_pin_extended][et_pb_map_pin_extended title=&#8220;Klinikum Rechts der Isar der Technischen Universit\u00e4t M\u00fcnchen&#8220; pin_address=&#8220;H\u00f6rsaal A, Klinikum rechts der Isar, Ismaninger Str. 22, 81675 M\u00fcnchen, Deutschland&#8220; pin_address_lat=&#8220;48.1360041&#8243; pin_address_lng=&#8220;11.5997829&#8243; pin_fill_color=&#8220;#2d788c&#8220; pin_stroke_color=&#8220;#06423a&#8220; pin_circle_color=&#8220;#ffffff&#8220; _builder_version=&#8220;4.4.1&#8243;]<\/p>\n<p><a href=\"https:\/\/www.thervacb.eu\/team\/partner-tum-med\/\"><img loading=\"lazy\" decoding=\"async\" src=\"https:\/\/www.thervacb.eu\/wp-content\/uploads\/logo-mri-tum-400x118.png\" alt=\"\" class=\"wp-image-521 aligncenter size-medium\" style=\"float: left\" width=\"200\" height=\"59\" srcset=\"https:\/\/www.thervacb.eu\/wp-content\/uploads\/logo-mri-tum-400x120.png 400w, https:\/\/www.thervacb.eu\/wp-content\/uploads\/logo-mri-tum.png 406w\" sizes=\"auto, (max-width: 200px) 100vw, 200px\" \/><\/a><\/p>\n<p>[\/et_pb_map_pin_extended][et_pb_map_pin_extended title=&#8220;Universit\u00e4tsklinikum Hamburg-Eppendorf &#8220; pin_address=&#8220;Martinistra\u00dfe 52, 20251 Hamburg, Deutschland&#8220; pin_address_lat=&#8220;53.5902421&#8243; pin_address_lng=&#8220;9.9785922&#8243; pin_fill_color=&#8220;#2d788c&#8220; pin_stroke_color=&#8220;#06423a&#8220; pin_circle_color=&#8220;#ffffff&#8220; _builder_version=&#8220;4.4.1&#8243;]<\/p>\n<p><a href=\"https:\/\/www.thervacb.eu\/team\/partner-uke\/\" title=\"University Medical Center Hamburg-Eppendorf, I. Department of Internal Medicin\"><img loading=\"lazy\" decoding=\"async\" src=\"https:\/\/www.thervacb.eu\/wp-content\/uploads\/uke-hamburg.png\" alt=\"University Medical Center Hamburg-Eppendorf, I. Department of Internal Medicin\" title=\"University Medical Center Hamburg-Eppendorf, I. Department of Internal Medicin\" class=\"wp-image-1057 aligncenter size-full\" style=\"float: left\" width=\"195\" height=\"169\" \/><\/a><\/p>\n<p>[\/et_pb_map_pin_extended][et_pb_map_pin_extended title=&#8220;Universit\u00e1 degli Studi di Parma&#8220; pin_address=&#8220;Str. dell&#8217;Universit\u00e0, 12, 43121 Parma PR, Italien&#8220; pin_address_lat=&#8220;44.8012357&#8243; pin_address_lng=&#8220;10.3255389&#8243; pin_fill_color=&#8220;#2d788c&#8220; pin_stroke_color=&#8220;#06423a&#8220; pin_circle_color=&#8220;#ffffff&#8220; _builder_version=&#8220;4.4.1&#8243;]<a href=\"https:\/\/www.thervacb.eu\/team\/partner-aop-new\/\"><img loading=\"lazy\" decoding=\"async\" class=\"wp-image-520 aligncenter size-medium\" src=\"https:\/\/www.thervacb.eu\/wp-content\/uploads\/logo-azienda-ospedaliero-universitaria-di-parma-1-400x82.png\" alt=\"\" width=\"200\" height=\"41\" srcset=\"https:\/\/www.thervacb.eu\/wp-content\/uploads\/logo-azienda-ospedaliero-universitaria-di-parma-1-400x83.png 400w, https:\/\/www.thervacb.eu\/wp-content\/uploads\/logo-azienda-ospedaliero-universitaria-di-parma-1.png 406w\" sizes=\"auto, (max-width: 200px) 100vw, 200px\" \/><\/a>[\/et_pb_map_pin_extended][et_pb_map_pin_extended title=&#8220;Universit\u00e4t Leipzig&#8220; pin_address=&#8220;Ritterstra\u00dfe 26, 04109 Leipzig, Deutschland&#8220; pin_address_lat=&#8220;51.3412809&#8243; pin_address_lng=&#8220;12.3802676&#8243; pin_fill_color=&#8220;#2d788c&#8220; pin_stroke_color=&#8220;#06423a&#8220; pin_circle_color=&#8220;#ffffff&#8220; _builder_version=&#8220;4.3.4&#8243;][\/et_pb_map_pin_extended][et_pb_map_pin_extended title=&#8220;Barts Health NHS Trust&#8220; pin_address=&#8220;Co-operative Bank Plc, 9 Prescot St, Whitechapel, London E1 8AZ, Vereinigtes K\u00f6nigreich&#8220; zoom_level=&#8220;5&#8243; pin_address_lat=&#8220;51.5115034&#8243; pin_address_lng=&#8220;-0.0706499&#8243; pin_fill_color=&#8220;#2d788c&#8220; pin_stroke_color=&#8220;#06423a&#8220; pin_circle_color=&#8220;#ffffff&#8220; _builder_version=&#8220;4.4.3&#8243;][\/et_pb_map_pin_extended][et_pb_map_pin_extended title=&#8220;Royal Free London NHS Foundation Trust&#8220; pin_address=&#8220;Pond St, Hampstead, London NW3 2QG, Vereinigtes K\u00f6nigreich&#8220; pin_address_lat=&#8220;51.5537706&#8243; pin_address_lng=&#8220;-0.1672142&#8243; pin_fill_color=&#8220;#2d788c&#8220; pin_stroke_color=&#8220;#06423a&#8220; pin_circle_color=&#8220;#ffffff&#8220; _builder_version=&#8220;4.3.4&#8243;][\/et_pb_map_pin_extended][\/et_pb_map_fullwidth_extended][\/et_pb_section][et_pb_section fb_built=&#8220;1&#8243; _builder_version=&#8220;4.3.1&#8243; da_disable_devices=&#8220;off|off|off&#8220; da_is_popup=&#8220;off&#8220; da_exit_intent=&#8220;off&#8220; da_has_close=&#8220;on&#8220; da_alt_close=&#8220;off&#8220; da_dark_close=&#8220;off&#8220; da_not_modal=&#8220;on&#8220; da_is_singular=&#8220;off&#8220; da_with_loader=&#8220;off&#8220; da_has_shadow=&#8220;on&#8220;][et_pb_row column_structure=&#8220;3_4,1_4&#8243; _builder_version=&#8220;4.3.2&#8243;][et_pb_column type=&#8220;3_4&#8243; _builder_version=&#8220;4.3.1&#8243;][et_pb_text _builder_version=&#8220;4.4.4&#8243;]<\/p>\n<h1>Royal Free London NHS Foundation Trust<\/h1>\n<h2><\/h2>\n<h2>Allgemeine Informationen<\/h2>\n<p>Der Royal Free London NHS Foundation Trust ist eines der weltweit f\u00fchrenden Zentren f\u00fcr die Behandlung aller Aspekte von Lebererkrankungen. Die Liver Unit, gegr\u00fcndet von Dame Sheila Sherlock, hat viele der weltweit f\u00fchrenden Hepatologen ausgebildet. Das Royal Free Hospital in Hampstead beherbergt das Lebertransplantationsprogramm, in dem \u00fcber 100 Transplantationen pro Jahr durchgef\u00fchrt werden. Der Viral Hepatitis Service (seit 10 Jahren vom Mitantragsteller geleitet) ist Gro\u00dfbritanniens f\u00fchrendes Zentrum f\u00fcr das Management von HCV- und HBV-Infektionen und beherbergt das North Central London viral hepatitis Operational Delivery Network, das 5 Partnerkrankenh\u00e4user, 2 Gef\u00e4ngnisse und fast 50 Gemeinschaftsdienste umfasst.<br \/> Seit 1998 ist das Royal Free ein Teil der UCL School of Medicine. Die Abteilung f\u00fcr Hepatologie des NHS und das UCL Institute for Liver and Digestive Health arbeiten eng mit dem UCL Institute for Immunity and Transplantation zusammen.<\/p>\n<p>[\/et_pb_text][\/et_pb_column][et_pb_column type=&#8220;1_4&#8243; _builder_version=&#8220;4.3.2&#8243; background_enable_color=&#8220;off&#8220; use_background_color_gradient=&#8220;on&#8220; background_color_gradient_start=&#8220;rgba(0,0,0,0)&#8220; background_color_gradient_end=&#8220;rgba(92,189,217,0.25)&#8220; background_enable_image=&#8220;off&#8220; background_size=&#8220;initial&#8220; background_position=&#8220;top_left&#8220; custom_padding=&#8220;10px|10px|10px|10px|false|false&#8220; border_radii=&#8220;on|10px|10px|10px|10px&#8220; border_width_all=&#8220;2px&#8220; border_color_all=&#8220;#5cbdd9&#8243;][et_pb_image src=&#8220;https:\/\/www.thervacb.eu\/wp-content\/uploads\/Royal-Free-London-NHS-Foundation-Trust.png&#8220; alt=&#8220;Royal Free London NHS Foundation Trust&#8220; title_text=&#8220;Royal Free London NHS Foundation Trust&#8220; _builder_version=&#8220;4.4.4&#8243;][\/et_pb_image][et_pb_text _builder_version=&#8220;4.4.6&#8243; max_width=&#8220;100%&#8220; module_alignment=&#8220;left&#8220; hover_enabled=&#8220;0&#8243;]<\/p>\n<p><strong>Royal Free London NHS Foundation Trust<br \/> <\/strong><\/p>\n<p>Teichstra\u00dfe Hampstead<br \/> London NW3 2QG<br \/> Vereinigtes K\u00f6nigreich<\/p>\n<p><a href=\"https:\/\/www.royalfree.nhs.uk\/\" target=\"_blank\" rel=\"noopener noreferrer\" title=\"Royal Free London NHS Foundation Trust\">https:\/\/www.royalfree.nhs.uk\/<\/a><\/p>\n<p>[\/et_pb_text][\/et_pb_column][\/et_pb_row][et_pb_row _builder_version=&#8220;4.4.2&#8243;][et_pb_column type=&#8220;4_4&#8243; _builder_version=&#8220;4.4.2&#8243;][et_pb_text _builder_version=&#8220;4.4.2&#8243;]<\/p>\n<h2>Rolle in TherVacB<\/h2>\n<p>Der Royal Free London NHS Foundation Trust wird die klinische Studie von THERVACB am Standort Royal Free leiten.<\/p>\n<p>&nbsp;<\/p>\n<p>[\/et_pb_text][\/et_pb_column][\/et_pb_row][et_pb_row _builder_version=&#8220;4.4.2&#8243; custom_padding=&#8220;||0px|||&#8220;][et_pb_column type=&#8220;4_4&#8243; _builder_version=&#8220;4.4.2&#8243;][et_pb_text _builder_version=&#8220;4.4.2&#8243; custom_margin=&#8220;-45px|||||&#8220; custom_padding=&#8220;0px|||||&#8220;]<\/p>\n<h2>Projektmitarbeiter<\/h2>\n<p>[\/et_pb_text][\/et_pb_column][\/et_pb_row][et_pb_row column_structure=&#8220;1_2,1_2&#8243; _builder_version=&#8220;4.4.2&#8243;][et_pb_column type=&#8220;1_2&#8243; _builder_version=&#8220;4.4.2&#8243;][et_pb_team_member name=&#8220;William Rosenberg&#8220; position=&#8220;Professor f\u00fcr Leberkrankheiten&#8220; image_url=&#8220;https:\/\/www.thervacb.eu\/wp-content\/uploads\/rfh_william-rosenberg-2.jpg&#8220; _builder_version=&#8220;4.4.6&#8243; header_text_align=&#8220;center&#8220; position_text_align=&#8220;center&#8220; position_line_height=&#8220;2em&#8220; text_orientation=&#8220;left&#8220; custom_padding=&#8220;40px|20px|20px|20px|false|false&#8220; custom_css_member_image=&#8220;-webkit-clip-path: circle(45% at 50% 68%);||clip-path: circle(43% at 50% 68%);||margin-top:-20px;||height:160px;||margin-left: auto;||margin-right: auto;||&#8220; custom_css_member_description=&#8220;margin-top:80px&#8220; border_radii=&#8220;on|10px|10px|10px|10px&#8220; box_shadow_style=&#8220;preset1&#8243;][\/et_pb_team_member][\/et_pb_column][et_pb_column type=&#8220;1_2&#8243; _builder_version=&#8220;4.4.2&#8243;][\/et_pb_column][\/et_pb_row][\/et_pb_section]<\/p>\n","protected":false},"excerpt":{"rendered":"<p>Royal Free London NHS Foundation Trust Allgemeine Informationen Der Royal Free London NHS Foundation Trust ist eines der weltweit f\u00fchrenden Zentren f\u00fcr die Behandlung aller Aspekte von Lebererkrankungen. Die Liver Unit, gegr\u00fcndet von Dame Sheila Sherlock, hat viele der weltweit f\u00fchrenden Hepatologen ausgebildet. Das Royal Free Hospital in Hampstead beherbergt das Lebertransplantationsprogramm, in dem \u00fcber [&hellip;]<\/p>\n","protected":false},"author":4,"featured_media":0,"parent":2053,"menu_order":12,"comment_status":"closed","ping_status":"closed","template":"","meta":{"_et_pb_use_builder":"on","_et_pb_old_content":"","_et_gb_content_width":"","_monsterinsights_skip_tracking":false,"_monsterinsights_sitenote_active":false,"_monsterinsights_sitenote_note":"","_monsterinsights_sitenote_category":0,"footnotes":"","_links_to":"","_links_to_target":""},"class_list":["post-2176","page","type-page","status-publish","hentry"],"aioseo_notices":[],"_links":{"self":[{"href":"https:\/\/www.thervacb.eu\/de\/wp-json\/wp\/v2\/pages\/2176","targetHints":{"allow":["GET"]}}],"collection":[{"href":"https:\/\/www.thervacb.eu\/de\/wp-json\/wp\/v2\/pages"}],"about":[{"href":"https:\/\/www.thervacb.eu\/de\/wp-json\/wp\/v2\/types\/page"}],"author":[{"embeddable":true,"href":"https:\/\/www.thervacb.eu\/de\/wp-json\/wp\/v2\/users\/4"}],"replies":[{"embeddable":true,"href":"https:\/\/www.thervacb.eu\/de\/wp-json\/wp\/v2\/comments?post=2176"}],"version-history":[{"count":1,"href":"https:\/\/www.thervacb.eu\/de\/wp-json\/wp\/v2\/pages\/2176\/revisions"}],"predecessor-version":[{"id":12555,"href":"https:\/\/www.thervacb.eu\/de\/wp-json\/wp\/v2\/pages\/2176\/revisions\/12555"}],"up":[{"embeddable":true,"href":"https:\/\/www.thervacb.eu\/de\/wp-json\/wp\/v2\/pages\/2053"}],"wp:attachment":[{"href":"https:\/\/www.thervacb.eu\/de\/wp-json\/wp\/v2\/media?parent=2176"}],"curies":[{"name":"wp","href":"https:\/\/api.w.org\/{rel}","templated":true}]}}