{"id":7345,"date":"2021-10-22T13:21:00","date_gmt":"2021-10-22T12:21:00","guid":{"rendered":"https:\/\/www.thervacb.eu\/patienten-2\/das-europaeische-hbv-patientenregister\/"},"modified":"2021-11-08T08:14:53","modified_gmt":"2021-11-08T08:14:53","slug":"das-europaeische-hbv-patientenregister","status":"publish","type":"page","link":"https:\/\/www.thervacb.eu\/de\/patienten\/das-europaeische-hbv-patientenregister\/","title":{"rendered":"Das Europ\u00e4ische HBV-Patientenregister"},"content":{"rendered":"<p>[et_pb_section fb_built=&#8220;1&#8243; fullwidth=&#8220;on&#8220; _builder_version=&#8220;4.2.1&#8243; da_disable_devices=&#8220;off|off|off&#8220; global_colors_info=&#8220;{}&#8220; da_is_popup=&#8220;off&#8220; da_exit_intent=&#8220;off&#8220; da_has_close=&#8220;on&#8220; da_alt_close=&#8220;off&#8220; da_dark_close=&#8220;off&#8220; da_not_modal=&#8220;on&#8220; da_is_singular=&#8220;off&#8220; da_with_loader=&#8220;off&#8220; da_has_shadow=&#8220;on&#8220;][et_pb_fullwidth_slider use_text_overlay=&#8220;on&#8220; text_overlay_color=&#8220;rgba(6,66,58,0.25)&#8220; _builder_version=&#8220;4.9.2&#8243; custom_padding=&#8220;83px||65px|||&#8220; auto=&#8220;on&#8220; auto_ignore_hover=&#8220;on&#8220; global_colors_info=&#8220;{}&#8220;][et_pb_slide heading=&#8220;Patienten&#8220; use_bg_overlay=&#8220;off&#8220; use_text_overlay=&#8220;on&#8220; arrows_custom_color=&#8220;#2d788c&#8220; dot_nav_custom_color=&#8220;#2d788c&#8220; text_border_radius=&#8220;10px&#8220; _builder_version=&#8220;4.9.2&#8243; header_font=&#8220;|700|||||||&#8220; header_text_align=&#8220;center&#8220; body_text_align=&#8220;center&#8220; body_font_size=&#8220;30px&#8220; background_enable_color=&#8220;off&#8220; use_background_color_gradient=&#8220;on&#8220; background_color_gradient_start=&#8220;rgba(0,0,0,0)&#8220; background_color_gradient_end=&#8220;rgba(0,0,0,0)&#8220; background_color_gradient_direction=&#8220;90deg&#8220; background_color_gradient_overlays_image=&#8220;on&#8220; background_image=&#8220;https:\/\/www.thervacb.eu\/wp-content\/uploads\/the-european-hbv-patient-registry-h.jpg&#8220; background_enable_image=&#8220;on&#8220; background_size=&#8220;initial&#8220; text_orientation=&#8220;center&#8220; custom_css_slide_container=&#8220;margin-left:55% !important;||width:50%;&#8220; header_text_shadow_style=&#8220;preset1&#8243; header_text_shadow_color=&#8220;#706f6f&#8220; body_text_shadow_style=&#8220;preset1&#8243; body_text_shadow_color=&#8220;#706f6f&#8220; text_shadow_style=&#8220;preset1&#8243; text_shadow_color=&#8220;#706f6f&#8220; global_colors_info=&#8220;{}&#8220; custom_css_slide_container_last_edited=&#8220;on|desktop&#8220; custom_css_slide_container_tablet=&#8220;margin-left:auto ;||width:auto;&#8220; sticky_transition=&#8220;on&#8220;]<\/p>\n<p>Neue Hoffnung f\u00fcr Hepatitis-B-Patienten!<\/p>\n<p>[\/et_pb_slide][\/et_pb_fullwidth_slider][\/et_pb_section][et_pb_section fb_built=&#8220;1&#8243; _builder_version=&#8220;4.2.1&#8243; da_disable_devices=&#8220;off|off|off&#8220; global_colors_info=&#8220;{}&#8220; da_is_popup=&#8220;off&#8220; da_exit_intent=&#8220;off&#8220; da_has_close=&#8220;on&#8220; da_alt_close=&#8220;off&#8220; da_dark_close=&#8220;off&#8220; da_not_modal=&#8220;on&#8220; da_is_singular=&#8220;off&#8220; da_with_loader=&#8220;off&#8220; da_has_shadow=&#8220;on&#8220;][et_pb_row module_id=&#8220;registry&#8220; _builder_version=&#8220;4.9.0&#8243; global_colors_info=&#8220;{}&#8220;][et_pb_column type=&#8220;4_4&#8243; _builder_version=&#8220;4.3.4&#8243; global_colors_info=&#8220;{}&#8220;][et_pb_text _builder_version=&#8220;4.11.3&#8243; hover_enabled=&#8220;0&#8243; global_colors_info=&#8220;{}&#8220; sticky_enabled=&#8220;0&#8243;]<\/p>\n<h1><strong>Was ist das Europ\u00e4ische Register f\u00fcr Patienten mit chronischer Hepatitis B und warum ist es sinnvoll, daran teilzunehmen?<\/strong><\/h1>\n<p>Zus\u00e4tzlich zur klinischen Studie TherVacB hat das TherVacB-Team ein europ\u00e4isches Register f\u00fcr Patienten mit chronischer Hepatitis B eingerichtet. Das Register sammelt Patientendaten zu virologischen und immunologischen Parametern im Verlauf einer Hepatitis-B-Virusinfektion. Durch eine kontinuierlich wachsende Sammlung von Patientendaten werden wir in der Lage sein, wertvolle Informationen \u00fcber den nat\u00fcrlichen Verlauf der Krankheit zu sammeln und gleichzeitig Patienten f\u00fcr die klinische Studie TherVacB sowie andere bevorstehende Studien zu identifizieren.<\/p>\n<p>Durch die Teilnahme am Europ\u00e4ischen HBV-Register werden Sie Patient in einem unserer teilnehmenden Studienzentren. Sie kommen zu Routinebesuchen an Ihr Zentrum und Ihre Daten werdem im Register dokumentiert. Dies hilft bei der Auswahl von Patienten f\u00fcr die Teilnahme an bestimmten Therapien oder klinischen Studien \u2013 einschlie\u00dflich der klinischen TherVacB Studie.<\/p>\n<p>Nicht zuletzt tr\u00e4gt jeder Teilnehmer mit den von ihm generierten Daten dazu bei, die Hepatiti B besser zu verstehen und Therapien zu entwickeln oder zu verfeinern, um letztlich der Gemeinschaft der Patienten im Allgemeinen zu helfen.<\/p>\n<p>[\/et_pb_text][\/et_pb_column][\/et_pb_row][et_pb_row module_id=&#8220;participate&#8220; _builder_version=&#8220;4.9.0&#8243; global_colors_info=&#8220;{}&#8220;][et_pb_column type=&#8220;4_4&#8243; _builder_version=&#8220;4.3.4&#8243; global_colors_info=&#8220;{}&#8220;][et_pb_text _builder_version=&#8220;4.11.3&#8243; hover_enabled=&#8220;0&#8243; global_colors_info=&#8220;{}&#8220; sticky_enabled=&#8220;0&#8243;]<\/p>\n<h1><strong>Ich bin ein Hepatitis-B-Patient, der in Europa lebt. Wie kann ich teilnehmen?<\/strong><\/h1>\n<p>Das Europ\u00e4ische HBV-Register ist derzeit in Italien, Spanien, Gro\u00dfbritannien und Deutschland aktiv. Um an dem Register teilzunehmen, m\u00fcssten Sie f\u00fcr alle Routinebesuche in das Ihnen am n\u00e4chsten gelegene Studienzentrum reisen.<\/p>\n<p><span lang=\"DE\">Der Beitritt zum Register ist jederzeit und auch nach Beginn der TherVacB-Impfstudie m\u00f6glich. Die Daten der TherVacB-Studienteilnehmer werden ein Teil dieses Registers darstellen. Patienten, die an anderen laufenden oder bevorstehenden Studien zur Behandlung und Heilung von HBV teilnehmen m\u00f6chten, sind ebenfalls willkommen.<o:p><\/o:p><\/span><\/p>\n<p><span lang=\"DE\">Patienten, die daran interessiert sind, an der TherVacB-Impfstudie oder einer anderen laufenden oder bevorstehenden Studie an ein Studienzentrum teilzunehmen, k\u00f6nnen sich gerne an uns wenden. Wir sie an das Studienzentrum verweisen, welches dem Wohnort des Patienten am n\u00e4chsten ist. Der TherVacB-Studienarzt entscheidet dann gemeinsam mit dem Patienten \u00fcber eine m\u00f6gliche Aufnahme in das Register, u.a. anhand einer Reihe von klinischen Kriterien m\u00f6glich ist.<o:p><\/o:p><\/span><\/p>\n<p><a href=\"https:\/\/www.thervacb.eu\/de\/patienten\/kontakt\/#kontakt\">Wenn Sie Interesse an der Aufnahme in unser HBV-Register haben, nehmen Sie bitte Kontakt mit uns auf: Markieren Sie einfach die Checkbox und wir setzen uns mit Ihnen in Verbindung.<\/a><\/p>\n<p>Alle Patientendaten, die \u00fcber unser Kontaktformular gesammelt werden, werden lokal sicher gespeichert und entsprechend den erhaltenen Einwilligungen sorgf\u00e4ltig behandelt, die geltenden Datenschutzbestimmungen (DSGVO) selbstverst\u00e4ndlich vollst\u00e4ndig eingehalten. Sollte die Erhebung weiterer Daten \u2013 z.B. f\u00fcr das HBV-Patientenregister \u2013 geplant sein, werden Sie \u00fcber den Schutz dieser Daten gesondert informiert und m\u00fcssen diesem vorher zustimmen.\u00a0<\/p>\n<p>[\/et_pb_text][\/et_pb_column][\/et_pb_row][\/et_pb_section]<\/p>\n","protected":false},"excerpt":{"rendered":"<p>Neue Hoffnung f\u00fcr Hepatitis-B-Patienten!Was ist das Europ\u00e4ische Register f\u00fcr Patienten mit chronischer Hepatitis B und warum ist es sinnvoll, daran teilzunehmen? Zus\u00e4tzlich zur klinischen Studie TherVacB hat das TherVacB-Team ein europ\u00e4isches Register f\u00fcr Patienten mit chronischer Hepatitis B eingerichtet. Das Register sammelt Patientendaten zu virologischen und immunologischen Parametern im Verlauf einer Hepatitis-B-Virusinfektion. Durch eine kontinuierlich [&hellip;]<\/p>\n","protected":false},"author":4,"featured_media":4910,"parent":7338,"menu_order":2,"comment_status":"closed","ping_status":"closed","template":"","meta":{"_et_pb_use_builder":"on","_et_pb_old_content":"","_et_gb_content_width":"","_monsterinsights_skip_tracking":false,"_monsterinsights_sitenote_active":false,"_monsterinsights_sitenote_note":"","_monsterinsights_sitenote_category":0,"footnotes":"","_links_to":"","_links_to_target":""},"class_list":["post-7345","page","type-page","status-publish","has-post-thumbnail","hentry"],"aioseo_notices":[],"_links":{"self":[{"href":"https:\/\/www.thervacb.eu\/de\/wp-json\/wp\/v2\/pages\/7345","targetHints":{"allow":["GET"]}}],"collection":[{"href":"https:\/\/www.thervacb.eu\/de\/wp-json\/wp\/v2\/pages"}],"about":[{"href":"https:\/\/www.thervacb.eu\/de\/wp-json\/wp\/v2\/types\/page"}],"author":[{"embeddable":true,"href":"https:\/\/www.thervacb.eu\/de\/wp-json\/wp\/v2\/users\/4"}],"replies":[{"embeddable":true,"href":"https:\/\/www.thervacb.eu\/de\/wp-json\/wp\/v2\/comments?post=7345"}],"version-history":[{"count":0,"href":"https:\/\/www.thervacb.eu\/de\/wp-json\/wp\/v2\/pages\/7345\/revisions"}],"up":[{"embeddable":true,"href":"https:\/\/www.thervacb.eu\/de\/wp-json\/wp\/v2\/pages\/7338"}],"wp:featuredmedia":[{"embeddable":true,"href":"https:\/\/www.thervacb.eu\/de\/wp-json\/wp\/v2\/media\/4910"}],"wp:attachment":[{"href":"https:\/\/www.thervacb.eu\/de\/wp-json\/wp\/v2\/media?parent=7345"}],"curies":[{"name":"wp","href":"https:\/\/api.w.org\/{rel}","templated":true}]}}