{"id":7348,"date":"2021-10-22T13:21:30","date_gmt":"2021-10-22T12:21:30","guid":{"rendered":"https:\/\/www.thervacb.eu\/patienten-2\/der-thervacb-impfstoff\/"},"modified":"2025-07-15T08:40:57","modified_gmt":"2025-07-15T07:40:57","slug":"der-thervacb-impfstoff","status":"publish","type":"page","link":"https:\/\/www.thervacb.eu\/de\/patienten\/der-thervacb-impfstoff\/","title":{"rendered":"Der TherVacB-Impfstoff"},"content":{"rendered":"<p>[et_pb_section fb_built=&#8220;1&#8243; fullwidth=&#8220;on&#8220; _builder_version=&#8220;4.16&#8243; da_disable_devices=&#8220;off|off|off&#8220; global_colors_info=&#8220;{}&#8220; da_is_popup=&#8220;off&#8220; da_exit_intent=&#8220;off&#8220; da_has_close=&#8220;on&#8220; da_alt_close=&#8220;off&#8220; da_dark_close=&#8220;off&#8220; da_not_modal=&#8220;on&#8220; da_is_singular=&#8220;off&#8220; da_with_loader=&#8220;off&#8220; da_has_shadow=&#8220;on&#8220;][et_pb_fullwidth_slider use_text_overlay=&#8220;on&#8220; text_overlay_color=&#8220;rgba(6,66,58,0.25)&#8220; _builder_version=&#8220;4.16&#8243; custom_padding=&#8220;83px||65px|||&#8220; auto=&#8220;on&#8220; auto_ignore_hover=&#8220;on&#8220; global_colors_info=&#8220;{}&#8220;][et_pb_slide heading=&#8220;Patienten&#8220; use_bg_overlay=&#8220;off&#8220; use_text_overlay=&#8220;on&#8220; arrows_custom_color=&#8220;#2d788c&#8220; dot_nav_custom_color=&#8220;#2d788c&#8220; text_border_radius=&#8220;10px&#8220; _builder_version=&#8220;4.16&#8243; header_font=&#8220;|700|||||||&#8220; header_text_align=&#8220;center&#8220; body_text_align=&#8220;center&#8220; body_font_size=&#8220;30px&#8220; background_enable_color=&#8220;off&#8220; use_background_color_gradient=&#8220;on&#8220; background_color_gradient_direction=&#8220;90deg&#8220; background_color_gradient_stops=&#8220;rgba(0,0,0,0) 0%|rgba(0,0,0,0) 100%&#8220; background_color_gradient_overlays_image=&#8220;on&#8220; background_color_gradient_start=&#8220;rgba(0,0,0,0)&#8220; background_color_gradient_end=&#8220;rgba(0,0,0,0)&#8220; background_image=&#8220;https:\/\/www.thervacb.eu\/wp-content\/uploads\/the-thervacb-vaccine-h.jpg&#8220; background_enable_image=&#8220;on&#8220; text_orientation=&#8220;center&#8220; header_text_shadow_style=&#8220;preset1&#8243; header_text_shadow_color=&#8220;#706f6f&#8220; body_text_shadow_style=&#8220;preset1&#8243; body_text_shadow_color=&#8220;#706f6f&#8220; text_shadow_style=&#8220;preset1&#8243; text_shadow_color=&#8220;#706f6f&#8220; global_colors_info=&#8220;{}&#8220; sticky_transition=&#8220;on&#8220;]<\/p>\n<p>Der TherVacB-Impfstoff<\/p>\n<p>[\/et_pb_slide][\/et_pb_fullwidth_slider][\/et_pb_section][et_pb_section fb_built=&#8220;1&#8243; _builder_version=&#8220;4.16&#8243; da_disable_devices=&#8220;off|off|off&#8220; global_colors_info=&#8220;{}&#8220; da_is_popup=&#8220;off&#8220; da_exit_intent=&#8220;off&#8220; da_has_close=&#8220;on&#8220; da_alt_close=&#8220;off&#8220; da_dark_close=&#8220;off&#8220; da_not_modal=&#8220;on&#8220; da_is_singular=&#8220;off&#8220; da_with_loader=&#8220;off&#8220; da_has_shadow=&#8220;on&#8220;][et_pb_row module_id=&#8220;timelines&#8220; _builder_version=&#8220;4.16&#8243; global_colors_info=&#8220;{}&#8220;][et_pb_column type=&#8220;4_4&#8243; _builder_version=&#8220;4.16&#8243; global_colors_info=&#8220;{}&#8220;][et_pb_text _builder_version=&#8220;4.25.0&#8243; hover_enabled=&#8220;0&#8243; global_colors_info=&#8220;{}&#8220; sticky_enabled=&#8220;0&#8243;]<\/p>\n<h1><strong>Wann wird die Therapie f\u00fcr Patienten verf\u00fcgbar sein?<\/strong><\/h1>\n<p>Die oben vorgestellte klinische Studie ist Teil des EU-Projekts TherVacB. Es ist der erste Schritt, um die Sicherheit und Wirksamkeit der Therapie bei Menschen mit chronischer Hepatitis B zu testen. Wenn diese Studie erfolgreich ist, werden weitere klinische Studien (Phase II und III) folgen, um die klinische Entwicklung abzuschlie\u00dfen. Dies ist routinem\u00e4\u00dfig f\u00fcr neue medizinische Behandlungen erforderlich, bevor sie f\u00fcr die normale und regelm\u00e4\u00dfige Anwendung zugelassen werden k\u00f6nnen.  <br \/>Wenn diese Versuche erfolgreich sind, k\u00f6nnte TherVacB der erste Impfstoff sein, der eine funktionelle Heilung von Hepatitis B erm\u00f6glicht.<\/p>\n<p>[\/et_pb_text][\/et_pb_column][\/et_pb_row][\/et_pb_section]<\/p>\n","protected":false},"excerpt":{"rendered":"<p>Der TherVacB-ImpfstoffWann wird die Therapie f\u00fcr Patienten verf\u00fcgbar sein? Die oben vorgestellte klinische Studie ist Teil des EU-Projekts TherVacB. Es ist der erste Schritt, um die Sicherheit und Wirksamkeit der Therapie bei Menschen mit chronischer Hepatitis B zu testen. Wenn diese Studie erfolgreich ist, werden weitere klinische Studien (Phase II und III) folgen, um die [&hellip;]<\/p>\n","protected":false},"author":4,"featured_media":4931,"parent":7338,"menu_order":3,"comment_status":"closed","ping_status":"closed","template":"","meta":{"_et_pb_use_builder":"on","_et_pb_old_content":"","_et_gb_content_width":"","_monsterinsights_skip_tracking":false,"_monsterinsights_sitenote_active":false,"_monsterinsights_sitenote_note":"","_monsterinsights_sitenote_category":0,"footnotes":"","_links_to":"","_links_to_target":""},"class_list":["post-7348","page","type-page","status-publish","has-post-thumbnail","hentry"],"aioseo_notices":[],"_links":{"self":[{"href":"https:\/\/www.thervacb.eu\/de\/wp-json\/wp\/v2\/pages\/7348","targetHints":{"allow":["GET"]}}],"collection":[{"href":"https:\/\/www.thervacb.eu\/de\/wp-json\/wp\/v2\/pages"}],"about":[{"href":"https:\/\/www.thervacb.eu\/de\/wp-json\/wp\/v2\/types\/page"}],"author":[{"embeddable":true,"href":"https:\/\/www.thervacb.eu\/de\/wp-json\/wp\/v2\/users\/4"}],"replies":[{"embeddable":true,"href":"https:\/\/www.thervacb.eu\/de\/wp-json\/wp\/v2\/comments?post=7348"}],"version-history":[{"count":3,"href":"https:\/\/www.thervacb.eu\/de\/wp-json\/wp\/v2\/pages\/7348\/revisions"}],"predecessor-version":[{"id":12935,"href":"https:\/\/www.thervacb.eu\/de\/wp-json\/wp\/v2\/pages\/7348\/revisions\/12935"}],"up":[{"embeddable":true,"href":"https:\/\/www.thervacb.eu\/de\/wp-json\/wp\/v2\/pages\/7338"}],"wp:featuredmedia":[{"embeddable":true,"href":"https:\/\/www.thervacb.eu\/de\/wp-json\/wp\/v2\/media\/4931"}],"wp:attachment":[{"href":"https:\/\/www.thervacb.eu\/de\/wp-json\/wp\/v2\/media?parent=7348"}],"curies":[{"name":"wp","href":"https:\/\/api.w.org\/{rel}","templated":true}]}}