{"id":7354,"date":"2021-10-22T13:23:43","date_gmt":"2021-10-22T12:23:43","guid":{"rendered":"https:\/\/www.thervacb.eu\/medienzentrum\/ressourcen\/"},"modified":"2022-11-03T06:33:29","modified_gmt":"2022-11-03T06:33:29","slug":"ressourcen","status":"publish","type":"page","link":"https:\/\/www.thervacb.eu\/de\/medienzentrum\/ressourcen\/","title":{"rendered":"Ressourcen"},"content":{"rendered":"<p>[et_pb_section fb_built=&#8220;1&#8243; fullwidth=&#8220;on&#8220; _builder_version=&#8220;4.2.1&#8243; da_disable_devices=&#8220;off|off|off&#8220; global_colors_info=&#8220;{}&#8220; da_is_popup=&#8220;off&#8220; da_exit_intent=&#8220;off&#8220; da_has_close=&#8220;on&#8220; da_alt_close=&#8220;off&#8220; da_dark_close=&#8220;off&#8220; da_not_modal=&#8220;on&#8220; da_is_singular=&#8220;off&#8220; da_with_loader=&#8220;off&#8220; da_has_shadow=&#8220;on&#8220;][et_pb_fullwidth_slider use_text_overlay=&#8220;on&#8220; text_overlay_color=&#8220;rgba(6,66,58,0.25)&#8220; _builder_version=&#8220;4.9.7&#8243; custom_padding=&#8220;83px||65px|||&#8220; auto=&#8220;on&#8220; auto_ignore_hover=&#8220;on&#8220; global_colors_info=&#8220;{}&#8220;][et_pb_slide heading=&#8220;Ressourcen&#8220; use_bg_overlay=&#8220;off&#8220; use_text_overlay=&#8220;on&#8220; arrows_custom_color=&#8220;#2d788c&#8220; dot_nav_custom_color=&#8220;#2d788c&#8220; text_border_radius=&#8220;10px&#8220; _builder_version=&#8220;4.9.7&#8243; header_font=&#8220;|700|||||||&#8220; header_text_align=&#8220;center&#8220; body_text_align=&#8220;center&#8220; background_enable_color=&#8220;off&#8220; use_background_color_gradient=&#8220;on&#8220; background_color_gradient_start=&#8220;rgba(0,0,0,0)&#8220; background_color_gradient_end=&#8220;rgba(0,0,0,0)&#8220; background_color_gradient_direction=&#8220;90deg&#8220; background_color_gradient_overlays_image=&#8220;on&#8220; background_image=&#8220;https:\/\/www.thervacb.eu\/wp-content\/uploads\/hepatitis-b-h.jpg&#8220; background_enable_image=&#8220;on&#8220; text_orientation=&#8220;center&#8220; header_text_shadow_style=&#8220;preset1&#8243; header_text_shadow_color=&#8220;#706f6f&#8220; body_text_shadow_style=&#8220;preset1&#8243; body_text_shadow_color=&#8220;#706f6f&#8220; text_shadow_style=&#8220;preset1&#8243; text_shadow_color=&#8220;#706f6f&#8220; global_colors_info=&#8220;{}&#8220; sticky_transition=&#8220;on&#8220;][\/et_pb_slide][\/et_pb_fullwidth_slider][\/et_pb_section][et_pb_section fb_built=&#8220;1&#8243; _builder_version=&#8220;4.2.1&#8243; da_disable_devices=&#8220;off|off|off&#8220; global_colors_info=&#8220;{}&#8220; da_is_popup=&#8220;off&#8220; da_exit_intent=&#8220;off&#8220; da_has_close=&#8220;on&#8220; da_alt_close=&#8220;off&#8220; da_dark_close=&#8220;off&#8220; da_not_modal=&#8220;on&#8220; da_is_singular=&#8220;off&#8220; da_with_loader=&#8220;off&#8220; da_has_shadow=&#8220;on&#8220;][et_pb_row module_id=&#8220;press&#8220; _builder_version=&#8220;4.3.4&#8243; custom_padding=&#8220;||7px|||&#8220; global_colors_info=&#8220;{}&#8220;][et_pb_column type=&#8220;4_4&#8243; _builder_version=&#8220;4.3.4&#8243; global_colors_info=&#8220;{}&#8220;][et_pb_text _builder_version=&#8220;4.11.3&#8243; global_colors_info=&#8220;{}&#8220;]<\/p>\n<h1 class=\"title style-scope ytd-video-primary-info-renderer\">Informationsmaterialien<\/h1>\n<p>Hier stellen wir eine Auswahl von Informationsmaterialien zu Hepatitis B zur Verf\u00fcgung, welches vom TherVacB-Projektteam oder von nationalen und internationalen Patientenorganisationen und Interessengruppen erstellt wurde.<br \/>\nVerschiedene Materialien f\u00fcr Interessierte, Betroffene und Angeh\u00f6rige sowie Multiplikatoren findest du unten.<\/p>\n<p>[\/et_pb_text][\/et_pb_column][\/et_pb_row][\/et_pb_section][et_pb_section fb_built=&#8220;1&#8243; _builder_version=&#8220;4.9.7&#8243; _module_preset=&#8220;default&#8220; custom_padding=&#8220;4px|||||&#8220; top_divider_color=&#8220;rgba(92,189,217,0.5)&#8220; top_divider_height=&#8220;50px&#8220; bottom_divider_style=&#8220;slant2&#8243; bottom_divider_color=&#8220;rgba(92,189,217,0.5)&#8220; bottom_divider_height=&#8220;50px&#8220; bottom_divider_flip=&#8220;vertical&#8220; da_disable_devices=&#8220;off|off|off&#8220; global_colors_info=&#8220;{}&#8220; da_is_popup=&#8220;off&#8220; da_exit_intent=&#8220;off&#8220; da_has_close=&#8220;on&#8220; da_alt_close=&#8220;off&#8220; da_dark_close=&#8220;off&#8220; da_not_modal=&#8220;on&#8220; da_is_singular=&#8220;off&#8220; da_with_loader=&#8220;off&#8220; da_has_shadow=&#8220;on&#8220;][et_pb_row column_structure=&#8220;1_2,1_2&#8243; module_id=&#8220;projectlogo&#8220; _builder_version=&#8220;4.11.3&#8243; max_height=&#8220;580px&#8220; overflow-y=&#8220;hidden&#8220; custom_padding=&#8220;3px|||||&#8220; global_colors_info=&#8220;{}&#8220;][et_pb_column type=&#8220;1_2&#8243; _builder_version=&#8220;4.3.4&#8243; global_colors_info=&#8220;{}&#8220;][et_pb_text _builder_version=&#8220;4.11.3&#8243; global_colors_info=&#8220;{}&#8220;]<\/p>\n<h2>Infografik zu B_Aware<\/h2>\n<p>Eines der Ziele des TherVacB-Projekts ist es, \u00fcber die Gefahren einer &#8211; oft unentdeckten &#8211; Hepatitis-B-Virusinfektion zu aufzukl\u00e4ren. Besonders wichtig ist es, Risikofaktoren zu erkennen. Die Kampagne B_Aware ermutigt Menschen mit erh\u00f6htem Ansteckungsrisiko, sich testen zu lassen und sich dann impfen zu lassen &#8211; oder sich dann mit einer geeigneten Therapie behandeln zu lassen.<br \/>Das TherVacB-Team hat mehrere Infografiken erstellt, die die Fakten und Risikofaktoren von Hepatitis B veranschaulichen. Die Materialien k\u00f6nnen zu Pr\u00e4ventions- und Aufkl\u00e4rungszwecken verwendet werden.<br \/>Klicke zum Herunterladen auf das Bild oder folge diesem<br \/><a href=\"https:\/\/www.thervacb.eu\/wp-content\/uploads\/thervacb_infographic-de.gif\" target=\"_blank\" rel=\"noopener\" title=\"B_AWARE-Infografik\">Link<\/a>.<\/p>\n<p>Diese Infografiken sind auch in <a href=\"https:\/\/www.thervacb.eu\/wp-content\/uploads\/B_Aware-infographic-english.gif\" target=\"_blank\" rel=\"noopener\" title=\"B_Aware infographic english\">englischer<\/a> Sprache verf\u00fcgbar.<\/p>\n<p>[\/et_pb_text][\/et_pb_column][et_pb_column type=&#8220;1_2&#8243; _builder_version=&#8220;4.9.0&#8243; global_colors_info=&#8220;{}&#8220;][et_pb_image src=&#8220;https:\/\/www.thervacb.eu\/wp-content\/uploads\/thervacb_infographic-de-animation-croped.gif&#8220; alt=&#8220;B_Aware infographic deutsch&#8220; title_text=&#8220;B_Aware infographic deutsch&#8220; url=&#8220;https:\/\/www.thervacb.eu\/wp-content\/uploads\/thervacb_infographic-de.gif&#8220; url_new_window=&#8220;on&#8220; _builder_version=&#8220;4.11.3&#8243; _module_preset=&#8220;default&#8220; overflow-y=&#8220;hidden&#8220; box_shadow_style=&#8220;preset3&#8243; global_colors_info=&#8220;{}&#8220;][\/et_pb_image][\/et_pb_column][\/et_pb_row][\/et_pb_section][et_pb_section fb_built=&#8220;1&#8243; disabled_on=&#8220;off|off|off&#8220; _builder_version=&#8220;4.11.3&#8243; _module_preset=&#8220;default&#8220; custom_padding=&#8220;||||false|false&#8220; top_divider_style=&#8220;slant2&#8243; top_divider_color=&#8220;rgba(92,189,217,0.5)&#8220; top_divider_height=&#8220;50px&#8220; bottom_divider_color=&#8220;rgba(92,189,217,0.5)&#8220; bottom_divider_height=&#8220;50px&#8220; bottom_divider_flip=&#8220;horizontal&#8220; da_disable_devices=&#8220;off|off|off&#8220; global_colors_info=&#8220;{}&#8220; da_is_popup=&#8220;off&#8220; da_exit_intent=&#8220;off&#8220; da_has_close=&#8220;on&#8220; da_alt_close=&#8220;off&#8220; da_dark_close=&#8220;off&#8220; da_not_modal=&#8220;on&#8220; da_is_singular=&#8220;off&#8220; da_with_loader=&#8220;off&#8220; da_has_shadow=&#8220;on&#8220;][et_pb_row column_structure=&#8220;1_2,1_2&#8243; module_id=&#8220;projectlogo&#8220; _builder_version=&#8220;4.9.2&#8243; global_colors_info=&#8220;{}&#8220;][et_pb_column type=&#8220;1_2&#8243; _builder_version=&#8220;4.3.4&#8243; global_colors_info=&#8220;{}&#8220;][et_pb_text _builder_version=&#8220;4.11.3&#8243; global_colors_info=&#8220;{}&#8220;]<\/p>\n<h2><strong>Faltblatt zu B_Aware<\/strong><\/h2>\n<p>Das druckbare Faltblatt kann zum Mitnehmen ausgelegt werden, an Orten an denen sich Menschen mit erh\u00f6htem Risiko treffen, oder von Personen ausgeh\u00e4ndigt werden, die \u00fcber Risikofaktoren f\u00fcr Hepatitis B oder andere sexuell \u00fcbertragbare Krankheiten sprechen.<\/p>\n<p>Klicke zum Herunterladen auf das Bild oder folge diesem <a href=\"https:\/\/www.thervacb.eu\/wp-content\/uploads\/thervacB-leaflet-de.jpg\" target=\"_blank\" rel=\"noopener\" title=\"TherVacB Flyer - englisch\">Link<\/a>.<\/p>\n<p>Dieses Faltblatt ist auch in <a href=\"https:\/\/www.thervacb.eu\/wp-content\/uploads\/thervacB-leaflet-en.jpg\" target=\"_blank\" rel=\"noopener\">englischer Sprache<\/a> erh\u00e4ltlich.<\/p>\n<p>[\/et_pb_text][\/et_pb_column][et_pb_column type=&#8220;1_2&#8243; _builder_version=&#8220;4.9.0&#8243; global_colors_info=&#8220;{}&#8220;][et_pb_image src=&#8220;https:\/\/www.thervacb.eu\/wp-content\/uploads\/thervacB-leaflet-de.jpg&#8220; alt=&#8220;TherVacB Leaflet&#8220; title_text=&#8220;TherVacB Leaflet&#8220; url=&#8220;https:\/\/www.thervacb.eu\/wp-content\/uploads\/thervacB-leaflet-de.jpg&#8220; url_new_window=&#8220;on&#8220; _builder_version=&#8220;4.11.3&#8243; _module_preset=&#8220;default&#8220; box_shadow_style=&#8220;preset3&#8243; global_colors_info=&#8220;{}&#8220;][\/et_pb_image][\/et_pb_column][\/et_pb_row][\/et_pb_section]<\/p>\n","protected":false},"excerpt":{"rendered":"<p>Informationsmaterialien Hier stellen wir eine Auswahl von Informationsmaterialien zu Hepatitis B zur Verf\u00fcgung, welches vom TherVacB-Projektteam oder von nationalen und internationalen Patientenorganisationen und Interessengruppen erstellt wurde. Verschiedene Materialien f\u00fcr Interessierte, Betroffene und Angeh\u00f6rige sowie Multiplikatoren findest du unten.Infografik zu B_Aware Eines der Ziele des TherVacB-Projekts ist es, \u00fcber die Gefahren einer &#8211; oft unentdeckten &#8211; [&hellip;]<\/p>\n","protected":false},"author":4,"featured_media":0,"parent":1993,"menu_order":1,"comment_status":"closed","ping_status":"closed","template":"","meta":{"_et_pb_use_builder":"on","_et_pb_old_content":"","_et_gb_content_width":"","_monsterinsights_skip_tracking":false,"_monsterinsights_sitenote_active":false,"_monsterinsights_sitenote_note":"","_monsterinsights_sitenote_category":0,"footnotes":"","_links_to":"","_links_to_target":""},"class_list":["post-7354","page","type-page","status-publish","hentry"],"aioseo_notices":[],"_links":{"self":[{"href":"https:\/\/www.thervacb.eu\/de\/wp-json\/wp\/v2\/pages\/7354","targetHints":{"allow":["GET"]}}],"collection":[{"href":"https:\/\/www.thervacb.eu\/de\/wp-json\/wp\/v2\/pages"}],"about":[{"href":"https:\/\/www.thervacb.eu\/de\/wp-json\/wp\/v2\/types\/page"}],"author":[{"embeddable":true,"href":"https:\/\/www.thervacb.eu\/de\/wp-json\/wp\/v2\/users\/4"}],"replies":[{"embeddable":true,"href":"https:\/\/www.thervacb.eu\/de\/wp-json\/wp\/v2\/comments?post=7354"}],"version-history":[{"count":0,"href":"https:\/\/www.thervacb.eu\/de\/wp-json\/wp\/v2\/pages\/7354\/revisions"}],"up":[{"embeddable":true,"href":"https:\/\/www.thervacb.eu\/de\/wp-json\/wp\/v2\/pages\/1993"}],"wp:attachment":[{"href":"https:\/\/www.thervacb.eu\/de\/wp-json\/wp\/v2\/media?parent=7354"}],"curies":[{"name":"wp","href":"https:\/\/api.w.org\/{rel}","templated":true}]}}