{"id":2976,"date":"2021-02-08T08:21:50","date_gmt":"2021-02-08T08:21:50","guid":{"rendered":"https:\/\/www.thervacb.eu\/contacte-con\/"},"modified":"2025-07-15T10:41:54","modified_gmt":"2025-07-15T09:41:54","slug":"contacte-con","status":"publish","type":"page","link":"https:\/\/www.thervacb.eu\/es\/contacte-con\/","title":{"rendered":"Contacte con"},"content":{"rendered":"<p>[et_pb_section fb_built=\u00bb1&#8243; _builder_version=\u00bb4.16&#8243; custom_padding=\u00bb0px|0px|54px|0px|false|false\u00bb da_disable_devices=\u00bboff|off|off\u00bb global_colors_info=\u00bb{}\u00bb da_is_popup=\u00bboff\u00bb da_exit_intent=\u00bboff\u00bb da_has_close=\u00bbon\u00bb da_alt_close=\u00bboff\u00bb da_dark_close=\u00bboff\u00bb da_not_modal=\u00bbon\u00bb da_is_singular=\u00bboff\u00bb da_with_loader=\u00bboff\u00bb da_has_shadow=\u00bbon\u00bb][et_pb_row _builder_version=\u00bb4.16&#8243; custom_padding=\u00bb40px|0px|0px|0px\u00bb global_colors_info=\u00bb{}\u00bb][et_pb_column type=\u00bb4_4&#8243; _builder_version=\u00bb4.16&#8243; custom_padding=\u00bb|||\u00bb global_colors_info=\u00bb{}\u00bb custom_padding__hover=\u00bb|||\u00bb][et_pb_text admin_label=\u00bbText\u00bb _builder_version=\u00bb4.16&#8243; global_colors_info=\u00bb{}\u00bb]<\/p>\n<h1>Contacte con<\/h1>\n<p>[\/et_pb_text][\/et_pb_column][\/et_pb_row][et_pb_row column_structure=\u00bb1_3,1_3,1_3&#8243; _builder_version=\u00bb4.16&#8243; global_colors_info=\u00bb{}\u00bb][et_pb_column type=\u00bb1_3&#8243; _builder_version=\u00bb4.16&#8243; custom_padding=\u00bb|||\u00bb global_colors_info=\u00bb{}\u00bb custom_padding__hover=\u00bb|||\u00bb][et_pb_text _builder_version=\u00bb4.16&#8243; global_colors_info=\u00bb{}\u00bb]<\/p>\n<h2>Coordinador de proyectos<\/h2>\n<p>[\/et_pb_text][et_pb_text _builder_version=\u00bb4.16&#8243; global_colors_info=\u00bb{}\u00bb]<\/p>\n<p>Prof. Ulrike Protzer<br \/>Dra. Marian Wiegand<br \/> Helmholtz Zentrum M\u00fcnchen<\/p>\n<p>[\/et_pb_text][\/et_pb_column][et_pb_column type=\u00bb1_3&#8243; _builder_version=\u00bb4.16&#8243; custom_padding=\u00bb|||\u00bb global_colors_info=\u00bb{}\u00bb custom_padding__hover=\u00bb|||\u00bb][et_pb_text _builder_version=\u00bb4.16&#8243; global_colors_info=\u00bb{}\u00bb]<\/p>\n<h2>Oficina de proyectos \/ Medios de comunicaci\u00f3n<\/h2>\n<p>[\/et_pb_text][et_pb_text _builder_version=\u00bb4.25.0&#8243; global_colors_info=\u00bb{}\u00bb]Tanja Oster, M.A.<br \/>\nPNO Innovation GmbH (antes ARTTIC Innovation) [\/et_pb_text][\/et_pb_column][et_pb_column type=\u00bb1_3&#8243; _builder_version=\u00bb4.16&#8243; custom_padding=\u00bb|||\u00bb global_colors_info=\u00bb{}\u00bb custom_padding__hover=\u00bb|||\u00bb][et_pb_text _builder_version=\u00bb4.16&#8243; global_colors_info=\u00bb{}\u00bb]<\/p>\n<h2>Canales de medios sociales<\/h2>\n<p>[\/et_pb_text][et_pb_social_media_follow icon_color=\u00bb#ffffff\u00bb _builder_version=\u00bb4.25.0&#8243; text_orientation_tablet=\u00bbleft\u00bb text_orientation_phone=\u00bbleft\u00bb text_orientation_last_edited=\u00bbon|tablet\u00bb global_colors_info=\u00bb{}\u00bb][et_pb_social_media_follow_network social_network=\u00bbbehance\u00bb url=\u00bbhttps:\/\/bsky.app\/profile\/thervacb-eu.bsky.social\u00bb icon_color=\u00bb#ffffff\u00bb _builder_version=\u00bb4.25.0&#8243; background_color=\u00bb#1C9080&#8243; background_enable_color=\u00bbon\u00bb global_colors_info=\u00bb{}\u00bb background__hover_enabled=\u00bbon|hover\u00bb background_color__hover=\u00bbrgba(28,144,128,0.85)\u00bb background_enable_color__hover=\u00bbon\u00bb follow_button=\u00bboff\u00bb url_new_window=\u00bbon\u00bb]behance[\/et_pb_social_media_follow_network][et_pb_social_media_follow_network social_network=\u00bbtwitter\u00bb url=\u00bbhttps:\/\/twitter.com\/TherVacB_EU\u00bb icon_color=\u00bb#ffffff\u00bb _builder_version=\u00bb4.16&#8243; background_color=\u00bb#1c9080&#8243; background_enable_color=\u00bbon\u00bb global_colors_info=\u00bb{}\u00bb background__hover_enabled=\u00bbon|hover\u00bb background_color__hover=\u00bbrgba(28,144,128,0.85)\u00bb background_enable_color__hover=\u00bbon\u00bb follow_button=\u00bboff\u00bb url_new_window=\u00bbon\u00bb]twitter[\/et_pb_social_media_follow_network][et_pb_social_media_follow_network social_network=\u00bbyoutube\u00bb url=\u00bbhttps:\/\/www.youtube.com\/@TherVacB\u00bb icon_color=\u00bb#ffffff\u00bb _builder_version=\u00bb4.25.0&#8243; background_color=\u00bb#1C9080&#8243; background_enable_color=\u00bbon\u00bb global_colors_info=\u00bb{}\u00bb background__hover_enabled=\u00bbon|hover\u00bb background_color__hover=\u00bbrgba(28,144,128,0.85)\u00bb background_enable_color__hover=\u00bbon\u00bb follow_button=\u00bboff\u00bb url_new_window=\u00bbon\u00bb]youtube[\/et_pb_social_media_follow_network][\/et_pb_social_media_follow][\/et_pb_column][\/et_pb_row][et_pb_row _builder_version=\u00bb4.16&#8243; background_size=\u00bbinitial\u00bb background_position=\u00bbtop_left\u00bb background_repeat=\u00bbrepeat\u00bb custom_padding=\u00bb0|0px|65px|0px|false|false\u00bb global_colors_info=\u00bb{}\u00bb][et_pb_column type=\u00bb4_4&#8243; _builder_version=\u00bb4.16&#8243; custom_padding=\u00bb|||\u00bb global_colors_info=\u00bb{}\u00bb custom_padding__hover=\u00bb|||\u00bb][et_pb_contact_form email=\u00bbcontact-management@thervacb.eu\u00bb custom_message=\u00bbHa llegado una nueva solicitud de formulario de contacto.||et_pb_line_break_holder||||et_pb_line_break_holder||Nombre: %%FirstName%%||et_pb_line_break_holder||Apellido: %%LastName%%||et_pb_line_break_holder||Organizaci\u00f3n: %%Organisation%%||et_pb_line_break_holder||Pa\u00eds: %%Country%%||et_pb_line_break_holder||Email: %%Email%%||et_pb_line_break_holder||Mensaje: %%Message%%||et_pb_line_break_holder||GDPR: %%GDPR%%\u00bb success_message=\u00bb\u00a1Gracias!\u00bb submit_button_text=\u00bbEnviar\u00bb admin_label=\u00bbContact Form\u00bb module_id=\u00bbet_pb_contact_form_0&#8243; module_class=\u00bbhideinie11&#8243; _builder_version=\u00bb4.16&#8243; _unique_id=\u00bb25a2a55a-792d-46bd-bd1c-acae7185c641&#8243; form_field_text_color=\u00bb#4297d4&#8243; title_font=\u00bb||||||||\u00bb form_field_font=\u00bb|800|||||||\u00bb border_color_all=\u00bb#cc2318&#8243; global_colors_info=\u00bb{}\u00bb][et_pb_contact_field field_id=\u00bbFirstName\u00bb field_title=\u00bbPrimer nombre *\u00bb _builder_version=\u00bb4.16&#8243; form_field_background_color=\u00bbrgba(0,0,0,0)\u00bb form_field_text_color=\u00bb#707070&#8243; form_field_font=\u00bb||||||||\u00bb background_color=\u00bb#ffffff\u00bb border_radii=\u00bbon|3px|3px|3px|3px\u00bb border_width_all=\u00bb1px\u00bb border_color_all=\u00bb#b6b6b6&#8243; field_background_color=\u00bbrgba(0,0,0,0)\u00bb global_colors_info=\u00bb{}\u00bb button_text_size__hover_enabled=\u00bboff\u00bb button_one_text_size__hover_enabled=\u00bboff\u00bb button_two_text_size__hover_enabled=\u00bboff\u00bb button_text_color__hover_enabled=\u00bboff\u00bb button_one_text_color__hover_enabled=\u00bboff\u00bb button_two_text_color__hover_enabled=\u00bboff\u00bb button_border_width__hover_enabled=\u00bboff\u00bb button_one_border_width__hover_enabled=\u00bboff\u00bb button_two_border_width__hover_enabled=\u00bboff\u00bb button_border_color__hover_enabled=\u00bboff\u00bb button_one_border_color__hover_enabled=\u00bboff\u00bb button_two_border_color__hover_enabled=\u00bboff\u00bb button_border_radius__hover_enabled=\u00bboff\u00bb button_one_border_radius__hover_enabled=\u00bboff\u00bb button_two_border_radius__hover_enabled=\u00bboff\u00bb button_letter_spacing__hover_enabled=\u00bboff\u00bb button_one_letter_spacing__hover_enabled=\u00bboff\u00bb button_two_letter_spacing__hover_enabled=\u00bboff\u00bb button_bg_color__hover_enabled=\u00bboff\u00bb button_one_bg_color__hover_enabled=\u00bboff\u00bb button_two_bg_color__hover_enabled=\u00bboff\u00bb][\/et_pb_contact_field][et_pb_contact_field field_id=\u00bbLastName\u00bb field_title=\u00bbApellido *\u00bb _builder_version=\u00bb4.16&#8243; form_field_background_color=\u00bb#ffffff\u00bb form_field_text_color=\u00bb#707070&#8243; form_field_font=\u00bb||||||||\u00bb background_color=\u00bb#ffffff\u00bb border_radii=\u00bbon|3px|3px|3px|3px\u00bb border_width_all=\u00bb1px\u00bb border_color_all=\u00bb#b6b6b6&#8243; field_background_color=\u00bb#ffffff\u00bb global_colors_info=\u00bb{}\u00bb button_text_size__hover_enabled=\u00bboff\u00bb button_one_text_size__hover_enabled=\u00bboff\u00bb button_two_text_size__hover_enabled=\u00bboff\u00bb button_text_color__hover_enabled=\u00bboff\u00bb button_one_text_color__hover_enabled=\u00bboff\u00bb button_two_text_color__hover_enabled=\u00bboff\u00bb button_border_width__hover_enabled=\u00bboff\u00bb button_one_border_width__hover_enabled=\u00bboff\u00bb button_two_border_width__hover_enabled=\u00bboff\u00bb button_border_color__hover_enabled=\u00bboff\u00bb button_one_border_color__hover_enabled=\u00bboff\u00bb button_two_border_color__hover_enabled=\u00bboff\u00bb button_border_radius__hover_enabled=\u00bboff\u00bb button_one_border_radius__hover_enabled=\u00bboff\u00bb button_two_border_radius__hover_enabled=\u00bboff\u00bb button_letter_spacing__hover_enabled=\u00bboff\u00bb button_one_letter_spacing__hover_enabled=\u00bboff\u00bb button_two_letter_spacing__hover_enabled=\u00bboff\u00bb button_bg_color__hover_enabled=\u00bboff\u00bb button_one_bg_color__hover_enabled=\u00bboff\u00bb button_two_bg_color__hover_enabled=\u00bboff\u00bb][\/et_pb_contact_field][et_pb_contact_field field_id=\u00bbOrganisation\u00bb field_title=\u00bbOrganizaci\u00f3n y funci\u00f3n, si procede *\u00bb _builder_version=\u00bb4.16&#8243; form_field_background_color=\u00bb#ffffff\u00bb form_field_text_color=\u00bb#707070&#8243; form_field_font=\u00bb||||||||\u00bb border_radii=\u00bbon|3px|3px|3px|3px\u00bb border_width_all=\u00bb1px\u00bb border_color_all=\u00bb#b6b6b6&#8243; field_background_color=\u00bb#ffffff\u00bb global_colors_info=\u00bb{}\u00bb button_text_size__hover_enabled=\u00bboff\u00bb button_one_text_size__hover_enabled=\u00bboff\u00bb button_two_text_size__hover_enabled=\u00bboff\u00bb button_text_color__hover_enabled=\u00bboff\u00bb button_one_text_color__hover_enabled=\u00bboff\u00bb button_two_text_color__hover_enabled=\u00bboff\u00bb button_border_width__hover_enabled=\u00bboff\u00bb button_one_border_width__hover_enabled=\u00bboff\u00bb button_two_border_width__hover_enabled=\u00bboff\u00bb button_border_color__hover_enabled=\u00bboff\u00bb button_one_border_color__hover_enabled=\u00bboff\u00bb button_two_border_color__hover_enabled=\u00bboff\u00bb button_border_radius__hover_enabled=\u00bboff\u00bb button_one_border_radius__hover_enabled=\u00bboff\u00bb button_two_border_radius__hover_enabled=\u00bboff\u00bb button_letter_spacing__hover_enabled=\u00bboff\u00bb button_one_letter_spacing__hover_enabled=\u00bboff\u00bb button_two_letter_spacing__hover_enabled=\u00bboff\u00bb button_bg_color__hover_enabled=\u00bboff\u00bb button_one_bg_color__hover_enabled=\u00bboff\u00bb button_two_bg_color__hover_enabled=\u00bboff\u00bb][\/et_pb_contact_field][et_pb_contact_field field_id=\u00bbCountry\u00bb field_title=\u00bbPa\u00eds o regi\u00f3n en la que vive*\u00bb _builder_version=\u00bb4.16&#8243; form_field_background_color=\u00bb#ffffff\u00bb form_field_text_color=\u00bb#707070&#8243; form_field_font=\u00bb||||||||\u00bb border_radii=\u00bbon|3px|3px|3px|3px\u00bb border_width_all=\u00bb1px\u00bb border_color_all=\u00bb#b6b6b6&#8243; field_background_color=\u00bb#ffffff\u00bb global_colors_info=\u00bb{}\u00bb button_text_size__hover_enabled=\u00bboff\u00bb button_one_text_size__hover_enabled=\u00bboff\u00bb button_two_text_size__hover_enabled=\u00bboff\u00bb button_text_color__hover_enabled=\u00bboff\u00bb button_one_text_color__hover_enabled=\u00bboff\u00bb button_two_text_color__hover_enabled=\u00bboff\u00bb button_border_width__hover_enabled=\u00bboff\u00bb button_one_border_width__hover_enabled=\u00bboff\u00bb button_two_border_width__hover_enabled=\u00bboff\u00bb button_border_color__hover_enabled=\u00bboff\u00bb button_one_border_color__hover_enabled=\u00bboff\u00bb button_two_border_color__hover_enabled=\u00bboff\u00bb button_border_radius__hover_enabled=\u00bboff\u00bb button_one_border_radius__hover_enabled=\u00bboff\u00bb button_two_border_radius__hover_enabled=\u00bboff\u00bb button_letter_spacing__hover_enabled=\u00bboff\u00bb button_one_letter_spacing__hover_enabled=\u00bboff\u00bb button_two_letter_spacing__hover_enabled=\u00bboff\u00bb button_bg_color__hover_enabled=\u00bboff\u00bb button_one_bg_color__hover_enabled=\u00bboff\u00bb button_two_bg_color__hover_enabled=\u00bboff\u00bb][\/et_pb_contact_field][et_pb_contact_field field_id=\u00bbEmail\u00bb field_title=\u00bbDirecci\u00f3n de correo electr\u00f3nico *\u00bb field_type=\u00bbemail\u00bb fullwidth_field=\u00bbon\u00bb _builder_version=\u00bb4.16&#8243; form_field_background_color=\u00bb#ffffff\u00bb form_field_text_color=\u00bb#707070&#8243; form_field_font=\u00bb||||||||\u00bb border_radii=\u00bbon|3px|3px|3px|3px\u00bb border_width_all=\u00bb1px\u00bb border_color_all=\u00bb#b6b6b6&#8243; field_background_color=\u00bb#ffffff\u00bb global_colors_info=\u00bb{}\u00bb button_text_size__hover_enabled=\u00bboff\u00bb button_one_text_size__hover_enabled=\u00bboff\u00bb button_two_text_size__hover_enabled=\u00bboff\u00bb button_text_color__hover_enabled=\u00bboff\u00bb button_one_text_color__hover_enabled=\u00bboff\u00bb button_two_text_color__hover_enabled=\u00bboff\u00bb button_border_width__hover_enabled=\u00bboff\u00bb button_one_border_width__hover_enabled=\u00bboff\u00bb button_two_border_width__hover_enabled=\u00bboff\u00bb button_border_color__hover_enabled=\u00bboff\u00bb button_one_border_color__hover_enabled=\u00bboff\u00bb button_two_border_color__hover_enabled=\u00bboff\u00bb button_border_radius__hover_enabled=\u00bboff\u00bb button_one_border_radius__hover_enabled=\u00bboff\u00bb button_two_border_radius__hover_enabled=\u00bboff\u00bb button_letter_spacing__hover_enabled=\u00bboff\u00bb button_one_letter_spacing__hover_enabled=\u00bboff\u00bb button_two_letter_spacing__hover_enabled=\u00bboff\u00bb button_bg_color__hover_enabled=\u00bboff\u00bb button_one_bg_color__hover_enabled=\u00bboff\u00bb button_two_bg_color__hover_enabled=\u00bboff\u00bb][\/et_pb_contact_field][et_pb_contact_field field_id=\u00bbMessage\u00bb field_title=\u00bbMensaje *\u00bb field_type=\u00bbtext\u00bb fullwidth_field=\u00bbon\u00bb _builder_version=\u00bb4.16&#8243; form_field_background_color=\u00bb#ffffff\u00bb form_field_text_color=\u00bb#707070&#8243; form_field_font=\u00bb||||||||\u00bb border_radii=\u00bbon|3px|3px|3px|3px\u00bb border_width_all=\u00bb1px\u00bb border_color_all=\u00bb#b6b6b6&#8243; field_background_color=\u00bb#ffffff\u00bb global_colors_info=\u00bb{}\u00bb button_text_size__hover_enabled=\u00bboff\u00bb button_one_text_size__hover_enabled=\u00bboff\u00bb button_two_text_size__hover_enabled=\u00bboff\u00bb button_text_color__hover_enabled=\u00bboff\u00bb button_one_text_color__hover_enabled=\u00bboff\u00bb button_two_text_color__hover_enabled=\u00bboff\u00bb button_border_width__hover_enabled=\u00bboff\u00bb button_one_border_width__hover_enabled=\u00bboff\u00bb button_two_border_width__hover_enabled=\u00bboff\u00bb button_border_color__hover_enabled=\u00bboff\u00bb button_one_border_color__hover_enabled=\u00bboff\u00bb button_two_border_color__hover_enabled=\u00bboff\u00bb button_border_radius__hover_enabled=\u00bboff\u00bb button_one_border_radius__hover_enabled=\u00bboff\u00bb button_two_border_radius__hover_enabled=\u00bboff\u00bb button_letter_spacing__hover_enabled=\u00bboff\u00bb button_one_letter_spacing__hover_enabled=\u00bboff\u00bb button_two_letter_spacing__hover_enabled=\u00bboff\u00bb button_bg_color__hover_enabled=\u00bboff\u00bb button_one_bg_color__hover_enabled=\u00bboff\u00bb button_two_bg_color__hover_enabled=\u00bboff\u00bb][\/et_pb_contact_field][et_pb_contact_field field_id=\u00bbGDPR\u00bb field_title=\u00bbEste formulario recoge datos y los guardar\u00e1 en nuestra base de datos de acuerdo con la normativa europea GDPR. Consulte nuestra pol\u00edtica de privacidad para obtener m\u00e1s informaci\u00f3n sobre c\u00f3mo protegemos y gestionamos los datos que nos env\u00eda. Consulte nuestra pol\u00edtica de privacidad para obtener m\u00e1s informaci\u00f3n sobre c\u00f3mo protegemos y gestionamos los datos que nos env\u00eda.\u00bb field_type=\u00bbcheckbox\u00bb checkbox_options=\u00bb%91{%22value%22:%22Doy mi consentimiento para que TherVacB recoja mis datos de este formulario. *%22,%22checked%22:0,%22dragID%22:-1}%93&#8243; fullwidth_field=\u00bbon\u00bb _builder_version=\u00bb4.16&#8243; form_field_text_color=\u00bb#707070&#8243; form_field_font=\u00bb|800|||||||\u00bb border_width_all=\u00bb1px\u00bb border_color_all=\u00bb#b6b6b6&#8243; global_colors_info=\u00bb{}\u00bb button_text_size__hover_enabled=\u00bboff\u00bb button_one_text_size__hover_enabled=\u00bboff\u00bb button_two_text_size__hover_enabled=\u00bboff\u00bb button_text_color__hover_enabled=\u00bboff\u00bb button_one_text_color__hover_enabled=\u00bboff\u00bb button_two_text_color__hover_enabled=\u00bboff\u00bb button_border_width__hover_enabled=\u00bboff\u00bb button_one_border_width__hover_enabled=\u00bboff\u00bb button_two_border_width__hover_enabled=\u00bboff\u00bb button_border_color__hover_enabled=\u00bboff\u00bb button_one_border_color__hover_enabled=\u00bboff\u00bb button_two_border_color__hover_enabled=\u00bboff\u00bb button_border_radius__hover_enabled=\u00bboff\u00bb button_one_border_radius__hover_enabled=\u00bboff\u00bb button_two_border_radius__hover_enabled=\u00bboff\u00bb button_letter_spacing__hover_enabled=\u00bboff\u00bb button_one_letter_spacing__hover_enabled=\u00bboff\u00bb button_two_letter_spacing__hover_enabled=\u00bboff\u00bb button_bg_color__hover_enabled=\u00bboff\u00bb button_one_bg_color__hover_enabled=\u00bboff\u00bb button_two_bg_color__hover_enabled=\u00bboff\u00bb][\/et_pb_contact_field][\/et_pb_contact_form][et_pb_text module_class=\u00bbshowinie11&#8243; _builder_version=\u00bb4.16&#8243; _module_preset=\u00bbdefault\u00bb global_colors_info=\u00bb{}\u00bb]<\/p>\n<p>P\u00f3ngase en contacto con nosotros: <a href=\"mailto:contact-management@thervacb.eu\">contact-management@thervacb.eu<\/a><\/p>\n<p>[\/et_pb_text][\/et_pb_column][\/et_pb_row][\/et_pb_section]<\/p>\n","protected":false},"excerpt":{"rendered":"<p>Contacte conCoordinador de proyectosProf. Ulrike ProtzerDra. Marian Wiegand Helmholtz Zentrum M\u00fcnchenOficina de proyectos \/ Medios de comunicaci\u00f3nTanja Oster, M.A. PNO Innovation GmbH (antes ARTTIC Innovation) Canales de medios socialesP\u00f3ngase en contacto con nosotros: contact-management@thervacb.eu<\/p>\n","protected":false},"author":4,"featured_media":0,"parent":0,"menu_order":31,"comment_status":"closed","ping_status":"closed","template":"","meta":{"_et_pb_use_builder":"on","_et_pb_old_content":"","_et_gb_content_width":"","_monsterinsights_skip_tracking":false,"_monsterinsights_sitenote_active":false,"_monsterinsights_sitenote_note":"","_monsterinsights_sitenote_category":0,"footnotes":"","_links_to":"","_links_to_target":""},"class_list":["post-2976","page","type-page","status-publish","hentry"],"aioseo_notices":[],"_links":{"self":[{"href":"https:\/\/www.thervacb.eu\/es\/wp-json\/wp\/v2\/pages\/2976","targetHints":{"allow":["GET"]}}],"collection":[{"href":"https:\/\/www.thervacb.eu\/es\/wp-json\/wp\/v2\/pages"}],"about":[{"href":"https:\/\/www.thervacb.eu\/es\/wp-json\/wp\/v2\/types\/page"}],"author":[{"embeddable":true,"href":"https:\/\/www.thervacb.eu\/es\/wp-json\/wp\/v2\/users\/4"}],"replies":[{"embeddable":true,"href":"https:\/\/www.thervacb.eu\/es\/wp-json\/wp\/v2\/comments?post=2976"}],"version-history":[{"count":9,"href":"https:\/\/www.thervacb.eu\/es\/wp-json\/wp\/v2\/pages\/2976\/revisions"}],"predecessor-version":[{"id":13052,"href":"https:\/\/www.thervacb.eu\/es\/wp-json\/wp\/v2\/pages\/2976\/revisions\/13052"}],"wp:attachment":[{"href":"https:\/\/www.thervacb.eu\/es\/wp-json\/wp\/v2\/media?parent=2976"}],"curies":[{"name":"wp","href":"https:\/\/api.w.org\/{rel}","templated":true}]}}