{"id":3004,"date":"2021-02-08T08:21:58","date_gmt":"2021-02-08T08:21:58","guid":{"rendered":"https:\/\/www.thervacb.eu\/socio-rfh\/"},"modified":"2025-06-16T10:43:58","modified_gmt":"2025-06-16T09:43:58","slug":"socio-rfh","status":"publish","type":"page","link":"https:\/\/www.thervacb.eu\/es\/equipo\/socio-rfh\/","title":{"rendered":"Socio RFH"},"content":{"rendered":"<p>[et_pb_section fb_built=\u00bb1&#8243; fullwidth=\u00bbon\u00bb _builder_version=\u00bb4.2.2&#8243; da_disable_devices=\u00bboff|off|off\u00bb global_module=\u00bb539&#8243; saved_tabs=\u00bball\u00bb da_is_popup=\u00bboff\u00bb da_exit_intent=\u00bboff\u00bb da_has_close=\u00bbon\u00bb da_alt_close=\u00bboff\u00bb da_dark_close=\u00bboff\u00bb da_not_modal=\u00bbon\u00bb da_is_singular=\u00bboff\u00bb da_with_loader=\u00bboff\u00bb da_has_shadow=\u00bbon\u00bb][et_pb_map_fullwidth_extended address=\u00bbParis, France\u00bb zoom_level=\u00bb2&#8243; address_lat=\u00bb43.762201679538&#8243; address_lng=\u00bb5.1647219&#8243; mobile_dragging=\u00bboff\u00bb map_type_control_position=\u00bbLEFT_CENTER\u00bb streetview_control_position=\u00bbLEFT_BOTTOM\u00bb info_window_width=\u00bb300px\u00bb map_type=\u00bb2&#8243; _builder_version=\u00bb4.4.3&#8243; title_text_color=\u00bb#1c9080&#8243; title_font_size=\u00bb24px\u00bb content_text_color=\u00bb#666666&#8243; content_font_size=\u00bb18px\u00bb][et_pb_map_pin_extended title=\u00bbLMU\u00bb pin_address=\u00bbGESCHWISTER SCHOLL PLATZ 1, 80539 M\u00fcnchen,\u00bb pin_address_lat=\u00bb48.1540685&#8243; pin_address_lng=\u00bb11.5823284&#8243; pin_fill_color=\u00bb#2d788c\u00bb pin_stroke_color=\u00bb#06423a\u00bb pin_circle_color=\u00bb#ffffff\u00bb _builder_version=\u00bb4.4.3&#8243;]<\/p>\n<p><a href=\"https:\/\/www.thervacb.eu\/team\/partner-lmu\/\" title=\"LMU\"><img loading=\"lazy\" decoding=\"async\" src=\"https:\/\/www.thervacb.eu\/wp-content\/uploads\/lmu-logo.png\" alt=\"LMU\" class=\"wp-image-763 size-full\" width=\"204\" height=\"57\" \/><\/a> <\/p>\n<p>[\/et_pb_map_pin_extended][et_pb_map_pin_extended title=\u00bbCTC North\u00bb pin_address=\u00bbMartinistra\u00dfe 64, 20251 Hamburg, Deutschland\u00bb pin_address_lat=\u00bb53.5898297&#8243; pin_address_lng=\u00bb9.9736084&#8243; pin_fill_color=\u00bb#2d788c\u00bb pin_stroke_color=\u00bb#06423a\u00bb pin_circle_color=\u00bb#ffffff\u00bb _builder_version=\u00bb4.4.3&#8243;]<\/p>\n<p><a href=\"https:\/\/www.thervacb.eu\/team\/\" title=\"CTC North\"><img loading=\"lazy\" decoding=\"async\" src=\"https:\/\/www.thervacb.eu\/wp-content\/uploads\/151204-ctc-logo-cmyk-400x114.png\" alt=\"\" class=\"wp-image-523 aligncenter size-medium\" width=\"200\" height=\"57\" srcset=\"https:\/\/www.thervacb.eu\/wp-content\/uploads\/151204-ctc-logo-cmyk-400x116.png 400w, https:\/\/www.thervacb.eu\/wp-content\/uploads\/151204-ctc-logo-cmyk.png 406w\" sizes=\"auto, (max-width: 200px) 100vw, 200px\" \/><\/a><\/p>\n<p>[\/et_pb_map_pin_extended][et_pb_map_pin_extended title=\u00bbFundaci\u00f3 Cl\u00ednic per a la Recerca Biom\u00e8dica\u00bb pin_address=\u00bbCarrer del Rossell\u00f3, 149, 08036 Barcelona, Spanien\u00bb pin_address_lat=\u00bb41.3885899&#8243; pin_address_lng=\u00bb2.1508862&#8243; pin_fill_color=\u00bb#2d788c\u00bb pin_stroke_color=\u00bb#06423a\u00bb pin_circle_color=\u00bb#ffffff\u00bb _builder_version=\u00bb4.4.2&#8243;]<\/p>\n<p><a href=\"https:\/\/www.thervacb.eu\/team\/partner-fcrb\/\" title=\"Clinic Barcelona\"><img loading=\"lazy\" decoding=\"async\" src=\"https:\/\/www.thervacb.eu\/wp-content\/uploads\/clinic-barcelona-logo.png\" alt=\"Clinic Barcelona\" class=\"wp-image-758 size-full\" width=\"200\" height=\"126\" \/><\/a><\/p>\n<p>[\/et_pb_map_pin_extended][et_pb_map_pin_extended title=\u00bbHelmholtz Zentrum M\u00fcnchen\u00bb pin_address=\u00bbIngolst\u00e4dter Landstra\u00dfe 1, 85764 Oberschlei\u00dfheim, Deutschland\u00bb pin_address_lat=\u00bb48.2208172&#8243; pin_address_lng=\u00bb11.5871674&#8243; pin_fill_color=\u00bb#2d788c\u00bb pin_stroke_color=\u00bb#06423a\u00bb pin_circle_color=\u00bb#ffffff\u00bb _builder_version=\u00bb4.4.1&#8243;]<\/p>\n<p><a href=\"https:\/\/www.thervacb.eu\/team\/partner-hmgu\/\" title=\"Helmholtz Zentrum M\u00fcnchen\"><img loading=\"lazy\" decoding=\"async\" src=\"https:\/\/www.thervacb.eu\/wp-content\/uploads\/helmholzzentrum-logo.png\" alt=\"Helmholtz Zentrum M\u00fcnchen\" class=\"wp-image-760 size-full\" width=\"236\" height=\"50\" \/><\/a><\/p>\n<p>[\/et_pb_map_pin_extended][et_pb_map_pin_extended title=\u00bbHelmholtz Zentrum f\u00fcr Infektionsforschung GmbH\u00bb pin_address=\u00bbInhoffenstra\u00dfe 7, 38124 Braunschweig, Deutschland\u00bb pin_address_lat=\u00bb52.2109803&#8243; pin_address_lng=\u00bb10.5314925&#8243; pin_fill_color=\u00bb#2d788c\u00bb pin_stroke_color=\u00bb#06423a\u00bb pin_circle_color=\u00bb#ffffff\u00bb _builder_version=\u00bb4.4.2&#8243;]<a href=\"https:\/\/www.thervacb.eu\/team\/partner-hzi\/\" title=\"Helmholtz-Zentrum f\u00fcr Infektionsforschung GmbH (HZI)\"><img loading=\"lazy\" decoding=\"async\" src=\"https:\/\/www.thervacb.eu\/wp-content\/uploads\/hzi-logo-400x133.png\" alt=\"\" class=\"wp-image-525 alignleft size-medium\" width=\"200\" height=\"66\" srcset=\"https:\/\/www.thervacb.eu\/wp-content\/uploads\/hzi-logo-400x133.png 400w, https:\/\/www.thervacb.eu\/wp-content\/uploads\/hzi-logo.png 406w\" sizes=\"auto, (max-width: 200px) 100vw, 200px\" \/><\/a>[\/et_pb_map_pin_extended][et_pb_map_pin_extended title=\u00bbMedizinische Hochschule Hannover\u00bb pin_address=\u00bbCarl-Neuberg-Stra\u00dfe 1, 30625 Hannover, Deutschland\u00bb pin_address_lat=\u00bb52.3834749&#8243; pin_address_lng=\u00bb9.8047999&#8243; pin_fill_color=\u00bb#2d788c\u00bb pin_stroke_color=\u00bb#06423a\u00bb pin_circle_color=\u00bb#ffffff\u00bb _builder_version=\u00bb4.4.1&#8243;]<\/p>\n<p><a href=\"https:\/\/www.thervacb.eu\/team\/partner-mhh\/\" title=\"Medizinische Hochschule Hannover\"><img loading=\"lazy\" decoding=\"async\" src=\"https:\/\/www.thervacb.eu\/wp-content\/uploads\/mhh-logo.png\" alt=\"MHH\" class=\"wp-image-765 size-full\" width=\"220\" height=\"38\" \/><\/a><\/p>\n<p>[\/et_pb_map_pin_extended][et_pb_map_pin_extended title=\u00bb NIMR-Mbeya Medical Research Center\u00bb pin_address=\u00bbHospital Hill Rd, Mbeya, Tansania\u00bb pin_address_lat=\u00bb-8.8892372&#8243; pin_address_lng=\u00bb33.4397813&#8243; pin_fill_color=\u00bb#2d788c\u00bb pin_stroke_color=\u00bb#06423a\u00bb pin_circle_color=\u00bb#ffffff\u00bb _builder_version=\u00bb4.4.1&#8243;]<\/p>\n<p><a href=\"https:\/\/www.thervacb.eu\/team\/partner-nimr\/\" title=\" NIMR-Mbeya Medical Research Center\"><img loading=\"lazy\" decoding=\"async\" src=\"https:\/\/www.thervacb.eu\/wp-content\/uploads\/nimr-mmrc-logo-g.png\" alt=\"National Institute for Medical Research\" class=\"wp-image-600 size-full\" width=\"200\" height=\"200\" srcset=\"https:\/\/www.thervacb.eu\/wp-content\/uploads\/nimr-mmrc-logo-g.png 200w, https:\/\/www.thervacb.eu\/wp-content\/uploads\/nimr-mmrc-logo-g-150x150.png 150w\" sizes=\"auto, (max-width: 200px) 100vw, 200px\" \/><\/a><\/p>\n<p>[\/et_pb_map_pin_extended][et_pb_map_pin_extended title=\u00bbTechnische Universit\u00e4t M\u00fcnchen\u00bb pin_address=\u00bbArcisstra\u00dfe 21, 80333 M\u00fcnchen, Deutschland\u00bb pin_address_lat=\u00bb48.1486686&#8243; pin_address_lng=\u00bb11.5685941&#8243; pin_fill_color=\u00bb#2d788c\u00bb pin_stroke_color=\u00bb#06423a\u00bb pin_circle_color=\u00bb#ffffff\u00bb _builder_version=\u00bb4.4.1&#8243;]<\/p>\n<p><a href=\"https:\/\/www.thervacb.eu\/team\/partner-tum\/\" title=\"Technische Universit\u00e4t M\u00fcnchen\"><img loading=\"lazy\" decoding=\"async\" src=\"https:\/\/www.thervacb.eu\/wp-content\/uploads\/tum-logo.png\" alt=\"TUM\" class=\"wp-image-768 size-full\" width=\"200\" height=\"67\" \/><\/a> <\/p>\n<p>[\/et_pb_map_pin_extended][et_pb_map_pin_extended title=\u00bbUNIVERSITY COLLEGE LONDON\u00bb pin_address=\u00bbGOWER STREET, WC1E 6BT London\u00bb pin_address_lat=\u00bb51.5233687&#8243; pin_address_lng=\u00bb-0.135766&#8243; pin_fill_color=\u00bb#2d788c\u00bb pin_stroke_color=\u00bb#06423a\u00bb pin_circle_color=\u00bb#ffffff\u00bb _builder_version=\u00bb4.4.3&#8243;]<\/p>\n<p><a href=\"https:\/\/www.thervacb.eu\/team\/partner-ucl\/\" title=\"UNIVERSITY COLLEGE LONDON\"><img loading=\"lazy\" decoding=\"async\" src=\"https:\/\/www.thervacb.eu\/wp-content\/uploads\/ucl-logo.png\" alt=\"UCL\" class=\"wp-image-770 size-full\" width=\"200\" height=\"59\" \/><\/a><\/p>\n<p>[\/et_pb_map_pin_extended][et_pb_map_pin_extended title=\u00bbARTTIC SAS\u00bb pin_address=\u00bb58a Rue du Dessous des Berges, 75013 Paris, Frankreich\u00bb pin_address_lat=\u00bb48.827405&#8243; pin_address_lng=\u00bb2.3743052&#8243; pin_fill_color=\u00bb#2d788c\u00bb pin_stroke_color=\u00bb#06423a\u00bb pin_circle_color=\u00bb#ffffff\u00bb _builder_version=\u00bb4.4.1&#8243;]<\/p>\n<p><a href=\"https:\/\/www.thervacb.eu\/team\/arttic\/\" title=\"ARTTIC\"><img loading=\"lazy\" decoding=\"async\" src=\"https:\/\/www.thervacb.eu\/wp-content\/uploads\/arttic-logo-400x200.png\" alt=\"\" class=\"wp-image-524 alignleft size-medium\" width=\"200\" height=\"100\" srcset=\"https:\/\/www.thervacb.eu\/wp-content\/uploads\/arttic-logo-400x200.png 400w, https:\/\/www.thervacb.eu\/wp-content\/uploads\/arttic-logo.png 406w\" sizes=\"auto, (max-width: 200px) 100vw, 200px\" \/><\/a><\/p>\n<p>[\/et_pb_map_pin_extended][et_pb_map_pin_extended title=\u00bbKlinikum Rechts der Isar der Technischen Universit\u00e4t M\u00fcnchen\u00bb pin_address=\u00bbH\u00f6rsaal A, Klinikum rechts der Isar, Ismaninger Str. 22, 81675 M\u00fcnchen, Deutschland\u00bb pin_address_lat=\u00bb48.1360041&#8243; pin_address_lng=\u00bb11.5997829&#8243; pin_fill_color=\u00bb#2d788c\u00bb pin_stroke_color=\u00bb#06423a\u00bb pin_circle_color=\u00bb#ffffff\u00bb _builder_version=\u00bb4.4.1&#8243;]<\/p>\n<p><a href=\"https:\/\/www.thervacb.eu\/team\/partner-tum-med\/\"><img loading=\"lazy\" decoding=\"async\" src=\"https:\/\/www.thervacb.eu\/wp-content\/uploads\/logo-mri-tum-400x118.png\" alt=\"\" class=\"wp-image-521 aligncenter size-medium\" style=\"float: left;\" width=\"200\" height=\"59\" srcset=\"https:\/\/www.thervacb.eu\/wp-content\/uploads\/logo-mri-tum-400x120.png 400w, https:\/\/www.thervacb.eu\/wp-content\/uploads\/logo-mri-tum.png 406w\" sizes=\"auto, (max-width: 200px) 100vw, 200px\" \/><\/a><\/p>\n<p>[\/et_pb_map_pin_extended][et_pb_map_pin_extended title=\u00bbUniversit\u00e4tsklinikum Hamburg-Eppendorf \u00bb pin_address=\u00bbMartinistra\u00dfe 52, 20251 Hamburg, Deutschland\u00bb pin_address_lat=\u00bb53.5902421&#8243; pin_address_lng=\u00bb9.9785922&#8243; pin_fill_color=\u00bb#2d788c\u00bb pin_stroke_color=\u00bb#06423a\u00bb pin_circle_color=\u00bb#ffffff\u00bb _builder_version=\u00bb4.4.1&#8243;]<\/p>\n<p><a href=\"https:\/\/www.thervacb.eu\/team\/partner-uke\/\" title=\"University Medical Center Hamburg-Eppendorf, I. Department of Internal Medicin\"><img loading=\"lazy\" decoding=\"async\" src=\"https:\/\/www.thervacb.eu\/wp-content\/uploads\/uke-hamburg.png\" alt=\"University Medical Center Hamburg-Eppendorf, I. Department of Internal Medicin\" title=\"University Medical Center Hamburg-Eppendorf, I. Department of Internal Medicin\" class=\"wp-image-1057 aligncenter size-full\" style=\"float: left;\" width=\"195\" height=\"169\" \/><\/a><\/p>\n<p>[\/et_pb_map_pin_extended][et_pb_map_pin_extended title=\u00bbUniversit\u00e1 degli Studi di Parma\u00bb pin_address=\u00bbStr. dell&#8217;Universit\u00e0, 12, 43121 Parma PR, Italien\u00bb pin_address_lat=\u00bb44.8012357&#8243; pin_address_lng=\u00bb10.3255389&#8243; pin_fill_color=\u00bb#2d788c\u00bb pin_stroke_color=\u00bb#06423a\u00bb pin_circle_color=\u00bb#ffffff\u00bb _builder_version=\u00bb4.4.1&#8243;]<a href=\"https:\/\/www.thervacb.eu\/team\/partner-aop-new\/\"><img loading=\"lazy\" decoding=\"async\" class=\"wp-image-520 aligncenter size-medium\" src=\"https:\/\/www.thervacb.eu\/wp-content\/uploads\/logo-azienda-ospedaliero-universitaria-di-parma-1-400x82.png\" alt=\"\" width=\"200\" height=\"41\" srcset=\"https:\/\/www.thervacb.eu\/wp-content\/uploads\/logo-azienda-ospedaliero-universitaria-di-parma-1-400x83.png 400w, https:\/\/www.thervacb.eu\/wp-content\/uploads\/logo-azienda-ospedaliero-universitaria-di-parma-1.png 406w\" sizes=\"auto, (max-width: 200px) 100vw, 200px\" \/><\/a>[\/et_pb_map_pin_extended][et_pb_map_pin_extended title=\u00bbUniversit\u00e4t Leipzig\u00bb pin_address=\u00bbRitterstra\u00dfe 26, 04109 Leipzig, Deutschland\u00bb pin_address_lat=\u00bb51.3412809&#8243; pin_address_lng=\u00bb12.3802676&#8243; pin_fill_color=\u00bb#2d788c\u00bb pin_stroke_color=\u00bb#06423a\u00bb pin_circle_color=\u00bb#ffffff\u00bb _builder_version=\u00bb4.3.4&#8243;][\/et_pb_map_pin_extended][et_pb_map_pin_extended title=\u00bbBarts Health NHS Trust\u00bb pin_address=\u00bbCo-operative Bank Plc, 9 Prescot St, Whitechapel, London E1 8AZ, Vereinigtes K\u00f6nigreich\u00bb zoom_level=\u00bb5&#8243; pin_address_lat=\u00bb51.5115034&#8243; pin_address_lng=\u00bb-0.0706499&#8243; pin_fill_color=\u00bb#2d788c\u00bb pin_stroke_color=\u00bb#06423a\u00bb pin_circle_color=\u00bb#ffffff\u00bb _builder_version=\u00bb4.4.3&#8243;][\/et_pb_map_pin_extended][et_pb_map_pin_extended title=\u00bbRoyal Free London NHS Foundation Trust\u00bb pin_address=\u00bbPond St, Hampstead, London NW3 2QG, Vereinigtes K\u00f6nigreich\u00bb pin_address_lat=\u00bb51.5537706&#8243; pin_address_lng=\u00bb-0.1672142&#8243; pin_fill_color=\u00bb#2d788c\u00bb pin_stroke_color=\u00bb#06423a\u00bb pin_circle_color=\u00bb#ffffff\u00bb _builder_version=\u00bb4.3.4&#8243;][\/et_pb_map_pin_extended][\/et_pb_map_fullwidth_extended][\/et_pb_section][et_pb_section fb_built=\u00bb1&#8243; _builder_version=\u00bb4.3.1&#8243; da_disable_devices=\u00bboff|off|off\u00bb da_is_popup=\u00bboff\u00bb da_exit_intent=\u00bboff\u00bb da_has_close=\u00bbon\u00bb da_alt_close=\u00bboff\u00bb da_dark_close=\u00bboff\u00bb da_not_modal=\u00bbon\u00bb da_is_singular=\u00bboff\u00bb da_with_loader=\u00bboff\u00bb da_has_shadow=\u00bbon\u00bb][et_pb_row column_structure=\u00bb3_4,1_4&#8243; _builder_version=\u00bb4.3.2&#8243;][et_pb_column type=\u00bb3_4&#8243; _builder_version=\u00bb4.3.1&#8243;][et_pb_text _builder_version=\u00bb4.4.4&#8243;]<\/p>\n<h1>Royal Free London NHS Foundation Trust<\/h1>\n<h2><\/h2>\n<h2>Informaci\u00f3n general<\/h2>\n<p>El Royal Free London NHS Foundation Trust es uno de los principales centros del mundo para el tratamiento de todos los aspectos de las enfermedades hep\u00e1ticas. La Unidad del H\u00edgado, creada por Dame Sheila Sherlock, ha formado a muchos de los principales hepat\u00f3logos del mundo. El Royal Free Hospital de Hampstead alberga el programa de trasplantes de h\u00edgado que realiza m\u00e1s de 100 trasplantes al a\u00f1o. El Servicio de Hepatitis Viral (dirigido durante 10 a\u00f1os por el co-solicitante) es el principal centro del Reino Unido para el tratamiento de la infecci\u00f3n por el VHC y el VHB, y alberga la Red Operativa de Hepatitis Viral del Centro Norte de Londres, que comprende 5 hospitales asociados, 2 prisiones y casi 50 servicios comunitarios.<br \/>  Desde 1998, el Royal Free forma parte de la Facultad de Medicina de la UCL. El Departamento de Hepatolog\u00eda del NHS y el Instituto de Salud Hep\u00e1tica y Digestiva de la UCL trabajan en estrecha colaboraci\u00f3n con el Instituto de Inmunidad y Trasplantes de la UCL.<\/p>\n<p>[\/et_pb_text][\/et_pb_column][et_pb_column type=\u00bb1_4&#8243; _builder_version=\u00bb4.3.2&#8243; background_enable_color=\u00bboff\u00bb use_background_color_gradient=\u00bbon\u00bb background_color_gradient_start=\u00bbrgba(0,0,0,0)\u00bb background_color_gradient_end=\u00bbrgba(92,189,217,0.25)\u00bb background_enable_image=\u00bboff\u00bb background_size=\u00bbinitial\u00bb background_position=\u00bbtop_left\u00bb custom_padding=\u00bb10px|10px|10px|10px|false|false\u00bb border_radii=\u00bbon|10px|10px|10px|10px\u00bb border_width_all=\u00bb2px\u00bb border_color_all=\u00bb#5cbdd9&#8243;][et_pb_image src=\u00bbhttps:\/\/www.thervacb.eu\/wp-content\/uploads\/Royal-Free-London-NHS-Foundation-Trust.png\u00bb alt=\u00bbRoyal Free London NHS Foundation Trust\u00bb title_text=\u00bbRoyal Free London NHS Foundation Trust\u00bb _builder_version=\u00bb4.4.4&#8243;][\/et_pb_image][et_pb_text _builder_version=\u00bb4.4.6&#8243; max_width=\u00bb100%\u00bb module_alignment=\u00bbleft\u00bb hover_enabled=\u00bb0&#8243;]<\/p>\n<p><strong>Royal Free London NHS Foundation Trust<br \/> <\/strong><\/p>\n<p>Pond Street Hampstead<br \/>  Londres NW3 2QG<br \/>  Reino Unido<\/p>\n<p><a href=\"https:\/\/www.royalfree.nhs.uk\/\" target=\"_blank\" rel=\"noopener noreferrer\" title=\"Royal Free London NHS Foundation Trust\">https:\/\/www.royalfree.nhs.uk\/<\/a><\/p>\n<p>[\/et_pb_text][\/et_pb_column][\/et_pb_row][et_pb_row _builder_version=\u00bb4.4.2&#8243;][et_pb_column type=\u00bb4_4&#8243; _builder_version=\u00bb4.4.2&#8243;][et_pb_text _builder_version=\u00bb4.4.2&#8243;]<\/p>\n<h2>Funci\u00f3n en TherVacB<\/h2>\n<p>El Royal Free London NHS Foundation Trust dirigir\u00e1 el ensayo cl\u00ednico de THERVACB en el centro Royal Free.<\/p>\n<p>&nbsp;<\/p>\n<p>[\/et_pb_text][\/et_pb_column][\/et_pb_row][et_pb_row _builder_version=\u00bb4.4.2&#8243; custom_padding=\u00bb||0px|||\u00bb][et_pb_column type=\u00bb4_4&#8243; _builder_version=\u00bb4.4.2&#8243;][et_pb_text _builder_version=\u00bb4.4.2&#8243; custom_margin=\u00bb-45px|||||\u00bb custom_padding=\u00bb0px|||||\u00bb]<\/p>\n<h2>Personal del proyecto<\/h2>\n<p>[\/et_pb_text][\/et_pb_column][\/et_pb_row][et_pb_row column_structure=\u00bb1_2,1_2&#8243; _builder_version=\u00bb4.4.2&#8243;][et_pb_column type=\u00bb1_2&#8243; _builder_version=\u00bb4.4.2&#8243;][et_pb_team_member name=\u00bbWilliam Rosenberg\u00bb position=\u00bbProfesor de Enfermedades Hep\u00e1ticas\u00bb image_url=\u00bbhttps:\/\/www.thervacb.eu\/wp-content\/uploads\/rfh_william-rosenberg-2.jpg\u00bb _builder_version=\u00bb4.4.6&#8243; header_text_align=\u00bbcenter\u00bb position_text_align=\u00bbcenter\u00bb position_line_height=\u00bb2em\u00bb text_orientation=\u00bbleft\u00bb custom_padding=\u00bb40px|20px|20px|20px|false|false\u00bb custom_css_member_image=\u00bb-webkit-clip-path: circle(45% at 50% 68%);||clip-path: circle(43% at 50% 68%);||margin-top:-20px;||height:160px;||margin-left: auto;||margin-right: auto;||\u00bb custom_css_member_description=\u00bbmargin-top:80px\u00bb border_radii=\u00bbon|10px|10px|10px|10px\u00bb box_shadow_style=\u00bbpreset1&#8243;][\/et_pb_team_member][\/et_pb_column][et_pb_column type=\u00bb1_2&#8243; _builder_version=\u00bb4.4.2&#8243;][\/et_pb_column][\/et_pb_row][\/et_pb_section]<\/p>\n","protected":false},"excerpt":{"rendered":"<p>Royal Free London NHS Foundation Trust Informaci\u00f3n general El Royal Free London NHS Foundation Trust es uno de los principales centros del mundo para el tratamiento de todos los aspectos de las enfermedades hep\u00e1ticas. La Unidad del H\u00edgado, creada por Dame Sheila Sherlock, ha formado a muchos de los principales hepat\u00f3logos del mundo. El Royal [&hellip;]<\/p>\n","protected":false},"author":4,"featured_media":0,"parent":3020,"menu_order":12,"comment_status":"closed","ping_status":"closed","template":"","meta":{"_et_pb_use_builder":"on","_et_pb_old_content":"","_et_gb_content_width":"","_monsterinsights_skip_tracking":false,"_monsterinsights_sitenote_active":false,"_monsterinsights_sitenote_note":"","_monsterinsights_sitenote_category":0,"footnotes":"","_links_to":"","_links_to_target":""},"class_list":["post-3004","page","type-page","status-publish","hentry"],"aioseo_notices":[],"_links":{"self":[{"href":"https:\/\/www.thervacb.eu\/es\/wp-json\/wp\/v2\/pages\/3004","targetHints":{"allow":["GET"]}}],"collection":[{"href":"https:\/\/www.thervacb.eu\/es\/wp-json\/wp\/v2\/pages"}],"about":[{"href":"https:\/\/www.thervacb.eu\/es\/wp-json\/wp\/v2\/types\/page"}],"author":[{"embeddable":true,"href":"https:\/\/www.thervacb.eu\/es\/wp-json\/wp\/v2\/users\/4"}],"replies":[{"embeddable":true,"href":"https:\/\/www.thervacb.eu\/es\/wp-json\/wp\/v2\/comments?post=3004"}],"version-history":[{"count":1,"href":"https:\/\/www.thervacb.eu\/es\/wp-json\/wp\/v2\/pages\/3004\/revisions"}],"predecessor-version":[{"id":12562,"href":"https:\/\/www.thervacb.eu\/es\/wp-json\/wp\/v2\/pages\/3004\/revisions\/12562"}],"up":[{"embeddable":true,"href":"https:\/\/www.thervacb.eu\/es\/wp-json\/wp\/v2\/pages\/3020"}],"wp:attachment":[{"href":"https:\/\/www.thervacb.eu\/es\/wp-json\/wp\/v2\/media?parent=3004"}],"curies":[{"name":"wp","href":"https:\/\/api.w.org\/{rel}","templated":true}]}}