{"id":3005,"date":"2021-02-08T08:21:58","date_gmt":"2021-02-08T08:21:58","guid":{"rendered":"https:\/\/www.thervacb.eu\/proyecto\/"},"modified":"2025-01-14T13:06:18","modified_gmt":"2025-01-14T13:06:18","slug":"proyecto","status":"publish","type":"page","link":"https:\/\/www.thervacb.eu\/es\/proyecto\/","title":{"rendered":"Proyecto"},"content":{"rendered":"<p>[et_pb_section fb_built=\u00bb1&#8243; fullwidth=\u00bbon\u00bb _builder_version=\u00bb4.16&#8243; da_disable_devices=\u00bboff|off|off\u00bb global_colors_info=\u00bb{}\u00bb da_is_popup=\u00bboff\u00bb da_exit_intent=\u00bboff\u00bb da_has_close=\u00bbon\u00bb da_alt_close=\u00bboff\u00bb da_dark_close=\u00bboff\u00bb da_not_modal=\u00bbon\u00bb da_is_singular=\u00bboff\u00bb da_with_loader=\u00bboff\u00bb da_has_shadow=\u00bbon\u00bb][et_pb_fullwidth_slider use_text_overlay=\u00bbon\u00bb text_overlay_color=\u00bbrgba(6,66,58,0.25)\u00bb _builder_version=\u00bb4.16&#8243; custom_padding=\u00bb83px||65px|||\u00bb auto=\u00bbon\u00bb auto_ignore_hover=\u00bbon\u00bb global_colors_info=\u00bb{}\u00bb][et_pb_slide heading=\u00bbAbout TherVacB\u00bb use_bg_overlay=\u00bboff\u00bb use_text_overlay=\u00bbon\u00bb arrows_custom_color=\u00bb#2d788c\u00bb dot_nav_custom_color=\u00bb#2d788c\u00bb text_border_radius=\u00bb10px\u00bb _builder_version=\u00bb4.16&#8243; header_font=\u00bb|700|||||||\u00bb header_text_align=\u00bbcenter\u00bb body_text_align=\u00bbcenter\u00bb background_enable_color=\u00bboff\u00bb use_background_color_gradient=\u00bbon\u00bb background_color_gradient_direction=\u00bb90deg\u00bb background_color_gradient_stops=\u00bbrgba(0,0,0,0) 0%|rgba(0,0,0,0) 100%\u00bb background_color_gradient_overlays_image=\u00bbon\u00bb background_color_gradient_start=\u00bbrgba(0,0,0,0)\u00bb background_color_gradient_end=\u00bbrgba(0,0,0,0)\u00bb background_image=\u00bbhttps:\/\/www.thervacb.eu\/wp-content\/uploads\/3d-objects-of-hepatitis-b-viruses-in-abstract-plasma.jpg\u00bb background_enable_image=\u00bbon\u00bb text_orientation=\u00bbcenter\u00bb header_text_shadow_style=\u00bbpreset1&#8243; header_text_shadow_color=\u00bb#706f6f\u00bb body_text_shadow_style=\u00bbpreset1&#8243; body_text_shadow_color=\u00bb#706f6f\u00bb text_shadow_style=\u00bbpreset1&#8243; text_shadow_color=\u00bb#706f6f\u00bb global_colors_info=\u00bb{}\u00bb sticky_transition=\u00bbon\u00bb]<\/p>\n<p>Nuevo concepto para combatir la hepatitis B cr\u00f3nica<\/p>\n<p>[\/et_pb_slide][\/et_pb_fullwidth_slider][\/et_pb_section][et_pb_section fb_built=\u00bb1&#8243; _builder_version=\u00bb4.16&#8243; da_disable_devices=\u00bboff|off|off\u00bb global_colors_info=\u00bb{}\u00bb da_is_popup=\u00bboff\u00bb da_exit_intent=\u00bboff\u00bb da_has_close=\u00bbon\u00bb da_alt_close=\u00bboff\u00bb da_dark_close=\u00bboff\u00bb da_not_modal=\u00bbon\u00bb da_is_singular=\u00bboff\u00bb da_with_loader=\u00bboff\u00bb da_has_shadow=\u00bbon\u00bb][et_pb_row column_structure=\u00bb1_4,1_4,1_4,1_4&#8243; custom_padding_last_edited=\u00bbon|tablet\u00bb _builder_version=\u00bb4.16&#8243; custom_padding_tablet=\u00bb|5px||5px|false|false\u00bb custom_padding_phone=\u00bb\u00bb global_colors_info=\u00bb{}\u00bb][et_pb_column type=\u00bb1_4&#8243; _builder_version=\u00bb4.16&#8243; global_colors_info=\u00bb{}\u00bb][et_pb_blurb title=\u00bbNuestra misi\u00f3n\u00bb url=\u00bb#mission\u00bb use_icon=\u00bbon\u00bb font_icon=\u00bb&#xe0f5;||divi||400&#8243; _builder_version=\u00bb4.16&#8243; header_level=\u00bbh2&#8243; header_text_align=\u00bbcenter\u00bb header_text_color=\u00bb#1c9080&#8243; background_enable_image=\u00bboff\u00bb custom_padding=\u00bb20px||20px||false|false\u00bb animation_style=\u00bbslide\u00bb animation_direction=\u00bbbottom\u00bb border_radii=\u00bbon|30px|30px|30px|30px\u00bb box_shadow_style=\u00bbpreset1&#8243; box_shadow_blur=\u00bb8px\u00bb global_colors_info=\u00bb{}\u00bb transform_styles__hover_enabled=\u00bbon|hover\u00bb transform_scale__hover_enabled=\u00bbon|hover\u00bb transform_translate__hover_enabled=\u00bbon|desktop\u00bb transform_rotate__hover_enabled=\u00bbon|desktop\u00bb transform_skew__hover_enabled=\u00bbon|desktop\u00bb transform_origin__hover_enabled=\u00bbon|desktop\u00bb transform_scale__hover=\u00bb105%|105%\u00bb][\/et_pb_blurb][\/et_pb_column][et_pb_column type=\u00bb1_4&#8243; _builder_version=\u00bb4.16&#8243; global_colors_info=\u00bb{}\u00bb][et_pb_blurb title=\u00bbNuestro enfoque\u00bb url=\u00bb#approach\u00bb use_icon=\u00bbon\u00bb font_icon=\u00bb&#xf6f1;||fa||900&#8243; _builder_version=\u00bb4.21.0&#8243; header_level=\u00bbh2&#8243; header_text_align=\u00bbcenter\u00bb header_text_color=\u00bb#1c9080&#8243; background_enable_image=\u00bboff\u00bb custom_padding=\u00bb20px||20px||false|false\u00bb animation_style=\u00bbslide\u00bb animation_direction=\u00bbbottom\u00bb animation_delay=\u00bb200ms\u00bb border_radii=\u00bbon|30px|30px|30px|30px\u00bb box_shadow_style=\u00bbpreset1&#8243; box_shadow_blur=\u00bb8px\u00bb global_colors_info=\u00bb{}\u00bb transform_styles__hover_enabled=\u00bbon|hover\u00bb transform_scale__hover_enabled=\u00bbon|hover\u00bb transform_translate__hover_enabled=\u00bbon|desktop\u00bb transform_rotate__hover_enabled=\u00bbon|desktop\u00bb transform_skew__hover_enabled=\u00bbon|desktop\u00bb transform_origin__hover_enabled=\u00bbon|desktop\u00bb transform_scale__hover=\u00bb105%|105%\u00bb][\/et_pb_blurb][\/et_pb_column][et_pb_column type=\u00bb1_4&#8243; _builder_version=\u00bb4.16&#8243; global_colors_info=\u00bb{}\u00bb][et_pb_blurb title=\u00bbNuestro impacto\u00bb url=\u00bb#impact\u00bb use_icon=\u00bbon\u00bb font_icon=\u00bb&#xf233;||fa||900&#8243; _builder_version=\u00bb4.21.0&#8243; header_level=\u00bbh2&#8243; header_text_align=\u00bbcenter\u00bb header_text_color=\u00bb#1c9080&#8243; background_enable_image=\u00bboff\u00bb custom_padding=\u00bb20px||20px||false|false\u00bb animation_style=\u00bbslide\u00bb animation_direction=\u00bbbottom\u00bb animation_delay=\u00bb400ms\u00bb border_radii=\u00bbon|30px|30px|30px|30px\u00bb box_shadow_style=\u00bbpreset1&#8243; box_shadow_blur=\u00bb8px\u00bb global_colors_info=\u00bb{}\u00bb transform_styles__hover_enabled=\u00bbon|hover\u00bb transform_scale__hover_enabled=\u00bbon|hover\u00bb transform_translate__hover_enabled=\u00bbon|desktop\u00bb transform_rotate__hover_enabled=\u00bbon|desktop\u00bb transform_skew__hover_enabled=\u00bbon|desktop\u00bb transform_origin__hover_enabled=\u00bbon|desktop\u00bb transform_scale__hover=\u00bb105%|105%\u00bb][\/et_pb_blurb][\/et_pb_column][et_pb_column type=\u00bb1_4&#8243; _builder_version=\u00bb4.16&#8243; global_colors_info=\u00bb{}\u00bb][et_pb_blurb title=\u00bbNuestros plazos\u00bb url=\u00bb#timelines\u00bb use_icon=\u00bbon\u00bb font_icon=\u00bb&#xf252;||fa||900&#8243; _builder_version=\u00bb4.21.0&#8243; header_level=\u00bbh2&#8243; header_text_align=\u00bbcenter\u00bb header_text_color=\u00bb#1c9080&#8243; background_enable_image=\u00bboff\u00bb custom_padding=\u00bb20px||20px||false|false\u00bb animation_style=\u00bbslide\u00bb animation_direction=\u00bbbottom\u00bb animation_delay=\u00bb600ms\u00bb border_radii=\u00bbon|30px|30px|30px|30px\u00bb box_shadow_style=\u00bbpreset1&#8243; box_shadow_blur=\u00bb8px\u00bb global_colors_info=\u00bb{}\u00bb transform_styles__hover_enabled=\u00bbon|hover\u00bb transform_scale__hover_enabled=\u00bbon|hover\u00bb transform_translate__hover_enabled=\u00bbon|desktop\u00bb transform_rotate__hover_enabled=\u00bbon|desktop\u00bb transform_skew__hover_enabled=\u00bbon|desktop\u00bb transform_origin__hover_enabled=\u00bbon|desktop\u00bb transform_scale__hover=\u00bb105%|105%\u00bb][\/et_pb_blurb][\/et_pb_column][\/et_pb_row][et_pb_row module_id=\u00bbmission\u00bb _builder_version=\u00bb4.16&#8243; global_colors_info=\u00bb{}\u00bb][et_pb_column type=\u00bb4_4&#8243; _builder_version=\u00bb4.16&#8243; global_colors_info=\u00bb{}\u00bb][et_pb_text _builder_version=\u00bb4.16&#8243; global_colors_info=\u00bb{}\u00bb]<\/p>\n<h1>Nuestra misi\u00f3n<\/h1>\n<p>Es evidente que el sistema inmunitario humano posee la capacidad de resolver una infecci\u00f3n aguda por el VHB en aproximadamente el 90% de los adultos infectados. Se considera que una respuesta eficaz de las c\u00e9lulas B y T espec\u00edficas del virus es un determinante clave del control del virus y, finalmente, de la resoluci\u00f3n de la infecci\u00f3n por el VHB. Por desgracia, las respuestas de las c\u00e9lulas B y T apenas se detectan y est\u00e1n funcionalmente deterioradas en la infecci\u00f3n cr\u00f3nica por el VHB.<\/p>\n<p>La misi\u00f3n de TherVacB es superar la tolerancia inmunol\u00f3gica espec\u00edfica del VHB y restaurar las respuestas antivirales de las c\u00e9lulas B y T mediante la vacunaci\u00f3n terap\u00e9utica para curar finalmente el VHB. <\/p>\n<p>[\/et_pb_text][\/et_pb_column][\/et_pb_row][et_pb_row module_id=\u00bbapproach\u00bb _builder_version=\u00bb4.16&#8243; global_colors_info=\u00bb{}\u00bb][et_pb_column type=\u00bb4_4&#8243; _builder_version=\u00bb4.16&#8243; global_colors_info=\u00bb{}\u00bb][et_pb_text _builder_version=\u00bb4.16&#8243; global_colors_info=\u00bb{}\u00bb]<\/p>\n<h1>Nuestro enfoque<\/h1>\n<h2><strong>Tecnolog\u00eda de vacunaci\u00f3n terap\u00e9utica de \u00faltima generaci\u00f3n, fabricada en la UE<\/strong><\/h2>\n<p>La vacunaci\u00f3n terap\u00e9utica es un concepto muy atractivo para romper la tolerancia inmunol\u00f3gica en pacientes con infecciones cr\u00f3nicas y establecer un tratamiento finito y curativo para la hepatitis B. La vacuna TherVacB se basa en nuestro conocimiento mec\u00e1nico del fallo inmunol\u00f3gico durante la infecci\u00f3n cr\u00f3nica por el VHB, que incluye respuestas disfuncionales de las c\u00e9lulas B y de las c\u00e9lulas T CD4 y CD8. Por lo tanto, creemos que la activaci\u00f3n simult\u00e1nea de las respuestas de las c\u00e9lulas B y de las c\u00e9lulas T CD4 y CD8 es necesaria para lograr el control inmunitario del VHB. Esto condujo al desarrollo sistem\u00e1tico y al dise\u00f1o basado en el mecanismo de TherVacB como una vacuna heter\u00f3loga, pangenot\u00edpica y en mosaico que se dirige a todos los genotipos relevantes del VHB y tiene el potencial de curar la infecci\u00f3n cr\u00f3nica por el VHB en el &gt;95% de los individuos en todo el mundo.<\/p>\n<p>En dos pasos de cebado con cuatro semanas de diferencia, los ant\u00edgenos de superficie y de la c\u00e1pside del VHB activan a las c\u00e9lulas T auxiliares y a las c\u00e9lulas B que comienzan a producir anticuerpos neutralizantes para evitar una mayor propagaci\u00f3n del virus, y ceban (cruzadamente) a las c\u00e9lulas T efectoras. El refuerzo con el vector MVA-HBVac despu\u00e9s de 4 semanas de la segunda inmunizaci\u00f3n primaria potencia una respuesta de c\u00e9lulas T efectoras CD4 y CD8 amplia y multifuncional, que finalmente controla el VHB.<\/p>\n<p>El ensayo cl\u00ednico en el que se evaluar\u00e1 TherVacB est\u00e1 dise\u00f1ado como un ensayo aleatorizado, abierto, multic\u00e9ntrico de fase 1\/2 para evaluar la seguridad y tolerabilidad del enfoque y recopilar los primeros datos de eficacia del candidato a vacuna terap\u00e9utica contra la hepatitis B en pacientes con hepatitis B cr\u00f3nica.  <\/p>\n<p>[\/et_pb_text][\/et_pb_column][\/et_pb_row][et_pb_row module_id=\u00bbimpact\u00bb _builder_version=\u00bb4.16&#8243; global_colors_info=\u00bb{}\u00bb][et_pb_column type=\u00bb4_4&#8243; _builder_version=\u00bb4.16&#8243; global_colors_info=\u00bb{}\u00bb][et_pb_text _builder_version=\u00bb4.16&#8243; global_colors_info=\u00bb{}\u00bb]<\/p>\n<h1>NUESTRO IMPACTO<\/h1>\n<p>TherVacB ofrece una novedosa y asequible opci\u00f3n de tratamiento curativo de la hepatitis B cr\u00f3nica para un gran n\u00famero de pacientes en todo el mundo. En combinaci\u00f3n con la vacunaci\u00f3n profil\u00e1ctica establecida, la concienciaci\u00f3n y los programas de cribado de la hepatitis B, un enfoque de tratamiento curativo ser\u00e1 decisivo para cumplir el Objetivo de Desarrollo Sostenible 3.3 de las Naciones Unidas de combatir la infecci\u00f3n v\u00edrica de la hepatitis B y D en todo el mundo para 2030.<\/p>\n<p>Los pacientes esperan con impaciencia la introducci\u00f3n cl\u00ednica de TherVacB en la UE. El registro europeo de pacientes con hepatitis B creado por el proyecto TherVacB ayuda a seleccionar a los pacientes que cumplen los criterios de inclusi\u00f3n en el ensayo cl\u00ednico TherVacB y otros ensayos dirigidos a la curaci\u00f3n del VHB. En el consorcio se estudiar\u00e1 la \u00e9tica de la captaci\u00f3n de pacientes a trav\u00e9s de las redes sociales, ya que esto permite llegar a grupos de pacientes que lo necesitan pero que a\u00fan no reciben atenci\u00f3n m\u00e9dica regular. El registro se ampliar\u00e1 a Tanzania, donde los pacientes tendr\u00e1n por primera vez la opci\u00f3n de recibir tratamiento para la hepatitis B. La perspectiva de una posible cura de las infecciones cr\u00f3nicas por el virus de la hepatitis B hace que las personas afectadas tengan esperanzas de mantener su salud y dejar de ser estigmatizadas, lo que aumenta en gran medida su calidad de vida.<\/p>\n<p>El consorcio TherVacB est\u00e1 muy comprometido con una pol\u00edtica de datos abiertos y presentar\u00e1 sus datos generados tras la finalizaci\u00f3n del ensayo cl\u00ednico en reuniones nacionales e internacionales a los m\u00e9dicos y a la comunidad de pacientes.<\/p>\n<p>[\/et_pb_text][\/et_pb_column][\/et_pb_row][et_pb_row module_id=\u00bbtimelines\u00bb _builder_version=\u00bb4.16&#8243; global_colors_info=\u00bb{}\u00bb][et_pb_column type=\u00bb4_4&#8243; _builder_version=\u00bb4.16&#8243; global_colors_info=\u00bb{}\u00bb][et_pb_text _builder_version=\u00bb4.16&#8243; global_colors_info=\u00bb{}\u00bb]<\/p>\n<h1>Nuestras l\u00edneas de tiempo<\/h1>\n<p>TherVacB es un proyecto financiado por la UE que dura siete a\u00f1os, desde enero de 2020 hasta diciembre de 2026.<br \/>Para toda la informaci\u00f3n sobre el reclutamiento de pacientes y nuestro estudio cl\u00ednico, consulte nuestro <a href=\"https:\/\/www.thervacb.eu\/patients\/\" title=\"Sitio del paciente TherVacB\">sitio web para pacientes<\/a>.<\/p>\n<p>Una primera aplicaci\u00f3n en hombres de TherVacB para evaluar la seguridad y la tolerabilidad en voluntarios sanos est\u00e1 financiada por otras fuentes y preceder\u00e1 al ensayo de TherVacB financiado por la UE en pacientes con hepatitis B cr\u00f3nica.<\/p>\n<p>&nbsp;<\/p>\n<p>[\/et_pb_text][\/et_pb_column][\/et_pb_row][\/et_pb_section]<\/p>\n","protected":false},"excerpt":{"rendered":"<p>Nuevo concepto para combatir la hepatitis B cr\u00f3nicaNuestra misi\u00f3n Es evidente que el sistema inmunitario humano posee la capacidad de resolver una infecci\u00f3n aguda por el VHB en aproximadamente el 90% de los adultos infectados. Se considera que una respuesta eficaz de las c\u00e9lulas B y T espec\u00edficas del virus es un determinante clave del [&hellip;]<\/p>\n","protected":false},"author":4,"featured_media":0,"parent":0,"menu_order":9,"comment_status":"closed","ping_status":"closed","template":"","meta":{"_et_pb_use_builder":"on","_et_pb_old_content":"","_et_gb_content_width":"","_monsterinsights_skip_tracking":false,"_monsterinsights_sitenote_active":false,"_monsterinsights_sitenote_note":"","_monsterinsights_sitenote_category":0,"footnotes":"","_links_to":"","_links_to_target":""},"class_list":["post-3005","page","type-page","status-publish","hentry"],"aioseo_notices":[],"_links":{"self":[{"href":"https:\/\/www.thervacb.eu\/es\/wp-json\/wp\/v2\/pages\/3005","targetHints":{"allow":["GET"]}}],"collection":[{"href":"https:\/\/www.thervacb.eu\/es\/wp-json\/wp\/v2\/pages"}],"about":[{"href":"https:\/\/www.thervacb.eu\/es\/wp-json\/wp\/v2\/types\/page"}],"author":[{"embeddable":true,"href":"https:\/\/www.thervacb.eu\/es\/wp-json\/wp\/v2\/users\/4"}],"replies":[{"embeddable":true,"href":"https:\/\/www.thervacb.eu\/es\/wp-json\/wp\/v2\/comments?post=3005"}],"version-history":[{"count":2,"href":"https:\/\/www.thervacb.eu\/es\/wp-json\/wp\/v2\/pages\/3005\/revisions"}],"predecessor-version":[{"id":11831,"href":"https:\/\/www.thervacb.eu\/es\/wp-json\/wp\/v2\/pages\/3005\/revisions\/11831"}],"wp:attachment":[{"href":"https:\/\/www.thervacb.eu\/es\/wp-json\/wp\/v2\/media?parent=3005"}],"curies":[{"name":"wp","href":"https:\/\/api.w.org\/{rel}","templated":true}]}}