{"id":3060,"date":"2021-02-08T08:22:05","date_gmt":"2021-02-08T08:22:05","guid":{"rendered":"https:\/\/www.thervacb.eu\/equipo\/socio-tum\/"},"modified":"2025-10-22T15:34:38","modified_gmt":"2025-10-22T14:34:38","slug":"socio-tum","status":"publish","type":"page","link":"https:\/\/www.thervacb.eu\/es\/equipo\/socio-tum\/","title":{"rendered":"Socio TUM"},"content":{"rendered":"<p>[et_pb_section fb_built=\u00bb1&#8243; fullwidth=\u00bbon\u00bb admin_label=\u00bbMap\u00bb _builder_version=\u00bb4.9.0&#8243; da_disable_devices=\u00bboff|off|off\u00bb global_module=\u00bb539&#8243; saved_tabs=\u00bball\u00bb global_colors_info=\u00bb{}\u00bb da_is_popup=\u00bboff\u00bb da_exit_intent=\u00bboff\u00bb da_has_close=\u00bbon\u00bb da_alt_close=\u00bboff\u00bb da_dark_close=\u00bboff\u00bb da_not_modal=\u00bbon\u00bb da_is_singular=\u00bboff\u00bb da_with_loader=\u00bboff\u00bb da_has_shadow=\u00bbon\u00bb][et_pb_map_fullwidth_extended address=\u00bbParis, France\u00bb zoom_level=\u00bb2&#8243; address_lat=\u00bb43.762201679538&#8243; address_lng=\u00bb5.1647219&#8243; mobile_dragging=\u00bboff\u00bb map_type_control_position=\u00bbLEFT_CENTER\u00bb streetview_control_position=\u00bbLEFT_BOTTOM\u00bb info_window_width=\u00bb300px\u00bb map_type=\u00bb2&#8243; _builder_version=\u00bb4.25.0&#8243; title_text_color=\u00bb#1c9080&#8243; title_font_size=\u00bb24px\u00bb content_text_color=\u00bb#666666&#8243; content_font_size=\u00bb18px\u00bb global_colors_info=\u00bb{}\u00bb][et_pb_map_pin_extended title=\u00bbLMU\u00bb pin_address=\u00bbGESCHWISTER SCHOLL PLATZ 1, 80539 M\u00fcnchen,\u00bb pin_address_lat=\u00bb48.1540685&#8243; pin_address_lng=\u00bb11.5823284&#8243; pin_fill_color=\u00bb#2d788c\u00bb pin_stroke_color=\u00bb#06423a\u00bb pin_circle_color=\u00bb#ffffff\u00bb _builder_version=\u00bb4.21.0&#8243; global_colors_info=\u00bb{}\u00bb]<\/p>\n<p><a title=\"LMU\" href=\"https:\/\/www.thervacb.eu\/es\/equipo\/socio-lmu\/\"><img loading=\"lazy\" decoding=\"async\" class=\"wp-image-763 size-full\" src=\"https:\/\/www.thervacb.eu\/wp-content\/uploads\/lmu-logo.png\" alt=\"Hospital of the Ludwig-Maximilians-University (LMU) Munich, Division of Infectious Diseases and Tropical Medicine\" width=\"204\" height=\"57\" title=\"Hospital of the Ludwig-Maximilians-University (LMU) Munich, Division of Infectious Diseases and Tropical Medicine\"><\/a><\/p>\n<p>[\/et_pb_map_pin_extended][et_pb_map_pin_extended title=\u00bbFundaci\u00f3 Cl\u00ednic per a la Recerca Biom\u00e8dica \u00bb pin_address=\u00bbCarrer del Rossell\u00f3, 149, 08036 Barcelona, Spanien\u00bb pin_address_lat=\u00bb41.3885899&#8243; pin_address_lng=\u00bb2.1508862&#8243; pin_fill_color=\u00bb#2d788c\u00bb pin_stroke_color=\u00bb#06423a\u00bb pin_circle_color=\u00bb#ffffff\u00bb _builder_version=\u00bb4.21.0&#8243; global_colors_info=\u00bb{}\u00bb]<\/p>\n<p><a href=\"https:\/\/www.thervacb.eu\/es\/equipo\/socio-fcrb\/\" title=\"Fundaci\u00f3 Cl\u00ednic per a la Recerca Biom\u00e8dica \"><img loading=\"lazy\" decoding=\"async\" src=\"https:\/\/www.thervacb.eu\/wp-content\/uploads\/clinic-barcelona-logo.png\" alt=\"Fundaci\u00f3 Cl\u00ednic per a la Recerca Biom\u00e8dica \" class=\"wp-image-758 size-full\" width=\"200\" height=\"126\"><\/a><\/p>\n<p>[\/et_pb_map_pin_extended][et_pb_map_pin_extended title=\u00bbHelmholtz-Zentrum f\u00fcr Infektionsforschung GmbH (HZI)\u00bb pin_address=\u00bbIngolst\u00e4dter Landstra\u00dfe 1, 85764 Oberschlei\u00dfheim, Deutschland\u00bb pin_address_lat=\u00bb48.2208172&#8243; pin_address_lng=\u00bb11.5871674&#8243; pin_fill_color=\u00bb#2d788c\u00bb pin_stroke_color=\u00bb#06423a\u00bb pin_circle_color=\u00bb#ffffff\u00bb _builder_version=\u00bb4.21.0&#8243; global_colors_info=\u00bb{}\u00bb]<\/p>\n<p><a href=\"https:\/\/www.thervacb.eu\/es\/equipo\/socio-hzi\/\" title=\"Helmholtz-Zentrum f\u00fcr Infektionsforschung GmbH (HZI)\"><img loading=\"lazy\" decoding=\"async\" src=\"https:\/\/www.thervacb.eu\/wp-content\/uploads\/helmholzzentrum-logo.png\" alt=\"Helmholtz-Zentrum f\u00fcr Infektionsforschung GmbH (HZI)\" class=\"wp-image-760 size-full\" width=\"236\" height=\"50\"><\/a><\/p>\n<p>[\/et_pb_map_pin_extended][et_pb_map_pin_extended title=\u00bbHelmholtz Munich\u00bb pin_address=\u00bbInhoffenstra\u00dfe 7, 38124 Braunschweig, Deutschland\u00bb pin_address_lat=\u00bb52.2109803&#8243; pin_address_lng=\u00bb10.5314925&#8243; pin_fill_color=\u00bb#2d788c\u00bb pin_stroke_color=\u00bb#06423a\u00bb pin_circle_color=\u00bb#ffffff\u00bb _builder_version=\u00bb4.25.0&#8243; global_colors_info=\u00bb{}\u00bb]<a href=\"https:\/\/www.thervacb.eu\/es\/equipo\/socio-hzi\/\" title=\"Helmholtz Munich\"><img loading=\"lazy\" decoding=\"async\" src=\"https:\/\/www.thervacb.eu\/wp-content\/uploads\/hzi-logo-400x133.png\" title=\"Helmholtz Munich\" alt=\"Helmholtz Munich\" class=\"wp-image-525 alignleft size-medium\" width=\"200\" height=\"66\" srcset=\"https:\/\/www.thervacb.eu\/wp-content\/uploads\/hzi-logo-400x133.png 400w, https:\/\/www.thervacb.eu\/wp-content\/uploads\/hzi-logo.png 406w\" sizes=\"auto, (max-width: 200px) 100vw, 200px\" \/><\/a>[\/et_pb_map_pin_extended][et_pb_map_pin_extended title=\u00bbMedizinische Hochschule Hannover\u00bb pin_address=\u00bbCarl-Neuberg-Stra\u00dfe 1, 30625 Hannover, Deutschland\u00bb pin_address_lat=\u00bb52.3834749&#8243; pin_address_lng=\u00bb9.8047999&#8243; pin_fill_color=\u00bb#2d788c\u00bb pin_stroke_color=\u00bb#06423a\u00bb pin_circle_color=\u00bb#ffffff\u00bb _builder_version=\u00bb4.21.0&#8243; global_colors_info=\u00bb{}\u00bb]<\/p>\n<p><a href=\"https:\/\/www.thervacb.eu\/es\/equipo\/socio-mhh\/\" title=\"Medizinische Hochschule Hannover\"><img loading=\"lazy\" decoding=\"async\" src=\"https:\/\/www.thervacb.eu\/wp-content\/uploads\/mhh-logo.png\" alt=\"MHH\" class=\"wp-image-765 size-full\" width=\"220\" height=\"38\"><\/a><\/p>\n<p>[\/et_pb_map_pin_extended][et_pb_map_pin_extended title=\u00bbNIMR-Mbeya Medical Research Center\u00bb pin_address=\u00bbHospital Hill Rd, Mbeya, Tansania\u00bb pin_address_lat=\u00bb-8.8892372&#8243; pin_address_lng=\u00bb33.4397813&#8243; pin_fill_color=\u00bb#2d788c\u00bb pin_stroke_color=\u00bb#06423a\u00bb pin_circle_color=\u00bb#ffffff\u00bb _builder_version=\u00bb4.25.0&#8243; global_colors_info=\u00bb{}\u00bb]<\/p>\n<p><a href=\"https:\/\/www.thervacb.eu\/es\/equipo\/socio-nimr\/\" title=\"NIMR-Mbeya Medizinisches Forschungszentrum\"><img loading=\"lazy\" decoding=\"async\" src=\"https:\/\/www.thervacb.eu\/wp-content\/uploads\/nimr-mmrc-logo-g.png\" alt=\"NIMR-Mbeya Medizinisches Forschungszentrum\" class=\"wp-image-600 size-full\" width=\"200\" height=\"200\" srcset=\"https:\/\/www.thervacb.eu\/wp-content\/uploads\/nimr-mmrc-logo-g.png 200w, https:\/\/www.thervacb.eu\/wp-content\/uploads\/nimr-mmrc-logo-g-150x150.png 150w\" sizes=\"auto, (max-width: 200px) 100vw, 200px\" \/><\/a><\/p>\n<p>[\/et_pb_map_pin_extended][et_pb_map_pin_extended title=\u00bbTechnische Universit\u00e4t M\u00fcnchen\u00bb pin_address=\u00bbArcisstra\u00dfe 21, 80333 M\u00fcnchen, Deutschland\u00bb pin_address_lat=\u00bb48.1486686&#8243; pin_address_lng=\u00bb11.5685941&#8243; pin_fill_color=\u00bb#2d788c\u00bb pin_stroke_color=\u00bb#06423a\u00bb pin_circle_color=\u00bb#ffffff\u00bb _builder_version=\u00bb4.21.0&#8243; global_colors_info=\u00bb{}\u00bb]<\/p>\n<p><a href=\"https:\/\/www.thervacb.eu\/es\/equipo\/socio-tum\/\" title=\"Technische Universit\u00e4t M\u00fcnchen\"><img loading=\"lazy\" decoding=\"async\" src=\"https:\/\/www.thervacb.eu\/wp-content\/uploads\/tum-logo.png\" alt=\"\u6c64\u59c6\" class=\"wp-image-768 size-full\" width=\"200\" height=\"67\"><\/a> <\/p>\n<p>[\/et_pb_map_pin_extended][et_pb_map_pin_extended title=\u00bbUNIVERSITY COLLEGE LONDON (UCL)\u00bb pin_address=\u00bbGOWER STREET, WC1E 6BT London\u00bb pin_address_lat=\u00bb51.5233687&#8243; pin_address_lng=\u00bb-0.135766&#8243; pin_fill_color=\u00bb#2d788c\u00bb pin_stroke_color=\u00bb#06423a\u00bb pin_circle_color=\u00bb#ffffff\u00bb _builder_version=\u00bb4.21.0&#8243; global_colors_info=\u00bb{}\u00bb]<\/p>\n<p><a href=\"https:\/\/www.thervacb.eu\/es\/equipo\/socio-ucl\/\" title=\"UNIVERSITY COLLEGE LONDON (UCL)\"><img loading=\"lazy\" decoding=\"async\" src=\"https:\/\/www.thervacb.eu\/wp-content\/uploads\/ucl-logo.png\" alt=\"UNIVERSITY COLLEGE LONDON (UCL)\" class=\"wp-image-770 size-full\" width=\"200\" height=\"59\"><\/a><\/p>\n<p>[\/et_pb_map_pin_extended][et_pb_map_pin_extended title=\u00bbKlinikum Rechts der Isar der Technischen Universit\u00e4t M\u00fcnchen\u00bb pin_address=\u00bbH\u00f6rsaal A, Klinikum rechts der Isar, Ismaninger Str. 22, 81675 M\u00fcnchen, Deutschland\u00bb pin_address_lat=\u00bb48.1360041&#8243; pin_address_lng=\u00bb11.5997829&#8243; pin_fill_color=\u00bb#2d788c\u00bb pin_stroke_color=\u00bb#06423a\u00bb pin_circle_color=\u00bb#ffffff\u00bb _builder_version=\u00bb4.21.0&#8243; global_colors_info=\u00bb{}\u00bb]<\/p>\n<p><a href=\"https:\/\/www.thervacb.eu\/es\/equipo\/socio-tum-med\/\"><img loading=\"lazy\" decoding=\"async\" src=\"https:\/\/www.thervacb.eu\/wp-content\/uploads\/logo-mri-tum-400x118.png\" alt=\"Klinikum Rechts der Isar der Technischen Universit\u00e4t M\u00fcnchen\" title=\"Klinikum Rechts der Isar der Technischen Universit\u00e4t M\u00fcnchen\" class=\"wp-image-521 aligncenter size-medium\" style=\"float: left\" width=\"200\" height=\"59\" srcset=\"https:\/\/www.thervacb.eu\/wp-content\/uploads\/logo-mri-tum-400x120.png 400w, https:\/\/www.thervacb.eu\/wp-content\/uploads\/logo-mri-tum.png 406w\" sizes=\"auto, (max-width: 200px) 100vw, 200px\" \/><\/a><\/p>\n<p>[\/et_pb_map_pin_extended][et_pb_map_pin_extended title=\u00bbUKE Hamburg Eppendorf\u00bb pin_address=\u00bbMartinistra\u00dfe 52, 20251 Hamburg, Deutschland\u00bb pin_address_lat=\u00bb53.5902421&#8243; pin_address_lng=\u00bb9.9785922&#8243; pin_fill_color=\u00bb#2d788c\u00bb pin_stroke_color=\u00bb#06423a\u00bb pin_circle_color=\u00bb#ffffff\u00bb _builder_version=\u00bb4.25.0&#8243; global_colors_info=\u00bb{}\u00bb]<a href=\"https:\/\/www.thervacb.eu\/es\/equipo\/socio-uke\/\" title=\"UKE Hamburg Eppendorf\"><img loading=\"lazy\" decoding=\"async\" src=\"https:\/\/www.thervacb.eu\/wp-content\/uploads\/uke-hamburg.png\" alt=\"UKE Hamburg Eppendorf\" title=\"UKE Hamburg Eppendorf\" medical=\"\" center=\"\" hamburg-eppendorf=\"\" i=\"\" department=\"\" of=\"\" internal=\"\" medicine=\"\" class=\"wp-image-1057 aligncenter size-full\" style=\"float: left;\" width=\"195\" height=\"169\"><\/a>[\/et_pb_map_pin_extended][et_pb_map_pin_extended title=\u00bbAzienda Ospedaliero- Universitaria di Parma\u00bb pin_address=\u00bbStr. dell&#8217;Universit\u00e0, 12, 43121 Parma PR, Italien\u00bb pin_address_lat=\u00bb44.8012357&#8243; pin_address_lng=\u00bb10.3255389&#8243; pin_fill_color=\u00bb#2d788c\u00bb pin_stroke_color=\u00bb#06423a\u00bb pin_circle_color=\u00bb#ffffff\u00bb _builder_version=\u00bb4.21.0&#8243; global_colors_info=\u00bb{}\u00bb]<a href=\"https:\/\/www.thervacb.eu\/team\/partner-aop-new\/\" title=\"Azienda Ospedaliero- Universitaria di Parma\"><img loading=\"lazy\" decoding=\"async\" class=\"wp-image-520 aligncenter size-medium\" src=\"https:\/\/www.thervacb.eu\/wp-content\/uploads\/logo-azienda-ospedaliero-universitaria-di-parma-1-400x82.png\" alt=\"Azienda Ospedaliero- Universitaria di Parma\" width=\"200\" height=\"41\" title=\"Azienda Ospedaliero- Universitaria di Parma\" srcset=\"https:\/\/www.thervacb.eu\/wp-content\/uploads\/logo-azienda-ospedaliero-universitaria-di-parma-1-400x83.png 400w, https:\/\/www.thervacb.eu\/wp-content\/uploads\/logo-azienda-ospedaliero-universitaria-di-parma-1.png 406w\" sizes=\"auto, (max-width: 200px) 100vw, 200px\" \/><\/a>[\/et_pb_map_pin_extended][et_pb_map_pin_extended title=\u00bbUniversit\u00e4tsklinikum Leipzig\u00bb pin_address=\u00bbRitterstra\u00dfe 26, 04109 Leipzig, Deutschland\u00bb pin_address_lat=\u00bb51.3412809&#8243; pin_address_lng=\u00bb12.3802676&#8243; pin_fill_color=\u00bb#2d788c\u00bb pin_stroke_color=\u00bb#06423a\u00bb pin_circle_color=\u00bb#ffffff\u00bb _builder_version=\u00bb4.25.0&#8243; global_colors_info=\u00bb{}\u00bb]<a title=\"Universit\u00e4tsklinikum Leipzig\" href=\"https:\/\/www.thervacb.eu\/es\/equipo\/socio-ulei\/\"><img decoding=\"async\" class=\"alignnone wp-image-4300 size-medium\" title=\"Universit\u00e4tsklinikum Leipzig\" src=\"https:\/\/www.thervacb.eu\/wp-content\/uploads\/university-leipzig.png\" alt=\"Universit\u00e4tsklinikum Leipzig\" width=\"200\"><\/a>[\/et_pb_map_pin_extended][et_pb_map_pin_extended title=\u00bbBarts Health NHS Trust\u00bb pin_address=\u00bbCo-operative Bank Plc, 9 Prescot St, Whitechapel, London E1 8AZ, Vereinigtes K\u00f6nigreich\u00bb zoom_level=\u00bb5&#8243; pin_address_lat=\u00bb51.5115034&#8243; pin_address_lng=\u00bb-0.0706499&#8243; pin_fill_color=\u00bb#2d788c\u00bb pin_stroke_color=\u00bb#06423a\u00bb pin_circle_color=\u00bb#ffffff\u00bb _builder_version=\u00bb4.21.0&#8243; global_colors_info=\u00bb{}\u00bb]<\/p>\n<p><a title=\"Barts Health NHS Trust\" href=\"https:\/\/www.thervacb.eu\/es\/equipo\/socio-blt\/\"><img decoding=\"async\" class=\"alignnone wp-image-4300 size-medium\" title=\"Barts Health NHS Trust\" src=\"https:\/\/www.thervacb.eu\/wp-content\/uploads\/Barts-and-the-London-NHS.png\" alt=\"Barts Health NHS Trust\" width=\"200\"><\/a><\/p>\n<p>[\/et_pb_map_pin_extended][et_pb_map_pin_extended title=\u00bbRoyal Free London NHS Foundation Trust\u00bb pin_address=\u00bbPond St, Hampstead, London NW3 2QG, Vereinigtes K\u00f6nigreich\u00bb pin_address_lat=\u00bb51.5537706&#8243; pin_address_lng=\u00bb-0.1672142&#8243; pin_fill_color=\u00bb#2d788c\u00bb pin_stroke_color=\u00bb#06423a\u00bb pin_circle_color=\u00bb#ffffff\u00bb _builder_version=\u00bb4.3.4&#8243; global_colors_info=\u00bb{}\u00bb][\/et_pb_map_pin_extended][et_pb_map_pin_extended title=\u00bbPNO Innovation GmbH\u00bb pin_address=\u00bbOskar-von-Miller-Ring 29, 80333 M\u00fcnchen, Germany\u00bb pin_address_lat=\u00bb48.1459821&#8243; pin_address_lng=\u00bb11.5760781&#8243; pin_fill_color=\u00bb#2d788c\u00bb pin_stroke_color=\u00bb#06423a\u00bb pin_circle_color=\u00bb#ffffff\u00bb _builder_version=\u00bb4.25.0&#8243; global_colors_info=\u00bb{}\u00bb]<a title=\"PNO Innovation GmbH\" href=\"https:\/\/www.thervacb.eu\/de\/team\/pno-innovation\/\"><img loading=\"lazy\" decoding=\"async\" class=\"alignnone wp-image-4300 size-medium\" title=\"PNO Innovation GmbH\" src=\"https:\/\/www.thervacb.eu\/wp-content\/uploads\/PNO-Innovation-logo.png\" alt=\"PNO Innovation GmbH\" width=\"200\" height=\"28\"><\/a>[\/et_pb_map_pin_extended][et_pb_map_pin_extended title=\u00bbSocraTec R&#038;D GmbH\u00bb pin_address=\u00bbIm Setzling 35, 61440 Oberursel (Taunus), Deutschland\u00bb pin_address_lat=\u00bb50.1968591&#8243; pin_address_lng=\u00bb8.5860136&#8243; pin_fill_color=\u00bb#2d788c\u00bb pin_stroke_color=\u00bb#06423a\u00bb pin_circle_color=\u00bb#ffffff\u00bb _builder_version=\u00bb4.25.0&#8243; display_conditions=\u00bbW10=\u00bb global_colors_info=\u00bb{}\u00bb]<a title=\"SocraTec R&amp;D GmbH\" href=\"https:\/\/www.thervacb.eu\/team\/socratech\/\"><img loading=\"lazy\" decoding=\"async\" class=\"alignnone wp-image-4300 size-medium\" title=\"SocraTec R&amp;D GmbH\" src=\"https:\/\/www.thervacb.eu\/wp-content\/uploads\/socratec-and-r-d-logo.svg\" alt=\"SocraTec R&amp;D GmbH\" width=\"200\" height=\"47\"><\/a>[\/et_pb_map_pin_extended][et_pb_map_pin_extended title=\u00bbFrankfurt University Hospital\u00bb pin_address=\u00bbTheodor-Stern-Kai 7, 60596 Frankfurt am Main, Deutschland\u00bb pin_address_lat=\u00bb50.095683&#8243; pin_address_lng=\u00bb8.6595022&#8243; pin_fill_color=\u00bb#2d788c\u00bb pin_stroke_color=\u00bb#06423a\u00bb pin_circle_color=\u00bb#ffffff\u00bb _builder_version=\u00bb4.25.0&#8243; display_conditions=\u00bbW10=\u00bb global_colors_info=\u00bb{}\u00bb]<\/p>\n<p><a title=\"Frankfurt University Hospital\" href=\"https:\/\/www.thervacb.eu\/es\/equipo\/socio-guf\/\"><img loading=\"lazy\" decoding=\"async\" class=\"alignnone wp-image-4300 size-medium\" title=\"Frankfurt University Hospital\" src=\"https:\/\/www.thervacb.eu\/wp-content\/uploads\/frankfurt-university-hospital-logo.png\" alt=\"Frankfurt University Hospital\" width=\"183\" height=\"100\"><\/a><\/p>\n<p>[\/et_pb_map_pin_extended][\/et_pb_map_fullwidth_extended][\/et_pb_section][et_pb_section fb_built=\u00bb1&#8243; _builder_version=\u00bb4.16&#8243; da_disable_devices=\u00bboff|off|off\u00bb global_colors_info=\u00bb{}\u00bb da_is_popup=\u00bboff\u00bb da_exit_intent=\u00bboff\u00bb da_has_close=\u00bbon\u00bb da_alt_close=\u00bboff\u00bb da_dark_close=\u00bboff\u00bb da_not_modal=\u00bbon\u00bb da_is_singular=\u00bboff\u00bb da_with_loader=\u00bboff\u00bb da_has_shadow=\u00bbon\u00bb][et_pb_row column_structure=\u00bb3_4,1_4&#8243; _builder_version=\u00bb4.16&#8243; global_colors_info=\u00bb{}\u00bb][et_pb_column type=\u00bb3_4&#8243; _builder_version=\u00bb4.16&#8243; global_colors_info=\u00bb{}\u00bb][et_pb_text _builder_version=\u00bb4.16&#8243; global_colors_info=\u00bb{}\u00bb]<\/p>\n<h1><strong>Technische Universit\u00e4t M\u00fcnchen<\/strong><\/h1>\n<h2><\/h2>\n<h2>Informaci\u00f3n general<\/h2>\n<p>La Universidad T\u00e9cnica de M\u00fanich (TUM) es una de las principales universidades de investigaci\u00f3n de Europa, con unos 550 profesores, 43.000 estudiantes y 10.000 miembros del personal acad\u00e9mico y no acad\u00e9mico. Sus \u00e1reas de inter\u00e9s son las ciencias de la ingenier\u00eda, las ciencias naturales, las ciencias de la vida y la medicina, combinadas con las ciencias econ\u00f3micas y sociales. La TUM act\u00faa como una universidad empresarial que promueve el talento y crea valor para la sociedad. En este sentido, se beneficia de tener socios fuertes en la ciencia y la industria. Est\u00e1 representada en todo el mundo con el campus de TUM Asia en Singapur, as\u00ed como con oficinas en Pek\u00edn, Bruselas, El Cairo, Bombay, San Francisco y S\u00e3o Paulo. Premios Nobel e inventores como Rudolf Diesel, Carl von Linde y Rudolf M\u00f6\u00dfbauer han investigado en la TUM. En 2006, 2012 y 2019 obtuvo el reconocimiento de \u00abUniversidad de Excelencia\u00bb alemana. En las clasificaciones internacionales, la TUM se sit\u00faa regularmente entre las mejores universidades de Alemania. <\/p>\n<p>[\/et_pb_text][\/et_pb_column][et_pb_column type=\u00bb1_4&#8243; _builder_version=\u00bb4.16&#8243; background_enable_color=\u00bboff\u00bb use_background_color_gradient=\u00bbon\u00bb background_color_gradient_stops=\u00bbrgba(0,0,0,0) 0%|rgba(92,189,217,0.25) 100%\u00bb background_color_gradient_start=\u00bbrgba(0,0,0,0)\u00bb background_color_gradient_end=\u00bbrgba(92,189,217,0.25)\u00bb background_enable_image=\u00bboff\u00bb background_size=\u00bbinitial\u00bb background_position=\u00bbtop_left\u00bb custom_padding=\u00bb10px|10px|10px|10px|false|false\u00bb border_radii=\u00bbon|10px|10px|10px|10px\u00bb border_width_all=\u00bb2px\u00bb border_color_all=\u00bb#5cbdd9&#8243; global_colors_info=\u00bb{}\u00bb][et_pb_image src=\u00bbhttps:\/\/www.thervacb.eu\/wp-content\/uploads\/tum-logo.png\u00bb alt=\u00bbTUM\u00bb title_text=\u00bbTUM\u00bb _builder_version=\u00bb4.16&#8243; global_colors_info=\u00bb{}\u00bb][\/et_pb_image][et_pb_text _builder_version=\u00bb4.16&#8243; max_width=\u00bb100%\u00bb module_alignment=\u00bbleft\u00bb global_colors_info=\u00bb{}\u00bb]<\/p>\n<p><strong><\/strong><strong>Technische Universit\u00e4t M\u00fcnchen<\/strong><\/p>\n<p>Arcisstra\u00dfe 21<br \/>80333 Munich<br \/>Germany<\/p>\n<p><a href=\"http:\/\/www.tum.de\" target=\"_blank\" rel=\"noopener noreferrer\" title=\"Technische Universit\u00e4t M\u00fcnchen\">www.tum.de<\/a><\/p>\n<p>[\/et_pb_text][\/et_pb_column][\/et_pb_row][et_pb_row _builder_version=\u00bb4.16&#8243; global_colors_info=\u00bb{}\u00bb][et_pb_column type=\u00bb4_4&#8243; _builder_version=\u00bb4.16&#8243; global_colors_info=\u00bb{}\u00bb][et_pb_text _builder_version=\u00bb4.16&#8243; global_colors_info=\u00bb{}\u00bb]<\/p>\n<h2>Funci\u00f3n en TherVacB<\/h2>\n<p>En TherVacB, TUM lidera el seguimiento de los criterios de valoraci\u00f3n cl\u00ednicos primarios y secundarios. TUM contribuir\u00e1 a apoyar el establecimiento de la base de datos cl\u00ednicos como parte del registro de pacientes.<\/p>\n<p>[\/et_pb_text][\/et_pb_column][\/et_pb_row][et_pb_row _builder_version=\u00bb4.16&#8243; custom_padding=\u00bb||0px|||\u00bb global_colors_info=\u00bb{}\u00bb][et_pb_column type=\u00bb4_4&#8243; _builder_version=\u00bb4.16&#8243; global_colors_info=\u00bb{}\u00bb][et_pb_text _builder_version=\u00bb4.16&#8243; global_colors_info=\u00bb{}\u00bb]<\/p>\n<h2>Personal del proyecto<\/h2>\n<p>&nbsp;<\/p>\n<p>[\/et_pb_text][\/et_pb_column][\/et_pb_row][et_pb_row column_structure=\u00bb1_3,1_3,1_3&#8243; make_equal=\u00bbon\u00bb _builder_version=\u00bb4.25.0&#8243; custom_padding=\u00bb0px|||||\u00bb global_colors_info=\u00bb{}\u00bb][et_pb_column type=\u00bb1_3&#8243; _builder_version=\u00bb4.16&#8243; global_colors_info=\u00bb{}\u00bb][et_pb_team_member name=\u00bbDieter Hoffmann\u00bb position=\u00bbJefe Adjunto de Diagn\u00f3stico \u00bb image_url=\u00bbhttps:\/\/www.thervacb.eu\/wp-content\/uploads\/tum_dieter-hoffmann.jpg\u00bb _builder_version=\u00bb4.16&#8243; header_text_align=\u00bbcenter\u00bb position_text_align=\u00bbcenter\u00bb position_line_height=\u00bb2em\u00bb text_orientation=\u00bbleft\u00bb custom_padding=\u00bb20px|20px|20px|20px|false|false\u00bb border_radii=\u00bbon|10px|10px|10px|10px\u00bb box_shadow_style=\u00bbpreset1&#8243; global_colors_info=\u00bb{}\u00bb transform_styles__hover_enabled=\u00bbon|hover\u00bb transform_scale__hover_enabled=\u00bbon|hover\u00bb transform_translate__hover_enabled=\u00bbon|desktop\u00bb transform_rotate__hover_enabled=\u00bbon|desktop\u00bb transform_skew__hover_enabled=\u00bbon|desktop\u00bb transform_origin__hover_enabled=\u00bbon|desktop\u00bb transform_scale__hover=\u00bb105%|105%\u00bb custom_css_member_image_last_edited=\u00bbon|desktop\u00bb]<\/p>\n<p style=\"text-align: center;\">Especialista en ensayos de diagn\u00f3stico inmunol\u00f3gico y molecular; desarrollo de vacunas contra el norovirus.<\/p>\n<p>[\/et_pb_team_member][\/et_pb_column][et_pb_column type=\u00bb1_3&#8243; _builder_version=\u00bb4.16&#8243; global_colors_info=\u00bb{}\u00bb][et_pb_team_member name=\u00bbSamuel D. Jeske\u00bb position=\u00bbM\u00e9dico, residente \u00bb image_url=\u00bbhttps:\/\/www.thervacb.eu\/wp-content\/uploads\/samuel-d-jeske.jpg\u00bb disabled_on=\u00bboff|off|off\u00bb admin_label=\u00bbPerson\u00bb _builder_version=\u00bb4.21.0&#8243; header_text_align=\u00bbcenter\u00bb position_text_align=\u00bbcenter\u00bb position_line_height=\u00bb2em\u00bb text_orientation=\u00bbleft\u00bb custom_padding=\u00bb20px|20px|20px|20px|false|false\u00bb border_radii=\u00bbon|10px|10px|10px|10px\u00bb box_shadow_style=\u00bbpreset1&#8243; global_colors_info=\u00bb{}\u00bb transform_styles__hover_enabled=\u00bbon|hover\u00bb transform_scale__hover_enabled=\u00bbon|hover\u00bb transform_translate__hover_enabled=\u00bbon|desktop\u00bb transform_rotate__hover_enabled=\u00bbon|desktop\u00bb transform_skew__hover_enabled=\u00bbon|desktop\u00bb transform_origin__hover_enabled=\u00bbon|desktop\u00bb transform_scale__hover=\u00bb105%|105%\u00bb custom_css_member_image_last_edited=\u00bbon|desktop\u00bb]<\/p>\n<p style=\"text-align: center;\">Especialista en ensayos de diagn\u00f3stico molecular<\/p>\n<p>[\/et_pb_team_member][\/et_pb_column][et_pb_column type=\u00bb1_3&#8243; _builder_version=\u00bb4.16&#8243; global_colors_info=\u00bb{}\u00bb][et_pb_team_member name=\u00bbMehmet Tekinsoy \u00bb position=\u00bbMedical Doctor, European Board-Certified Medical Microbiologist \u00bb image_url=\u00bbhttps:\/\/www.thervacb.eu\/wp-content\/uploads\/mehmet-tekinsoy.jpg\u00bb disabled_on=\u00bboff|off|off\u00bb admin_label=\u00bbPerson\u00bb _builder_version=\u00bb4.25.0&#8243; header_text_align=\u00bbcenter\u00bb position_text_align=\u00bbcenter\u00bb position_line_height=\u00bb1.3em\u00bb text_orientation=\u00bbleft\u00bb custom_padding=\u00bb20px|20px|20px|20px|false|false\u00bb hover_enabled=\u00bb0&#8243; border_radii=\u00bbon|10px|10px|10px|10px\u00bb box_shadow_style=\u00bbpreset1&#8243; global_colors_info=\u00bb{}\u00bb transform_styles__hover_enabled=\u00bbon|hover\u00bb transform_scale__hover_enabled=\u00bbon|hover\u00bb transform_translate__hover_enabled=\u00bbon|desktop\u00bb transform_rotate__hover_enabled=\u00bbon|desktop\u00bb transform_skew__hover_enabled=\u00bbon|desktop\u00bb transform_origin__hover_enabled=\u00bbon|desktop\u00bb transform_scale__hover=\u00bb105%|105%\u00bb custom_css_member_image_last_edited=\u00bbon|desktop\u00bb sticky_enabled=\u00bb0&#8243;]<\/p>\n<p style=\"text-align: center;\">Specialist in Immunologic Diagnostic Assays, Supervisor at the Serology Section, Diagnostic Laboratory<\/p>\n<p>[\/et_pb_team_member][\/et_pb_column][\/et_pb_row][\/et_pb_section]<\/p>\n","protected":false},"excerpt":{"rendered":"<p>Technische Universit\u00e4t M\u00fcnchen Informaci\u00f3n general La Universidad T\u00e9cnica de M\u00fanich (TUM) es una de las principales universidades de investigaci\u00f3n de Europa, con unos 550 profesores, 43.000 estudiantes y 10.000 miembros del personal acad\u00e9mico y no acad\u00e9mico. Sus \u00e1reas de inter\u00e9s son las ciencias de la ingenier\u00eda, las ciencias naturales, las ciencias de la vida y [&hellip;]<\/p>\n","protected":false},"author":4,"featured_media":0,"parent":3020,"menu_order":13,"comment_status":"closed","ping_status":"closed","template":"","meta":{"_et_pb_use_builder":"on","_et_pb_old_content":"","_et_gb_content_width":"","_monsterinsights_skip_tracking":false,"_monsterinsights_sitenote_active":false,"_monsterinsights_sitenote_note":"","_monsterinsights_sitenote_category":0,"footnotes":"","_links_to":"","_links_to_target":""},"class_list":["post-3060","page","type-page","status-publish","hentry"],"aioseo_notices":[],"_links":{"self":[{"href":"https:\/\/www.thervacb.eu\/es\/wp-json\/wp\/v2\/pages\/3060","targetHints":{"allow":["GET"]}}],"collection":[{"href":"https:\/\/www.thervacb.eu\/es\/wp-json\/wp\/v2\/pages"}],"about":[{"href":"https:\/\/www.thervacb.eu\/es\/wp-json\/wp\/v2\/types\/page"}],"author":[{"embeddable":true,"href":"https:\/\/www.thervacb.eu\/es\/wp-json\/wp\/v2\/users\/4"}],"replies":[{"embeddable":true,"href":"https:\/\/www.thervacb.eu\/es\/wp-json\/wp\/v2\/comments?post=3060"}],"version-history":[{"count":6,"href":"https:\/\/www.thervacb.eu\/es\/wp-json\/wp\/v2\/pages\/3060\/revisions"}],"predecessor-version":[{"id":13572,"href":"https:\/\/www.thervacb.eu\/es\/wp-json\/wp\/v2\/pages\/3060\/revisions\/13572"}],"up":[{"embeddable":true,"href":"https:\/\/www.thervacb.eu\/es\/wp-json\/wp\/v2\/pages\/3020"}],"wp:attachment":[{"href":"https:\/\/www.thervacb.eu\/es\/wp-json\/wp\/v2\/media?parent=3060"}],"curies":[{"name":"wp","href":"https:\/\/api.w.org\/{rel}","templated":true}]}}