{"id":3087,"date":"2021-02-08T08:22:08","date_gmt":"2021-02-08T08:22:08","guid":{"rendered":"https:\/\/www.thervacb.eu\/equipo\/socio-blt\/"},"modified":"2025-07-15T07:26:59","modified_gmt":"2025-07-15T06:26:59","slug":"socio-blt","status":"publish","type":"page","link":"https:\/\/www.thervacb.eu\/es\/equipo\/socio-blt\/","title":{"rendered":"Socio BLT"},"content":{"rendered":"<p>[et_pb_section fb_built=\u00bb1&#8243; fullwidth=\u00bbon\u00bb _builder_version=\u00bb4.2.2&#8243; da_disable_devices=\u00bboff|off|off\u00bb global_module=\u00bb539&#8243; saved_tabs=\u00bball\u00bb da_is_popup=\u00bboff\u00bb da_exit_intent=\u00bboff\u00bb da_has_close=\u00bbon\u00bb da_alt_close=\u00bboff\u00bb da_dark_close=\u00bboff\u00bb da_not_modal=\u00bbon\u00bb da_is_singular=\u00bboff\u00bb da_with_loader=\u00bboff\u00bb da_has_shadow=\u00bbon\u00bb][et_pb_map_fullwidth_extended address=\u00bbParis, France\u00bb zoom_level=\u00bb2&#8243; address_lat=\u00bb43.762201679538&#8243; address_lng=\u00bb5.1647219&#8243; mobile_dragging=\u00bboff\u00bb map_type_control_position=\u00bbLEFT_CENTER\u00bb streetview_control_position=\u00bbLEFT_BOTTOM\u00bb info_window_width=\u00bb300px\u00bb map_type=\u00bb2&#8243; _builder_version=\u00bb4.4.3&#8243; title_text_color=\u00bb#1c9080&#8243; title_font_size=\u00bb24px\u00bb content_text_color=\u00bb#666666&#8243; content_font_size=\u00bb18px\u00bb][et_pb_map_pin_extended title=\u00bbLMU\u00bb pin_address=\u00bbGESCHWISTER SCHOLL PLATZ 1, 80539 M\u00fcnchen,\u00bb pin_address_lat=\u00bb48.1540685&#8243; pin_address_lng=\u00bb11.5823284&#8243; pin_fill_color=\u00bb#2d788c\u00bb pin_stroke_color=\u00bb#06423a\u00bb pin_circle_color=\u00bb#ffffff\u00bb _builder_version=\u00bb4.4.3&#8243;]<\/p>\n<p><a href=\"https:\/\/www.thervacb.eu\/team\/partner-lmu\/\" title=\"LMU\"><img loading=\"lazy\" decoding=\"async\" src=\"https:\/\/www.thervacb.eu\/wp-content\/uploads\/lmu-logo.png\" alt=\"LMU\" class=\"wp-image-763 size-full\" width=\"204\" height=\"57\" \/><\/a> <\/p>\n<p>[\/et_pb_map_pin_extended][et_pb_map_pin_extended title=\u00bbCTC North\u00bb pin_address=\u00bbMartinistra\u00dfe 64, 20251 Hamburg, Deutschland\u00bb pin_address_lat=\u00bb53.5898297&#8243; pin_address_lng=\u00bb9.9736084&#8243; pin_fill_color=\u00bb#2d788c\u00bb pin_stroke_color=\u00bb#06423a\u00bb pin_circle_color=\u00bb#ffffff\u00bb _builder_version=\u00bb4.4.3&#8243;]<\/p>\n<p><a href=\"https:\/\/www.thervacb.eu\/team\/\" title=\"CTC North\"><img loading=\"lazy\" decoding=\"async\" src=\"https:\/\/www.thervacb.eu\/wp-content\/uploads\/151204-ctc-logo-cmyk-400x114.png\" alt=\"\" class=\"wp-image-523 aligncenter size-medium\" width=\"200\" height=\"57\" srcset=\"https:\/\/www.thervacb.eu\/wp-content\/uploads\/151204-ctc-logo-cmyk-400x116.png 400w, https:\/\/www.thervacb.eu\/wp-content\/uploads\/151204-ctc-logo-cmyk.png 406w\" sizes=\"auto, (max-width: 200px) 100vw, 200px\" \/><\/a><\/p>\n<p>[\/et_pb_map_pin_extended][et_pb_map_pin_extended title=\u00bbFundaci\u00f3 Cl\u00ednic per a la Recerca Biom\u00e8dica\u00bb pin_address=\u00bbCarrer del Rossell\u00f3, 149, 08036 Barcelona, Spanien\u00bb pin_address_lat=\u00bb41.3885899&#8243; pin_address_lng=\u00bb2.1508862&#8243; pin_fill_color=\u00bb#2d788c\u00bb pin_stroke_color=\u00bb#06423a\u00bb pin_circle_color=\u00bb#ffffff\u00bb _builder_version=\u00bb4.4.2&#8243;]<\/p>\n<p><a href=\"https:\/\/www.thervacb.eu\/team\/partner-fcrb\/\" title=\"Clinic Barcelona\"><img loading=\"lazy\" decoding=\"async\" src=\"https:\/\/www.thervacb.eu\/wp-content\/uploads\/clinic-barcelona-logo.png\" alt=\"Clinic Barcelona\" class=\"wp-image-758 size-full\" width=\"200\" height=\"126\" \/><\/a><\/p>\n<p>[\/et_pb_map_pin_extended][et_pb_map_pin_extended title=\u00bbHelmholtz Zentrum M\u00fcnchen\u00bb pin_address=\u00bbIngolst\u00e4dter Landstra\u00dfe 1, 85764 Oberschlei\u00dfheim, Deutschland\u00bb pin_address_lat=\u00bb48.2208172&#8243; pin_address_lng=\u00bb11.5871674&#8243; pin_fill_color=\u00bb#2d788c\u00bb pin_stroke_color=\u00bb#06423a\u00bb pin_circle_color=\u00bb#ffffff\u00bb _builder_version=\u00bb4.4.1&#8243;]<\/p>\n<p><a href=\"https:\/\/www.thervacb.eu\/team\/partner-hmgu\/\" title=\"Helmholtz Zentrum M\u00fcnchen\"><img loading=\"lazy\" decoding=\"async\" src=\"https:\/\/www.thervacb.eu\/wp-content\/uploads\/helmholzzentrum-logo.png\" alt=\"Helmholtz Zentrum M\u00fcnchen\" class=\"wp-image-760 size-full\" width=\"236\" height=\"50\" \/><\/a><\/p>\n<p>[\/et_pb_map_pin_extended][et_pb_map_pin_extended title=\u00bbHelmholtz Zentrum f\u00fcr Infektionsforschung GmbH\u00bb pin_address=\u00bbInhoffenstra\u00dfe 7, 38124 Braunschweig, Deutschland\u00bb pin_address_lat=\u00bb52.2109803&#8243; pin_address_lng=\u00bb10.5314925&#8243; pin_fill_color=\u00bb#2d788c\u00bb pin_stroke_color=\u00bb#06423a\u00bb pin_circle_color=\u00bb#ffffff\u00bb _builder_version=\u00bb4.4.2&#8243;]<a href=\"https:\/\/www.thervacb.eu\/team\/partner-hzi\/\" title=\"Helmholtz-Zentrum f\u00fcr Infektionsforschung GmbH (HZI)\"><img loading=\"lazy\" decoding=\"async\" src=\"https:\/\/www.thervacb.eu\/wp-content\/uploads\/hzi-logo-400x133.png\" alt=\"\" class=\"wp-image-525 alignleft size-medium\" width=\"200\" height=\"66\" srcset=\"https:\/\/www.thervacb.eu\/wp-content\/uploads\/hzi-logo-400x133.png 400w, https:\/\/www.thervacb.eu\/wp-content\/uploads\/hzi-logo.png 406w\" sizes=\"auto, (max-width: 200px) 100vw, 200px\" \/><\/a>[\/et_pb_map_pin_extended][et_pb_map_pin_extended title=\u00bbMedizinische Hochschule Hannover\u00bb pin_address=\u00bbCarl-Neuberg-Stra\u00dfe 1, 30625 Hannover, Deutschland\u00bb pin_address_lat=\u00bb52.3834749&#8243; pin_address_lng=\u00bb9.8047999&#8243; pin_fill_color=\u00bb#2d788c\u00bb pin_stroke_color=\u00bb#06423a\u00bb pin_circle_color=\u00bb#ffffff\u00bb _builder_version=\u00bb4.4.1&#8243;]<\/p>\n<p><a href=\"https:\/\/www.thervacb.eu\/team\/partner-mhh\/\" title=\"Medizinische Hochschule Hannover\"><img loading=\"lazy\" decoding=\"async\" src=\"https:\/\/www.thervacb.eu\/wp-content\/uploads\/mhh-logo.png\" alt=\"MHH\" class=\"wp-image-765 size-full\" width=\"220\" height=\"38\" \/><\/a><\/p>\n<p>[\/et_pb_map_pin_extended][et_pb_map_pin_extended title=\u00bb NIMR-Mbeya Medical Research Center\u00bb pin_address=\u00bbHospital Hill Rd, Mbeya, Tansania\u00bb pin_address_lat=\u00bb-8.8892372&#8243; pin_address_lng=\u00bb33.4397813&#8243; pin_fill_color=\u00bb#2d788c\u00bb pin_stroke_color=\u00bb#06423a\u00bb pin_circle_color=\u00bb#ffffff\u00bb _builder_version=\u00bb4.4.1&#8243;]<\/p>\n<p><a href=\"https:\/\/www.thervacb.eu\/team\/partner-nimr\/\" title=\" NIMR-Mbeya Medical Research Center\"><img loading=\"lazy\" decoding=\"async\" src=\"https:\/\/www.thervacb.eu\/wp-content\/uploads\/nimr-mmrc-logo-g.png\" alt=\"National Institute for Medical Research\" class=\"wp-image-600 size-full\" width=\"200\" height=\"200\" srcset=\"https:\/\/www.thervacb.eu\/wp-content\/uploads\/nimr-mmrc-logo-g.png 200w, https:\/\/www.thervacb.eu\/wp-content\/uploads\/nimr-mmrc-logo-g-150x150.png 150w\" sizes=\"auto, (max-width: 200px) 100vw, 200px\" \/><\/a><\/p>\n<p>[\/et_pb_map_pin_extended][et_pb_map_pin_extended title=\u00bbTechnische Universit\u00e4t M\u00fcnchen\u00bb pin_address=\u00bbArcisstra\u00dfe 21, 80333 M\u00fcnchen, Deutschland\u00bb pin_address_lat=\u00bb48.1486686&#8243; pin_address_lng=\u00bb11.5685941&#8243; pin_fill_color=\u00bb#2d788c\u00bb pin_stroke_color=\u00bb#06423a\u00bb pin_circle_color=\u00bb#ffffff\u00bb _builder_version=\u00bb4.4.1&#8243;]<\/p>\n<p><a href=\"https:\/\/www.thervacb.eu\/team\/partner-tum\/\" title=\"Technische Universit\u00e4t M\u00fcnchen\"><img loading=\"lazy\" decoding=\"async\" src=\"https:\/\/www.thervacb.eu\/wp-content\/uploads\/tum-logo.png\" alt=\"TUM\" class=\"wp-image-768 size-full\" width=\"200\" height=\"67\" \/><\/a> <\/p>\n<p>[\/et_pb_map_pin_extended][et_pb_map_pin_extended title=\u00bbUNIVERSITY COLLEGE LONDON\u00bb pin_address=\u00bbGOWER STREET, WC1E 6BT London\u00bb pin_address_lat=\u00bb51.5233687&#8243; pin_address_lng=\u00bb-0.135766&#8243; pin_fill_color=\u00bb#2d788c\u00bb pin_stroke_color=\u00bb#06423a\u00bb pin_circle_color=\u00bb#ffffff\u00bb _builder_version=\u00bb4.4.3&#8243;]<\/p>\n<p><a href=\"https:\/\/www.thervacb.eu\/team\/partner-ucl\/\" title=\"UNIVERSITY COLLEGE LONDON\"><img loading=\"lazy\" decoding=\"async\" src=\"https:\/\/www.thervacb.eu\/wp-content\/uploads\/ucl-logo.png\" alt=\"UCL\" class=\"wp-image-770 size-full\" width=\"200\" height=\"59\" \/><\/a><\/p>\n<p>[\/et_pb_map_pin_extended][et_pb_map_pin_extended title=\u00bbARTTIC SAS\u00bb pin_address=\u00bb58a Rue du Dessous des Berges, 75013 Paris, Frankreich\u00bb pin_address_lat=\u00bb48.827405&#8243; pin_address_lng=\u00bb2.3743052&#8243; pin_fill_color=\u00bb#2d788c\u00bb pin_stroke_color=\u00bb#06423a\u00bb pin_circle_color=\u00bb#ffffff\u00bb _builder_version=\u00bb4.4.1&#8243;]<\/p>\n<p><a href=\"https:\/\/www.thervacb.eu\/team\/arttic\/\" title=\"ARTTIC\"><img loading=\"lazy\" decoding=\"async\" src=\"https:\/\/www.thervacb.eu\/wp-content\/uploads\/arttic-logo-400x200.png\" alt=\"\" class=\"wp-image-524 alignleft size-medium\" width=\"200\" height=\"100\" srcset=\"https:\/\/www.thervacb.eu\/wp-content\/uploads\/arttic-logo-400x200.png 400w, https:\/\/www.thervacb.eu\/wp-content\/uploads\/arttic-logo.png 406w\" sizes=\"auto, (max-width: 200px) 100vw, 200px\" \/><\/a><\/p>\n<p>[\/et_pb_map_pin_extended][et_pb_map_pin_extended title=\u00bbKlinikum Rechts der Isar der Technischen Universit\u00e4t M\u00fcnchen\u00bb pin_address=\u00bbH\u00f6rsaal A, Klinikum rechts der Isar, Ismaninger Str. 22, 81675 M\u00fcnchen, Deutschland\u00bb pin_address_lat=\u00bb48.1360041&#8243; pin_address_lng=\u00bb11.5997829&#8243; pin_fill_color=\u00bb#2d788c\u00bb pin_stroke_color=\u00bb#06423a\u00bb pin_circle_color=\u00bb#ffffff\u00bb _builder_version=\u00bb4.4.1&#8243;]<\/p>\n<p><a href=\"https:\/\/www.thervacb.eu\/team\/partner-tum-med\/\"><img loading=\"lazy\" decoding=\"async\" src=\"https:\/\/www.thervacb.eu\/wp-content\/uploads\/logo-mri-tum-400x118.png\" alt=\"\" class=\"wp-image-521 aligncenter size-medium\" style=\"float: left;\" width=\"200\" height=\"59\" srcset=\"https:\/\/www.thervacb.eu\/wp-content\/uploads\/logo-mri-tum-400x120.png 400w, https:\/\/www.thervacb.eu\/wp-content\/uploads\/logo-mri-tum.png 406w\" sizes=\"auto, (max-width: 200px) 100vw, 200px\" \/><\/a><\/p>\n<p>[\/et_pb_map_pin_extended][et_pb_map_pin_extended title=\u00bbUniversit\u00e4tsklinikum Hamburg-Eppendorf \u00bb pin_address=\u00bbMartinistra\u00dfe 52, 20251 Hamburg, Deutschland\u00bb pin_address_lat=\u00bb53.5902421&#8243; pin_address_lng=\u00bb9.9785922&#8243; pin_fill_color=\u00bb#2d788c\u00bb pin_stroke_color=\u00bb#06423a\u00bb pin_circle_color=\u00bb#ffffff\u00bb _builder_version=\u00bb4.4.1&#8243;]<\/p>\n<p><a href=\"https:\/\/www.thervacb.eu\/team\/partner-uke\/\" title=\"University Medical Center Hamburg-Eppendorf, I. Department of Internal Medicin\"><img loading=\"lazy\" decoding=\"async\" src=\"https:\/\/www.thervacb.eu\/wp-content\/uploads\/uke-hamburg.png\" alt=\"University Medical Center Hamburg-Eppendorf, I. Department of Internal Medicin\" title=\"University Medical Center Hamburg-Eppendorf, I. Department of Internal Medicin\" class=\"wp-image-1057 aligncenter size-full\" style=\"float: left;\" width=\"195\" height=\"169\" \/><\/a><\/p>\n<p>[\/et_pb_map_pin_extended][et_pb_map_pin_extended title=\u00bbUniversit\u00e1 degli Studi di Parma\u00bb pin_address=\u00bbStr. dell&#8217;Universit\u00e0, 12, 43121 Parma PR, Italien\u00bb pin_address_lat=\u00bb44.8012357&#8243; pin_address_lng=\u00bb10.3255389&#8243; pin_fill_color=\u00bb#2d788c\u00bb pin_stroke_color=\u00bb#06423a\u00bb pin_circle_color=\u00bb#ffffff\u00bb _builder_version=\u00bb4.4.1&#8243;]<a href=\"https:\/\/www.thervacb.eu\/team\/partner-aop-new\/\"><img loading=\"lazy\" decoding=\"async\" class=\"wp-image-520 aligncenter size-medium\" src=\"https:\/\/www.thervacb.eu\/wp-content\/uploads\/logo-azienda-ospedaliero-universitaria-di-parma-1-400x82.png\" alt=\"\" width=\"200\" height=\"41\" srcset=\"https:\/\/www.thervacb.eu\/wp-content\/uploads\/logo-azienda-ospedaliero-universitaria-di-parma-1-400x83.png 400w, https:\/\/www.thervacb.eu\/wp-content\/uploads\/logo-azienda-ospedaliero-universitaria-di-parma-1.png 406w\" sizes=\"auto, (max-width: 200px) 100vw, 200px\" \/><\/a>[\/et_pb_map_pin_extended][et_pb_map_pin_extended title=\u00bbUniversit\u00e4t Leipzig\u00bb pin_address=\u00bbRitterstra\u00dfe 26, 04109 Leipzig, Deutschland\u00bb pin_address_lat=\u00bb51.3412809&#8243; pin_address_lng=\u00bb12.3802676&#8243; pin_fill_color=\u00bb#2d788c\u00bb pin_stroke_color=\u00bb#06423a\u00bb pin_circle_color=\u00bb#ffffff\u00bb _builder_version=\u00bb4.3.4&#8243;][\/et_pb_map_pin_extended][et_pb_map_pin_extended title=\u00bbBarts Health NHS Trust\u00bb pin_address=\u00bbCo-operative Bank Plc, 9 Prescot St, Whitechapel, London E1 8AZ, Vereinigtes K\u00f6nigreich\u00bb zoom_level=\u00bb5&#8243; pin_address_lat=\u00bb51.5115034&#8243; pin_address_lng=\u00bb-0.0706499&#8243; pin_fill_color=\u00bb#2d788c\u00bb pin_stroke_color=\u00bb#06423a\u00bb pin_circle_color=\u00bb#ffffff\u00bb _builder_version=\u00bb4.4.3&#8243;][\/et_pb_map_pin_extended][et_pb_map_pin_extended title=\u00bbRoyal Free London NHS Foundation Trust\u00bb pin_address=\u00bbPond St, Hampstead, London NW3 2QG, Vereinigtes K\u00f6nigreich\u00bb pin_address_lat=\u00bb51.5537706&#8243; pin_address_lng=\u00bb-0.1672142&#8243; pin_fill_color=\u00bb#2d788c\u00bb pin_stroke_color=\u00bb#06423a\u00bb pin_circle_color=\u00bb#ffffff\u00bb _builder_version=\u00bb4.3.4&#8243;][\/et_pb_map_pin_extended][\/et_pb_map_fullwidth_extended][\/et_pb_section][et_pb_section fb_built=\u00bb1&#8243; _builder_version=\u00bb4.3.1&#8243; da_disable_devices=\u00bboff|off|off\u00bb da_is_popup=\u00bboff\u00bb da_exit_intent=\u00bboff\u00bb da_has_close=\u00bbon\u00bb da_alt_close=\u00bboff\u00bb da_dark_close=\u00bboff\u00bb da_not_modal=\u00bbon\u00bb da_is_singular=\u00bboff\u00bb da_with_loader=\u00bboff\u00bb da_has_shadow=\u00bbon\u00bb][et_pb_row column_structure=\u00bb3_4,1_4&#8243; _builder_version=\u00bb4.3.2&#8243;][et_pb_column type=\u00bb3_4&#8243; _builder_version=\u00bb4.3.1&#8243;][et_pb_text _builder_version=\u00bb4.4.3&#8243;]<\/p>\n<h1>Barts Health NHS Trust<\/h1>\n<h2>Informaci\u00f3n general<\/h2>\n<p>Barts Health es un consorcio del NHS que gestiona cinco hospitales en la ciudad de Londres y el este de la capital. Es la segunda mayor fundaci\u00f3n del NHS en el Reino Unido, con m\u00e1s de 16.000 empleados, y uno de los mayores servicios de hepatitis v\u00edrica del Reino Unido. El profesor Patrick Kennedy dirige un pr\u00f3spero servicio cl\u00ednico en el manejo de la CHB, con m\u00e1s de 6.000 pacientes a su cargo en el Barts Health NHS Trust y la East London Network. Inici\u00f3 la prestaci\u00f3n de un servicio multidisciplinar para todos los centros para la gesti\u00f3n de la CHB, formando una aut\u00e9ntica red radial. Esto ha agilizado la gesti\u00f3n de los pacientes, ha mejorado las v\u00edas de atenci\u00f3n locales y ha fomentado el trabajo entre centros y la realizaci\u00f3n de ensayos cl\u00ednicos. Este servicio cl\u00ednico, uno de los m\u00e1s grandes del Reino Unido, ha colocado a Barts Health como l\u00edder global en una serie de ensayos novedosos en CHB; actualmente &gt;10 ensayos cl\u00ednicos de fase 1, 2 y 3 dirigidos por la industria. Adem\u00e1s, el profesor Kennedy tiene una larga trayectoria en investigaci\u00f3n traslacional, que encaja con la cartera de ensayos cl\u00ednicos del CHB, elevando el nivel de la investigaci\u00f3n cl\u00ednica y traslacional en Barts Health.<\/p>\n<p>[\/et_pb_text][\/et_pb_column][et_pb_column type=\u00bb1_4&#8243; _builder_version=\u00bb4.3.2&#8243; background_enable_color=\u00bboff\u00bb use_background_color_gradient=\u00bbon\u00bb background_color_gradient_start=\u00bbrgba(0,0,0,0)\u00bb background_color_gradient_end=\u00bbrgba(92,189,217,0.25)\u00bb background_enable_image=\u00bboff\u00bb background_size=\u00bbinitial\u00bb background_position=\u00bbtop_left\u00bb custom_padding=\u00bb10px|10px|10px|10px|false|false\u00bb border_radii=\u00bbon|10px|10px|10px|10px\u00bb border_width_all=\u00bb2px\u00bb border_color_all=\u00bb#5cbdd9&#8243;][et_pb_image src=\u00bbhttps:\/\/www.thervacb.eu\/wp-content\/uploads\/Barts-and-the-London-NHS.png\u00bb alt=\u00bbCOLEGIO UNIVERSITARIO DE LONDRES\u00bb title_text=\u00bbCOLEGIO UNIVERSITARIO DE LONDRES\u00bb _builder_version=\u00bb4.4.3&#8243;][\/et_pb_image][et_pb_text _builder_version=\u00bb4.4.3&#8243; max_width=\u00bb100%\u00bb module_alignment=\u00bbleft\u00bb]<\/p>\n<p><strong>Barts Health NHS Trust<br \/><\/strong>Hospital Real de Londres<br \/>Calle Whitechapel<br \/>Londres E1 1FR<br \/>  Reino Unido<\/p>\n<p>[\/et_pb_text][\/et_pb_column][\/et_pb_row][et_pb_row _builder_version=\u00bb4.4.2&#8243;][et_pb_column type=\u00bb4_4&#8243; _builder_version=\u00bb4.4.2&#8243;][et_pb_text _builder_version=\u00bb4.4.3&#8243;]<\/p>\n<h2>Funci\u00f3n en TherVacB<\/h2>\n<p>Barts Health NHS Trust reclutar\u00e1 pacientes para el proyecto. El profesor Patrick Kennedy es el l\u00edder del grupo de inter\u00e9s especial de la Asociaci\u00f3n Brit\u00e1nica para el Estudio del H\u00edgado (BASL) para el virus de la hepatitis B (VHB). Esta funci\u00f3n implica la coordinaci\u00f3n, planificaci\u00f3n y ejecuci\u00f3n de la investigaci\u00f3n sobre el VHB en el Reino Unido. Adem\u00e1s, Barts Health cuenta con un programa de investigaci\u00f3n traslacional del VHB l\u00edder en el mundo, que dirige el profesor Kennedy. Barts Health NHS Trust ha contribuido a la planificaci\u00f3n del presente proyecto, haciendo especial hincapi\u00e9 en la selecci\u00f3n de pacientes. Bas\u00e1ndose en la experiencia en inmunolog\u00eda del VHB y en la investigaci\u00f3n traslacional, Barts Health contribuir\u00e1 a los estudios inmunol\u00f3gicos planificados como parte del proyecto actual.<\/p>\n<p>[\/et_pb_text][\/et_pb_column][\/et_pb_row][et_pb_row _builder_version=\u00bb4.4.2&#8243;][et_pb_column type=\u00bb4_4&#8243; _builder_version=\u00bb4.4.2&#8243;][et_pb_text _builder_version=\u00bb4.4.2&#8243;]<\/p>\n<h2>Personal del proyecto<\/h2>\n<p>[\/et_pb_text][\/et_pb_column][\/et_pb_row][et_pb_row column_structure=\u00bb1_2,1_2&#8243; _builder_version=\u00bb4.4.2&#8243;][et_pb_column type=\u00bb1_2&#8243; _builder_version=\u00bb4.4.2&#8243;][et_pb_team_member name=\u00bbPatrick Kennedy\u00bb position=\u00bbCo-investigador\u00bb image_url=\u00bbhttps:\/\/www.thervacb.eu\/wp-content\/uploads\/BLT_Patrick-Kennedy.jpg\u00bb _builder_version=\u00bb4.4.6&#8243; header_text_align=\u00bbcenter\u00bb position_text_align=\u00bbcenter\u00bb position_line_height=\u00bb2em\u00bb text_orientation=\u00bbleft\u00bb hover_enabled=\u00bb0&#8243; custom_css_member_image=\u00bb-webkit-clip-path: circle(45% at 50% 68%);||clip-path: circle(43% at 50% 68%);||margin-top:-20px;||height:160px;||margin-left: auto;||margin-right: auto;||\u00bb custom_css_member_description=\u00bbmargin-top:80px\u00bb box_shadow_style=\u00bbpreset1&#8243; border_radii=\u00bbon|10px|10px|10px|10px\u00bb custom_margin=\u00bb||||false|false\u00bb custom_padding=\u00bb40px|20px|20px|20px|false|false\u00bb][\/et_pb_team_member][\/et_pb_column][et_pb_column type=\u00bb1_2&#8243; _builder_version=\u00bb4.4.2&#8243;][et_pb_team_member name=\u00bbJames Hand\u00bb position=\u00bbDirector de investigaci\u00f3n cl\u00ednica\u00bb image_url=\u00bbhttps:\/\/www.thervacb.eu\/wp-content\/uploads\/person-blue.png\u00bb _builder_version=\u00bb4.4.6&#8243; header_text_align=\u00bbcenter\u00bb position_text_align=\u00bbcenter\u00bb position_line_height=\u00bb2em\u00bb text_orientation=\u00bbleft\u00bb hover_enabled=\u00bb0&#8243; custom_css_member_image=\u00bb-webkit-clip-path: circle(45% at 50% 68%);||clip-path: circle(43% at 50% 68%);||margin-top:-20px;||height:160px;||margin-left: auto;||margin-right: auto;||\u00bb custom_css_member_description=\u00bbmargin-top:80px\u00bb custom_padding=\u00bb40px|20px|20px|20px|false|false\u00bb border_radii=\u00bbon|10px|10px|10px|10px\u00bb box_shadow_style=\u00bbpreset1&#8243;][\/et_pb_team_member][\/et_pb_column][\/et_pb_row][\/et_pb_section]<\/p>\n","protected":false},"excerpt":{"rendered":"<p>Barts Health NHS Trust Informaci\u00f3n general Barts Health es un consorcio del NHS que gestiona cinco hospitales en la ciudad de Londres y el este de la capital. Es la segunda mayor fundaci\u00f3n del NHS en el Reino Unido, con m\u00e1s de 16.000 empleados, y uno de los mayores servicios de hepatitis v\u00edrica del Reino [&hellip;]<\/p>\n","protected":false},"author":4,"featured_media":0,"parent":3020,"menu_order":4,"comment_status":"closed","ping_status":"closed","template":"","meta":{"_et_pb_use_builder":"on","_et_pb_old_content":"","_et_gb_content_width":"","_monsterinsights_skip_tracking":false,"_monsterinsights_sitenote_active":false,"_monsterinsights_sitenote_note":"","_monsterinsights_sitenote_category":0,"footnotes":"","_links_to":"","_links_to_target":""},"class_list":["post-3087","page","type-page","status-publish","hentry"],"aioseo_notices":[],"_links":{"self":[{"href":"https:\/\/www.thervacb.eu\/es\/wp-json\/wp\/v2\/pages\/3087","targetHints":{"allow":["GET"]}}],"collection":[{"href":"https:\/\/www.thervacb.eu\/es\/wp-json\/wp\/v2\/pages"}],"about":[{"href":"https:\/\/www.thervacb.eu\/es\/wp-json\/wp\/v2\/types\/page"}],"author":[{"embeddable":true,"href":"https:\/\/www.thervacb.eu\/es\/wp-json\/wp\/v2\/users\/4"}],"replies":[{"embeddable":true,"href":"https:\/\/www.thervacb.eu\/es\/wp-json\/wp\/v2\/comments?post=3087"}],"version-history":[{"count":1,"href":"https:\/\/www.thervacb.eu\/es\/wp-json\/wp\/v2\/pages\/3087\/revisions"}],"predecessor-version":[{"id":12561,"href":"https:\/\/www.thervacb.eu\/es\/wp-json\/wp\/v2\/pages\/3087\/revisions\/12561"}],"up":[{"embeddable":true,"href":"https:\/\/www.thervacb.eu\/es\/wp-json\/wp\/v2\/pages\/3020"}],"wp:attachment":[{"href":"https:\/\/www.thervacb.eu\/es\/wp-json\/wp\/v2\/media?parent=3087"}],"curies":[{"name":"wp","href":"https:\/\/api.w.org\/{rel}","templated":true}]}}