{"id":8127,"date":"2022-04-19T08:16:27","date_gmt":"2022-04-19T07:16:27","guid":{"rendered":"https:\/\/www.thervacb.eu\/centro-de-medios-de-comunicacion\/recursos\/"},"modified":"2022-11-03T06:32:01","modified_gmt":"2022-11-03T06:32:01","slug":"recursos","status":"publish","type":"page","link":"https:\/\/www.thervacb.eu\/es\/centro-de-medios-de-comunicacion\/recursos\/","title":{"rendered":"Recursos"},"content":{"rendered":"<p>[et_pb_section fb_built=\u00bb1&#8243; fullwidth=\u00bbon\u00bb _builder_version=\u00bb4.2.1&#8243; da_disable_devices=\u00bboff|off|off\u00bb global_colors_info=\u00bb{}\u00bb da_is_popup=\u00bboff\u00bb da_exit_intent=\u00bboff\u00bb da_has_close=\u00bbon\u00bb da_alt_close=\u00bboff\u00bb da_dark_close=\u00bboff\u00bb da_not_modal=\u00bbon\u00bb da_is_singular=\u00bboff\u00bb da_with_loader=\u00bboff\u00bb da_has_shadow=\u00bbon\u00bb][et_pb_fullwidth_slider use_text_overlay=\u00bbon\u00bb text_overlay_color=\u00bbrgba(6,66,58,0.25)\u00bb _builder_version=\u00bb4.9.7&#8243; custom_padding=\u00bb83px||65px|||\u00bb auto=\u00bbon\u00bb auto_ignore_hover=\u00bbon\u00bb global_colors_info=\u00bb{}\u00bb][et_pb_slide heading=\u00bbRecursos\u00bb use_bg_overlay=\u00bboff\u00bb use_text_overlay=\u00bbon\u00bb arrows_custom_color=\u00bb#2d788c\u00bb dot_nav_custom_color=\u00bb#2d788c\u00bb text_border_radius=\u00bb10px\u00bb _builder_version=\u00bb4.9.7&#8243; header_font=\u00bb|700|||||||\u00bb header_text_align=\u00bbcenter\u00bb body_text_align=\u00bbcenter\u00bb background_enable_color=\u00bboff\u00bb use_background_color_gradient=\u00bbon\u00bb background_color_gradient_start=\u00bbrgba(0,0,0,0)\u00bb background_color_gradient_end=\u00bbrgba(0,0,0,0)\u00bb background_color_gradient_direction=\u00bb90deg\u00bb background_color_gradient_overlays_image=\u00bbon\u00bb background_image=\u00bbhttps:\/\/www.thervacb.eu\/wp-content\/uploads\/hepatitis-b-h.jpg\u00bb background_enable_image=\u00bbon\u00bb text_orientation=\u00bbcenter\u00bb header_text_shadow_style=\u00bbpreset1&#8243; header_text_shadow_color=\u00bb#706f6f\u00bb body_text_shadow_style=\u00bbpreset1&#8243; body_text_shadow_color=\u00bb#706f6f\u00bb text_shadow_style=\u00bbpreset1&#8243; text_shadow_color=\u00bb#706f6f\u00bb global_colors_info=\u00bb{}\u00bb sticky_transition=\u00bbon\u00bb][\/et_pb_slide][\/et_pb_fullwidth_slider][\/et_pb_section][et_pb_section fb_built=\u00bb1&#8243; _builder_version=\u00bb4.2.1&#8243; da_disable_devices=\u00bboff|off|off\u00bb global_colors_info=\u00bb{}\u00bb da_is_popup=\u00bboff\u00bb da_exit_intent=\u00bboff\u00bb da_has_close=\u00bbon\u00bb da_alt_close=\u00bboff\u00bb da_dark_close=\u00bboff\u00bb da_not_modal=\u00bbon\u00bb da_is_singular=\u00bboff\u00bb da_with_loader=\u00bboff\u00bb da_has_shadow=\u00bbon\u00bb][et_pb_row module_id=\u00bbpress\u00bb _builder_version=\u00bb4.3.4&#8243; custom_padding=\u00bb||7px|||\u00bb global_colors_info=\u00bb{}\u00bb][et_pb_column type=\u00bb4_4&#8243; _builder_version=\u00bb4.3.4&#8243; global_colors_info=\u00bb{}\u00bb][et_pb_text _builder_version=\u00bb4.9.7&#8243; global_colors_info=\u00bb{}\u00bb]<\/p>\n<h1 class=\"title style-scope ytd-video-primary-info-renderer\">Recursos \u00fatiles<\/h1>\n<p>Esta secci\u00f3n del sitio web de TherVacB ofrece material de libre acceso producido por el equipo de TherVacB o por organizaciones de pacientes y grupos de defensa nacionales e internacionales, que puede utilizarse para informaci\u00f3n p\u00fablica.<\/p>\n<p>Despl\u00e1cese hacia abajo para explorar los diferentes materiales.<\/p>\n<p>[\/et_pb_text][\/et_pb_column][\/et_pb_row][\/et_pb_section][et_pb_section fb_built=\u00bb1&#8243; _builder_version=\u00bb4.9.7&#8243; _module_preset=\u00bbdefault\u00bb custom_padding=\u00bb4px|||||\u00bb top_divider_color=\u00bbrgba(92,189,217,0.5)\u00bb top_divider_height=\u00bb50px\u00bb bottom_divider_style=\u00bbslant2&#8243; bottom_divider_color=\u00bbrgba(92,189,217,0.5)\u00bb bottom_divider_height=\u00bb50px\u00bb bottom_divider_flip=\u00bbvertical\u00bb da_disable_devices=\u00bboff|off|off\u00bb global_colors_info=\u00bb{}\u00bb da_is_popup=\u00bboff\u00bb da_exit_intent=\u00bboff\u00bb da_has_close=\u00bbon\u00bb da_alt_close=\u00bboff\u00bb da_dark_close=\u00bboff\u00bb da_not_modal=\u00bbon\u00bb da_is_singular=\u00bboff\u00bb da_with_loader=\u00bboff\u00bb da_has_shadow=\u00bbon\u00bb][et_pb_row column_structure=\u00bb1_2,1_2&#8243; module_id=\u00bbprojectlogo\u00bb _builder_version=\u00bb4.9.2&#8243; custom_padding=\u00bb3px|||||\u00bb global_colors_info=\u00bb{}\u00bb][et_pb_column type=\u00bb1_2&#8243; _builder_version=\u00bb4.3.4&#8243; global_colors_info=\u00bb{}\u00bb][et_pb_text _builder_version=\u00bb4.11.3&#8243; global_colors_info=\u00bb{}\u00bb]<\/p>\n<h2>Infograf\u00eda de B_Aware<\/h2>\n<p>Uno de los objetivos del proyecto TherVacB es concienciar sobre los peligros de una <strong>infecci\u00f3n por el virus de la hepatitis<\/strong> B, que a menudo no se detecta. <span>El conocimiento de los factores de riesgo es especialmente importante. Se anima a las personas con mayor riesgo a tomar medidas: hacerse las pruebas, vacunarse, acceder a la terapia.<\/span><\/p>\n<p>El equipo de comunicaci\u00f3n de TherVacB elabor\u00f3 varias infograf\u00edas \u00fatiles que ilustran los hechos y los factores de riesgo de la hepatitis B, que pueden utilizarse para la informaci\u00f3n, la prevenci\u00f3n y la educaci\u00f3n del p\u00fablico.<\/p>\n<p>Haga clic en la imagen para descargarla o siga este <a href=\"https:\/\/www.thervacb.eu\/wp-content\/uploads\/thervacb_infographic-en.gif\" target=\"_blank\" rel=\"noopener\" title=\"Infograf\u00eda de B_AWARE\">enlace<\/a>.<\/p>\n<p>Esta infograf\u00eda tambi\u00e9n est\u00e1 disponible en <a href=\"https:\/\/www.thervacb.eu\/wp-content\/uploads\/thervacb_infographic-de.gif\" target=\"_blank\" rel=\"noopener\" title=\"B_AWARE Infograf\u00eda en alem\u00e1n\">alem\u00e1n<\/a>.<\/p>\n<p>[\/et_pb_text][\/et_pb_column][et_pb_column type=\u00bb1_2&#8243; _builder_version=\u00bb4.9.0&#8243; global_colors_info=\u00bb{}\u00bb][et_pb_image src=\u00bbhttps:\/\/www.thervacb.eu\/wp-content\/uploads\/B_Aware-infographic-preview.gif\u00bb alt=\u00bbInfograf\u00eda de B_Aware\u00bb title_text=\u00bbInfograf\u00eda de B_Aware\u00bb url=\u00bbhttps:\/\/www.thervacb.eu\/wp-content\/uploads\/thervacb_infographic-en.gif\u00bb url_new_window=\u00bbon\u00bb _builder_version=\u00bb4.11.3&#8243; _module_preset=\u00bbdefault\u00bb box_shadow_style=\u00bbpreset3&#8243; global_colors_info=\u00bb{}\u00bb][\/et_pb_image][\/et_pb_column][\/et_pb_row][\/et_pb_section][et_pb_section fb_built=\u00bb1&#8243; disabled_on=\u00bboff|off|off\u00bb _builder_version=\u00bb4.11.3&#8243; _module_preset=\u00bbdefault\u00bb custom_padding=\u00bb||||false|false\u00bb top_divider_style=\u00bbslant2&#8243; top_divider_color=\u00bbrgba(92,189,217,0.5)\u00bb top_divider_height=\u00bb50px\u00bb bottom_divider_color=\u00bbrgba(92,189,217,0.5)\u00bb bottom_divider_height=\u00bb50px\u00bb bottom_divider_flip=\u00bbhorizontal\u00bb da_disable_devices=\u00bboff|off|off\u00bb global_colors_info=\u00bb{}\u00bb da_is_popup=\u00bboff\u00bb da_exit_intent=\u00bboff\u00bb da_has_close=\u00bbon\u00bb da_alt_close=\u00bboff\u00bb da_dark_close=\u00bboff\u00bb da_not_modal=\u00bbon\u00bb da_is_singular=\u00bboff\u00bb da_with_loader=\u00bboff\u00bb da_has_shadow=\u00bbon\u00bb][et_pb_row column_structure=\u00bb1_2,1_2&#8243; module_id=\u00bbprojectlogo\u00bb _builder_version=\u00bb4.9.2&#8243; global_colors_info=\u00bb{}\u00bb][et_pb_column type=\u00bb1_2&#8243; _builder_version=\u00bb4.3.4&#8243; global_colors_info=\u00bb{}\u00bb][et_pb_text _builder_version=\u00bb4.11.3&#8243; global_colors_info=\u00bb{}\u00bb]<\/p>\n<h2>Folleto B_Aware<\/h2>\n<p>Por otra parte, se elabor\u00f3 un folleto imprimible que puede exponerse para llevar o entregarse a la gente mientras se habla de los factores de riesgo de la hepatitis B u otras ITS.<\/p>\n<p>Haga clic en la imagen para descargarla o siga este <a href=\"https:\/\/www.thervacb.eu\/wp-content\/uploads\/thervacB-leaflet-en.jpg\" target=\"_blank\" rel=\"noopener\" title=\"Folleto de TherVacB - espa\u00f1ol\">enlace<\/a>.<\/p>\n<p>Este folleto tambi\u00e9n est\u00e1 disponible en <a href=\"https:\/\/www.thervacb.eu\/wp-content\/uploads\/thervacB-leaflet-de.jpg\" target=\"_blank\" rel=\"noopener\" title=\"Folleto de TherVacB - alem\u00e1n\">alem\u00e1n<\/a>.<\/p>\n<p>[\/et_pb_text][\/et_pb_column][et_pb_column type=\u00bb1_2&#8243; _builder_version=\u00bb4.9.0&#8243; global_colors_info=\u00bb{}\u00bb][et_pb_image src=\u00bbhttps:\/\/www.thervacb.eu\/wp-content\/uploads\/thervacB-leaflet-en.jpg\u00bb alt=\u00bbFolleto de TherVacB\u00bb title_text=\u00bbFolleto de TherVacB\u00bb url=\u00bbhttps:\/\/www.thervacb.eu\/wp-content\/uploads\/thervacB-leaflet-en.jpg\u00bb url_new_window=\u00bbon\u00bb _builder_version=\u00bb4.11.3&#8243; _module_preset=\u00bbdefault\u00bb box_shadow_style=\u00bbpreset3&#8243; global_colors_info=\u00bb{}\u00bb][\/et_pb_image][\/et_pb_column][\/et_pb_row][\/et_pb_section]<\/p>\n","protected":false},"excerpt":{"rendered":"<p>Recursos \u00fatiles Esta secci\u00f3n del sitio web de TherVacB ofrece material de libre acceso producido por el equipo de TherVacB o por organizaciones de pacientes y grupos de defensa nacionales e internacionales, que puede utilizarse para informaci\u00f3n p\u00fablica. Despl\u00e1cese hacia abajo para explorar los diferentes materiales.Infograf\u00eda de B_Aware Uno de los objetivos del proyecto TherVacB [&hellip;]<\/p>\n","protected":false},"author":4,"featured_media":0,"parent":2968,"menu_order":1,"comment_status":"closed","ping_status":"closed","template":"","meta":{"_et_pb_use_builder":"on","_et_pb_old_content":"","_et_gb_content_width":"","_monsterinsights_skip_tracking":false,"_monsterinsights_sitenote_active":false,"_monsterinsights_sitenote_note":"","_monsterinsights_sitenote_category":0,"footnotes":"","_links_to":"","_links_to_target":""},"class_list":["post-8127","page","type-page","status-publish","hentry"],"aioseo_notices":[],"_links":{"self":[{"href":"https:\/\/www.thervacb.eu\/es\/wp-json\/wp\/v2\/pages\/8127","targetHints":{"allow":["GET"]}}],"collection":[{"href":"https:\/\/www.thervacb.eu\/es\/wp-json\/wp\/v2\/pages"}],"about":[{"href":"https:\/\/www.thervacb.eu\/es\/wp-json\/wp\/v2\/types\/page"}],"author":[{"embeddable":true,"href":"https:\/\/www.thervacb.eu\/es\/wp-json\/wp\/v2\/users\/4"}],"replies":[{"embeddable":true,"href":"https:\/\/www.thervacb.eu\/es\/wp-json\/wp\/v2\/comments?post=8127"}],"version-history":[{"count":0,"href":"https:\/\/www.thervacb.eu\/es\/wp-json\/wp\/v2\/pages\/8127\/revisions"}],"up":[{"embeddable":true,"href":"https:\/\/www.thervacb.eu\/es\/wp-json\/wp\/v2\/pages\/2968"}],"wp:attachment":[{"href":"https:\/\/www.thervacb.eu\/es\/wp-json\/wp\/v2\/media?parent=8127"}],"curies":[{"name":"wp","href":"https:\/\/api.w.org\/{rel}","templated":true}]}}