{"id":8139,"date":"2022-04-19T08:36:57","date_gmt":"2022-04-19T07:36:57","guid":{"rendered":"https:\/\/www.thervacb.eu\/pacientes-2\/registro-europeo-de-pacientes-con-vhb\/"},"modified":"2022-04-19T09:30:27","modified_gmt":"2022-04-19T08:30:27","slug":"registro-europeo-de-pacientes-con-vhb","status":"publish","type":"page","link":"https:\/\/www.thervacb.eu\/es\/pacientes\/registro-europeo-de-pacientes-con-vhb\/","title":{"rendered":"Registro Europeo de Pacientes con VHB"},"content":{"rendered":"<p>[et_pb_section fb_built=\u00bb1&#8243; fullwidth=\u00bbon\u00bb _builder_version=\u00bb4.2.1&#8243; da_disable_devices=\u00bboff|off|off\u00bb global_colors_info=\u00bb{}\u00bb da_is_popup=\u00bboff\u00bb da_exit_intent=\u00bboff\u00bb da_has_close=\u00bbon\u00bb da_alt_close=\u00bboff\u00bb da_dark_close=\u00bboff\u00bb da_not_modal=\u00bbon\u00bb da_is_singular=\u00bboff\u00bb da_with_loader=\u00bboff\u00bb da_has_shadow=\u00bbon\u00bb][et_pb_fullwidth_slider use_text_overlay=\u00bbon\u00bb text_overlay_color=\u00bbrgba(6,66,58,0.25)\u00bb _builder_version=\u00bb4.9.2&#8243; custom_padding=\u00bb83px||65px|||\u00bb auto=\u00bbon\u00bb auto_ignore_hover=\u00bbon\u00bb global_colors_info=\u00bb{}\u00bb][et_pb_slide heading=\u00bbPacientes\u00bb use_bg_overlay=\u00bboff\u00bb use_text_overlay=\u00bbon\u00bb arrows_custom_color=\u00bb#2d788c\u00bb dot_nav_custom_color=\u00bb#2d788c\u00bb text_border_radius=\u00bb10px\u00bb _builder_version=\u00bb4.9.2&#8243; header_font=\u00bb|700|||||||\u00bb header_text_align=\u00bbcenter\u00bb body_text_align=\u00bbcenter\u00bb body_font_size=\u00bb30px\u00bb background_enable_color=\u00bboff\u00bb use_background_color_gradient=\u00bbon\u00bb background_color_gradient_start=\u00bbrgba(0,0,0,0)\u00bb background_color_gradient_end=\u00bbrgba(0,0,0,0)\u00bb background_color_gradient_direction=\u00bb90deg\u00bb background_color_gradient_overlays_image=\u00bbon\u00bb background_image=\u00bbhttps:\/\/www.thervacb.eu\/wp-content\/uploads\/the-european-hbv-patient-registry-h.jpg\u00bb background_enable_image=\u00bbon\u00bb background_size=\u00bbinitial\u00bb text_orientation=\u00bbcenter\u00bb custom_css_slide_container=\u00bbmargin-left:55% !important;||width:50%;\u00bb header_text_shadow_style=\u00bbpreset1&#8243; header_text_shadow_color=\u00bb#706f6f\u00bb body_text_shadow_style=\u00bbpreset1&#8243; body_text_shadow_color=\u00bb#706f6f\u00bb text_shadow_style=\u00bbpreset1&#8243; text_shadow_color=\u00bb#706f6f\u00bb global_colors_info=\u00bb{}\u00bb custom_css_slide_container_last_edited=\u00bbon|desktop\u00bb custom_css_slide_container_tablet=\u00bbmargin-left:auto ;||width:auto;\u00bb sticky_transition=\u00bbon\u00bb]<\/p>\n<p>Nueva esperanza para los pacientes de hepatitis B<\/p>\n<p>[\/et_pb_slide][\/et_pb_fullwidth_slider][\/et_pb_section][et_pb_section fb_built=\u00bb1&#8243; _builder_version=\u00bb4.2.1&#8243; da_disable_devices=\u00bboff|off|off\u00bb global_colors_info=\u00bb{}\u00bb da_is_popup=\u00bboff\u00bb da_exit_intent=\u00bboff\u00bb da_has_close=\u00bbon\u00bb da_alt_close=\u00bboff\u00bb da_dark_close=\u00bboff\u00bb da_not_modal=\u00bbon\u00bb da_is_singular=\u00bboff\u00bb da_with_loader=\u00bboff\u00bb da_has_shadow=\u00bbon\u00bb][et_pb_row module_id=\u00bbregistry\u00bb _builder_version=\u00bb4.9.0&#8243; global_colors_info=\u00bb{}\u00bb][et_pb_column type=\u00bb4_4&#8243; _builder_version=\u00bb4.3.4&#8243; global_colors_info=\u00bb{}\u00bb][et_pb_text _builder_version=\u00bb4.9.0&#8243; global_colors_info=\u00bb{}\u00bb]<\/p>\n<h1><strong>\u00bfQu\u00e9 es el registro europeo de pacientes con hepatitis B cr\u00f3nica y por qu\u00e9 es una buena idea participar en \u00e9l?<\/strong><\/h1>\n<p>Adem\u00e1s del ensayo cl\u00ednico TherVacB, el equipo de TherVacB ha creado un registro europeo de pacientes con hepatitis B cr\u00f3nica. El registro recoge datos de los pacientes sobre par\u00e1metros virol\u00f3gicos e inmunol\u00f3gicos durante el curso de la infecci\u00f3n por el virus de la hepatitis B. A trav\u00e9s de una recopilaci\u00f3n de datos de pacientes en continuo crecimiento, podremos reunir informaci\u00f3n valiosa sobre la evoluci\u00f3n natural de la enfermedad y, al mismo tiempo, identificar a los pacientes para el ensayo cl\u00ednico TherVacB, as\u00ed como para otros estudios futuros.<\/p>\n<p>Al participar en el Registro Europeo del VHB, se convertir\u00e1 en paciente de uno de nuestros centros de estudio participantes. Realizar\u00e1n sus visitas rutinarias y documentar\u00e1n sus datos en el registro. Esto ayuda a seleccionar a los pacientes para que participen en terapias o ensayos cl\u00ednicos espec\u00edficos, incluido el ensayo cl\u00ednico TherVacB.<\/p>\n<p>Por \u00faltimo, pero no por ello menos importante, cada participante apoya, con los datos generados por \u00e9l mismo, a comprender mejor la enfermedad mediada por el VHB y desarrollar o perfeccionar las terapias para, en \u00faltima instancia, ayudar a la comunidad de pacientes en general.<\/p>\n<p>[\/et_pb_text][\/et_pb_column][\/et_pb_row][et_pb_row module_id=\u00bbparticipate\u00bb _builder_version=\u00bb4.9.0&#8243; global_colors_info=\u00bb{}\u00bb][et_pb_column type=\u00bb4_4&#8243; _builder_version=\u00bb4.3.4&#8243; global_colors_info=\u00bb{}\u00bb][et_pb_text _builder_version=\u00bb4.11.3&#8243; hover_enabled=\u00bb0&#8243; global_colors_info=\u00bb{}\u00bb sticky_enabled=\u00bb0&#8243;]<\/p>\n<h1><strong>Soy un paciente con hepatitis B que vive en Europa. \u00bfC\u00f3mo puedo participar?<\/strong><\/h1>\n<p>El Registro Europeo del VHB est\u00e1 actualmente activo en Italia, Espa\u00f1a, Reino Unido y Alemania. Para participar en el registro, tendr\u00e1 que desplazarse al centro de estudio m\u00e1s cercano a usted para todas las visitas rutinarias.<\/p>\n<p>La inscripci\u00f3n en el registro es posible en cualquier momento e incluso despu\u00e9s de que haya comenzado el estudio de vacunaci\u00f3n TherVacB. Los datos de los participantes en el estudio TherVacB formar\u00e1n parte de este dep\u00f3sito. Los pacientes que deseen unirse a otros estudios en curso o futuros sobre el tratamiento y la cura del VHB tambi\u00e9n son bienvenidos.<\/p>\n<p>Al ponerse en contacto con nosotros, los pacientes con un inter\u00e9s confirmado en participar en el ensayo de vacunaci\u00f3n TherVacB o en otros estudios en curso o futuros ser\u00e1n remitidos al centro de estudio m\u00e1s cercano al lugar de residencia\/domicilio del paciente. El m\u00e9dico del estudio TherVacB decidir\u00e1 entonces, junto con el paciente, una posible inclusi\u00f3n en el registro, entre otras cosas, bas\u00e1ndose en una serie de criterios cl\u00ednicos.<\/p>\n<p>Si est\u00e1 interesado en formar parte del registro, <a href=\"https:\/\/www.thervacb.eu\/es\/pacientes\/contacto\/\" title=\"contacto con nosotros\">p\u00f3ngase en contacto con nosotros<\/a>: Marque la casilla y nos pondremos en contacto con usted.<\/p>\n<p>Todos los datos de los pacientes recogidos a trav\u00e9s de nuestro formulario de contacto se almacenar\u00e1n de forma segura a nivel local y se manejar\u00e1n cuidadosamente de acuerdo con los consentimientos recibidos, respetando plenamente las normas de protecci\u00f3n de datos (GDPR) en vigor. Si se prev\u00e9 la recogida de otros datos -por ejemplo, para el registro de pacientes del VHB- se le informar\u00e1 por separado sobre la protecci\u00f3n de estos datos y deber\u00e1 dar su consentimiento de antemano.<\/p>\n<p>&nbsp;<\/p>\n<p>[\/et_pb_text][\/et_pb_column][\/et_pb_row][\/et_pb_section]<\/p>\n","protected":false},"excerpt":{"rendered":"<p>Nueva esperanza para los pacientes de hepatitis B\u00bfQu\u00e9 es el registro europeo de pacientes con hepatitis B cr\u00f3nica y por qu\u00e9 es una buena idea participar en \u00e9l? Adem\u00e1s del ensayo cl\u00ednico TherVacB, el equipo de TherVacB ha creado un registro europeo de pacientes con hepatitis B cr\u00f3nica. El registro recoge datos de los pacientes [&hellip;]<\/p>\n","protected":false},"author":4,"featured_media":4912,"parent":8133,"menu_order":2,"comment_status":"closed","ping_status":"closed","template":"","meta":{"_et_pb_use_builder":"on","_et_pb_old_content":"","_et_gb_content_width":"","_monsterinsights_skip_tracking":false,"_monsterinsights_sitenote_active":false,"_monsterinsights_sitenote_note":"","_monsterinsights_sitenote_category":0,"footnotes":"","_links_to":"","_links_to_target":""},"class_list":["post-8139","page","type-page","status-publish","has-post-thumbnail","hentry"],"aioseo_notices":[],"_links":{"self":[{"href":"https:\/\/www.thervacb.eu\/es\/wp-json\/wp\/v2\/pages\/8139","targetHints":{"allow":["GET"]}}],"collection":[{"href":"https:\/\/www.thervacb.eu\/es\/wp-json\/wp\/v2\/pages"}],"about":[{"href":"https:\/\/www.thervacb.eu\/es\/wp-json\/wp\/v2\/types\/page"}],"author":[{"embeddable":true,"href":"https:\/\/www.thervacb.eu\/es\/wp-json\/wp\/v2\/users\/4"}],"replies":[{"embeddable":true,"href":"https:\/\/www.thervacb.eu\/es\/wp-json\/wp\/v2\/comments?post=8139"}],"version-history":[{"count":0,"href":"https:\/\/www.thervacb.eu\/es\/wp-json\/wp\/v2\/pages\/8139\/revisions"}],"up":[{"embeddable":true,"href":"https:\/\/www.thervacb.eu\/es\/wp-json\/wp\/v2\/pages\/8133"}],"wp:featuredmedia":[{"embeddable":true,"href":"https:\/\/www.thervacb.eu\/es\/wp-json\/wp\/v2\/media\/4912"}],"wp:attachment":[{"href":"https:\/\/www.thervacb.eu\/es\/wp-json\/wp\/v2\/media?parent=8139"}],"curies":[{"name":"wp","href":"https:\/\/api.w.org\/{rel}","templated":true}]}}