{"id":3097,"date":"2021-02-08T08:34:19","date_gmt":"2021-02-08T08:34:19","guid":{"rendered":"https:\/\/www.thervacb.eu\/projet\/"},"modified":"2025-01-14T12:47:10","modified_gmt":"2025-01-14T12:47:10","slug":"projet","status":"publish","type":"page","link":"https:\/\/www.thervacb.eu\/fr\/projet\/","title":{"rendered":"Projet"},"content":{"rendered":"<p>[et_pb_section fb_built=\u00a0\u00bb1&Prime; fullwidth=\u00a0\u00bbon\u00a0\u00bb _builder_version=\u00a0\u00bb4.16&Prime; da_disable_devices=\u00a0\u00bboff|off|off\u00a0\u00bb global_colors_info=\u00a0\u00bb{}\u00a0\u00bb da_is_popup=\u00a0\u00bboff\u00a0\u00bb da_exit_intent=\u00a0\u00bboff\u00a0\u00bb da_has_close=\u00a0\u00bbon\u00a0\u00bb da_alt_close=\u00a0\u00bboff\u00a0\u00bb da_dark_close=\u00a0\u00bboff\u00a0\u00bb da_not_modal=\u00a0\u00bbon\u00a0\u00bb da_is_singular=\u00a0\u00bboff\u00a0\u00bb da_with_loader=\u00a0\u00bboff\u00a0\u00bb da_has_shadow=\u00a0\u00bbon\u00a0\u00bb][et_pb_fullwidth_slider use_text_overlay=\u00a0\u00bbon\u00a0\u00bb text_overlay_color=\u00a0\u00bbrgba(6,66,58,0.25)\u00a0\u00bb _builder_version=\u00a0\u00bb4.16&Prime; custom_padding=\u00a0\u00bb83px||65px|||\u00a0\u00bb auto=\u00a0\u00bbon\u00a0\u00bb auto_ignore_hover=\u00a0\u00bbon\u00a0\u00bb global_colors_info=\u00a0\u00bb{}\u00a0\u00bb][et_pb_slide heading=\u00a0\u00bbAbout TherVacB\u00a0\u00bb use_bg_overlay=\u00a0\u00bboff\u00a0\u00bb use_text_overlay=\u00a0\u00bbon\u00a0\u00bb arrows_custom_color=\u00a0\u00bb#2d788c\u00a0\u00bb dot_nav_custom_color=\u00a0\u00bb#2d788c\u00a0\u00bb text_border_radius=\u00a0\u00bb10px\u00a0\u00bb _builder_version=\u00a0\u00bb4.16&Prime; header_font=\u00a0\u00bb|700|||||||\u00a0\u00bb header_text_align=\u00a0\u00bbcenter\u00a0\u00bb body_text_align=\u00a0\u00bbcenter\u00a0\u00bb background_enable_color=\u00a0\u00bboff\u00a0\u00bb use_background_color_gradient=\u00a0\u00bbon\u00a0\u00bb background_color_gradient_direction=\u00a0\u00bb90deg\u00a0\u00bb background_color_gradient_stops=\u00a0\u00bbrgba(0,0,0,0) 0%|rgba(0,0,0,0) 100%\u00a0\u00bb background_color_gradient_overlays_image=\u00a0\u00bbon\u00a0\u00bb background_color_gradient_start=\u00a0\u00bbrgba(0,0,0,0)\u00a0\u00bb background_color_gradient_end=\u00a0\u00bbrgba(0,0,0,0)\u00a0\u00bb background_image=\u00a0\u00bbhttps:\/\/www.thervacb.eu\/wp-content\/uploads\/3d-objects-of-hepatitis-b-viruses-in-abstract-plasma.jpg\u00a0\u00bb background_enable_image=\u00a0\u00bbon\u00a0\u00bb text_orientation=\u00a0\u00bbcenter\u00a0\u00bb header_text_shadow_style=\u00a0\u00bbpreset1&Prime; header_text_shadow_color=\u00a0\u00bb#706f6f\u00a0\u00bb body_text_shadow_style=\u00a0\u00bbpreset1&Prime; body_text_shadow_color=\u00a0\u00bb#706f6f\u00a0\u00bb text_shadow_style=\u00a0\u00bbpreset1&Prime; text_shadow_color=\u00a0\u00bb#706f6f\u00a0\u00bb global_colors_info=\u00a0\u00bb{}\u00a0\u00bb sticky_transition=\u00a0\u00bbon\u00a0\u00bb]<\/p>\n<p>Un nouveau concept pour lutter contre l&rsquo;h\u00e9patite B chronique<\/p>\n<p>[\/et_pb_slide][\/et_pb_fullwidth_slider][\/et_pb_section][et_pb_section fb_built=\u00a0\u00bb1&Prime; _builder_version=\u00a0\u00bb4.16&Prime; da_disable_devices=\u00a0\u00bboff|off|off\u00a0\u00bb global_colors_info=\u00a0\u00bb{}\u00a0\u00bb da_is_popup=\u00a0\u00bboff\u00a0\u00bb da_exit_intent=\u00a0\u00bboff\u00a0\u00bb da_has_close=\u00a0\u00bbon\u00a0\u00bb da_alt_close=\u00a0\u00bboff\u00a0\u00bb da_dark_close=\u00a0\u00bboff\u00a0\u00bb da_not_modal=\u00a0\u00bbon\u00a0\u00bb da_is_singular=\u00a0\u00bboff\u00a0\u00bb da_with_loader=\u00a0\u00bboff\u00a0\u00bb da_has_shadow=\u00a0\u00bbon\u00a0\u00bb][et_pb_row column_structure=\u00a0\u00bb1_4,1_4,1_4,1_4&Prime; custom_padding_last_edited=\u00a0\u00bbon|tablet\u00a0\u00bb _builder_version=\u00a0\u00bb4.16&Prime; custom_padding_tablet=\u00a0\u00bb|5px||5px|false|false\u00a0\u00bb custom_padding_phone=\u00a0\u00bb\u00a0\u00bb global_colors_info=\u00a0\u00bb{}\u00a0\u00bb][et_pb_column type=\u00a0\u00bb1_4&Prime; _builder_version=\u00a0\u00bb4.16&Prime; global_colors_info=\u00a0\u00bb{}\u00a0\u00bb][et_pb_blurb title=\u00a0\u00bbNotre mission\u00a0\u00bb url=\u00a0\u00bb#mission\u00a0\u00bb use_icon=\u00a0\u00bbon\u00a0\u00bb font_icon=\u00a0\u00bb&#xe0f5;||divi||400&Prime; _builder_version=\u00a0\u00bb4.16&Prime; header_level=\u00a0\u00bbh2&Prime; header_text_align=\u00a0\u00bbcenter\u00a0\u00bb header_text_color=\u00a0\u00bb#1c9080&Prime; background_enable_image=\u00a0\u00bboff\u00a0\u00bb custom_padding=\u00a0\u00bb20px||20px||false|false\u00a0\u00bb animation_style=\u00a0\u00bbslide\u00a0\u00bb animation_direction=\u00a0\u00bbbottom\u00a0\u00bb border_radii=\u00a0\u00bbon|30px|30px|30px|30px\u00a0\u00bb box_shadow_style=\u00a0\u00bbpreset1&Prime; box_shadow_blur=\u00a0\u00bb8px\u00a0\u00bb global_colors_info=\u00a0\u00bb{}\u00a0\u00bb transform_styles__hover_enabled=\u00a0\u00bbon|hover\u00a0\u00bb transform_scale__hover_enabled=\u00a0\u00bbon|hover\u00a0\u00bb transform_translate__hover_enabled=\u00a0\u00bbon|desktop\u00a0\u00bb transform_rotate__hover_enabled=\u00a0\u00bbon|desktop\u00a0\u00bb transform_skew__hover_enabled=\u00a0\u00bbon|desktop\u00a0\u00bb transform_origin__hover_enabled=\u00a0\u00bbon|desktop\u00a0\u00bb transform_scale__hover=\u00a0\u00bb105%|105%\u00a0\u00bb][\/et_pb_blurb][\/et_pb_column][et_pb_column type=\u00a0\u00bb1_4&Prime; _builder_version=\u00a0\u00bb4.16&Prime; global_colors_info=\u00a0\u00bb{}\u00a0\u00bb][et_pb_blurb title=\u00a0\u00bbNotre approche\u00a0\u00bb url=\u00a0\u00bb#approach\u00a0\u00bb use_icon=\u00a0\u00bbon\u00a0\u00bb font_icon=\u00a0\u00bb&#xf6f1;||fa||900&Prime; _builder_version=\u00a0\u00bb4.21.0&Prime; header_level=\u00a0\u00bbh2&Prime; header_text_align=\u00a0\u00bbcenter\u00a0\u00bb header_text_color=\u00a0\u00bb#1c9080&Prime; background_enable_image=\u00a0\u00bboff\u00a0\u00bb custom_padding=\u00a0\u00bb20px||20px||false|false\u00a0\u00bb animation_style=\u00a0\u00bbslide\u00a0\u00bb animation_direction=\u00a0\u00bbbottom\u00a0\u00bb animation_delay=\u00a0\u00bb200ms\u00a0\u00bb border_radii=\u00a0\u00bbon|30px|30px|30px|30px\u00a0\u00bb box_shadow_style=\u00a0\u00bbpreset1&Prime; box_shadow_blur=\u00a0\u00bb8px\u00a0\u00bb global_colors_info=\u00a0\u00bb{}\u00a0\u00bb transform_styles__hover_enabled=\u00a0\u00bbon|hover\u00a0\u00bb transform_scale__hover_enabled=\u00a0\u00bbon|hover\u00a0\u00bb transform_translate__hover_enabled=\u00a0\u00bbon|desktop\u00a0\u00bb transform_rotate__hover_enabled=\u00a0\u00bbon|desktop\u00a0\u00bb transform_skew__hover_enabled=\u00a0\u00bbon|desktop\u00a0\u00bb transform_origin__hover_enabled=\u00a0\u00bbon|desktop\u00a0\u00bb transform_scale__hover=\u00a0\u00bb105%|105%\u00a0\u00bb][\/et_pb_blurb][\/et_pb_column][et_pb_column type=\u00a0\u00bb1_4&Prime; _builder_version=\u00a0\u00bb4.16&Prime; global_colors_info=\u00a0\u00bb{}\u00a0\u00bb][et_pb_blurb title=\u00a0\u00bbNotre impact\u00a0\u00bb url=\u00a0\u00bb#impact\u00a0\u00bb use_icon=\u00a0\u00bbon\u00a0\u00bb font_icon=\u00a0\u00bb&#xf233;||fa||900&Prime; _builder_version=\u00a0\u00bb4.21.0&Prime; header_level=\u00a0\u00bbh2&Prime; header_text_align=\u00a0\u00bbcenter\u00a0\u00bb header_text_color=\u00a0\u00bb#1c9080&Prime; background_enable_image=\u00a0\u00bboff\u00a0\u00bb custom_padding=\u00a0\u00bb20px||20px||false|false\u00a0\u00bb animation_style=\u00a0\u00bbslide\u00a0\u00bb animation_direction=\u00a0\u00bbbottom\u00a0\u00bb animation_delay=\u00a0\u00bb400ms\u00a0\u00bb border_radii=\u00a0\u00bbon|30px|30px|30px|30px\u00a0\u00bb box_shadow_style=\u00a0\u00bbpreset1&Prime; box_shadow_blur=\u00a0\u00bb8px\u00a0\u00bb global_colors_info=\u00a0\u00bb{}\u00a0\u00bb transform_styles__hover_enabled=\u00a0\u00bbon|hover\u00a0\u00bb transform_scale__hover_enabled=\u00a0\u00bbon|hover\u00a0\u00bb transform_translate__hover_enabled=\u00a0\u00bbon|desktop\u00a0\u00bb transform_rotate__hover_enabled=\u00a0\u00bbon|desktop\u00a0\u00bb transform_skew__hover_enabled=\u00a0\u00bbon|desktop\u00a0\u00bb transform_origin__hover_enabled=\u00a0\u00bbon|desktop\u00a0\u00bb transform_scale__hover=\u00a0\u00bb105%|105%\u00a0\u00bb][\/et_pb_blurb][\/et_pb_column][et_pb_column type=\u00a0\u00bb1_4&Prime; _builder_version=\u00a0\u00bb4.16&Prime; global_colors_info=\u00a0\u00bb{}\u00a0\u00bb][et_pb_blurb title=\u00a0\u00bbNos \u00e9ch\u00e9ances\u00a0\u00bb url=\u00a0\u00bb#timelines\u00a0\u00bb use_icon=\u00a0\u00bbon\u00a0\u00bb font_icon=\u00a0\u00bb&#xf252;||fa||900&Prime; _builder_version=\u00a0\u00bb4.21.0&Prime; header_level=\u00a0\u00bbh2&Prime; header_text_align=\u00a0\u00bbcenter\u00a0\u00bb header_text_color=\u00a0\u00bb#1c9080&Prime; background_enable_image=\u00a0\u00bboff\u00a0\u00bb custom_padding=\u00a0\u00bb20px||20px||false|false\u00a0\u00bb animation_style=\u00a0\u00bbslide\u00a0\u00bb animation_direction=\u00a0\u00bbbottom\u00a0\u00bb animation_delay=\u00a0\u00bb600ms\u00a0\u00bb border_radii=\u00a0\u00bbon|30px|30px|30px|30px\u00a0\u00bb box_shadow_style=\u00a0\u00bbpreset1&Prime; box_shadow_blur=\u00a0\u00bb8px\u00a0\u00bb global_colors_info=\u00a0\u00bb{}\u00a0\u00bb transform_styles__hover_enabled=\u00a0\u00bbon|hover\u00a0\u00bb transform_scale__hover_enabled=\u00a0\u00bbon|hover\u00a0\u00bb transform_translate__hover_enabled=\u00a0\u00bbon|desktop\u00a0\u00bb transform_rotate__hover_enabled=\u00a0\u00bbon|desktop\u00a0\u00bb transform_skew__hover_enabled=\u00a0\u00bbon|desktop\u00a0\u00bb transform_origin__hover_enabled=\u00a0\u00bbon|desktop\u00a0\u00bb transform_scale__hover=\u00a0\u00bb105%|105%\u00a0\u00bb][\/et_pb_blurb][\/et_pb_column][\/et_pb_row][et_pb_row module_id=\u00a0\u00bbmission\u00a0\u00bb _builder_version=\u00a0\u00bb4.16&Prime; global_colors_info=\u00a0\u00bb{}\u00a0\u00bb][et_pb_column type=\u00a0\u00bb4_4&Prime; _builder_version=\u00a0\u00bb4.16&Prime; global_colors_info=\u00a0\u00bb{}\u00a0\u00bb][et_pb_text _builder_version=\u00a0\u00bb4.16&Prime; global_colors_info=\u00a0\u00bb{}\u00a0\u00bb]<\/p>\n<h1>Notre mission<\/h1>\n<p>Le syst\u00e8me immunitaire humain poss\u00e8de \u00e9videmment la capacit\u00e9 de r\u00e9soudre une infection aigu\u00eb par le VHB chez environ 90% des adultes infect\u00e9s. Une r\u00e9ponse efficace des lymphocytes B et T sp\u00e9cifique au virus est consid\u00e9r\u00e9e comme un facteur d\u00e9terminant de la lutte contre le virus et, finalement, de la r\u00e9solution de l&rsquo;infection par le VHB. Malheureusement, les r\u00e9ponses des lymphocytes B et T sont \u00e0 peine d\u00e9tect\u00e9es et fonctionnellement alt\u00e9r\u00e9es dans l&rsquo;infection chronique par le VHB.<\/p>\n<p>La mission du TherVacB est de surmonter la tol\u00e9rance immunitaire sp\u00e9cifique au VHB et de restaurer les r\u00e9ponses antivirales des cellules B et T par une vaccination th\u00e9rapeutique pour enfin gu\u00e9rir le VHB. <\/p>\n<p>[\/et_pb_text][\/et_pb_column][\/et_pb_row][et_pb_row module_id=\u00a0\u00bbapproach\u00a0\u00bb _builder_version=\u00a0\u00bb4.16&Prime; global_colors_info=\u00a0\u00bb{}\u00a0\u00bb][et_pb_column type=\u00a0\u00bb4_4&Prime; _builder_version=\u00a0\u00bb4.16&Prime; global_colors_info=\u00a0\u00bb{}\u00a0\u00bb][et_pb_text _builder_version=\u00a0\u00bb4.16&Prime; global_colors_info=\u00a0\u00bb{}\u00a0\u00bb]<\/p>\n<h1>NOTRE approche<\/h1>\n<h2><strong>Une technologie de vaccination th\u00e9rapeutique de pointe &#8211; made in the EU<\/strong><\/h2>\n<p>La vaccination th\u00e9rapeutique est un concept tr\u00e8s int\u00e9ressant pour rompre la tol\u00e9rance immunitaire chez les patients atteints d&rsquo;infections chroniques et pour \u00e9tablir un traitement curatif fini de l&rsquo;h\u00e9patite B. Le vaccin TherVacB est bas\u00e9 sur notre compr\u00e9hension m\u00e9caniste de la d\u00e9faillance immunitaire pendant l&rsquo;infection chronique par le VHB qui comprend les r\u00e9ponses dysfonctionnelles des cellules T B ainsi que CD4 et CD8. Nous pensons donc qu&rsquo;une activation simultan\u00e9e des r\u00e9ponses des lymphocytes B, CD4 et CD8 est n\u00e9cessaire pour obtenir un contr\u00f4le immunitaire du VHB. Cela a conduit au d\u00e9veloppement syst\u00e9matique et \u00e0 la conception bas\u00e9e sur des m\u00e9canismes du TherVacB en tant que vaccin mosa\u00efque pang\u00e9notypique h\u00e9t\u00e9rologue de premi\u00e8re intention qui cible tous les g\u00e9notypes pertinents du VHB et a le potentiel de gu\u00e9rir l&rsquo;infection chronique par le VHB chez &gt;95% des individus dans le monde.<\/p>\n<p>En deux \u00e9tapes d&rsquo;amor\u00e7age \u00e0 quatre semaines d&rsquo;intervalle, les antig\u00e8nes de surface et de capside du VHB activent les cellules T et les cellules B auxiliaires qui commencent \u00e0 produire des anticorps neutralisants pour emp\u00eacher la propagation du virus, ainsi que les cellules T effectrices (crois\u00e9es). La stimulation du vecteur MVA-HBVac, quatre semaines apr\u00e8s la deuxi\u00e8me immunisation de premi\u00e8re importance, stimule une r\u00e9ponse large et multifonctionnelle des cellules T CD4 et CD8, qui contr\u00f4le enfin le VHB.<\/p>\n<p>L&rsquo;essai clinique \u00e9valuant le TherVacB est con\u00e7u comme un essai de phase 1\/2 randomis\u00e9, ouvert et multicentrique visant \u00e0 \u00e9valuer la s\u00e9curit\u00e9 et la tol\u00e9rabilit\u00e9 de l&rsquo;approche et \u00e0 recueillir les premi\u00e8res donn\u00e9es d&rsquo;efficacit\u00e9 du vaccin th\u00e9rapeutique contre l&rsquo;h\u00e9patite B chez des patients atteints d&rsquo;h\u00e9patite B chronique.  <\/p>\n<p>[\/et_pb_text][\/et_pb_column][\/et_pb_row][et_pb_row module_id=\u00a0\u00bbimpact\u00a0\u00bb _builder_version=\u00a0\u00bb4.16&Prime; global_colors_info=\u00a0\u00bb{}\u00a0\u00bb][et_pb_column type=\u00a0\u00bb4_4&Prime; _builder_version=\u00a0\u00bb4.16&Prime; global_colors_info=\u00a0\u00bb{}\u00a0\u00bb][et_pb_text _builder_version=\u00a0\u00bb4.16&Prime; global_colors_info=\u00a0\u00bb{}\u00a0\u00bb]<\/p>\n<h1>NOTRE impact<\/h1>\n<p>Le TherVacB offre une option de traitement curatif de l&rsquo;h\u00e9patite B chronique, nouvelle et abordable, pour le grand nombre de patients dans le monde. En combinaison avec les programmes \u00e9tablis de vaccination prophylactique, de sensibilisation et de d\u00e9pistage de l&rsquo;h\u00e9patite B, une approche de traitement curatif sera essentielle pour atteindre l&rsquo;objectif 3.3 du d\u00e9veloppement durable des Nations unies visant \u00e0 lutter contre l&rsquo;infection virale par les h\u00e9patites B et D dans le monde entier d&rsquo;ici 2030.<\/p>\n<p>Les patients attendent avec impatience l&rsquo;introduction clinique du TherVacB dans l&rsquo;UE. Le registre europ\u00e9en des patients atteints d&rsquo;h\u00e9patite B mis en place par le projet TherVacB permet de s\u00e9lectionner les patients r\u00e9pondant aux crit\u00e8res d&rsquo;inclusion dans l&rsquo;essai clinique TherVacB et dans d&rsquo;autres essais visant \u00e0 la gu\u00e9rison du VHB. L&rsquo;\u00e9thique du recrutement de patients via les m\u00e9dias sociaux sera \u00e9tudi\u00e9e au sein du consortium car cela permet d&rsquo;atteindre des groupes de patients en cas de besoin mais pas encore dans le cadre de soins m\u00e9dicaux r\u00e9guliers. Le registre sera \u00e9tendu \u00e0 la Tanzanie o\u00f9, pour la premi\u00e8re fois, les patients auront la possibilit\u00e9 de recevoir un traitement contre l&rsquo;h\u00e9patite B. La perspective d&rsquo;une gu\u00e9rison potentielle des infections chroniques par le virus de l&rsquo;h\u00e9patite B fait na\u00eetre l&rsquo;espoir chez les personnes touch\u00e9es d&rsquo;une sant\u00e9 durable et d&rsquo;un arr\u00eat de la stigmatisation &#8211; ce qui am\u00e9liore largement la qualit\u00e9 de vie.<\/p>\n<p>Le consortium TherVacB est tr\u00e8s attach\u00e9 \u00e0 une politique d&rsquo;ouverture des donn\u00e9es et pr\u00e9sentera les donn\u00e9es qu&rsquo;il aura g\u00e9n\u00e9r\u00e9es apr\u00e8s l&rsquo;ach\u00e8vement de l&rsquo;essai clinique lors de r\u00e9unions nationales et internationales aux m\u00e9decins et \u00e0 la communaut\u00e9 des patients.<\/p>\n<p>[\/et_pb_text][\/et_pb_column][\/et_pb_row][et_pb_row module_id=\u00a0\u00bbtimelines\u00a0\u00bb _builder_version=\u00a0\u00bb4.16&Prime; global_colors_info=\u00a0\u00bb{}\u00a0\u00bb][et_pb_column type=\u00a0\u00bb4_4&Prime; _builder_version=\u00a0\u00bb4.16&Prime; global_colors_info=\u00a0\u00bb{}\u00a0\u00bb][et_pb_text _builder_version=\u00a0\u00bb4.16&Prime; global_colors_info=\u00a0\u00bb{}\u00a0\u00bb]<\/p>\n<h1>Nos \u00e9ch\u00e9ances<\/h1>\n<p>TherVacB est un projet financ\u00e9 par l&rsquo;UE qui s&rsquo;\u00e9tend sur sept ans, de janvier 2020 \u00e0 d\u00e9cembre 2026.<br \/>Pour toute information sur le recrutement des patients et sur notre \u00e9tude clinique, veuillez vous r\u00e9f\u00e9rer \u00e0 notre <a href=\"https:\/\/www.thervacb.eu\/patients\/\" title=\"Site du patient TherVacB\">site destin\u00e9 aux patients<\/a>.<\/p>\n<p>Une premi\u00e8re application du TherVacB chez l&rsquo;homme pour \u00e9valuer la s\u00e9curit\u00e9 et la tol\u00e9rabilit\u00e9 chez des volontaires sains est financ\u00e9e par d&rsquo;autres sources et pr\u00e9c\u00e9dera l&rsquo;essai TherVacB financ\u00e9 par l&rsquo;UE chez des patients atteints d&rsquo;h\u00e9patite B chronique.<\/p>\n<p>&nbsp;<\/p>\n<p>[\/et_pb_text][\/et_pb_column][\/et_pb_row][\/et_pb_section]<\/p>\n","protected":false},"excerpt":{"rendered":"<p>Un nouveau concept pour lutter contre l&rsquo;h\u00e9patite B chroniqueNotre mission Le syst\u00e8me immunitaire humain poss\u00e8de \u00e9videmment la capacit\u00e9 de r\u00e9soudre une infection aigu\u00eb par le VHB chez environ 90% des adultes infect\u00e9s. Une r\u00e9ponse efficace des lymphocytes B et T sp\u00e9cifique au virus est consid\u00e9r\u00e9e comme un facteur d\u00e9terminant de la lutte contre le virus [&hellip;]<\/p>\n","protected":false},"author":4,"featured_media":0,"parent":0,"menu_order":9,"comment_status":"closed","ping_status":"closed","template":"","meta":{"_et_pb_use_builder":"on","_et_pb_old_content":"","_et_gb_content_width":"","_monsterinsights_skip_tracking":false,"_monsterinsights_sitenote_active":false,"_monsterinsights_sitenote_note":"","_monsterinsights_sitenote_category":0,"footnotes":"","_links_to":"","_links_to_target":""},"class_list":["post-3097","page","type-page","status-publish","hentry"],"aioseo_notices":[],"_links":{"self":[{"href":"https:\/\/www.thervacb.eu\/fr\/wp-json\/wp\/v2\/pages\/3097","targetHints":{"allow":["GET"]}}],"collection":[{"href":"https:\/\/www.thervacb.eu\/fr\/wp-json\/wp\/v2\/pages"}],"about":[{"href":"https:\/\/www.thervacb.eu\/fr\/wp-json\/wp\/v2\/types\/page"}],"author":[{"embeddable":true,"href":"https:\/\/www.thervacb.eu\/fr\/wp-json\/wp\/v2\/users\/4"}],"replies":[{"embeddable":true,"href":"https:\/\/www.thervacb.eu\/fr\/wp-json\/wp\/v2\/comments?post=3097"}],"version-history":[{"count":2,"href":"https:\/\/www.thervacb.eu\/fr\/wp-json\/wp\/v2\/pages\/3097\/revisions"}],"predecessor-version":[{"id":11826,"href":"https:\/\/www.thervacb.eu\/fr\/wp-json\/wp\/v2\/pages\/3097\/revisions\/11826"}],"wp:attachment":[{"href":"https:\/\/www.thervacb.eu\/fr\/wp-json\/wp\/v2\/media?parent=3097"}],"curies":[{"name":"wp","href":"https:\/\/api.w.org\/{rel}","templated":true}]}}