{"id":3135,"date":"2021-02-08T08:34:24","date_gmt":"2021-02-08T08:34:24","guid":{"rendered":"https:\/\/www.thervacb.eu\/copyright\/"},"modified":"2021-10-20T07:39:34","modified_gmt":"2021-10-20T06:39:34","slug":"copyright","status":"publish","type":"page","link":"https:\/\/www.thervacb.eu\/fr\/copyright\/","title":{"rendered":"Copyright"},"content":{"rendered":"<p>[et_pb_section fb_built=\u00a0\u00bb1&Prime; _builder_version=\u00a0\u00bb4.0.9&Prime; da_disable_devices=\u00a0\u00bboff|off|off\u00a0\u00bb da_is_popup=\u00a0\u00bboff\u00a0\u00bb da_exit_intent=\u00a0\u00bboff\u00a0\u00bb da_has_close=\u00a0\u00bbon\u00a0\u00bb da_alt_close=\u00a0\u00bboff\u00a0\u00bb da_dark_close=\u00a0\u00bboff\u00a0\u00bb da_not_modal=\u00a0\u00bbon\u00a0\u00bb da_is_singular=\u00a0\u00bboff\u00a0\u00bb da_with_loader=\u00a0\u00bboff\u00a0\u00bb da_has_shadow=\u00a0\u00bbon\u00a0\u00bb][et_pb_row _builder_version=\u00a0\u00bb4.0.9&Prime;][et_pb_column type=\u00a0\u00bb4_4&Prime; _builder_version=\u00a0\u00bb4.0.9&Prime;][et_pb_text _builder_version=\u00a0\u00bb4.2.2&Prime;]<\/p>\n<h1>Copyright<\/h1>\n<p>Les images des personnes sont la propri\u00e9t\u00e9 du photographe ou la propri\u00e9t\u00e9 personnelle de la personne expos\u00e9e. Les illustrations sont la propri\u00e9t\u00e9 des organisations qui les ont fournies au webmaster.<\/p>\n<p>Vous pouvez t\u00e9l\u00e9charger, reproduire et retransmettre le mat\u00e9riel affich\u00e9 sur ce site web pour un usage personnel et non commercial. Si vous le faites, vous acceptez de mentionner la source et de conserver tous les droits d&rsquo;auteur et autres avis de propri\u00e9t\u00e9 contenus dans les documents. Vous ne pouvez pas utiliser, distribuer, modifier, transmettre ou publier le contenu du site Web TherVacB \u00e0 des fins publiques ou commerciales, y compris tout texte, image, audio ou vid\u00e9o, sans l&rsquo;autorisation \u00e9crite de TherVacB. <\/p>\n<p>&nbsp;<\/p>\n<h2>Images &amp;amp ; Graphiques<\/h2>\n<p>[\/et_pb_text][et_pb_gallery gallery_ids=\u00a0\u00bb2769,2620,2608,2703,2883,2889,2865,2877,2871&Prime; posts_number=\u00a0\u00bb40&Prime; zoom_icon_color=\u00a0\u00bb#ffffff\u00a0\u00bb hover_overlay_color=\u00a0\u00bbrgba(255,255,255,0.15)\u00a0\u00bb hover_icon=\u00a0\u00bb%%47%%\u00a0\u00bb _builder_version=\u00a0\u00bb4.4.6&Prime; animation_style=\u00a0\u00bbzoom\u00a0\u00bb border_color_all_image=\u00a0\u00bb#706f6f\u00a0\u00bb box_shadow_style_image=\u00a0\u00bbpreset1&Prime; box_shadow_blur_image=\u00a0\u00bb6px\u00a0\u00bb global_module=\u00a0\u00bb2260&Prime; saved_tabs=\u00a0\u00bball\u00a0\u00bb][\/et_pb_gallery][\/et_pb_column][\/et_pb_row][\/et_pb_section]<\/p>\n","protected":false},"excerpt":{"rendered":"<p>Copyright Les images des personnes sont la propri\u00e9t\u00e9 du photographe ou la propri\u00e9t\u00e9 personnelle de la personne expos\u00e9e. Les illustrations sont la propri\u00e9t\u00e9 des organisations qui les ont fournies au webmaster. Vous pouvez t\u00e9l\u00e9charger, reproduire et retransmettre le mat\u00e9riel affich\u00e9 sur ce site web pour un usage personnel et non commercial. Si vous le faites, [&hellip;]<\/p>\n","protected":false},"author":4,"featured_media":0,"parent":0,"menu_order":52,"comment_status":"closed","ping_status":"closed","template":"","meta":{"_et_pb_use_builder":"on","_et_pb_old_content":"","_et_gb_content_width":"","_monsterinsights_skip_tracking":false,"_monsterinsights_sitenote_active":false,"_monsterinsights_sitenote_note":"","_monsterinsights_sitenote_category":0,"footnotes":"","_links_to":"","_links_to_target":""},"class_list":["post-3135","page","type-page","status-publish","hentry"],"aioseo_notices":[],"_links":{"self":[{"href":"https:\/\/www.thervacb.eu\/fr\/wp-json\/wp\/v2\/pages\/3135","targetHints":{"allow":["GET"]}}],"collection":[{"href":"https:\/\/www.thervacb.eu\/fr\/wp-json\/wp\/v2\/pages"}],"about":[{"href":"https:\/\/www.thervacb.eu\/fr\/wp-json\/wp\/v2\/types\/page"}],"author":[{"embeddable":true,"href":"https:\/\/www.thervacb.eu\/fr\/wp-json\/wp\/v2\/users\/4"}],"replies":[{"embeddable":true,"href":"https:\/\/www.thervacb.eu\/fr\/wp-json\/wp\/v2\/comments?post=3135"}],"version-history":[{"count":0,"href":"https:\/\/www.thervacb.eu\/fr\/wp-json\/wp\/v2\/pages\/3135\/revisions"}],"wp:attachment":[{"href":"https:\/\/www.thervacb.eu\/fr\/wp-json\/wp\/v2\/media?parent=3135"}],"curies":[{"name":"wp","href":"https:\/\/api.w.org\/{rel}","templated":true}]}}