{"id":3203,"date":"2021-02-08T08:34:42","date_gmt":"2021-02-08T08:34:42","guid":{"rendered":"https:\/\/www.thervacb.eu\/equipe\/partenaire-ucl\/"},"modified":"2025-06-16T10:44:34","modified_gmt":"2025-06-16T09:44:34","slug":"partenaire-ucl","status":"publish","type":"page","link":"https:\/\/www.thervacb.eu\/fr\/equipe\/partenaire-ucl\/","title":{"rendered":"Partenaire UCL"},"content":{"rendered":"<p>[et_pb_section fb_built=\u00a0\u00bb1&Prime; fullwidth=\u00a0\u00bbon\u00a0\u00bb admin_label=\u00a0\u00bbMap\u00a0\u00bb _builder_version=\u00a0\u00bb4.9.0&Prime; da_disable_devices=\u00a0\u00bboff|off|off\u00a0\u00bb global_module=\u00a0\u00bb539&Prime; saved_tabs=\u00a0\u00bball\u00a0\u00bb da_is_popup=\u00a0\u00bboff\u00a0\u00bb da_exit_intent=\u00a0\u00bboff\u00a0\u00bb da_has_close=\u00a0\u00bbon\u00a0\u00bb da_alt_close=\u00a0\u00bboff\u00a0\u00bb da_dark_close=\u00a0\u00bboff\u00a0\u00bb da_not_modal=\u00a0\u00bbon\u00a0\u00bb da_is_singular=\u00a0\u00bboff\u00a0\u00bb da_with_loader=\u00a0\u00bboff\u00a0\u00bb da_has_shadow=\u00a0\u00bbon\u00a0\u00bb][et_pb_map_fullwidth_extended address=\u00a0\u00bbParis, France\u00a0\u00bb zoom_level=\u00a0\u00bb2&Prime; address_lat=\u00a0\u00bb43.762201679538&Prime; address_lng=\u00a0\u00bb5.1647219&Prime; mobile_dragging=\u00a0\u00bboff\u00a0\u00bb map_type_control_position=\u00a0\u00bbLEFT_CENTER\u00a0\u00bb streetview_control_position=\u00a0\u00bbLEFT_BOTTOM\u00a0\u00bb info_window_width=\u00a0\u00bb300px\u00a0\u00bb map_type=\u00a0\u00bb2&Prime; _builder_version=\u00a0\u00bb4.9.0&Prime; title_text_color=\u00a0\u00bb#1c9080&Prime; title_font_size=\u00a0\u00bb24px\u00a0\u00bb content_text_color=\u00a0\u00bb#666666&Prime; content_font_size=\u00a0\u00bb18px\u00a0\u00bb][et_pb_map_pin_extended title=\u00a0\u00bbLMU\u00a0\u00bb pin_address=\u00a0\u00bbGESCHWISTER SCHOLL PLATZ 1, 80539 M\u00fcnchen,\u00a0\u00bb pin_address_lat=\u00a0\u00bb48.1540685&Prime; pin_address_lng=\u00a0\u00bb11.5823284&Prime; pin_fill_color=\u00a0\u00bb#2d788c\u00a0\u00bb pin_stroke_color=\u00a0\u00bb#06423a\u00a0\u00bb pin_circle_color=\u00a0\u00bb#ffffff\u00a0\u00bb _builder_version=\u00a0\u00bb4.9.0&Prime;]<\/p>\n<p><a title=\"LMU\" href=\"https:\/\/www.thervacb.eu\/fr\/equipe\/partenaire-lmu\/\"><img loading=\"lazy\" decoding=\"async\" class=\"wp-image-763 size-full\" src=\"https:\/\/www.thervacb.eu\/wp-content\/uploads\/lmu-logo.png\" alt=\"LMU\" width=\"204\" height=\"57\"><\/a><\/p>\n<p>[\/et_pb_map_pin_extended][et_pb_map_pin_extended title=\u00a0\u00bbCTC North\u00a0\u00bb pin_address=\u00a0\u00bbMartinistra\u00dfe 64, 20251 Hamburg, Deutschland\u00a0\u00bb pin_address_lat=\u00a0\u00bb53.5898297&Prime; pin_address_lng=\u00a0\u00bb9.9736084&Prime; pin_fill_color=\u00a0\u00bb#2d788c\u00a0\u00bb pin_stroke_color=\u00a0\u00bb#06423a\u00a0\u00bb pin_circle_color=\u00a0\u00bb#ffffff\u00a0\u00bb _builder_version=\u00a0\u00bb4.4.3&Prime;]<\/p>\n<p><a href=\"https:\/\/www.thervacb.eu\/fr\/equipe\/\" title=\"CTC North\"><img loading=\"lazy\" decoding=\"async\" src=\"https:\/\/www.thervacb.eu\/wp-content\/uploads\/151204-ctc-logo-cmyk-400x114.png\" alt=\"\" class=\"wp-image-523 aligncenter size-medium\" width=\"200\" height=\"57\" srcset=\"https:\/\/www.thervacb.eu\/wp-content\/uploads\/151204-ctc-logo-cmyk-400x116.png 400w, https:\/\/www.thervacb.eu\/wp-content\/uploads\/151204-ctc-logo-cmyk.png 406w\" sizes=\"auto, (max-width: 200px) 100vw, 200px\" \/><\/a><\/p>\n<p>[\/et_pb_map_pin_extended][et_pb_map_pin_extended title=\u00a0\u00bbFundaci\u00f3 Cl\u00ednic per a la Recerca Biom\u00e8dica\u00a0\u00bb pin_address=\u00a0\u00bbCarrer del Rossell\u00f3, 149, 08036 Barcelona, Spanien\u00a0\u00bb pin_address_lat=\u00a0\u00bb41.3885899&Prime; pin_address_lng=\u00a0\u00bb2.1508862&Prime; pin_fill_color=\u00a0\u00bb#2d788c\u00a0\u00bb pin_stroke_color=\u00a0\u00bb#06423a\u00a0\u00bb pin_circle_color=\u00a0\u00bb#ffffff\u00a0\u00bb _builder_version=\u00a0\u00bb4.4.2&Prime;]<\/p>\n<p><a href=\"https:\/\/www.thervacb.eu\/fr\/equipe\/partenaire-fcrb\/\" title=\"Clinique de Barcelone\"><img loading=\"lazy\" decoding=\"async\" src=\"https:\/\/www.thervacb.eu\/wp-content\/uploads\/clinic-barcelona-logo.png\" alt=\"Clinique de Barcelone\" class=\"wp-image-758 size-full\" width=\"200\" height=\"126\"><\/a><\/p>\n<p>[\/et_pb_map_pin_extended][et_pb_map_pin_extended title=\u00a0\u00bbHelmholtz Zentrum M\u00fcnchen\u00a0\u00bb pin_address=\u00a0\u00bbIngolst\u00e4dter Landstra\u00dfe 1, 85764 Oberschlei\u00dfheim, Deutschland\u00a0\u00bb pin_address_lat=\u00a0\u00bb48.2208172&Prime; pin_address_lng=\u00a0\u00bb11.5871674&Prime; pin_fill_color=\u00a0\u00bb#2d788c\u00a0\u00bb pin_stroke_color=\u00a0\u00bb#06423a\u00a0\u00bb pin_circle_color=\u00a0\u00bb#ffffff\u00a0\u00bb _builder_version=\u00a0\u00bb4.4.1&Prime;]<\/p>\n<p><a href=\"https:\/\/www.thervacb.eu\/fr\/equipe\/partenaire-hmgu\/\" title=\"Helmholtz Zentrum M\u00fcnchen\"><img loading=\"lazy\" decoding=\"async\" src=\"https:\/\/www.thervacb.eu\/wp-content\/uploads\/helmholzzentrum-logo.png\" alt=\"Helmholtz Zentrum M\u00fcnchen\" class=\"wp-image-760 size-full\" width=\"236\" height=\"50\"><\/a><\/p>\n<p>[\/et_pb_map_pin_extended][et_pb_map_pin_extended title=\u00a0\u00bbHelmholtz Zentrum f\u00fcr Infektionsforschung GmbH\u00a0\u00bb pin_address=\u00a0\u00bbInhoffenstra\u00dfe 7, 38124 Braunschweig, Deutschland\u00a0\u00bb pin_address_lat=\u00a0\u00bb52.2109803&Prime; pin_address_lng=\u00a0\u00bb10.5314925&Prime; pin_fill_color=\u00a0\u00bb#2d788c\u00a0\u00bb pin_stroke_color=\u00a0\u00bb#06423a\u00a0\u00bb pin_circle_color=\u00a0\u00bb#ffffff\u00a0\u00bb _builder_version=\u00a0\u00bb4.4.2&Prime;]<a href=\"https:\/\/www.thervacb.eu\/fr\/equipe\/partenaire-hzi\/\" title=\"Helmholtz-Zentrum f\u00fcr Infektionsforschung GmbH (HZI)\"><img loading=\"lazy\" decoding=\"async\" src=\"https:\/\/www.thervacb.eu\/wp-content\/uploads\/hzi-logo-400x133.png\" alt=\"\" class=\"wp-image-525 alignleft size-medium\" width=\"200\" height=\"66\" srcset=\"https:\/\/www.thervacb.eu\/wp-content\/uploads\/hzi-logo-400x133.png 400w, https:\/\/www.thervacb.eu\/wp-content\/uploads\/hzi-logo.png 406w\" sizes=\"auto, (max-width: 200px) 100vw, 200px\" \/><\/a>[\/et_pb_map_pin_extended][et_pb_map_pin_extended title=\u00a0\u00bbMedizinische Hochschule Hannover\u00a0\u00bb pin_address=\u00a0\u00bbCarl-Neuberg-Stra\u00dfe 1, 30625 Hannover, Deutschland\u00a0\u00bb pin_address_lat=\u00a0\u00bb52.3834749&Prime; pin_address_lng=\u00a0\u00bb9.8047999&Prime; pin_fill_color=\u00a0\u00bb#2d788c\u00a0\u00bb pin_stroke_color=\u00a0\u00bb#06423a\u00a0\u00bb pin_circle_color=\u00a0\u00bb#ffffff\u00a0\u00bb _builder_version=\u00a0\u00bb4.4.1&Prime;]<\/p>\n<p><a href=\"https:\/\/www.thervacb.eu\/fr\/equipe\/partenaire-mhh\/\" title=\"Medizinische Hochschule Hannover\"><img loading=\"lazy\" decoding=\"async\" src=\"https:\/\/www.thervacb.eu\/wp-content\/uploads\/mhh-logo.png\" alt=\"MHH\" class=\"wp-image-765 size-full\" width=\"220\" height=\"38\"><\/a><\/p>\n<p>[\/et_pb_map_pin_extended][et_pb_map_pin_extended title=\u00a0\u00bb Centre de recherche m\u00e9dicale NIMR-Mbeya\u00a0\u00bb pin_address=\u00a0\u00bbHospital Hill Rd, Mbeya, Tansania\u00a0\u00bb pin_address_lat=\u00a0\u00bb-8.8892372&Prime; pin_address_lng=\u00a0\u00bb33.4397813&Prime; pin_fill_color=\u00a0\u00bb#2d788c\u00a0\u00bb pin_stroke_color=\u00a0\u00bb#06423a\u00a0\u00bb pin_circle_color=\u00a0\u00bb#ffffff\u00a0\u00bb _builder_version=\u00a0\u00bb4.4.1&Prime;]<\/p>\n<p><a href=\"https:\/\/www.thervacb.eu\/fr\/equipe\/partenaire-nimr\/\" title=\" Centre de recherche m\u00e9dicale NIMR-Mbeya\"><img loading=\"lazy\" decoding=\"async\" src=\"https:\/\/www.thervacb.eu\/wp-content\/uploads\/nimr-mmrc-logo-g.png\" alt=\"Institut national de la recherche m\u00e9dicale\" class=\"wp-image-600 size-full\" width=\"200\" height=\"200\" srcset=\"https:\/\/www.thervacb.eu\/wp-content\/uploads\/nimr-mmrc-logo-g.png 200w, https:\/\/www.thervacb.eu\/wp-content\/uploads\/nimr-mmrc-logo-g-150x150.png 150w\" sizes=\"auto, (max-width: 200px) 100vw, 200px\" \/><\/a><\/p>\n<p>[\/et_pb_map_pin_extended][et_pb_map_pin_extended title=\u00a0\u00bbTechnische Universit\u00e4t M\u00fcnchen\u00a0\u00bb pin_address=\u00a0\u00bbArcisstra\u00dfe 21, 80333 M\u00fcnchen, Deutschland\u00a0\u00bb pin_address_lat=\u00a0\u00bb48.1486686&Prime; pin_address_lng=\u00a0\u00bb11.5685941&Prime; pin_fill_color=\u00a0\u00bb#2d788c\u00a0\u00bb pin_stroke_color=\u00a0\u00bb#06423a\u00a0\u00bb pin_circle_color=\u00a0\u00bb#ffffff\u00a0\u00bb _builder_version=\u00a0\u00bb4.4.1&Prime;]<\/p>\n<p><a href=\"https:\/\/www.thervacb.eu\/fr\/equipe\/partenaire-tum\/\" title=\"Technische Universit\u00e4t M\u00fcnchen\"><img loading=\"lazy\" decoding=\"async\" src=\"https:\/\/www.thervacb.eu\/wp-content\/uploads\/tum-logo.png\" alt=\"TUM\" class=\"wp-image-768 size-full\" width=\"200\" height=\"67\"><\/a> <\/p>\n<p>[\/et_pb_map_pin_extended][et_pb_map_pin_extended title=\u00a0\u00bbCOLLEGE UNIVERSITAIRE DE LONDRES\u00a0\u00bb pin_address=\u00a0\u00bbGOWER STREET, WC1E 6BT London\u00a0\u00bb pin_address_lat=\u00a0\u00bb51.5233687&Prime; pin_address_lng=\u00a0\u00bb-0.135766&Prime; pin_fill_color=\u00a0\u00bb#2d788c\u00a0\u00bb pin_stroke_color=\u00a0\u00bb#06423a\u00a0\u00bb pin_circle_color=\u00a0\u00bb#ffffff\u00a0\u00bb _builder_version=\u00a0\u00bb4.4.3&Prime;]<\/p>\n<p><a href=\"https:\/\/www.thervacb.eu\/fr\/equipe\/partenaire-ucl\/\" title=\"COLLEGE UNIVERSITAIRE DE LONDRES\"><img loading=\"lazy\" decoding=\"async\" src=\"https:\/\/www.thervacb.eu\/wp-content\/uploads\/ucl-logo.png\" alt=\"UCL\" class=\"wp-image-770 size-full\" width=\"200\" height=\"59\"><\/a><\/p>\n<p>[\/et_pb_map_pin_extended][et_pb_map_pin_extended title=\u00a0\u00bbARTTIC SAS\u00a0\u00bb pin_address=\u00a0\u00bb58a Rue du Dessous des Berges, 75013 Paris, Frankreich\u00a0\u00bb pin_address_lat=\u00a0\u00bb48.827405&Prime; pin_address_lng=\u00a0\u00bb2.3743052&Prime; pin_fill_color=\u00a0\u00bb#2d788c\u00a0\u00bb pin_stroke_color=\u00a0\u00bb#06423a\u00a0\u00bb pin_circle_color=\u00a0\u00bb#ffffff\u00a0\u00bb _builder_version=\u00a0\u00bb4.4.1&Prime;]<\/p>\n<p><a href=\"https:\/\/www.thervacb.eu\/fr\/equipe\/arttic\/\" title=\"ARTTIC\"><img loading=\"lazy\" decoding=\"async\" src=\"https:\/\/www.thervacb.eu\/wp-content\/uploads\/arttic-logo-400x200.png\" alt=\"\" class=\"wp-image-524 alignleft size-medium\" width=\"200\" height=\"100\" srcset=\"https:\/\/www.thervacb.eu\/wp-content\/uploads\/arttic-logo-400x200.png 400w, https:\/\/www.thervacb.eu\/wp-content\/uploads\/arttic-logo.png 406w\" sizes=\"auto, (max-width: 200px) 100vw, 200px\" \/><\/a><\/p>\n<p>[\/et_pb_map_pin_extended][et_pb_map_pin_extended title=\u00a0\u00bbKlinikum Rechts der Isar der Technischen Universit\u00e4t M\u00fcnchen\u00a0\u00bb pin_address=\u00a0\u00bbH\u00f6rsaal A, Klinikum rechts der Isar, Ismaninger Str. 22, 81675 M\u00fcnchen, Deutschland\u00a0\u00bb pin_address_lat=\u00a0\u00bb48.1360041&Prime; pin_address_lng=\u00a0\u00bb11.5997829&Prime; pin_fill_color=\u00a0\u00bb#2d788c\u00a0\u00bb pin_stroke_color=\u00a0\u00bb#06423a\u00a0\u00bb pin_circle_color=\u00a0\u00bb#ffffff\u00a0\u00bb _builder_version=\u00a0\u00bb4.4.1&Prime;]<\/p>\n<p><a href=\"https:\/\/www.thervacb.eu\/fr\/equipe\/partenaire-tum-med\/\"><img loading=\"lazy\" decoding=\"async\" src=\"https:\/\/www.thervacb.eu\/wp-content\/uploads\/logo-mri-tum-400x118.png\" alt=\"\" class=\"wp-image-521 aligncenter size-medium\" style=\"float: left\" width=\"200\" height=\"59\" srcset=\"https:\/\/www.thervacb.eu\/wp-content\/uploads\/logo-mri-tum-400x120.png 400w, https:\/\/www.thervacb.eu\/wp-content\/uploads\/logo-mri-tum.png 406w\" sizes=\"auto, (max-width: 200px) 100vw, 200px\" \/><\/a><\/p>\n<p>[\/et_pb_map_pin_extended][et_pb_map_pin_extended title=\u00a0\u00bbUniversit\u00e4tsklinikum Hamburg-Eppendorf \u00a0\u00bb pin_address=\u00a0\u00bbMartinistra\u00dfe 52, 20251 Hamburg, Deutschland\u00a0\u00bb pin_address_lat=\u00a0\u00bb53.5902421&Prime; pin_address_lng=\u00a0\u00bb9.9785922&Prime; pin_fill_color=\u00a0\u00bb#2d788c\u00a0\u00bb pin_stroke_color=\u00a0\u00bb#06423a\u00a0\u00bb pin_circle_color=\u00a0\u00bb#ffffff\u00a0\u00bb _builder_version=\u00a0\u00bb4.4.1&Prime;]<\/p>\n<p><a href=\"https:\/\/www.thervacb.eu\/fr\/equipe\/partenaire-uke\/\" title=\"Centre m\u00e9dical universitaire Hambourg-Eppendorf, I. D\u00e9partement de m\u00e9decine interne\"><img loading=\"lazy\" decoding=\"async\" src=\"https:\/\/www.thervacb.eu\/wp-content\/uploads\/uke-hamburg.png\" alt=\"Centre m\u00e9dical universitaire Hambourg-Eppendorf, I. D\u00e9partement de m\u00e9decine interne\" title=\"Centre m\u00e9dical universitaire Hambourg-Eppendorf, I. D\u00e9partement de m\u00e9decine interne\" class=\"wp-image-1057 aligncenter size-full\" style=\"float: left\" width=\"195\" height=\"169\"><\/a><\/p>\n<p>[\/et_pb_map_pin_extended][et_pb_map_pin_extended title=\u00a0\u00bbUniversit\u00e9 des \u00e9tudes de Parme\u00a0\u00bb pin_address=\u00a0\u00bbStr. dell&rsquo;Universit\u00e0, 12, 43121 Parma PR, Italien\u00a0\u00bb pin_address_lat=\u00a0\u00bb44.8012357&Prime; pin_address_lng=\u00a0\u00bb10.3255389&Prime; pin_fill_color=\u00a0\u00bb#2d788c\u00a0\u00bb pin_stroke_color=\u00a0\u00bb#06423a\u00a0\u00bb pin_circle_color=\u00a0\u00bb#ffffff\u00a0\u00bb _builder_version=\u00a0\u00bb4.4.1&Prime;]<a href=\"https:\/\/www.thervacb.eu\/team\/partner-aop-new\/\"><img loading=\"lazy\" decoding=\"async\" class=\"wp-image-520 aligncenter size-medium\" src=\"https:\/\/www.thervacb.eu\/wp-content\/uploads\/logo-azienda-ospedaliero-universitaria-di-parma-1-400x82.png\" alt=\"\" width=\"200\" height=\"41\" srcset=\"https:\/\/www.thervacb.eu\/wp-content\/uploads\/logo-azienda-ospedaliero-universitaria-di-parma-1-400x83.png 400w, https:\/\/www.thervacb.eu\/wp-content\/uploads\/logo-azienda-ospedaliero-universitaria-di-parma-1.png 406w\" sizes=\"auto, (max-width: 200px) 100vw, 200px\" \/><\/a>[\/et_pb_map_pin_extended][et_pb_map_pin_extended title=\u00a0\u00bbUniversit\u00e4t Leipzig\u00a0\u00bb pin_address=\u00a0\u00bbRitterstra\u00dfe 26, 04109 Leipzig, Deutschland\u00a0\u00bb pin_address_lat=\u00a0\u00bb51.3412809&Prime; pin_address_lng=\u00a0\u00bb12.3802676&Prime; pin_fill_color=\u00a0\u00bb#2d788c\u00a0\u00bb pin_stroke_color=\u00a0\u00bb#06423a\u00a0\u00bb pin_circle_color=\u00a0\u00bb#ffffff\u00a0\u00bb _builder_version=\u00a0\u00bb4.3.4&Prime;][\/et_pb_map_pin_extended][et_pb_map_pin_extended title=\u00a0\u00bbBarts Health NHS Trust\u00a0\u00bb pin_address=\u00a0\u00bbCo-operative Bank Plc, 9 Prescot St, Whitechapel, London E1 8AZ, Vereinigtes K\u00f6nigreich\u00a0\u00bb zoom_level=\u00a0\u00bb5&Prime; pin_address_lat=\u00a0\u00bb51.5115034&Prime; pin_address_lng=\u00a0\u00bb-0.0706499&Prime; pin_fill_color=\u00a0\u00bb#2d788c\u00a0\u00bb pin_stroke_color=\u00a0\u00bb#06423a\u00a0\u00bb pin_circle_color=\u00a0\u00bb#ffffff\u00a0\u00bb _builder_version=\u00a0\u00bb4.9.0&Prime;][\/et_pb_map_pin_extended][et_pb_map_pin_extended title=\u00a0\u00bbRoyal Free London NHS Foundation Trust\u00a0\u00bb pin_address=\u00a0\u00bbPond St, Hampstead, London NW3 2QG, Vereinigtes K\u00f6nigreich\u00a0\u00bb pin_address_lat=\u00a0\u00bb51.5537706&Prime; pin_address_lng=\u00a0\u00bb-0.1672142&Prime; pin_fill_color=\u00a0\u00bb#2d788c\u00a0\u00bb pin_stroke_color=\u00a0\u00bb#06423a\u00a0\u00bb pin_circle_color=\u00a0\u00bb#ffffff\u00a0\u00bb _builder_version=\u00a0\u00bb4.3.4&Prime;][\/et_pb_map_pin_extended][et_pb_map_pin_extended title=\u00a0\u00bbARTTIC Innovation GmbH\u00a0\u00bb pin_address=\u00a0\u00bbOskar-von-Miller-Ring 29, 80333 M\u00fcnchen, Germany\u00a0\u00bb pin_address_lat=\u00a0\u00bb48.1459821&Prime; pin_address_lng=\u00a0\u00bb11.5760781&Prime; pin_fill_color=\u00a0\u00bb#2d788c\u00a0\u00bb pin_stroke_color=\u00a0\u00bb#06423a\u00a0\u00bb pin_circle_color=\u00a0\u00bb#ffffff\u00a0\u00bb _builder_version=\u00a0\u00bb4.9.0&Prime;]<\/p>\n<p><a title=\"ARTTIC Innovation GmbH\" href=\"https:\/\/www.thervacb.eu\/fr\/equipe\/arttic-innovation-gmbh\/\"><img loading=\"lazy\" decoding=\"async\" class=\"alignnone wp-image-4300 size-medium\" title=\"ARTTIC Innovation GmbH\" src=\"https:\/\/www.thervacb.eu\/wp-content\/uploads\/arttic-innovation.svg\" alt=\"ARTTIC Innovation GmbH\" width=\"200\" height=\"83\"><\/a><\/p>\n<p>[\/et_pb_map_pin_extended][\/et_pb_map_fullwidth_extended][\/et_pb_section][et_pb_section fb_built=\u00a0\u00bb1&Prime; _builder_version=\u00a0\u00bb4.3.1&Prime; da_disable_devices=\u00a0\u00bboff|off|off\u00a0\u00bb da_is_popup=\u00a0\u00bboff\u00a0\u00bb da_exit_intent=\u00a0\u00bboff\u00a0\u00bb da_has_close=\u00a0\u00bbon\u00a0\u00bb da_alt_close=\u00a0\u00bboff\u00a0\u00bb da_dark_close=\u00a0\u00bboff\u00a0\u00bb da_not_modal=\u00a0\u00bbon\u00a0\u00bb da_is_singular=\u00a0\u00bboff\u00a0\u00bb da_with_loader=\u00a0\u00bboff\u00a0\u00bb da_has_shadow=\u00a0\u00bbon\u00a0\u00bb][et_pb_row column_structure=\u00a0\u00bb3_4,1_4&Prime; _builder_version=\u00a0\u00bb4.3.2&Prime;][et_pb_column type=\u00a0\u00bb3_4&Prime; _builder_version=\u00a0\u00bb4.3.1&Prime;][et_pb_text _builder_version=\u00a0\u00bb4.9.7&Prime; hover_enabled=\u00a0\u00bb0&Prime; sticky_enabled=\u00a0\u00bb0&Prime;]<\/p>\n<h1>UNIVERSITY COLLEGE LONDON (UCL)<\/h1>\n<h2><\/h2>\n<h2>Informations g\u00e9n\u00e9rales<\/h2>\n<p>L\u2019Institut d\u2019immunit\u00e9 et de transplantation (ITT) de l\u2019UCL est un centre d\u2019excellence international dans le domaine de la recherche en immunologie. L\u2019IIT est une plaque tournante de la m\u00e9decine exp\u00e9rimentale, qui transforme les nouveaux concepts de recherche en nouveaux outils de diagnostic et en interventions th\u00e9rapeutiques pour la population locale et mondiale de patients. Ses programmes de recherche et de formation multidisciplinaires servent \u00e0 former des scientifiques et des professionnels de la sant\u00e9. Gr\u00e2ce \u00e0 un travail commun, l\u2019IIT acc\u00e9l\u00e8re la mise en \u0153uvre de nouvelles immunoth\u00e9rapies en tant que traitement de routine. L\u2019IIT vise \u00e0 mettre au point des vaccins ainsi que des th\u00e9rapies g\u00e9niques et cellulaires pour renforcer l\u2019immunit\u00e9 des patients atteints de cancer et d\u2019infections chroniques, et pour induire une tol\u00e9rance aux maladies auto-immunes et aux patients recevant des transplantations conventionnelles ou issues du g\u00e9nie biologique. Les activit\u00e9s de recherche de l\u2019IIT sont regroup\u00e9es en trois p\u00f4les de recherche, chaque p\u00f4le comprenant deux programmes de recherche connexes : <br \/>1) La tol\u00e9rance immunitaire,<br \/>2) L\u2019immunoth\u00e9rapie, <br \/>3) Les maladies h\u00e9r\u00e9ditaires.<\/p>\n<p>[\/et_pb_text][\/et_pb_column][et_pb_column type=\u00a0\u00bb1_4&Prime; _builder_version=\u00a0\u00bb4.3.2&Prime; background_enable_color=\u00a0\u00bboff\u00a0\u00bb use_background_color_gradient=\u00a0\u00bbon\u00a0\u00bb background_color_gradient_start=\u00a0\u00bbrgba(0,0,0,0)\u00a0\u00bb background_color_gradient_end=\u00a0\u00bbrgba(92,189,217,0.25)\u00a0\u00bb background_enable_image=\u00a0\u00bboff\u00a0\u00bb background_size=\u00a0\u00bbinitial\u00a0\u00bb background_position=\u00a0\u00bbtop_left\u00a0\u00bb custom_padding=\u00a0\u00bb10px|10px|10px|10px|false|false\u00a0\u00bb border_radii=\u00a0\u00bbon|10px|10px|10px|10px\u00a0\u00bb border_width_all=\u00a0\u00bb2px\u00a0\u00bb border_color_all=\u00a0\u00bb#5cbdd9&Prime;][et_pb_image src=\u00a0\u00bbhttps:\/\/www.thervacb.eu\/wp-content\/uploads\/ucl-logo.png\u00a0\u00bb alt=\u00a0\u00bbCOLLEGE UNIVERSITAIRE DE LONDRES\u00a0\u00bb title_text=\u00a0\u00bbCOLLEGE UNIVERSITAIRE DE LONDRES\u00a0\u00bb _builder_version=\u00a0\u00bb4.3.4&Prime;][\/et_pb_image][et_pb_text _builder_version=\u00a0\u00bb4.4.2&Prime; max_width=\u00a0\u00bb100%\u00a0\u00bb module_alignment=\u00a0\u00bbleft\u00a0\u00bb]<\/p>\n<p><strong>Coll\u00e8ge universitaire de Londres<br \/> <\/strong><\/p>\n<p>5, rue de l&rsquo;Universit\u00e9<br \/>  WC1E 6JF Londres<br \/>  Royaume-Uni<\/p>\n<p><a href=\"http:\/\/www.ucl.ac.uk\/infection-immunity\" target=\"_blank\" rel=\"noopener noreferrer\" title=\"University College London\">www.ucl.ac.uk\/infection-immunity<\/a><\/p>\n<p>[\/et_pb_text][\/et_pb_column][\/et_pb_row][et_pb_row _builder_version=\u00a0\u00bb4.3.1&Prime;][et_pb_column type=\u00a0\u00bb4_4&Prime; _builder_version=\u00a0\u00bb4.3.1&Prime;][et_pb_text _builder_version=\u00a0\u00bb4.9.7&Prime; hover_enabled=\u00a0\u00bb0&Prime; sticky_enabled=\u00a0\u00bb0&Prime;]<\/p>\n<h2>R\u00f4le dans le TherVacB<\/h2>\n<p>L\u2019UCL contribue \u00e0 la surveillance immunitaire et \u00e0 l\u2019\u00e9valuation des biomarqueurs, avec des essais immunologiques exploratoires pour mettre en lumi\u00e8re les contraintes immunitaires (en particulier sur les cellules B) qui pourraient \u00eatre cibl\u00e9es pour optimiser la r\u00e9ponse \u00e0 la vaccination th\u00e9rapeutique lors de futurs essais.<\/p>\n<p>[\/et_pb_text][\/et_pb_column][\/et_pb_row][et_pb_row _builder_version=\u00a0\u00bb4.3.1&Prime; custom_padding=\u00a0\u00bb||0px|||\u00a0\u00bb][et_pb_column type=\u00a0\u00bb4_4&Prime; _builder_version=\u00a0\u00bb4.3.1&Prime;][et_pb_text _builder_version=\u00a0\u00bb4.3.1&Prime;]<\/p>\n<h2>Personnel du projet<\/h2>\n<p>&nbsp;<\/p>\n<p>[\/et_pb_text][\/et_pb_column][\/et_pb_row][et_pb_row column_structure=\u00a0\u00bb1_2,1_2&Prime; make_equal=\u00a0\u00bbon\u00a0\u00bb _builder_version=\u00a0\u00bb4.3.2&Prime; custom_padding=\u00a0\u00bb0px|||||\u00a0\u00bb][et_pb_column type=\u00a0\u00bb1_2&Prime; _builder_version=\u00a0\u00bb4.3.1&Prime;][et_pb_team_member name=\u00a0\u00bbMala Maini\u00a0\u00bb position=\u00a0\u00bbChef de groupe \u00a0\u00bb image_url=\u00a0\u00bbhttps:\/\/www.thervacb.eu\/wp-content\/uploads\/UCL_Mala-Maini.jpg\u00a0\u00bb _builder_version=\u00a0\u00bb4.9.7&Prime; header_text_align=\u00a0\u00bbcenter\u00a0\u00bb position_text_align=\u00a0\u00bbcenter\u00a0\u00bb position_line_height=\u00a0\u00bb2em\u00a0\u00bb text_orientation=\u00a0\u00bbleft\u00a0\u00bb custom_padding=\u00a0\u00bb20px|20px|20px|20px|false|false\u00a0\u00bb hover_enabled=\u00a0\u00bb0&Prime; border_radii=\u00a0\u00bbon|10px|10px|10px|10px\u00a0\u00bb box_shadow_style=\u00a0\u00bbpreset1&Prime; transform_styles__hover_enabled=\u00a0\u00bbon|hover\u00a0\u00bb transform_scale__hover_enabled=\u00a0\u00bbon|hover\u00a0\u00bb transform_translate__hover_enabled=\u00a0\u00bbon|desktop\u00a0\u00bb transform_rotate__hover_enabled=\u00a0\u00bbon|desktop\u00a0\u00bb transform_skew__hover_enabled=\u00a0\u00bbon|desktop\u00a0\u00bb transform_origin__hover_enabled=\u00a0\u00bbon|desktop\u00a0\u00bb transform_scale__hover=\u00a0\u00bb105%|105%\u00a0\u00bb custom_css_member_image_last_edited=\u00a0\u00bbon|desktop\u00a0\u00bb sticky_enabled=\u00a0\u00bb0&Prime;]<\/p>\n<p style=\"text-align: center;\">Sp\u00e9cialiste en immunologie et immunoth\u00e9rapie du VHB.<\/p>\n<p>[\/et_pb_team_member][\/et_pb_column][et_pb_column type=\u00a0\u00bb1_2&Prime; _builder_version=\u00a0\u00bb4.3.1&Prime;][\/et_pb_column][\/et_pb_row][\/et_pb_section]<\/p>\n","protected":false},"excerpt":{"rendered":"<p>UNIVERSITY COLLEGE LONDON (UCL) Informations g\u00e9n\u00e9rales L\u2019Institut d\u2019immunit\u00e9 et de transplantation (ITT) de l\u2019UCL est un centre d\u2019excellence international dans le domaine de la recherche en immunologie. L\u2019IIT est une plaque tournante de la m\u00e9decine exp\u00e9rimentale, qui transforme les nouveaux concepts de recherche en nouveaux outils de diagnostic et en interventions th\u00e9rapeutiques pour la population [&hellip;]<\/p>\n","protected":false},"author":4,"featured_media":0,"parent":3105,"menu_order":15,"comment_status":"closed","ping_status":"closed","template":"","meta":{"_et_pb_use_builder":"on","_et_pb_old_content":"","_et_gb_content_width":"","_monsterinsights_skip_tracking":false,"_monsterinsights_sitenote_active":false,"_monsterinsights_sitenote_note":"","_monsterinsights_sitenote_category":0,"footnotes":"","_links_to":"","_links_to_target":""},"class_list":["post-3203","page","type-page","status-publish","hentry"],"aioseo_notices":[],"_links":{"self":[{"href":"https:\/\/www.thervacb.eu\/fr\/wp-json\/wp\/v2\/pages\/3203","targetHints":{"allow":["GET"]}}],"collection":[{"href":"https:\/\/www.thervacb.eu\/fr\/wp-json\/wp\/v2\/pages"}],"about":[{"href":"https:\/\/www.thervacb.eu\/fr\/wp-json\/wp\/v2\/types\/page"}],"author":[{"embeddable":true,"href":"https:\/\/www.thervacb.eu\/fr\/wp-json\/wp\/v2\/users\/4"}],"replies":[{"embeddable":true,"href":"https:\/\/www.thervacb.eu\/fr\/wp-json\/wp\/v2\/comments?post=3203"}],"version-history":[{"count":1,"href":"https:\/\/www.thervacb.eu\/fr\/wp-json\/wp\/v2\/pages\/3203\/revisions"}],"predecessor-version":[{"id":12622,"href":"https:\/\/www.thervacb.eu\/fr\/wp-json\/wp\/v2\/pages\/3203\/revisions\/12622"}],"up":[{"embeddable":true,"href":"https:\/\/www.thervacb.eu\/fr\/wp-json\/wp\/v2\/pages\/3105"}],"wp:attachment":[{"href":"https:\/\/www.thervacb.eu\/fr\/wp-json\/wp\/v2\/media?parent=3203"}],"curies":[{"name":"wp","href":"https:\/\/api.w.org\/{rel}","templated":true}]}}