{"id":7678,"date":"2021-11-15T10:18:31","date_gmt":"2021-11-15T10:18:31","guid":{"rendered":"https:\/\/www.thervacb.eu\/patients-2\/le-vaccin-thervacb\/"},"modified":"2025-07-15T08:40:50","modified_gmt":"2025-07-15T07:40:50","slug":"le-vaccin-thervacb","status":"publish","type":"page","link":"https:\/\/www.thervacb.eu\/fr\/patients\/le-vaccin-thervacb\/","title":{"rendered":"Le vaccin TherVacB"},"content":{"rendered":"<p>[et_pb_section fb_built=\u00a0\u00bb1&Prime; fullwidth=\u00a0\u00bbon\u00a0\u00bb _builder_version=\u00a0\u00bb4.16&Prime; da_disable_devices=\u00a0\u00bboff|off|off\u00a0\u00bb global_colors_info=\u00a0\u00bb{}\u00a0\u00bb da_is_popup=\u00a0\u00bboff\u00a0\u00bb da_exit_intent=\u00a0\u00bboff\u00a0\u00bb da_has_close=\u00a0\u00bbon\u00a0\u00bb da_alt_close=\u00a0\u00bboff\u00a0\u00bb da_dark_close=\u00a0\u00bboff\u00a0\u00bb da_not_modal=\u00a0\u00bbon\u00a0\u00bb da_is_singular=\u00a0\u00bboff\u00a0\u00bb da_with_loader=\u00a0\u00bboff\u00a0\u00bb da_has_shadow=\u00a0\u00bbon\u00a0\u00bb][et_pb_fullwidth_slider use_text_overlay=\u00a0\u00bbon\u00a0\u00bb text_overlay_color=\u00a0\u00bbrgba(6,66,58,0.25)\u00a0\u00bb _builder_version=\u00a0\u00bb4.16&Prime; custom_padding=\u00a0\u00bb83px||65px|||\u00a0\u00bb auto=\u00a0\u00bbon\u00a0\u00bb auto_ignore_hover=\u00a0\u00bbon\u00a0\u00bb global_colors_info=\u00a0\u00bb{}\u00a0\u00bb][et_pb_slide heading=\u00a0\u00bbPatients\u00a0\u00bb use_bg_overlay=\u00a0\u00bboff\u00a0\u00bb use_text_overlay=\u00a0\u00bbon\u00a0\u00bb arrows_custom_color=\u00a0\u00bb#2d788c\u00a0\u00bb dot_nav_custom_color=\u00a0\u00bb#2d788c\u00a0\u00bb text_border_radius=\u00a0\u00bb10px\u00a0\u00bb _builder_version=\u00a0\u00bb4.16&Prime; header_font=\u00a0\u00bb|700|||||||\u00a0\u00bb header_text_align=\u00a0\u00bbcenter\u00a0\u00bb body_text_align=\u00a0\u00bbcenter\u00a0\u00bb body_font_size=\u00a0\u00bb30px\u00a0\u00bb background_enable_color=\u00a0\u00bboff\u00a0\u00bb use_background_color_gradient=\u00a0\u00bbon\u00a0\u00bb background_color_gradient_direction=\u00a0\u00bb90deg\u00a0\u00bb background_color_gradient_stops=\u00a0\u00bbrgba(0,0,0,0) 0%|rgba(0,0,0,0) 100%\u00a0\u00bb background_color_gradient_overlays_image=\u00a0\u00bbon\u00a0\u00bb background_color_gradient_start=\u00a0\u00bbrgba(0,0,0,0)\u00a0\u00bb background_color_gradient_end=\u00a0\u00bbrgba(0,0,0,0)\u00a0\u00bb background_image=\u00a0\u00bbhttps:\/\/www.thervacb.eu\/wp-content\/uploads\/the-thervacb-vaccine-h.jpg\u00a0\u00bb background_enable_image=\u00a0\u00bbon\u00a0\u00bb text_orientation=\u00a0\u00bbcenter\u00a0\u00bb header_text_shadow_style=\u00a0\u00bbpreset1&Prime; header_text_shadow_color=\u00a0\u00bb#706f6f\u00a0\u00bb body_text_shadow_style=\u00a0\u00bbpreset1&Prime; body_text_shadow_color=\u00a0\u00bb#706f6f\u00a0\u00bb text_shadow_style=\u00a0\u00bbpreset1&Prime; text_shadow_color=\u00a0\u00bb#706f6f\u00a0\u00bb global_colors_info=\u00a0\u00bb{}\u00a0\u00bb sticky_transition=\u00a0\u00bbon\u00a0\u00bb]<\/p>\n<p>Le vaccin TherVacB<\/p>\n<p>[\/et_pb_slide][\/et_pb_fullwidth_slider][\/et_pb_section][et_pb_section fb_built=\u00a0\u00bb1&Prime; _builder_version=\u00a0\u00bb4.16&Prime; da_disable_devices=\u00a0\u00bboff|off|off\u00a0\u00bb global_colors_info=\u00a0\u00bb{}\u00a0\u00bb da_is_popup=\u00a0\u00bboff\u00a0\u00bb da_exit_intent=\u00a0\u00bboff\u00a0\u00bb da_has_close=\u00a0\u00bbon\u00a0\u00bb da_alt_close=\u00a0\u00bboff\u00a0\u00bb da_dark_close=\u00a0\u00bboff\u00a0\u00bb da_not_modal=\u00a0\u00bbon\u00a0\u00bb da_is_singular=\u00a0\u00bboff\u00a0\u00bb da_with_loader=\u00a0\u00bboff\u00a0\u00bb da_has_shadow=\u00a0\u00bbon\u00a0\u00bb][et_pb_row module_id=\u00a0\u00bbtimelines\u00a0\u00bb _builder_version=\u00a0\u00bb4.16&Prime; global_colors_info=\u00a0\u00bb{}\u00a0\u00bb][et_pb_column type=\u00a0\u00bb4_4&Prime; _builder_version=\u00a0\u00bb4.16&Prime; global_colors_info=\u00a0\u00bb{}\u00a0\u00bb][et_pb_text _builder_version=\u00a0\u00bb4.25.0&Prime; hover_enabled=\u00a0\u00bb0&Prime; global_colors_info=\u00a0\u00bb{}\u00a0\u00bb sticky_enabled=\u00a0\u00bb0&Prime;]<\/p>\n<h1><strong>Quand la th\u00e9rapie sera-t-elle disponible pour les patients ?<\/strong><\/h1>\n<p>L&rsquo;essai clinique pr\u00e9sent\u00e9 ci-dessus fait partie du projet europ\u00e9en TherVacB. Il s&rsquo;agit de la premi\u00e8re \u00e9tape pour tester la s\u00e9curit\u00e9 et l&rsquo;efficacit\u00e9 de la th\u00e9rapie chez les personnes atteintes d&rsquo;h\u00e9patite B chronique. Si cet essai est concluant, d&rsquo;autres essais cliniques (phase II et III) suivront pour compl\u00e9ter le d\u00e9veloppement clinique. C&rsquo;est ce qui est syst\u00e9matiquement exig\u00e9 pour les nouveaux traitements m\u00e9dicaux avant qu&rsquo;ils ne soient approuv\u00e9s pour un usage standard et r\u00e9gulier.    <br \/>Si ces essais sont concluants, le TherVacB pourrait devenir le premier vaccin permettant une gu\u00e9rison fonctionnelle de l&rsquo;h\u00e9patite B.<\/p>\n<p>[\/et_pb_text][\/et_pb_column][\/et_pb_row][\/et_pb_section]<\/p>\n","protected":false},"excerpt":{"rendered":"<p>Le vaccin TherVacBQuand la th\u00e9rapie sera-t-elle disponible pour les patients ? L&rsquo;essai clinique pr\u00e9sent\u00e9 ci-dessus fait partie du projet europ\u00e9en TherVacB. Il s&rsquo;agit de la premi\u00e8re \u00e9tape pour tester la s\u00e9curit\u00e9 et l&rsquo;efficacit\u00e9 de la th\u00e9rapie chez les personnes atteintes d&rsquo;h\u00e9patite B chronique. Si cet essai est concluant, d&rsquo;autres essais cliniques (phase II et III) [&hellip;]<\/p>\n","protected":false},"author":4,"featured_media":4930,"parent":7662,"menu_order":3,"comment_status":"closed","ping_status":"closed","template":"","meta":{"_et_pb_use_builder":"on","_et_pb_old_content":"","_et_gb_content_width":"","_monsterinsights_skip_tracking":false,"_monsterinsights_sitenote_active":false,"_monsterinsights_sitenote_note":"","_monsterinsights_sitenote_category":0,"footnotes":"","_links_to":"","_links_to_target":""},"class_list":["post-7678","page","type-page","status-publish","has-post-thumbnail","hentry"],"aioseo_notices":[],"_links":{"self":[{"href":"https:\/\/www.thervacb.eu\/fr\/wp-json\/wp\/v2\/pages\/7678","targetHints":{"allow":["GET"]}}],"collection":[{"href":"https:\/\/www.thervacb.eu\/fr\/wp-json\/wp\/v2\/pages"}],"about":[{"href":"https:\/\/www.thervacb.eu\/fr\/wp-json\/wp\/v2\/types\/page"}],"author":[{"embeddable":true,"href":"https:\/\/www.thervacb.eu\/fr\/wp-json\/wp\/v2\/users\/4"}],"replies":[{"embeddable":true,"href":"https:\/\/www.thervacb.eu\/fr\/wp-json\/wp\/v2\/comments?post=7678"}],"version-history":[{"count":3,"href":"https:\/\/www.thervacb.eu\/fr\/wp-json\/wp\/v2\/pages\/7678\/revisions"}],"predecessor-version":[{"id":12932,"href":"https:\/\/www.thervacb.eu\/fr\/wp-json\/wp\/v2\/pages\/7678\/revisions\/12932"}],"up":[{"embeddable":true,"href":"https:\/\/www.thervacb.eu\/fr\/wp-json\/wp\/v2\/pages\/7662"}],"wp:featuredmedia":[{"embeddable":true,"href":"https:\/\/www.thervacb.eu\/fr\/wp-json\/wp\/v2\/media\/4930"}],"wp:attachment":[{"href":"https:\/\/www.thervacb.eu\/fr\/wp-json\/wp\/v2\/media?parent=7678"}],"curies":[{"name":"wp","href":"https:\/\/api.w.org\/{rel}","templated":true}]}}