{"id":3356,"date":"2021-02-08T12:27:06","date_gmt":"2021-02-08T12:27:06","guid":{"rendered":"https:\/\/www.thervacb.eu\/copyright\/"},"modified":"2021-10-20T07:39:34","modified_gmt":"2021-10-20T06:39:34","slug":"copyright","status":"publish","type":"page","link":"https:\/\/www.thervacb.eu\/it\/copyright\/","title":{"rendered":"Copyright"},"content":{"rendered":"<p>[et_pb_section fb_built=&#8221;1&#8243; _builder_version=&#8221;4.0.9&#8243; da_disable_devices=&#8221;off|off|off&#8221; da_is_popup=&#8221;off&#8221; da_exit_intent=&#8221;off&#8221; da_has_close=&#8221;on&#8221; da_alt_close=&#8221;off&#8221; da_dark_close=&#8221;off&#8221; da_not_modal=&#8221;on&#8221; da_is_singular=&#8221;off&#8221; da_with_loader=&#8221;off&#8221; da_has_shadow=&#8221;on&#8221;][et_pb_row _builder_version=&#8221;4.0.9&#8243;][et_pb_column type=&#8221;4_4&#8243; _builder_version=&#8221;4.0.9&#8243;][et_pb_text _builder_version=&#8221;4.2.2&#8243;]<\/p>\n<h1>Copyright<\/h1>\n<p>Le immagini degli individui sono il copyright del fotografo o la propriet\u00e0 personale della persona visualizzata. Le illustrazioni sono di propriet\u00e0 delle organizzazioni che le hanno fornite al webmaster.<\/p>\n<p>\u00c8 possibile scaricare, riprodurre e ritrasmettere il materiale visualizzato su questo sito web per uso personale e non commerciale. Se lo fai, accetti di citare la fonte e di mantenere tutti i copyright e gli altri avvisi di propriet\u00e0 contenuti nei materiali. Non \u00e8 consentito utilizzare, distribuire, modificare, trasmettere o pubblicare il contenuto del sito web TherVacB per scopi pubblici o commerciali, compresi testi, immagini, audio o video, senza il permesso scritto di TherVacB. <\/p>\n<p>&nbsp;<\/p>\n<h2>Immagini e grafica<\/h2>\n<p>[\/et_pb_text][et_pb_gallery gallery_ids=&#8221;2771,2622,2610,2705,2885,2891,2867,2879,2873&#8243; posts_number=&#8221;40&#8243; zoom_icon_color=&#8221;#ffffff&#8221; hover_overlay_color=&#8221;rgba(255,255,255,0.15)&#8221; hover_icon=&#8221;%%47%%&#8221; _builder_version=&#8221;4.4.6&#8243; animation_style=&#8221;zoom&#8221; border_color_all_image=&#8221;#706f6f&#8221; box_shadow_style_image=&#8221;preset1&#8243; box_shadow_blur_image=&#8221;6px&#8221; global_module=&#8221;2260&#8243; saved_tabs=&#8221;all&#8221;][\/et_pb_gallery][\/et_pb_column][\/et_pb_row][\/et_pb_section]<\/p>\n","protected":false},"excerpt":{"rendered":"<p>Copyright Le immagini degli individui sono il copyright del fotografo o la propriet\u00e0 personale della persona visualizzata. Le illustrazioni sono di propriet\u00e0 delle organizzazioni che le hanno fornite al webmaster. \u00c8 possibile scaricare, riprodurre e ritrasmettere il materiale visualizzato su questo sito web per uso personale e non commerciale. Se lo fai, accetti di citare [&hellip;]<\/p>\n","protected":false},"author":4,"featured_media":0,"parent":0,"menu_order":52,"comment_status":"closed","ping_status":"closed","template":"","meta":{"_et_pb_use_builder":"on","_et_pb_old_content":"","_et_gb_content_width":"","_monsterinsights_skip_tracking":false,"_monsterinsights_sitenote_active":false,"_monsterinsights_sitenote_note":"","_monsterinsights_sitenote_category":0,"footnotes":"","_links_to":"","_links_to_target":""},"class_list":["post-3356","page","type-page","status-publish","hentry"],"aioseo_notices":[],"_links":{"self":[{"href":"https:\/\/www.thervacb.eu\/it\/wp-json\/wp\/v2\/pages\/3356","targetHints":{"allow":["GET"]}}],"collection":[{"href":"https:\/\/www.thervacb.eu\/it\/wp-json\/wp\/v2\/pages"}],"about":[{"href":"https:\/\/www.thervacb.eu\/it\/wp-json\/wp\/v2\/types\/page"}],"author":[{"embeddable":true,"href":"https:\/\/www.thervacb.eu\/it\/wp-json\/wp\/v2\/users\/4"}],"replies":[{"embeddable":true,"href":"https:\/\/www.thervacb.eu\/it\/wp-json\/wp\/v2\/comments?post=3356"}],"version-history":[{"count":0,"href":"https:\/\/www.thervacb.eu\/it\/wp-json\/wp\/v2\/pages\/3356\/revisions"}],"wp:attachment":[{"href":"https:\/\/www.thervacb.eu\/it\/wp-json\/wp\/v2\/media?parent=3356"}],"curies":[{"name":"wp","href":"https:\/\/api.w.org\/{rel}","templated":true}]}}