{"id":3409,"date":"2021-02-08T12:27:16","date_gmt":"2021-02-08T12:27:16","guid":{"rendered":"https:\/\/www.thervacb.eu\/squadra\/partner-tum\/"},"modified":"2025-10-22T15:34:43","modified_gmt":"2025-10-22T14:34:43","slug":"partner-tum","status":"publish","type":"page","link":"https:\/\/www.thervacb.eu\/it\/squadra\/partner-tum\/","title":{"rendered":"Partner TUM"},"content":{"rendered":"<p>[et_pb_section fb_built=&#8221;1&#8243; fullwidth=&#8221;on&#8221; admin_label=&#8221;Map&#8221; _builder_version=&#8221;4.9.0&#8243; da_disable_devices=&#8221;off|off|off&#8221; global_module=&#8221;539&#8243; saved_tabs=&#8221;all&#8221; global_colors_info=&#8221;{}&#8221; da_is_popup=&#8221;off&#8221; da_exit_intent=&#8221;off&#8221; da_has_close=&#8221;on&#8221; da_alt_close=&#8221;off&#8221; da_dark_close=&#8221;off&#8221; da_not_modal=&#8221;on&#8221; da_is_singular=&#8221;off&#8221; da_with_loader=&#8221;off&#8221; da_has_shadow=&#8221;on&#8221;][et_pb_map_fullwidth_extended address=&#8221;Paris, France&#8221; zoom_level=&#8221;2&#8243; address_lat=&#8221;43.762201679538&#8243; address_lng=&#8221;5.1647219&#8243; mobile_dragging=&#8221;off&#8221; map_type_control_position=&#8221;LEFT_CENTER&#8221; streetview_control_position=&#8221;LEFT_BOTTOM&#8221; info_window_width=&#8221;300px&#8221; map_type=&#8221;2&#8243; _builder_version=&#8221;4.25.0&#8243; title_text_color=&#8221;#1c9080&#8243; title_font_size=&#8221;24px&#8221; content_text_color=&#8221;#666666&#8243; content_font_size=&#8221;18px&#8221; global_colors_info=&#8221;{}&#8221;][et_pb_map_pin_extended title=&#8221;LMU&#8221; pin_address=&#8221;GESCHWISTER SCHOLL PLATZ 1, 80539 M\u00fcnchen,&#8221; pin_address_lat=&#8221;48.1540685&#8243; pin_address_lng=&#8221;11.5823284&#8243; pin_fill_color=&#8221;#2d788c&#8221; pin_stroke_color=&#8221;#06423a&#8221; pin_circle_color=&#8221;#ffffff&#8221; _builder_version=&#8221;4.21.0&#8243; global_colors_info=&#8221;{}&#8221;]<\/p>\n<p><a title=\"LMU\" href=\"https:\/\/www.thervacb.eu\/it\/squadra\/partner-lmu\/\"><img loading=\"lazy\" decoding=\"async\" class=\"wp-image-763 size-full\" src=\"https:\/\/www.thervacb.eu\/wp-content\/uploads\/lmu-logo.png\" alt=\"Hospital of the Ludwig-Maximilians-University (LMU) Munich, Division of Infectious Diseases and Tropical Medicine\" width=\"204\" height=\"57\" title=\"Hospital of the Ludwig-Maximilians-University (LMU) Munich, Division of Infectious Diseases and Tropical Medicine\"><\/a><\/p>\n<p>[\/et_pb_map_pin_extended][et_pb_map_pin_extended title=&#8221;Fundaci\u00f3 Cl\u00ednic per a la Recerca Biom\u00e8dica &#8221; pin_address=&#8221;Carrer del Rossell\u00f3, 149, 08036 Barcelona, Spanien&#8221; pin_address_lat=&#8221;41.3885899&#8243; pin_address_lng=&#8221;2.1508862&#8243; pin_fill_color=&#8221;#2d788c&#8221; pin_stroke_color=&#8221;#06423a&#8221; pin_circle_color=&#8221;#ffffff&#8221; _builder_version=&#8221;4.21.0&#8243; global_colors_info=&#8221;{}&#8221;]<\/p>\n<p><a href=\"https:\/\/www.thervacb.eu\/it\/squadra\/partner-fcrb\/\" title=\"Fundaci\u00f3 Cl\u00ednic per a la Recerca Biom\u00e8dica \"><img loading=\"lazy\" decoding=\"async\" src=\"https:\/\/www.thervacb.eu\/wp-content\/uploads\/clinic-barcelona-logo.png\" alt=\"Fundaci\u00f3 Cl\u00ednic per a la Recerca Biom\u00e8dica \" class=\"wp-image-758 size-full\" width=\"200\" height=\"126\"><\/a><\/p>\n<p>[\/et_pb_map_pin_extended][et_pb_map_pin_extended title=&#8221;Helmholtz-Zentrum f\u00fcr Infektionsforschung GmbH (HZI)&#8221; pin_address=&#8221;Ingolst\u00e4dter Landstra\u00dfe 1, 85764 Oberschlei\u00dfheim, Deutschland&#8221; pin_address_lat=&#8221;48.2208172&#8243; pin_address_lng=&#8221;11.5871674&#8243; pin_fill_color=&#8221;#2d788c&#8221; pin_stroke_color=&#8221;#06423a&#8221; pin_circle_color=&#8221;#ffffff&#8221; _builder_version=&#8221;4.21.0&#8243; global_colors_info=&#8221;{}&#8221;]<\/p>\n<p><a href=\"https:\/\/www.thervacb.eu\/it\/squadra\/partner-hzi\/\" title=\"Helmholtz-Zentrum f\u00fcr Infektionsforschung GmbH (HZI)\"><img loading=\"lazy\" decoding=\"async\" src=\"https:\/\/www.thervacb.eu\/wp-content\/uploads\/helmholzzentrum-logo.png\" alt=\"Helmholtz-Zentrum f\u00fcr Infektionsforschung GmbH (HZI)\" class=\"wp-image-760 size-full\" width=\"236\" height=\"50\"><\/a><\/p>\n<p>[\/et_pb_map_pin_extended][et_pb_map_pin_extended title=&#8221;Helmholtz Munich&#8221; pin_address=&#8221;Inhoffenstra\u00dfe 7, 38124 Braunschweig, Deutschland&#8221; pin_address_lat=&#8221;52.2109803&#8243; pin_address_lng=&#8221;10.5314925&#8243; pin_fill_color=&#8221;#2d788c&#8221; pin_stroke_color=&#8221;#06423a&#8221; pin_circle_color=&#8221;#ffffff&#8221; _builder_version=&#8221;4.25.0&#8243; global_colors_info=&#8221;{}&#8221;]<a href=\"https:\/\/www.thervacb.eu\/it\/squadra\/partner-hzi\/\" title=\"Helmholtz Munich\"><img loading=\"lazy\" decoding=\"async\" src=\"https:\/\/www.thervacb.eu\/wp-content\/uploads\/hzi-logo-400x133.png\" title=\"Helmholtz Munich\" alt=\"Helmholtz Munich\" class=\"wp-image-525 alignleft size-medium\" width=\"200\" height=\"66\" srcset=\"https:\/\/www.thervacb.eu\/wp-content\/uploads\/hzi-logo-400x133.png 400w, https:\/\/www.thervacb.eu\/wp-content\/uploads\/hzi-logo.png 406w\" sizes=\"auto, (max-width: 200px) 100vw, 200px\" \/><\/a>[\/et_pb_map_pin_extended][et_pb_map_pin_extended title=&#8221;Medizinische Hochschule Hannover&#8221; pin_address=&#8221;Carl-Neuberg-Stra\u00dfe 1, 30625 Hannover, Deutschland&#8221; pin_address_lat=&#8221;52.3834749&#8243; pin_address_lng=&#8221;9.8047999&#8243; pin_fill_color=&#8221;#2d788c&#8221; pin_stroke_color=&#8221;#06423a&#8221; pin_circle_color=&#8221;#ffffff&#8221; _builder_version=&#8221;4.21.0&#8243; global_colors_info=&#8221;{}&#8221;]<\/p>\n<p><a href=\"https:\/\/www.thervacb.eu\/it\/squadra\/partner-mhh\/\" title=\"Medizinische Hochschule Hannover\"><img loading=\"lazy\" decoding=\"async\" src=\"https:\/\/www.thervacb.eu\/wp-content\/uploads\/mhh-logo.png\" alt=\"MHH\" class=\"wp-image-765 size-full\" width=\"220\" height=\"38\"><\/a><\/p>\n<p>[\/et_pb_map_pin_extended][et_pb_map_pin_extended title=&#8221;NIMR-Mbeya Medical Research Center&#8221; pin_address=&#8221;Hospital Hill Rd, Mbeya, Tansania&#8221; pin_address_lat=&#8221;-8.8892372&#8243; pin_address_lng=&#8221;33.4397813&#8243; pin_fill_color=&#8221;#2d788c&#8221; pin_stroke_color=&#8221;#06423a&#8221; pin_circle_color=&#8221;#ffffff&#8221; _builder_version=&#8221;4.25.0&#8243; global_colors_info=&#8221;{}&#8221;]<\/p>\n<p><a href=\"https:\/\/www.thervacb.eu\/it\/squadra\/partner-nimr\/\" title=\"NIMR-Mbeya Medizinisches Forschungszentrum\"><img loading=\"lazy\" decoding=\"async\" src=\"https:\/\/www.thervacb.eu\/wp-content\/uploads\/nimr-mmrc-logo-g.png\" alt=\"NIMR-Mbeya Medizinisches Forschungszentrum\" class=\"wp-image-600 size-full\" width=\"200\" height=\"200\" srcset=\"https:\/\/www.thervacb.eu\/wp-content\/uploads\/nimr-mmrc-logo-g.png 200w, https:\/\/www.thervacb.eu\/wp-content\/uploads\/nimr-mmrc-logo-g-150x150.png 150w\" sizes=\"auto, (max-width: 200px) 100vw, 200px\" \/><\/a><\/p>\n<p>[\/et_pb_map_pin_extended][et_pb_map_pin_extended title=&#8221;Technische Universit\u00e4t M\u00fcnchen&#8221; pin_address=&#8221;Arcisstra\u00dfe 21, 80333 M\u00fcnchen, Deutschland&#8221; pin_address_lat=&#8221;48.1486686&#8243; pin_address_lng=&#8221;11.5685941&#8243; pin_fill_color=&#8221;#2d788c&#8221; pin_stroke_color=&#8221;#06423a&#8221; pin_circle_color=&#8221;#ffffff&#8221; _builder_version=&#8221;4.21.0&#8243; global_colors_info=&#8221;{}&#8221;]<\/p>\n<p><a href=\"https:\/\/www.thervacb.eu\/it\/squadra\/partner-tum\/\" title=\"Technische Universit\u00e4t M\u00fcnchen\"><img loading=\"lazy\" decoding=\"async\" src=\"https:\/\/www.thervacb.eu\/wp-content\/uploads\/tum-logo.png\" alt=\"\u6c64\u59c6\" class=\"wp-image-768 size-full\" width=\"200\" height=\"67\"><\/a> <\/p>\n<p>[\/et_pb_map_pin_extended][et_pb_map_pin_extended title=&#8221;UNIVERSIT\u00c0 DI LONDRA (UCL)&#8221; pin_address=&#8221;GOWER STREET, WC1E 6BT London&#8221; pin_address_lat=&#8221;51.5233687&#8243; pin_address_lng=&#8221;-0.135766&#8243; pin_fill_color=&#8221;#2d788c&#8221; pin_stroke_color=&#8221;#06423a&#8221; pin_circle_color=&#8221;#ffffff&#8221; _builder_version=&#8221;4.21.0&#8243; global_colors_info=&#8221;{}&#8221;]<\/p>\n<p><a href=\"https:\/\/www.thervacb.eu\/it\/squadra\/partner-ucl\/\" title=\"UNIVERSIT\u00c0 DI LONDRA (UCL)\"><img loading=\"lazy\" decoding=\"async\" src=\"https:\/\/www.thervacb.eu\/wp-content\/uploads\/ucl-logo.png\" alt=\"UNIVERSIT\u00c0 DI LONDRA (UCL)\" class=\"wp-image-770 size-full\" width=\"200\" height=\"59\"><\/a><\/p>\n<p>[\/et_pb_map_pin_extended][et_pb_map_pin_extended title=&#8221;Klinikum Rechts der Isar der Technischen Universit\u00e4t M\u00fcnchen&#8221; pin_address=&#8221;H\u00f6rsaal A, Klinikum rechts der Isar, Ismaninger Str. 22, 81675 M\u00fcnchen, Deutschland&#8221; pin_address_lat=&#8221;48.1360041&#8243; pin_address_lng=&#8221;11.5997829&#8243; pin_fill_color=&#8221;#2d788c&#8221; pin_stroke_color=&#8221;#06423a&#8221; pin_circle_color=&#8221;#ffffff&#8221; _builder_version=&#8221;4.21.0&#8243; global_colors_info=&#8221;{}&#8221;]<\/p>\n<p><a href=\"https:\/\/www.thervacb.eu\/it\/squadra\/partner-tum-med\/\"><img loading=\"lazy\" decoding=\"async\" src=\"https:\/\/www.thervacb.eu\/wp-content\/uploads\/logo-mri-tum-400x118.png\" alt=\"Klinikum Rechts der Isar der Technischen Universit\u00e4t M\u00fcnchen\" title=\"Klinikum Rechts der Isar der Technischen Universit\u00e4t M\u00fcnchen\" class=\"wp-image-521 aligncenter size-medium\" style=\"float: left\" width=\"200\" height=\"59\" srcset=\"https:\/\/www.thervacb.eu\/wp-content\/uploads\/logo-mri-tum-400x120.png 400w, https:\/\/www.thervacb.eu\/wp-content\/uploads\/logo-mri-tum.png 406w\" sizes=\"auto, (max-width: 200px) 100vw, 200px\" \/><\/a><\/p>\n<p>[\/et_pb_map_pin_extended][et_pb_map_pin_extended title=&#8221;UKE Hamburg Eppendorf&#8221; pin_address=&#8221;Martinistra\u00dfe 52, 20251 Hamburg, Deutschland&#8221; pin_address_lat=&#8221;53.5902421&#8243; pin_address_lng=&#8221;9.9785922&#8243; pin_fill_color=&#8221;#2d788c&#8221; pin_stroke_color=&#8221;#06423a&#8221; pin_circle_color=&#8221;#ffffff&#8221; _builder_version=&#8221;4.25.0&#8243; global_colors_info=&#8221;{}&#8221;]<a href=\"https:\/\/www.thervacb.eu\/it\/squadra\/partner-uke\/\" title=\"UKE Hamburg Eppendorf\"><img loading=\"lazy\" decoding=\"async\" src=\"https:\/\/www.thervacb.eu\/wp-content\/uploads\/uke-hamburg.png\" alt=\"UKE Hamburg Eppendorf\" title=\"UKE Hamburg Eppendorf\" medical=\"\" center=\"\" hamburg-eppendorf=\"\" i=\"\" department=\"\" of=\"\" internal=\"\" medicine=\"\" class=\"wp-image-1057 aligncenter size-full\" style=\"float: left;\" width=\"195\" height=\"169\"><\/a>[\/et_pb_map_pin_extended][et_pb_map_pin_extended title=&#8221;Azienda Ospedaliero-Universitaria di Parma&#8221; pin_address=&#8221;Str. dell&#8217;Universit\u00e0, 12, 43121 Parma PR, Italien&#8221; pin_address_lat=&#8221;44.8012357&#8243; pin_address_lng=&#8221;10.3255389&#8243; pin_fill_color=&#8221;#2d788c&#8221; pin_stroke_color=&#8221;#06423a&#8221; pin_circle_color=&#8221;#ffffff&#8221; _builder_version=&#8221;4.21.0&#8243; global_colors_info=&#8221;{}&#8221;]<a href=\"https:\/\/www.thervacb.eu\/team\/partner-aop-new\/\" title=\"Azienda Ospedaliero-Universitaria di Parma\"><img loading=\"lazy\" decoding=\"async\" class=\"wp-image-520 aligncenter size-medium\" src=\"https:\/\/www.thervacb.eu\/wp-content\/uploads\/logo-azienda-ospedaliero-universitaria-di-parma-1-400x82.png\" alt=\"Azienda Ospedaliero-Universitaria di Parma\" width=\"200\" height=\"41\" title=\"Azienda Ospedaliero-Universitaria di Parma\" srcset=\"https:\/\/www.thervacb.eu\/wp-content\/uploads\/logo-azienda-ospedaliero-universitaria-di-parma-1-400x83.png 400w, https:\/\/www.thervacb.eu\/wp-content\/uploads\/logo-azienda-ospedaliero-universitaria-di-parma-1.png 406w\" sizes=\"auto, (max-width: 200px) 100vw, 200px\" \/><\/a>[\/et_pb_map_pin_extended][et_pb_map_pin_extended title=&#8221;Universit\u00e4tsklinikum Leipzig&#8221; pin_address=&#8221;Ritterstra\u00dfe 26, 04109 Leipzig, Deutschland&#8221; pin_address_lat=&#8221;51.3412809&#8243; pin_address_lng=&#8221;12.3802676&#8243; pin_fill_color=&#8221;#2d788c&#8221; pin_stroke_color=&#8221;#06423a&#8221; pin_circle_color=&#8221;#ffffff&#8221; _builder_version=&#8221;4.25.0&#8243; global_colors_info=&#8221;{}&#8221;]<a title=\"Universit\u00e4tsklinikum Leipzig\" href=\"https:\/\/www.thervacb.eu\/it\/squadra\/partner-ulei\/\"><img decoding=\"async\" class=\"alignnone wp-image-4300 size-medium\" title=\"Universit\u00e4tsklinikum Leipzig\" src=\"https:\/\/www.thervacb.eu\/wp-content\/uploads\/university-leipzig.png\" alt=\"Universit\u00e4tsklinikum Leipzig\" width=\"200\"><\/a>[\/et_pb_map_pin_extended][et_pb_map_pin_extended title=&#8221;Barts Health NHS Trust&#8221; pin_address=&#8221;Co-operative Bank Plc, 9 Prescot St, Whitechapel, London E1 8AZ, Vereinigtes K\u00f6nigreich&#8221; zoom_level=&#8221;5&#8243; pin_address_lat=&#8221;51.5115034&#8243; pin_address_lng=&#8221;-0.0706499&#8243; pin_fill_color=&#8221;#2d788c&#8221; pin_stroke_color=&#8221;#06423a&#8221; pin_circle_color=&#8221;#ffffff&#8221; _builder_version=&#8221;4.21.0&#8243; global_colors_info=&#8221;{}&#8221;]<\/p>\n<p><a title=\"Barts Health NHS Trust\" href=\"https:\/\/www.thervacb.eu\/it\/squadra\/partner-blt\/\"><img decoding=\"async\" class=\"alignnone wp-image-4300 size-medium\" title=\"Barts Health NHS Trust\" src=\"https:\/\/www.thervacb.eu\/wp-content\/uploads\/Barts-and-the-London-NHS.png\" alt=\"Barts Health NHS Trust\" width=\"200\"><\/a><\/p>\n<p>[\/et_pb_map_pin_extended][et_pb_map_pin_extended title=&#8221;Royal Free London NHS Foundation Trust&#8221; pin_address=&#8221;Pond St, Hampstead, London NW3 2QG, Vereinigtes K\u00f6nigreich&#8221; pin_address_lat=&#8221;51.5537706&#8243; pin_address_lng=&#8221;-0.1672142&#8243; pin_fill_color=&#8221;#2d788c&#8221; pin_stroke_color=&#8221;#06423a&#8221; pin_circle_color=&#8221;#ffffff&#8221; _builder_version=&#8221;4.3.4&#8243; global_colors_info=&#8221;{}&#8221;][\/et_pb_map_pin_extended][et_pb_map_pin_extended title=&#8221;PNO Innovation GmbH&#8221; pin_address=&#8221;Oskar-von-Miller-Ring 29, 80333 M\u00fcnchen, Germany&#8221; pin_address_lat=&#8221;48.1459821&#8243; pin_address_lng=&#8221;11.5760781&#8243; pin_fill_color=&#8221;#2d788c&#8221; pin_stroke_color=&#8221;#06423a&#8221; pin_circle_color=&#8221;#ffffff&#8221; _builder_version=&#8221;4.25.0&#8243; global_colors_info=&#8221;{}&#8221;]<a title=\"PNO Innovation GmbH\" href=\"https:\/\/www.thervacb.eu\/de\/team\/pno-innovation\/\"><img loading=\"lazy\" decoding=\"async\" class=\"alignnone wp-image-4300 size-medium\" title=\"PNO Innovation GmbH\" src=\"https:\/\/www.thervacb.eu\/wp-content\/uploads\/PNO-Innovation-logo.png\" alt=\"PNO Innovation GmbH\" width=\"200\" height=\"28\"><\/a>[\/et_pb_map_pin_extended][et_pb_map_pin_extended title=&#8221;SocraTec R&#038;D GmbH&#8221; pin_address=&#8221;Im Setzling 35, 61440 Oberursel (Taunus), Deutschland&#8221; pin_address_lat=&#8221;50.1968591&#8243; pin_address_lng=&#8221;8.5860136&#8243; pin_fill_color=&#8221;#2d788c&#8221; pin_stroke_color=&#8221;#06423a&#8221; pin_circle_color=&#8221;#ffffff&#8221; _builder_version=&#8221;4.25.0&#8243; display_conditions=&#8221;W10=&#8221; global_colors_info=&#8221;{}&#8221;]<a title=\"SocraTec R&amp;D GmbH\" href=\"https:\/\/www.thervacb.eu\/team\/socratech\/\"><img loading=\"lazy\" decoding=\"async\" class=\"alignnone wp-image-4300 size-medium\" title=\"SocraTec R&amp;D GmbH\" src=\"https:\/\/www.thervacb.eu\/wp-content\/uploads\/socratec-and-r-d-logo.svg\" alt=\"SocraTec R&amp;D GmbH\" width=\"200\" height=\"47\"><\/a>[\/et_pb_map_pin_extended][et_pb_map_pin_extended title=&#8221;Frankfurt University Hospital&#8221; pin_address=&#8221;Theodor-Stern-Kai 7, 60596 Frankfurt am Main, Deutschland&#8221; pin_address_lat=&#8221;50.095683&#8243; pin_address_lng=&#8221;8.6595022&#8243; pin_fill_color=&#8221;#2d788c&#8221; pin_stroke_color=&#8221;#06423a&#8221; pin_circle_color=&#8221;#ffffff&#8221; _builder_version=&#8221;4.25.0&#8243; display_conditions=&#8221;W10=&#8221; global_colors_info=&#8221;{}&#8221;]<\/p>\n<p><a title=\"Frankfurt University Hospital\" href=\"https:\/\/www.thervacb.eu\/it\/squadra\/partner-guf\/\"><img loading=\"lazy\" decoding=\"async\" class=\"alignnone wp-image-4300 size-medium\" title=\"Frankfurt University Hospital\" src=\"https:\/\/www.thervacb.eu\/wp-content\/uploads\/frankfurt-university-hospital-logo.png\" alt=\"Frankfurt University Hospital\" width=\"183\" height=\"100\"><\/a><\/p>\n<p>[\/et_pb_map_pin_extended][\/et_pb_map_fullwidth_extended][\/et_pb_section][et_pb_section fb_built=&#8221;1&#8243; _builder_version=&#8221;4.16&#8243; da_disable_devices=&#8221;off|off|off&#8221; global_colors_info=&#8221;{}&#8221; da_is_popup=&#8221;off&#8221; da_exit_intent=&#8221;off&#8221; da_has_close=&#8221;on&#8221; da_alt_close=&#8221;off&#8221; da_dark_close=&#8221;off&#8221; da_not_modal=&#8221;on&#8221; da_is_singular=&#8221;off&#8221; da_with_loader=&#8221;off&#8221; da_has_shadow=&#8221;on&#8221;][et_pb_row column_structure=&#8221;3_4,1_4&#8243; _builder_version=&#8221;4.16&#8243; global_colors_info=&#8221;{}&#8221;][et_pb_column type=&#8221;3_4&#8243; _builder_version=&#8221;4.16&#8243; global_colors_info=&#8221;{}&#8221;][et_pb_text _builder_version=&#8221;4.16&#8243; global_colors_info=&#8221;{}&#8221;]<\/p>\n<h1><strong>Technische Universit\u00e4t M\u00fcnchen<\/strong><\/h1>\n<h2><\/h2>\n<h2>Informazioni generali<\/h2>\n<p>L&#8217;Universit\u00e0 Tecnica di Monaco (TUM) \u00e8 una delle principali universit\u00e0 di ricerca europee, con circa 550 professori, 43.000 studenti e 10.000 dipendenti accademici e non accademici. Le sue aree di interesse sono le scienze ingegneristiche, le scienze naturali, le scienze della vita e la medicina, combinate con le scienze economiche e sociali. TUM agisce come un&#8217;universit\u00e0 imprenditoriale che promuove i talenti e crea valore per la societ\u00e0. In quanto trae vantaggio dall&#8217;avere partner forti nella scienza e nell&#8217;industria. \u00c8 rappresentata in tutto il mondo con il campus TUM Asia a Singapore e con uffici a Pechino, Bruxelles, Cairo, Mumbai, San Francisco e San Paolo. Premi Nobel e inventori come Rudolf Diesel, Carl von Linde e Rudolf M\u00f6\u00dfbauer hanno fatto ricerca al TUM. Nel 2006, 2012 e 2019 ha ottenuto il riconoscimento di &#8220;Universit\u00e0 d&#8217;eccellenza&#8221; tedesca. Nelle classifiche internazionali, TUM si colloca regolarmente tra le migliori universit\u00e0 della Germania. <\/p>\n<p>[\/et_pb_text][\/et_pb_column][et_pb_column type=&#8221;1_4&#8243; _builder_version=&#8221;4.16&#8243; background_enable_color=&#8221;off&#8221; use_background_color_gradient=&#8221;on&#8221; background_color_gradient_stops=&#8221;rgba(0,0,0,0) 0%|rgba(92,189,217,0.25) 100%&#8221; background_color_gradient_start=&#8221;rgba(0,0,0,0)&#8221; background_color_gradient_end=&#8221;rgba(92,189,217,0.25)&#8221; background_enable_image=&#8221;off&#8221; background_size=&#8221;initial&#8221; background_position=&#8221;top_left&#8221; custom_padding=&#8221;10px|10px|10px|10px|false|false&#8221; border_radii=&#8221;on|10px|10px|10px|10px&#8221; border_width_all=&#8221;2px&#8221; border_color_all=&#8221;#5cbdd9&#8243; global_colors_info=&#8221;{}&#8221;][et_pb_image src=&#8221;https:\/\/www.thervacb.eu\/wp-content\/uploads\/tum-logo.png&#8221; alt=&#8221;TUM&#8221; title_text=&#8221;TUM&#8221; _builder_version=&#8221;4.16&#8243; global_colors_info=&#8221;{}&#8221;][\/et_pb_image][et_pb_text _builder_version=&#8221;4.16&#8243; max_width=&#8221;100%&#8221; module_alignment=&#8221;left&#8221; global_colors_info=&#8221;{}&#8221;]<\/p>\n<p><strong><\/strong><strong>Technische Universit\u00e4t M\u00fcnchen<\/strong><\/p>\n<p>Arcisstra\u00dfe 21<br \/>80333 Munich<br \/>Germany<\/p>\n<p><a href=\"http:\/\/www.tum.de\" target=\"_blank\" rel=\"noopener noreferrer\" title=\"Technische Universit\u00e4t M\u00fcnchen\">www.tum.de<\/a><\/p>\n<p>[\/et_pb_text][\/et_pb_column][\/et_pb_row][et_pb_row _builder_version=&#8221;4.16&#8243; global_colors_info=&#8221;{}&#8221;][et_pb_column type=&#8221;4_4&#8243; _builder_version=&#8221;4.16&#8243; global_colors_info=&#8221;{}&#8221;][et_pb_text _builder_version=&#8221;4.16&#8243; global_colors_info=&#8221;{}&#8221;]<\/p>\n<h2>Ruolo in TherVacB<\/h2>\n<p>In TherVacB TUM ha la guida nel monitoraggio degli endpoint clinici primari e secondari. TUM contribuir\u00e0 a sostenere la creazione del database clinico come parte del registro dei pazienti.<\/p>\n<p>[\/et_pb_text][\/et_pb_column][\/et_pb_row][et_pb_row _builder_version=&#8221;4.16&#8243; custom_padding=&#8221;||0px|||&#8221; global_colors_info=&#8221;{}&#8221;][et_pb_column type=&#8221;4_4&#8243; _builder_version=&#8221;4.16&#8243; global_colors_info=&#8221;{}&#8221;][et_pb_text _builder_version=&#8221;4.16&#8243; global_colors_info=&#8221;{}&#8221;]<\/p>\n<h2>Personale del progetto<\/h2>\n<p>&nbsp;<\/p>\n<p>[\/et_pb_text][\/et_pb_column][\/et_pb_row][et_pb_row column_structure=&#8221;1_3,1_3,1_3&#8243; make_equal=&#8221;on&#8221; _builder_version=&#8221;4.25.0&#8243; custom_padding=&#8221;0px|||||&#8221; global_colors_info=&#8221;{}&#8221;][et_pb_column type=&#8221;1_3&#8243; _builder_version=&#8221;4.16&#8243; global_colors_info=&#8221;{}&#8221;][et_pb_team_member name=&#8221;Dieter Hoffmann&#8221; position=&#8221;Vice capo della diagnostica &#8221; image_url=&#8221;https:\/\/www.thervacb.eu\/wp-content\/uploads\/tum_dieter-hoffmann.jpg&#8221; _builder_version=&#8221;4.16&#8243; header_text_align=&#8221;center&#8221; position_text_align=&#8221;center&#8221; position_line_height=&#8221;2em&#8221; text_orientation=&#8221;left&#8221; custom_padding=&#8221;20px|20px|20px|20px|false|false&#8221; border_radii=&#8221;on|10px|10px|10px|10px&#8221; box_shadow_style=&#8221;preset1&#8243; global_colors_info=&#8221;{}&#8221; transform_styles__hover_enabled=&#8221;on|hover&#8221; transform_scale__hover_enabled=&#8221;on|hover&#8221; transform_translate__hover_enabled=&#8221;on|desktop&#8221; transform_rotate__hover_enabled=&#8221;on|desktop&#8221; transform_skew__hover_enabled=&#8221;on|desktop&#8221; transform_origin__hover_enabled=&#8221;on|desktop&#8221; transform_scale__hover=&#8221;105%|105%&#8221; custom_css_member_image_last_edited=&#8221;on|desktop&#8221;]<\/p>\n<p style=\"text-align: center;\">Specialista di test diagnostici immunologici e molecolari; sviluppo del vaccino contro il Norovirus.<\/p>\n<p>[\/et_pb_team_member][\/et_pb_column][et_pb_column type=&#8221;1_3&#8243; _builder_version=&#8221;4.16&#8243; global_colors_info=&#8221;{}&#8221;][et_pb_team_member name=&#8221;Samuel D. Jeske&#8221; position=&#8221;Medico, Residente &#8221; image_url=&#8221;https:\/\/www.thervacb.eu\/wp-content\/uploads\/samuel-d-jeske.jpg&#8221; disabled_on=&#8221;off|off|off&#8221; admin_label=&#8221;Person&#8221; _builder_version=&#8221;4.21.0&#8243; header_text_align=&#8221;center&#8221; position_text_align=&#8221;center&#8221; position_line_height=&#8221;2em&#8221; text_orientation=&#8221;left&#8221; custom_padding=&#8221;20px|20px|20px|20px|false|false&#8221; border_radii=&#8221;on|10px|10px|10px|10px&#8221; box_shadow_style=&#8221;preset1&#8243; global_colors_info=&#8221;{}&#8221; transform_styles__hover_enabled=&#8221;on|hover&#8221; transform_scale__hover_enabled=&#8221;on|hover&#8221; transform_translate__hover_enabled=&#8221;on|desktop&#8221; transform_rotate__hover_enabled=&#8221;on|desktop&#8221; transform_skew__hover_enabled=&#8221;on|desktop&#8221; transform_origin__hover_enabled=&#8221;on|desktop&#8221; transform_scale__hover=&#8221;105%|105%&#8221; custom_css_member_image_last_edited=&#8221;on|desktop&#8221;]<\/p>\n<p style=\"text-align: center;\">Specialista in saggi di diagnostica molecolare<\/p>\n<p>[\/et_pb_team_member][\/et_pb_column][et_pb_column type=&#8221;1_3&#8243; _builder_version=&#8221;4.16&#8243; global_colors_info=&#8221;{}&#8221;][et_pb_team_member name=&#8221;Mehmet Tekinsoy &#8221; position=&#8221;Medical Doctor, European Board-Certified Medical Microbiologist &#8221; image_url=&#8221;https:\/\/www.thervacb.eu\/wp-content\/uploads\/mehmet-tekinsoy.jpg&#8221; disabled_on=&#8221;off|off|off&#8221; admin_label=&#8221;Person&#8221; _builder_version=&#8221;4.25.0&#8243; header_text_align=&#8221;center&#8221; position_text_align=&#8221;center&#8221; position_line_height=&#8221;1.3em&#8221; text_orientation=&#8221;left&#8221; custom_padding=&#8221;20px|20px|20px|20px|false|false&#8221; hover_enabled=&#8221;0&#8243; border_radii=&#8221;on|10px|10px|10px|10px&#8221; box_shadow_style=&#8221;preset1&#8243; global_colors_info=&#8221;{}&#8221; transform_styles__hover_enabled=&#8221;on|hover&#8221; transform_scale__hover_enabled=&#8221;on|hover&#8221; transform_translate__hover_enabled=&#8221;on|desktop&#8221; transform_rotate__hover_enabled=&#8221;on|desktop&#8221; transform_skew__hover_enabled=&#8221;on|desktop&#8221; transform_origin__hover_enabled=&#8221;on|desktop&#8221; transform_scale__hover=&#8221;105%|105%&#8221; custom_css_member_image_last_edited=&#8221;on|desktop&#8221; sticky_enabled=&#8221;0&#8243;]<\/p>\n<p style=\"text-align: center;\">Specialist in Immunologic Diagnostic Assays, Supervisor at the Serology Section, Diagnostic Laboratory<\/p>\n<p>[\/et_pb_team_member][\/et_pb_column][\/et_pb_row][\/et_pb_section]<\/p>\n","protected":false},"excerpt":{"rendered":"<p>Technische Universit\u00e4t M\u00fcnchen Informazioni generali L&#8217;Universit\u00e0 Tecnica di Monaco (TUM) \u00e8 una delle principali universit\u00e0 di ricerca europee, con circa 550 professori, 43.000 studenti e 10.000 dipendenti accademici e non accademici. Le sue aree di interesse sono le scienze ingegneristiche, le scienze naturali, le scienze della vita e la medicina, combinate con le scienze economiche [&hellip;]<\/p>\n","protected":false},"author":4,"featured_media":0,"parent":3333,"menu_order":13,"comment_status":"closed","ping_status":"closed","template":"","meta":{"_et_pb_use_builder":"on","_et_pb_old_content":"","_et_gb_content_width":"","_monsterinsights_skip_tracking":false,"_monsterinsights_sitenote_active":false,"_monsterinsights_sitenote_note":"","_monsterinsights_sitenote_category":0,"footnotes":"","_links_to":"","_links_to_target":""},"class_list":["post-3409","page","type-page","status-publish","hentry"],"aioseo_notices":[],"_links":{"self":[{"href":"https:\/\/www.thervacb.eu\/it\/wp-json\/wp\/v2\/pages\/3409","targetHints":{"allow":["GET"]}}],"collection":[{"href":"https:\/\/www.thervacb.eu\/it\/wp-json\/wp\/v2\/pages"}],"about":[{"href":"https:\/\/www.thervacb.eu\/it\/wp-json\/wp\/v2\/types\/page"}],"author":[{"embeddable":true,"href":"https:\/\/www.thervacb.eu\/it\/wp-json\/wp\/v2\/users\/4"}],"replies":[{"embeddable":true,"href":"https:\/\/www.thervacb.eu\/it\/wp-json\/wp\/v2\/comments?post=3409"}],"version-history":[{"count":6,"href":"https:\/\/www.thervacb.eu\/it\/wp-json\/wp\/v2\/pages\/3409\/revisions"}],"predecessor-version":[{"id":13570,"href":"https:\/\/www.thervacb.eu\/it\/wp-json\/wp\/v2\/pages\/3409\/revisions\/13570"}],"up":[{"embeddable":true,"href":"https:\/\/www.thervacb.eu\/it\/wp-json\/wp\/v2\/pages\/3333"}],"wp:attachment":[{"href":"https:\/\/www.thervacb.eu\/it\/wp-json\/wp\/v2\/media?parent=3409"}],"curies":[{"name":"wp","href":"https:\/\/api.w.org\/{rel}","templated":true}]}}