{"id":8086,"date":"2022-04-14T13:42:41","date_gmt":"2022-04-14T12:42:41","guid":{"rendered":"https:\/\/www.thervacb.eu\/pazienti-2\/lo-studio-clinico-thervacb\/"},"modified":"2025-07-15T08:15:34","modified_gmt":"2025-07-15T07:15:34","slug":"lo-studio-clinico-thervacb","status":"publish","type":"page","link":"https:\/\/www.thervacb.eu\/it\/pazienti\/lo-studio-clinico-thervacb\/","title":{"rendered":"Lo studio clinico TherVacB"},"content":{"rendered":"<p>[et_pb_section fb_built=&#8221;1&#8243; fullwidth=&#8221;on&#8221; admin_label=&#8221;Section&#8221; _builder_version=&#8221;4.16&#8243; da_disable_devices=&#8221;off|off|off&#8221; global_colors_info=&#8221;{}&#8221; da_is_popup=&#8221;off&#8221; da_exit_intent=&#8221;off&#8221; da_has_close=&#8221;on&#8221; da_alt_close=&#8221;off&#8221; da_dark_close=&#8221;off&#8221; da_not_modal=&#8221;on&#8221; da_is_singular=&#8221;off&#8221; da_with_loader=&#8221;off&#8221; da_has_shadow=&#8221;on&#8221;][et_pb_fullwidth_slider use_text_overlay=&#8221;on&#8221; text_overlay_color=&#8221;rgba(6,66,58,0.25)&#8221; _builder_version=&#8221;4.16&#8243; custom_padding=&#8221;83px||65px|||&#8221; auto=&#8221;on&#8221; auto_ignore_hover=&#8221;on&#8221; global_colors_info=&#8221;{}&#8221;][et_pb_slide heading=&#8221;Pazienti&#8221; use_bg_overlay=&#8221;off&#8221; use_text_overlay=&#8221;on&#8221; arrows_custom_color=&#8221;#2d788c&#8221; dot_nav_custom_color=&#8221;#2d788c&#8221; text_border_radius=&#8221;10px&#8221; _builder_version=&#8221;4.16&#8243; header_font=&#8221;|700|||||||&#8221; header_text_align=&#8221;center&#8221; body_text_align=&#8221;center&#8221; body_font_size=&#8221;30px&#8221; background_enable_color=&#8221;off&#8221; use_background_color_gradient=&#8221;on&#8221; background_color_gradient_direction=&#8221;90deg&#8221; background_color_gradient_stops=&#8221;rgba(0,0,0,0) 0%|rgba(0,0,0,0) 100%&#8221; background_color_gradient_overlays_image=&#8221;on&#8221; background_color_gradient_start=&#8221;rgba(0,0,0,0)&#8221; background_color_gradient_end=&#8221;rgba(0,0,0,0)&#8221; background_image=&#8221;https:\/\/www.thervacb.eu\/wp-content\/uploads\/the-thervacb-hlinical-study-h.jpg&#8221; background_enable_image=&#8221;on&#8221; text_orientation=&#8221;center&#8221; header_text_shadow_style=&#8221;preset1&#8243; header_text_shadow_color=&#8221;#706f6f&#8221; body_text_shadow_style=&#8221;preset1&#8243; body_text_shadow_color=&#8221;#706f6f&#8221; text_shadow_style=&#8221;preset1&#8243; text_shadow_color=&#8221;#706f6f&#8221; global_colors_info=&#8221;{}&#8221; sticky_transition=&#8221;on&#8221;]Lo studio clinico TherVacB[\/et_pb_slide][\/et_pb_fullwidth_slider][\/et_pb_section][et_pb_section fb_built=&#8221;1&#8243; admin_label=&#8221;Section&#8221; module_id=&#8221;study&#8221; _builder_version=&#8221;4.16&#8243; da_popup_slug=&#8221;study&#8221; da_disable_devices=&#8221;off|off|off&#8221; global_colors_info=&#8221;{}&#8221; da_is_popup=&#8221;off&#8221; da_exit_intent=&#8221;off&#8221; da_has_close=&#8221;on&#8221; da_alt_close=&#8221;off&#8221; da_dark_close=&#8221;off&#8221; da_not_modal=&#8221;on&#8221; da_is_singular=&#8221;off&#8221; da_with_loader=&#8221;off&#8221; da_has_shadow=&#8221;on&#8221;][et_pb_row module_id=&#8221;approach&#8221; _builder_version=&#8221;4.16&#8243; global_colors_info=&#8221;{}&#8221;][et_pb_column type=&#8221;4_4&#8243; _builder_version=&#8221;4.16&#8243; global_colors_info=&#8221;{}&#8221;][et_pb_text _builder_version=&#8221;4.16&#8243; global_colors_info=&#8221;{}&#8221;]<\/p>\n<h1><strong>Posso contribuire\/partecipare alla sperimentazione clinica TherVacB come paziente con epatite B?<\/strong><\/h1>\n<p>[\/et_pb_text][\/et_pb_column][\/et_pb_row][et_pb_row column_structure=&#8221;1_2,1_2&#8243; admin_label=&#8221;map&#8221; _builder_version=&#8221;4.16&#8243; _module_preset=&#8221;default&#8221; custom_padding=&#8221;5px|||||&#8221; global_colors_info=&#8221;{}&#8221;][et_pb_column type=&#8221;1_2&#8243; _builder_version=&#8221;4.16&#8243; _module_preset=&#8221;default&#8221; global_colors_info=&#8221;{}&#8221;][et_pb_text _builder_version=&#8221;4.25.0&#8243; global_colors_info=&#8221;{}&#8221;]<\/p>\n<p>Le persone con parametri virologici e dell&#8217;ospite che soddisfano i criteri di inclusione possono partecipare allo studio clinico che prevede l&#8217;arruolamento di circa 59 persone in Europa e 22 in Africa.<\/p>\n<p>In questo studio clinico, le modifiche del vaccino contro l&#8217;epatite B TherVacB saranno testate per la sicurezza e la tollerabilit\u00e0 e saranno confrontate per definire l&#8217;efficacia ottimale nei pazienti.<\/p>\n<p>I nostri siti di studio TherVacB in Europa e nell&#8217;Africa orientale hanno una lunga esperienza nella ricerca clinica sull&#8217;epatite B e nel servizio. I medici dello studio TherVacB sono esperti nel trattamento dell&#8217;epatite virale.<\/p>\n<p><span data-contrast=\"auto\"><\/span><span data-contrast=\"auto\"><\/span><span data-ccp-props=\"{\"134233117\":true,\"134233118\":true,\"201341983\":0,\"335559740\":240}\"><\/span><\/p>\n<p>[\/et_pb_text][et_pb_text _builder_version=&#8221;4.16&#8243; _module_preset=&#8221;default&#8221; global_colors_info=&#8221;{}&#8221;]<\/p>\n<p>Se sei interessato a partecipare allo studio clinico TherVacB, <a href=\"https:\/\/www.thervacb.eu\/it\/pazienti\/contattateci\/\">contattaci<\/a>. Basta segnare la casella di controllo e ci metteremo in contatto.<\/p>\n<p>Ci sono molti altri studi in corso su composti in sviluppo per la cura dell&#8217;epatite cronica B e dell&#8217;HBV. Se sei interessato, controlla ulteriori dettagli <a href=\"https:\/\/www.hepb.org\/treatment-and-management\/drug-watch\/\" target=\"_blank\" rel=\"noopener noreferrer\">qui<\/a>.<\/p>\n<p>[\/et_pb_text][\/et_pb_column][et_pb_column type=&#8221;1_2&#8243; _builder_version=&#8221;4.16&#8243; _module_preset=&#8221;default&#8221; global_colors_info=&#8221;{}&#8221;][et_pb_map_extended address=&#8221;Munich, Germany&#8221; zoom_level=&#8221;2&#8243; address_lat=&#8221;33.041912795694&#8243; address_lng=&#8221;21.337839875&#8243; mobile_dragging=&#8221;off&#8221; marker_center=&#8221;off&#8221; info_window_width=&#8221;250px&#8221; info_window_method=&#8221;mouseover&#8221; bounce_on_click_on_off=&#8221;on&#8221; marker_animation=&#8221;on&#8221; map_type=&#8221;4&#8243; map_options=&#8221;72&#8243; _builder_version=&#8221;4.25.0&#8243; _module_preset=&#8221;default&#8221; custom_padding=&#8221;30px||30px||false|false&#8221; global_colors_info=&#8221;{}&#8221; height__hover_enabled=&#8221;on|desktop&#8221; min_height__hover_enabled=&#8221;on|desktop&#8221;][et_pb_map_pin_extended title=&#8221;UNIVERSIT\u00c0 DI LIPSIA&#8221; pin_address=&#8221;Leipzig, Germany&#8221; pin_address_lat=&#8221;51.3396955&#8243; pin_address_lng=&#8221;12.3730747&#8243; marker_url=&#8221;https:\/\/www.thervacb.eu\/team\/partner-ulei\/&#8221; pin_fill_color=&#8221;#5CBDD9&#8243; pin_stroke_color=&#8221;#BDBDBD&#8221; pin_circle_color=&#8221;#FFFFFF&#8221; _builder_version=&#8221;4.9.0&#8243; _module_preset=&#8221;default&#8221; global_colors_info=&#8221;{}&#8221;][\/et_pb_map_pin_extended][et_pb_map_pin_extended title=&#8221;ROYAL FREE LONDON NHS FOUNDATION TRUST&#8221; pin_address=&#8221;Pond St, Hampstead, London NW3 2QG, UK&#8221; pin_address_lat=&#8221;51.5539482&#8243; pin_address_lng=&#8221;-0.165902&#8243; marker_url=&#8221;https:\/\/www.thervacb.eu\/team\/partner-rfh\/&#8221; pin_fill_color=&#8221;#5CBDD9&#8243; pin_stroke_color=&#8221;#BDBDBD&#8221; pin_circle_color=&#8221;#FFFFFF&#8221; _builder_version=&#8221;4.9.0&#8243; _module_preset=&#8221;default&#8221; global_colors_info=&#8221;{}&#8221;][\/et_pb_map_pin_extended][et_pb_map_pin_extended title=&#8221;Klinikum Rechts der Isar der Technischen Universit\u00e4t M\u00fcnchen&#8221; pin_address=&#8221;Ismaninger Str. 22, 81675 M\u00fcnchen, Germany&#8221; pin_address_lat=&#8221;48.136766&#8243; pin_address_lng=&#8221;11.5993658&#8243; marker_url=&#8221;https:\/\/www.thervacb.eu\/team\/partner-tum-med\/&#8221; pin_fill_color=&#8221;#5CBDD9&#8243; pin_stroke_color=&#8221;#BDBDBD&#8221; pin_circle_color=&#8221;#FFFFFF&#8221; _builder_version=&#8221;4.9.0&#8243; _module_preset=&#8221;default&#8221; global_colors_info=&#8221;{}&#8221;][\/et_pb_map_pin_extended][et_pb_map_pin_extended title=&#8221;Azienda Ospedaliero-Universitaria di Parma&#8221; pin_address=&#8221;Viale Antonio Gramsci, 14, 43126 Parma PR, Italy&#8221; pin_address_lat=&#8221;44.8040388&#8243; pin_address_lng=&#8221;10.3093369&#8243; marker_url=&#8221;https:\/\/www.thervacb.eu\/team\/partner-aop\/&#8221; pin_fill_color=&#8221;#5CBDD9&#8243; pin_stroke_color=&#8221;#BDBDBD&#8221; pin_circle_color=&#8221;#FFFFFF&#8221; _builder_version=&#8221;4.9.0&#8243; _module_preset=&#8221;default&#8221; global_colors_info=&#8221;{}&#8221;][\/et_pb_map_pin_extended][et_pb_map_pin_extended title=&#8221;Universit\u00e4tsklinikum Hamburg-Eppendorf&#8221; pin_address=&#8221;Martinistra\u00dfe 52, 20251 Hamburg, Germany&#8221; pin_address_lat=&#8221;53.5918014&#8243; pin_address_lng=&#8221;9.9734646&#8243; marker_url=&#8221;https:\/\/www.thervacb.eu\/team\/partner-uke\/&#8221; pin_fill_color=&#8221;#5CBDD9&#8243; pin_stroke_color=&#8221;#BDBDBD&#8221; pin_circle_color=&#8221;#FFFFFF&#8221; _builder_version=&#8221;4.9.0&#8243; _module_preset=&#8221;default&#8221; global_colors_info=&#8221;{}&#8221;][\/et_pb_map_pin_extended][et_pb_map_pin_extended title=&#8221;Fundaci\u00f3 Cl\u00ednic per a la Recerca Biom\u00e8dica &#8221; pin_address=&#8221;Carrer del Rossell\u00f3, 149, 08036 Barcelona, Spain&#8221; pin_address_lat=&#8221;41.3885916&#8243; pin_address_lng=&#8221;2.150884&#8243; marker_url=&#8221;https:\/\/www.thervacb.eu\/team\/partner-fcrb\/&#8221; pin_fill_color=&#8221;#5CBDD9&#8243; pin_stroke_color=&#8221;#BDBDBD&#8221; pin_circle_color=&#8221;#FFFFFF&#8221; _builder_version=&#8221;4.9.0&#8243; _module_preset=&#8221;default&#8221; global_colors_info=&#8221;{}&#8221;][\/et_pb_map_pin_extended][et_pb_map_pin_extended title=&#8221;Barts Health NHS Trust&#8221; pin_address=&#8221;Whitechapel Rd, Whitechapel, London E1 1FR, UK&#8221; pin_address_lat=&#8221;51.5182221&#8243; pin_address_lng=&#8221;-0.0585176&#8243; marker_url=&#8221;https:\/\/www.thervacb.eu\/team\/partner-blt\/&#8221; pin_fill_color=&#8221;#5CBDD9&#8243; pin_stroke_color=&#8221;#BDBDBD&#8221; pin_circle_color=&#8221;#FFFFFF&#8221; _builder_version=&#8221;4.9.0&#8243; _module_preset=&#8221;default&#8221; global_colors_info=&#8221;{}&#8221;][\/et_pb_map_pin_extended][et_pb_map_pin_extended title=&#8221;Medizinische Hochschule Hannover&#8221; pin_address=&#8221;Carl-Neuberg-Stra\u00dfe 1, 30625 Hannover, Germany&#8221; pin_address_lat=&#8221;52.3845494&#8243; pin_address_lng=&#8221;9.8041333&#8243; marker_url=&#8221;https:\/\/www.thervacb.eu\/team\/partner-mhh\/&#8221; pin_fill_color=&#8221;#5CBDD9&#8243; pin_stroke_color=&#8221;#BDBDBD&#8221; pin_circle_color=&#8221;#FFFFFF&#8221; _builder_version=&#8221;4.9.0&#8243; _module_preset=&#8221;default&#8221; global_colors_info=&#8221;{}&#8221;][\/et_pb_map_pin_extended][et_pb_map_pin_extended title=&#8221;NIMR-Mbeya Medical Research Center&#8221; pin_address=&#8221;Hospital Hill Rd, Mbeya, Tanzania&#8221; pin_address_lat=&#8221;-8.8892372&#8243; pin_address_lng=&#8221;33.4397813&#8243; marker_url=&#8221;https:\/\/www.thervacb.eu\/team\/partner-nimr\/&#8221; pin_fill_color=&#8221;#5CBDD9&#8243; pin_stroke_color=&#8221;#BDBDBD&#8221; pin_circle_color=&#8221;#FFFFFF&#8221; _builder_version=&#8221;4.9.0&#8243; _module_preset=&#8221;default&#8221; global_colors_info=&#8221;{}&#8221;][\/et_pb_map_pin_extended][et_pb_map_pin_extended title=&#8221;LMU &#8211; Istituto di Malattie Infettive e Medicina Tropicale&#8221; pin_address=&#8221;Leopoldstra\u00dfe 5, 80802 M\u00fcnchen, Deutschland&#8221; pin_address_lat=&#8221;48.1540701&#8243; pin_address_lng=&#8221;11.5822625&#8243; marker_url=&#8221;https:\/\/www.thervacb.eu\/team\/partner-lmu\/&#8221; pin_fill_color=&#8221;#5CBDD9&#8243; pin_stroke_color=&#8221;#BDBDBD&#8221; pin_circle_color=&#8221;#FFFFFF&#8221; _builder_version=&#8221;4.25.0&#8243; _module_preset=&#8221;default&#8221; global_colors_info=&#8221;{}&#8221;][\/et_pb_map_pin_extended][et_pb_map_pin_extended title=&#8221;Universit\u00e4tsklinikum Frankfurt&#8221; pin_address=&#8221;Theodor-Stern-Kai 7, 60596 Frankfurt am Main, Deutschland&#8221; pin_address_lat=&#8221;50.095683&#8243; pin_address_lng=&#8221;8.6595022&#8243; pin_fill_color=&#8221;#5CBDD9&#8243; pin_stroke_color=&#8221;#BDBDBD&#8221; pin_circle_color=&#8221;#FFFFFF&#8221; _builder_version=&#8221;4.25.0&#8243; _module_preset=&#8221;default&#8221; global_colors_info=&#8221;{}&#8221;]<\/p>\n<p><a title=\"Universit\u00e4tsklinikum Frankfurt\" href=\"https:\/\/www.thervacb.eu\/it\/squadra\/partner-guf\/\"><img loading=\"lazy\" decoding=\"async\" class=\"alignnone wp-image-4300 size-medium\" title=\"Universit\u00e4tsklinikum Frankfurt\" src=\"https:\/\/www.thervacb.eu\/wp-content\/uploads\/frankfurt-university-hospital-logo.png\" alt=\"Universit\u00e4tsklinikum Frankfurt\" width=\"183\" height=\"100\">&lt;\/a<\/a><\/p>\n<p>[\/et_pb_map_pin_extended][\/et_pb_map_extended][\/et_pb_column][\/et_pb_row][et_pb_row module_id=&#8221;start&#8221; _builder_version=&#8221;4.16&#8243; global_colors_info=&#8221;{}&#8221;][et_pb_column type=&#8221;4_4&#8243; _builder_version=&#8221;4.16&#8243; global_colors_info=&#8221;{}&#8221;][et_pb_text _builder_version=&#8221;4.25.0&#8243; custom_padding=&#8221;||1px|||&#8221; hover_enabled=&#8221;0&#8243; global_colors_info=&#8221;{}&#8221; sticky_enabled=&#8221;0&#8243;]<\/p>\n<h1><strong>Quando \u00e8 iniziata la sperimentazione clinica?<\/strong><\/h1>\n<p>La sperimentazione clinica TherVacB \u00e8 iniziata nel giugno 2025. Questo segna una pietra miliare significativa nella nostra missione di sviluppare un approccio immunoterapeutico curativo per l&#8217;epatite cronica B. <\/p>\n<p>Lo studio sta attualmente arruolando pazienti in diversi siti clinici in Germania e sar\u00e0 continuamente esteso a siti di sperimentazione internazionali in Spagna, Italia, Regno Unito e Tanzania. I partecipanti ammissibili sono persone affette da epatite B cronica che stanno seguendo una terapia antivirale standard e che soddisfano altri criteri di inclusione. <\/p>\n<p>Per maggiori informazioni sul disegno dello studio e sui criteri di ammissibilit\u00e0, consulta la registrazione dello studio clinico: <a href=\"https:\/\/clinicaltrials.gov\/study\/NCT06513286\" target=\"_blank\" rel=\"noopener\">NCT06513286<\/a>.<\/p>\n<p>Per saperne di pi\u00f9 sulle fasi degli studi clinici sull&#8217;HBV, guardate il seguente video della <a href=\"https:\/\/www.thervacb.eu\/it\/pazienti\/domande-frequenti\/\">serie &#8220;HBV Cure FAQ &#8211; Tutto quello che c&#8217;\u00e8 da sapere per capire la ricerca sull&#8217;HBV&#8221;<\/a>.<\/p>\n<p>[\/et_pb_text][\/et_pb_column][\/et_pb_row][et_pb_row column_structure=&#8221;1_2,1_2&#8243; _builder_version=&#8221;4.23.4&#8243; _module_preset=&#8221;default&#8221; custom_margin=&#8221;0px||||false|false&#8221; custom_padding=&#8221;0px||||false|false&#8221; global_colors_info=&#8221;{}&#8221;][et_pb_column type=&#8221;1_2&#8243; _builder_version=&#8221;4.23.4&#8243; _module_preset=&#8221;default&#8221; global_colors_info=&#8221;{}&#8221;][et_pb_video src=&#8221;https:\/\/www.youtube.com\/watch?v=NUhNaOAy1-8&#8243; _builder_version=&#8221;4.23.4&#8243; _module_preset=&#8221;default&#8221; global_colors_info=&#8221;{}&#8221;][\/et_pb_video][\/et_pb_column][et_pb_column type=&#8221;1_2&#8243; _builder_version=&#8221;4.23.4&#8243; _module_preset=&#8221;default&#8221; global_colors_info=&#8221;{}&#8221;][et_pb_text _builder_version=&#8221;4.23.4&#8243; _module_preset=&#8221;default&#8221; global_colors_info=&#8221;{}&#8221;][\/et_pb_text][\/et_pb_column][\/et_pb_row][\/et_pb_section]<\/p>\n","protected":false},"excerpt":{"rendered":"<p>Lo studio clinico TherVacBPosso contribuire\/partecipare alla sperimentazione clinica TherVacB come paziente con epatite B?Le persone con parametri virologici e dell&#8217;ospite che soddisfano i criteri di inclusione possono partecipare allo studio clinico che prevede l&#8217;arruolamento di circa 59 persone in Europa e 22 in Africa. In questo studio clinico, le modifiche del vaccino contro l&#8217;epatite B [&hellip;]<\/p>\n","protected":false},"author":4,"featured_media":4876,"parent":8083,"menu_order":1,"comment_status":"closed","ping_status":"closed","template":"","meta":{"_et_pb_use_builder":"on","_et_pb_old_content":"","_et_gb_content_width":"","_monsterinsights_skip_tracking":false,"_monsterinsights_sitenote_active":false,"_monsterinsights_sitenote_note":"","_monsterinsights_sitenote_category":0,"footnotes":"","_links_to":"","_links_to_target":""},"class_list":["post-8086","page","type-page","status-publish","has-post-thumbnail","hentry"],"aioseo_notices":[],"_links":{"self":[{"href":"https:\/\/www.thervacb.eu\/it\/wp-json\/wp\/v2\/pages\/8086","targetHints":{"allow":["GET"]}}],"collection":[{"href":"https:\/\/www.thervacb.eu\/it\/wp-json\/wp\/v2\/pages"}],"about":[{"href":"https:\/\/www.thervacb.eu\/it\/wp-json\/wp\/v2\/types\/page"}],"author":[{"embeddable":true,"href":"https:\/\/www.thervacb.eu\/it\/wp-json\/wp\/v2\/users\/4"}],"replies":[{"embeddable":true,"href":"https:\/\/www.thervacb.eu\/it\/wp-json\/wp\/v2\/comments?post=8086"}],"version-history":[{"count":20,"href":"https:\/\/www.thervacb.eu\/it\/wp-json\/wp\/v2\/pages\/8086\/revisions"}],"predecessor-version":[{"id":12919,"href":"https:\/\/www.thervacb.eu\/it\/wp-json\/wp\/v2\/pages\/8086\/revisions\/12919"}],"up":[{"embeddable":true,"href":"https:\/\/www.thervacb.eu\/it\/wp-json\/wp\/v2\/pages\/8083"}],"wp:featuredmedia":[{"embeddable":true,"href":"https:\/\/www.thervacb.eu\/it\/wp-json\/wp\/v2\/media\/4876"}],"wp:attachment":[{"href":"https:\/\/www.thervacb.eu\/it\/wp-json\/wp\/v2\/media?parent=8086"}],"curies":[{"name":"wp","href":"https:\/\/api.w.org\/{rel}","templated":true}]}}