{"id":8089,"date":"2022-04-14T13:43:34","date_gmt":"2022-04-14T12:43:34","guid":{"rendered":"https:\/\/www.thervacb.eu\/pazienti-2\/il-registro-europeo-dei-pazienti-hbv\/"},"modified":"2022-04-19T06:53:35","modified_gmt":"2022-04-19T05:53:35","slug":"il-registro-europeo-dei-pazienti-hbv","status":"publish","type":"page","link":"https:\/\/www.thervacb.eu\/it\/pazienti\/il-registro-europeo-dei-pazienti-hbv\/","title":{"rendered":"Il registro europeo dei pazienti HBV"},"content":{"rendered":"<p>[et_pb_section fb_built=&#8221;1&#8243; fullwidth=&#8221;on&#8221; _builder_version=&#8221;4.2.1&#8243; da_disable_devices=&#8221;off|off|off&#8221; global_colors_info=&#8221;{}&#8221; da_is_popup=&#8221;off&#8221; da_exit_intent=&#8221;off&#8221; da_has_close=&#8221;on&#8221; da_alt_close=&#8221;off&#8221; da_dark_close=&#8221;off&#8221; da_not_modal=&#8221;on&#8221; da_is_singular=&#8221;off&#8221; da_with_loader=&#8221;off&#8221; da_has_shadow=&#8221;on&#8221;][et_pb_fullwidth_slider use_text_overlay=&#8221;on&#8221; text_overlay_color=&#8221;rgba(6,66,58,0.25)&#8221; _builder_version=&#8221;4.9.2&#8243; custom_padding=&#8221;83px||65px|||&#8221; auto=&#8221;on&#8221; auto_ignore_hover=&#8221;on&#8221; global_colors_info=&#8221;{}&#8221;][et_pb_slide heading=&#8221;Pazienti&#8221; use_bg_overlay=&#8221;off&#8221; use_text_overlay=&#8221;on&#8221; arrows_custom_color=&#8221;#2d788c&#8221; dot_nav_custom_color=&#8221;#2d788c&#8221; text_border_radius=&#8221;10px&#8221; _builder_version=&#8221;4.9.2&#8243; header_font=&#8221;|700|||||||&#8221; header_text_align=&#8221;center&#8221; body_text_align=&#8221;center&#8221; body_font_size=&#8221;30px&#8221; background_enable_color=&#8221;off&#8221; use_background_color_gradient=&#8221;on&#8221; background_color_gradient_start=&#8221;rgba(0,0,0,0)&#8221; background_color_gradient_end=&#8221;rgba(0,0,0,0)&#8221; background_color_gradient_direction=&#8221;90deg&#8221; background_color_gradient_overlays_image=&#8221;on&#8221; background_image=&#8221;https:\/\/www.thervacb.eu\/wp-content\/uploads\/the-european-hbv-patient-registry-h.jpg&#8221; background_enable_image=&#8221;on&#8221; background_size=&#8221;initial&#8221; text_orientation=&#8221;center&#8221; custom_css_slide_container=&#8221;margin-left:55% !important;||width:50%;&#8221; header_text_shadow_style=&#8221;preset1&#8243; header_text_shadow_color=&#8221;#706f6f&#8221; body_text_shadow_style=&#8221;preset1&#8243; body_text_shadow_color=&#8221;#706f6f&#8221; text_shadow_style=&#8221;preset1&#8243; text_shadow_color=&#8221;#706f6f&#8221; global_colors_info=&#8221;{}&#8221; custom_css_slide_container_last_edited=&#8221;on|desktop&#8221; custom_css_slide_container_tablet=&#8221;margin-left:auto ;||width:auto;&#8221; sticky_transition=&#8221;on&#8221;]<\/p>\n<p>Nuova speranza per i pazienti con epatite B!<\/p>\n<p>[\/et_pb_slide][\/et_pb_fullwidth_slider][\/et_pb_section][et_pb_section fb_built=&#8221;1&#8243; _builder_version=&#8221;4.2.1&#8243; da_disable_devices=&#8221;off|off|off&#8221; global_colors_info=&#8221;{}&#8221; da_is_popup=&#8221;off&#8221; da_exit_intent=&#8221;off&#8221; da_has_close=&#8221;on&#8221; da_alt_close=&#8221;off&#8221; da_dark_close=&#8221;off&#8221; da_not_modal=&#8221;on&#8221; da_is_singular=&#8221;off&#8221; da_with_loader=&#8221;off&#8221; da_has_shadow=&#8221;on&#8221;][et_pb_row module_id=&#8221;registry&#8221; _builder_version=&#8221;4.9.0&#8243; global_colors_info=&#8221;{}&#8221;][et_pb_column type=&#8221;4_4&#8243; _builder_version=&#8221;4.3.4&#8243; global_colors_info=&#8221;{}&#8221;][et_pb_text _builder_version=&#8221;4.9.0&#8243; global_colors_info=&#8221;{}&#8221;]<\/p>\n<h1><strong>Cos&#8217;\u00e8 il registro europeo per i pazienti con epatite B cronica e perch\u00e9 \u00e8 una buona idea partecipare?<\/strong><\/h1>\n<p>Oltre allo studio clinico TherVacB, il team TherVacB ha istituito un registro europeo per i pazienti con epatite cronica B. Il registro raccoglie i dati dei pazienti sui parametri virologici e immunologici durante il corso di un&#8217;infezione da virus dell&#8217;epatite B. Attraverso una raccolta di dati sui pazienti in continua crescita, saremo in grado di raccogliere informazioni preziose sul corso naturale della malattia e allo stesso tempo di identificare i pazienti per lo studio clinico TherVacB e per altri studi futuri.<\/p>\n<p>Partecipando all&#8217;European HBV Registry, diventerai paziente in uno dei nostri centri di studio partecipanti. Eseguiranno le tue visite di routine e documenteranno i tuoi dati nel registro. Questo aiuta a selezionare i pazienti per la partecipazione a terapie o studi clinici specifici &#8211; incluso lo studio clinico TherVacB.<\/p>\n<p>Ultimo ma non meno importante, ogni partecipante sostiene, con i dati generati da lui stesso, di comprendere meglio la malattia HBV-mediata e sviluppare o perfezionare le terapie per aiutare in ultima analisi la comunit\u00e0 dei pazienti in generale.<\/p>\n<p>[\/et_pb_text][\/et_pb_column][\/et_pb_row][et_pb_row module_id=&#8221;participate&#8221; _builder_version=&#8221;4.9.0&#8243; global_colors_info=&#8221;{}&#8221;][et_pb_column type=&#8221;4_4&#8243; _builder_version=&#8221;4.3.4&#8243; global_colors_info=&#8221;{}&#8221;][et_pb_text _builder_version=&#8221;4.11.3&#8243; hover_enabled=&#8221;0&#8243; global_colors_info=&#8221;{}&#8221; sticky_enabled=&#8221;0&#8243;]<\/p>\n<h1><strong>Sono un malato di epatite B che vive in Europa. Come posso partecipare?<\/strong><\/h1>\n<p>L&#8217;European HBV Registry \u00e8 attualmente attivo in Italia, Spagna, Regno Unito e Germania. Per partecipare al registro, dovrai recarti al centro di studio pi\u00f9 vicino a te per tutte le visite di routine.<\/p>\n<p>L&#8217;iscrizione al registro \u00e8 possibile in qualsiasi momento e anche dopo l&#8217;inizio dello studio di vaccinazione TherVacB. I dati dei partecipanti allo studio TherVacB saranno una parte di questo archivio. Anche i pazienti che desiderano unirsi ad altri studi in corso o imminenti sul trattamento e la cura dell&#8217;HBV sono i benvenuti.<\/p>\n<p>Contattandoci, i pazienti con un interesse confermato a partecipare alla sperimentazione della vaccinazione TherVacB o ad altri studi in corso o imminenti saranno indirizzati ad un centro di studio pi\u00f9 vicino al luogo di residenza\/domicilio del paziente. Il medico dello studio TherVacB decider\u00e0 poi insieme al paziente una possibile inclusione nel registro, tra l&#8217;altro sulla base di una serie di criteri clinici.<\/p>\n<p>Se sei interessato ad unirti al registro, <a href=\"https:\/\/www.thervacb.eu\/it\/pazienti\/contattateci\/\" title=\"contact us\">contattaci<\/a>: Segna la casella di controllo e ti contatteremo.<\/p>\n<p>Tutti i dati dei pazienti raccolti attraverso il nostro modulo di contatto saranno conservati in modo sicuro a livello locale e trattati con cura secondo i consensi ricevuti, rispettando pienamente le norme sulla protezione dei dati (GDPR) in vigore. Se \u00e8 prevista la raccolta di altri dati &#8211; ad esempio per il registro dei pazienti HBV &#8211; sarete informati separatamente sulla protezione di questi dati e dovrete acconsentire in anticipo.<\/p>\n<p>&nbsp;<\/p>\n<p>[\/et_pb_text][\/et_pb_column][\/et_pb_row][\/et_pb_section]<\/p>\n","protected":false},"excerpt":{"rendered":"<p>Nuova speranza per i pazienti con epatite B!Cos&#8217;\u00e8 il registro europeo per i pazienti con epatite B cronica e perch\u00e9 \u00e8 una buona idea partecipare? Oltre allo studio clinico TherVacB, il team TherVacB ha istituito un registro europeo per i pazienti con epatite cronica B. Il registro raccoglie i dati dei pazienti sui parametri virologici [&hellip;]<\/p>\n","protected":false},"author":4,"featured_media":4911,"parent":8083,"menu_order":2,"comment_status":"closed","ping_status":"closed","template":"","meta":{"_et_pb_use_builder":"on","_et_pb_old_content":"","_et_gb_content_width":"","_monsterinsights_skip_tracking":false,"_monsterinsights_sitenote_active":false,"_monsterinsights_sitenote_note":"","_monsterinsights_sitenote_category":0,"footnotes":"","_links_to":"","_links_to_target":""},"class_list":["post-8089","page","type-page","status-publish","has-post-thumbnail","hentry"],"aioseo_notices":[],"_links":{"self":[{"href":"https:\/\/www.thervacb.eu\/it\/wp-json\/wp\/v2\/pages\/8089","targetHints":{"allow":["GET"]}}],"collection":[{"href":"https:\/\/www.thervacb.eu\/it\/wp-json\/wp\/v2\/pages"}],"about":[{"href":"https:\/\/www.thervacb.eu\/it\/wp-json\/wp\/v2\/types\/page"}],"author":[{"embeddable":true,"href":"https:\/\/www.thervacb.eu\/it\/wp-json\/wp\/v2\/users\/4"}],"replies":[{"embeddable":true,"href":"https:\/\/www.thervacb.eu\/it\/wp-json\/wp\/v2\/comments?post=8089"}],"version-history":[{"count":0,"href":"https:\/\/www.thervacb.eu\/it\/wp-json\/wp\/v2\/pages\/8089\/revisions"}],"up":[{"embeddable":true,"href":"https:\/\/www.thervacb.eu\/it\/wp-json\/wp\/v2\/pages\/8083"}],"wp:featuredmedia":[{"embeddable":true,"href":"https:\/\/www.thervacb.eu\/it\/wp-json\/wp\/v2\/media\/4911"}],"wp:attachment":[{"href":"https:\/\/www.thervacb.eu\/it\/wp-json\/wp\/v2\/media?parent=8089"}],"curies":[{"name":"wp","href":"https:\/\/api.w.org\/{rel}","templated":true}]}}