{"id":3739,"date":"2021-02-08T12:30:35","date_gmt":"2021-02-08T12:30:35","guid":{"rendered":"https:\/\/www.thervacb.eu\/%e7%90%83%e9%98%9f\/%e5%90%88%e4%bd%9c%e4%bc%99%e4%bc%b4ucl\/"},"modified":"2025-06-16T10:44:03","modified_gmt":"2025-06-16T09:44:03","slug":"%e5%90%88%e4%bd%9c%e4%bc%99%e4%bc%b4ucl","status":"publish","type":"page","link":"https:\/\/www.thervacb.eu\/zh-hans\/%e5%9b%a2%e9%98%9f\/%e5%90%88%e4%bd%9c%e4%bc%99%e4%bc%b4ucl\/","title":{"rendered":"\u5408\u4f5c\u4f19\u4f34UCL"},"content":{"rendered":"<p>[et_pb_section fb_built=&#8221;1&#8243; fullwidth=&#8221;on&#8221; _builder_version=&#8221;4.2.2&#8243; da_disable_devices=&#8221;off|off|off&#8221; global_module=&#8221;539&#8243; saved_tabs=&#8221;all&#8221; da_is_popup=&#8221;off&#8221; da_exit_intent=&#8221;off&#8221; da_has_close=&#8221;on&#8221; da_alt_close=&#8221;off&#8221; da_dark_close=&#8221;off&#8221; da_not_modal=&#8221;on&#8221; da_is_singular=&#8221;off&#8221; da_with_loader=&#8221;off&#8221; da_has_shadow=&#8221;on&#8221;][et_pb_map_fullwidth_extended address=&#8221;Paris, France&#8221; zoom_level=&#8221;2&#8243; address_lat=&#8221;43.762201679538&#8243; address_lng=&#8221;5.1647219&#8243; mobile_dragging=&#8221;off&#8221; map_type_control_position=&#8221;LEFT_CENTER&#8221; streetview_control_position=&#8221;LEFT_BOTTOM&#8221; info_window_width=&#8221;300px&#8221; map_type=&#8221;2&#8243; _builder_version=&#8221;4.4.3&#8243; title_text_color=&#8221;#1c9080&#8243; title_font_size=&#8221;24px&#8221; content_text_color=&#8221;#666666&#8243; content_font_size=&#8221;18px&#8221;][et_pb_map_pin_extended title=&#8221;LMU&#8221; pin_address=&#8221;GESCHWISTER SCHOLL PLATZ 1, 80539 M\u00fcnchen,&#8221; pin_address_lat=&#8221;48.1540685&#8243; pin_address_lng=&#8221;11.5823284&#8243; pin_fill_color=&#8221;#2d788c&#8221; pin_stroke_color=&#8221;#06423a&#8221; pin_circle_color=&#8221;#ffffff&#8221; _builder_version=&#8221;4.4.3&#8243;]<\/p>\n<p><a href=\"https:\/\/www.thervacb.eu\/team\/partner-lmu\/\" title=\"LMU\"><img loading=\"lazy\" decoding=\"async\" src=\"https:\/\/www.thervacb.eu\/wp-content\/uploads\/lmu-logo.png\" alt=\"LMU\" class=\"wp-image-763 size-full\" width=\"204\" height=\"57\" \/><\/a> <\/p>\n<p>[\/et_pb_map_pin_extended][et_pb_map_pin_extended title=&#8221;CTC North&#8221; pin_address=&#8221;Martinistra\u00dfe 64, 20251 Hamburg, Deutschland&#8221; pin_address_lat=&#8221;53.5898297&#8243; pin_address_lng=&#8221;9.9736084&#8243; pin_fill_color=&#8221;#2d788c&#8221; pin_stroke_color=&#8221;#06423a&#8221; pin_circle_color=&#8221;#ffffff&#8221; _builder_version=&#8221;4.4.3&#8243;]<\/p>\n<p><a href=\"https:\/\/www.thervacb.eu\/team\/\" title=\"CTC North\"><img loading=\"lazy\" decoding=\"async\" src=\"https:\/\/www.thervacb.eu\/wp-content\/uploads\/151204-ctc-logo-cmyk-400x114.png\" alt=\"\" class=\"wp-image-523 aligncenter size-medium\" width=\"200\" height=\"57\" srcset=\"https:\/\/www.thervacb.eu\/wp-content\/uploads\/151204-ctc-logo-cmyk-400x116.png 400w, https:\/\/www.thervacb.eu\/wp-content\/uploads\/151204-ctc-logo-cmyk.png 406w\" sizes=\"auto, (max-width: 200px) 100vw, 200px\" \/><\/a><\/p>\n<p>[\/et_pb_map_pin_extended][et_pb_map_pin_extended title=&#8221;Fundaci\u00f3 Cl\u00ednic per a la Recerca Biom\u00e8dica&#8221; pin_address=&#8221;Carrer del Rossell\u00f3, 149, 08036 Barcelona, Spanien&#8221; pin_address_lat=&#8221;41.3885899&#8243; pin_address_lng=&#8221;2.1508862&#8243; pin_fill_color=&#8221;#2d788c&#8221; pin_stroke_color=&#8221;#06423a&#8221; pin_circle_color=&#8221;#ffffff&#8221; _builder_version=&#8221;4.4.2&#8243;]<\/p>\n<p><a href=\"https:\/\/www.thervacb.eu\/team\/partner-fcrb\/\" title=\"Clinic Barcelona\"><img loading=\"lazy\" decoding=\"async\" src=\"https:\/\/www.thervacb.eu\/wp-content\/uploads\/clinic-barcelona-logo.png\" alt=\"Clinic Barcelona\" class=\"wp-image-758 size-full\" width=\"200\" height=\"126\" \/><\/a><\/p>\n<p>[\/et_pb_map_pin_extended][et_pb_map_pin_extended title=&#8221;Helmholtz Zentrum M\u00fcnchen&#8221; pin_address=&#8221;Ingolst\u00e4dter Landstra\u00dfe 1, 85764 Oberschlei\u00dfheim, Deutschland&#8221; pin_address_lat=&#8221;48.2208172&#8243; pin_address_lng=&#8221;11.5871674&#8243; pin_fill_color=&#8221;#2d788c&#8221; pin_stroke_color=&#8221;#06423a&#8221; pin_circle_color=&#8221;#ffffff&#8221; _builder_version=&#8221;4.4.1&#8243;]<\/p>\n<p><a href=\"https:\/\/www.thervacb.eu\/team\/partner-hmgu\/\" title=\"Helmholtz Zentrum M\u00fcnchen\"><img loading=\"lazy\" decoding=\"async\" src=\"https:\/\/www.thervacb.eu\/wp-content\/uploads\/helmholzzentrum-logo.png\" alt=\"Helmholtz Zentrum M\u00fcnchen\" class=\"wp-image-760 size-full\" width=\"236\" height=\"50\" \/><\/a><\/p>\n<p>[\/et_pb_map_pin_extended][et_pb_map_pin_extended title=&#8221;Helmholtz Zentrum f\u00fcr Infektionsforschung GmbH&#8221; pin_address=&#8221;Inhoffenstra\u00dfe 7, 38124 Braunschweig, Deutschland&#8221; pin_address_lat=&#8221;52.2109803&#8243; pin_address_lng=&#8221;10.5314925&#8243; pin_fill_color=&#8221;#2d788c&#8221; pin_stroke_color=&#8221;#06423a&#8221; pin_circle_color=&#8221;#ffffff&#8221; _builder_version=&#8221;4.4.2&#8243;]<a href=\"https:\/\/www.thervacb.eu\/team\/partner-hzi\/\" title=\"Helmholtz-Zentrum f\u00fcr Infektionsforschung GmbH (HZI)\"><img loading=\"lazy\" decoding=\"async\" src=\"https:\/\/www.thervacb.eu\/wp-content\/uploads\/hzi-logo-400x133.png\" alt=\"\" class=\"wp-image-525 alignleft size-medium\" width=\"200\" height=\"66\" srcset=\"https:\/\/www.thervacb.eu\/wp-content\/uploads\/hzi-logo-400x133.png 400w, https:\/\/www.thervacb.eu\/wp-content\/uploads\/hzi-logo.png 406w\" sizes=\"auto, (max-width: 200px) 100vw, 200px\" \/><\/a>[\/et_pb_map_pin_extended][et_pb_map_pin_extended title=&#8221;Medizinische Hochschule Hannover&#8221; pin_address=&#8221;Carl-Neuberg-Stra\u00dfe 1, 30625 Hannover, Deutschland&#8221; pin_address_lat=&#8221;52.3834749&#8243; pin_address_lng=&#8221;9.8047999&#8243; pin_fill_color=&#8221;#2d788c&#8221; pin_stroke_color=&#8221;#06423a&#8221; pin_circle_color=&#8221;#ffffff&#8221; _builder_version=&#8221;4.4.1&#8243;]<\/p>\n<p><a href=\"https:\/\/www.thervacb.eu\/team\/partner-mhh\/\" title=\"Medizinische Hochschule Hannover\"><img loading=\"lazy\" decoding=\"async\" src=\"https:\/\/www.thervacb.eu\/wp-content\/uploads\/mhh-logo.png\" alt=\"MHH\" class=\"wp-image-765 size-full\" width=\"220\" height=\"38\" \/><\/a><\/p>\n<p>[\/et_pb_map_pin_extended][et_pb_map_pin_extended title=&#8221; NIMR-Mbeya Medical Research Center&#8221; pin_address=&#8221;Hospital Hill Rd, Mbeya, Tansania&#8221; pin_address_lat=&#8221;-8.8892372&#8243; pin_address_lng=&#8221;33.4397813&#8243; pin_fill_color=&#8221;#2d788c&#8221; pin_stroke_color=&#8221;#06423a&#8221; pin_circle_color=&#8221;#ffffff&#8221; _builder_version=&#8221;4.4.1&#8243;]<\/p>\n<p><a href=\"https:\/\/www.thervacb.eu\/team\/partner-nimr\/\" title=\" NIMR-Mbeya Medical Research Center\"><img loading=\"lazy\" decoding=\"async\" src=\"https:\/\/www.thervacb.eu\/wp-content\/uploads\/nimr-mmrc-logo-g.png\" alt=\"National Institute for Medical Research\" class=\"wp-image-600 size-full\" width=\"200\" height=\"200\" srcset=\"https:\/\/www.thervacb.eu\/wp-content\/uploads\/nimr-mmrc-logo-g.png 200w, https:\/\/www.thervacb.eu\/wp-content\/uploads\/nimr-mmrc-logo-g-150x150.png 150w\" sizes=\"auto, (max-width: 200px) 100vw, 200px\" \/><\/a><\/p>\n<p>[\/et_pb_map_pin_extended][et_pb_map_pin_extended title=&#8221;Technische Universit\u00e4t M\u00fcnchen&#8221; pin_address=&#8221;Arcisstra\u00dfe 21, 80333 M\u00fcnchen, Deutschland&#8221; pin_address_lat=&#8221;48.1486686&#8243; pin_address_lng=&#8221;11.5685941&#8243; pin_fill_color=&#8221;#2d788c&#8221; pin_stroke_color=&#8221;#06423a&#8221; pin_circle_color=&#8221;#ffffff&#8221; _builder_version=&#8221;4.4.1&#8243;]<\/p>\n<p><a href=\"https:\/\/www.thervacb.eu\/team\/partner-tum\/\" title=\"Technische Universit\u00e4t M\u00fcnchen\"><img loading=\"lazy\" decoding=\"async\" src=\"https:\/\/www.thervacb.eu\/wp-content\/uploads\/tum-logo.png\" alt=\"TUM\" class=\"wp-image-768 size-full\" width=\"200\" height=\"67\" \/><\/a> <\/p>\n<p>[\/et_pb_map_pin_extended][et_pb_map_pin_extended title=&#8221;UNIVERSITY COLLEGE LONDON&#8221; pin_address=&#8221;GOWER STREET, WC1E 6BT London&#8221; pin_address_lat=&#8221;51.5233687&#8243; pin_address_lng=&#8221;-0.135766&#8243; pin_fill_color=&#8221;#2d788c&#8221; pin_stroke_color=&#8221;#06423a&#8221; pin_circle_color=&#8221;#ffffff&#8221; _builder_version=&#8221;4.4.3&#8243;]<\/p>\n<p><a href=\"https:\/\/www.thervacb.eu\/team\/partner-ucl\/\" title=\"UNIVERSITY COLLEGE LONDON\"><img loading=\"lazy\" decoding=\"async\" src=\"https:\/\/www.thervacb.eu\/wp-content\/uploads\/ucl-logo.png\" alt=\"UCL\" class=\"wp-image-770 size-full\" width=\"200\" height=\"59\" \/><\/a><\/p>\n<p>[\/et_pb_map_pin_extended][et_pb_map_pin_extended title=&#8221;ARTTIC SAS&#8221; pin_address=&#8221;58a Rue du Dessous des Berges, 75013 Paris, Frankreich&#8221; pin_address_lat=&#8221;48.827405&#8243; pin_address_lng=&#8221;2.3743052&#8243; pin_fill_color=&#8221;#2d788c&#8221; pin_stroke_color=&#8221;#06423a&#8221; pin_circle_color=&#8221;#ffffff&#8221; _builder_version=&#8221;4.4.1&#8243;]<\/p>\n<p><a href=\"https:\/\/www.thervacb.eu\/team\/arttic\/\" title=\"ARTTIC\"><img loading=\"lazy\" decoding=\"async\" src=\"https:\/\/www.thervacb.eu\/wp-content\/uploads\/arttic-logo-400x200.png\" alt=\"\" class=\"wp-image-524 alignleft size-medium\" width=\"200\" height=\"100\" srcset=\"https:\/\/www.thervacb.eu\/wp-content\/uploads\/arttic-logo-400x200.png 400w, https:\/\/www.thervacb.eu\/wp-content\/uploads\/arttic-logo.png 406w\" sizes=\"auto, (max-width: 200px) 100vw, 200px\" \/><\/a><\/p>\n<p>[\/et_pb_map_pin_extended][et_pb_map_pin_extended title=&#8221;Klinikum Rechts der Isar der Technischen Universit\u00e4t M\u00fcnchen&#8221; pin_address=&#8221;H\u00f6rsaal A, Klinikum rechts der Isar, Ismaninger Str. 22, 81675 M\u00fcnchen, Deutschland&#8221; pin_address_lat=&#8221;48.1360041&#8243; pin_address_lng=&#8221;11.5997829&#8243; pin_fill_color=&#8221;#2d788c&#8221; pin_stroke_color=&#8221;#06423a&#8221; pin_circle_color=&#8221;#ffffff&#8221; _builder_version=&#8221;4.4.1&#8243;]<\/p>\n<p><a href=\"https:\/\/www.thervacb.eu\/team\/partner-tum-med\/\"><img loading=\"lazy\" decoding=\"async\" src=\"https:\/\/www.thervacb.eu\/wp-content\/uploads\/logo-mri-tum-400x118.png\" alt=\"\" class=\"wp-image-521 aligncenter size-medium\" style=\"float: left;\" width=\"200\" height=\"59\" srcset=\"https:\/\/www.thervacb.eu\/wp-content\/uploads\/logo-mri-tum-400x120.png 400w, https:\/\/www.thervacb.eu\/wp-content\/uploads\/logo-mri-tum.png 406w\" sizes=\"auto, (max-width: 200px) 100vw, 200px\" \/><\/a><\/p>\n<p>[\/et_pb_map_pin_extended][et_pb_map_pin_extended title=&#8221;Universit\u00e4tsklinikum Hamburg-Eppendorf &#8221; pin_address=&#8221;Martinistra\u00dfe 52, 20251 Hamburg, Deutschland&#8221; pin_address_lat=&#8221;53.5902421&#8243; pin_address_lng=&#8221;9.9785922&#8243; pin_fill_color=&#8221;#2d788c&#8221; pin_stroke_color=&#8221;#06423a&#8221; pin_circle_color=&#8221;#ffffff&#8221; _builder_version=&#8221;4.4.1&#8243;]<\/p>\n<p><a href=\"https:\/\/www.thervacb.eu\/team\/partner-uke\/\" title=\"University Medical Center Hamburg-Eppendorf, I. Department of Internal Medicin\"><img loading=\"lazy\" decoding=\"async\" src=\"https:\/\/www.thervacb.eu\/wp-content\/uploads\/uke-hamburg.png\" alt=\"University Medical Center Hamburg-Eppendorf, I. Department of Internal Medicin\" title=\"University Medical Center Hamburg-Eppendorf, I. Department of Internal Medicin\" class=\"wp-image-1057 aligncenter size-full\" style=\"float: left;\" width=\"195\" height=\"169\" \/><\/a><\/p>\n<p>[\/et_pb_map_pin_extended][et_pb_map_pin_extended title=&#8221;Universit\u00e1 degli Studi di Parma&#8221; pin_address=&#8221;Str. dell&#8217;Universit\u00e0, 12, 43121 Parma PR, Italien&#8221; pin_address_lat=&#8221;44.8012357&#8243; pin_address_lng=&#8221;10.3255389&#8243; pin_fill_color=&#8221;#2d788c&#8221; pin_stroke_color=&#8221;#06423a&#8221; pin_circle_color=&#8221;#ffffff&#8221; _builder_version=&#8221;4.4.1&#8243;]<a href=\"https:\/\/www.thervacb.eu\/team\/partner-aop-new\/\"><img loading=\"lazy\" decoding=\"async\" class=\"wp-image-520 aligncenter size-medium\" src=\"https:\/\/www.thervacb.eu\/wp-content\/uploads\/logo-azienda-ospedaliero-universitaria-di-parma-1-400x82.png\" alt=\"\" width=\"200\" height=\"41\" srcset=\"https:\/\/www.thervacb.eu\/wp-content\/uploads\/logo-azienda-ospedaliero-universitaria-di-parma-1-400x83.png 400w, https:\/\/www.thervacb.eu\/wp-content\/uploads\/logo-azienda-ospedaliero-universitaria-di-parma-1.png 406w\" sizes=\"auto, (max-width: 200px) 100vw, 200px\" \/><\/a>[\/et_pb_map_pin_extended][et_pb_map_pin_extended title=&#8221;Universit\u00e4t Leipzig&#8221; pin_address=&#8221;Ritterstra\u00dfe 26, 04109 Leipzig, Deutschland&#8221; pin_address_lat=&#8221;51.3412809&#8243; pin_address_lng=&#8221;12.3802676&#8243; pin_fill_color=&#8221;#2d788c&#8221; pin_stroke_color=&#8221;#06423a&#8221; pin_circle_color=&#8221;#ffffff&#8221; _builder_version=&#8221;4.3.4&#8243;][\/et_pb_map_pin_extended][et_pb_map_pin_extended title=&#8221;Barts Health NHS Trust&#8221; pin_address=&#8221;Co-operative Bank Plc, 9 Prescot St, Whitechapel, London E1 8AZ, Vereinigtes K\u00f6nigreich&#8221; zoom_level=&#8221;5&#8243; pin_address_lat=&#8221;51.5115034&#8243; pin_address_lng=&#8221;-0.0706499&#8243; pin_fill_color=&#8221;#2d788c&#8221; pin_stroke_color=&#8221;#06423a&#8221; pin_circle_color=&#8221;#ffffff&#8221; _builder_version=&#8221;4.4.3&#8243;][\/et_pb_map_pin_extended][et_pb_map_pin_extended title=&#8221;Royal Free London NHS Foundation Trust&#8221; pin_address=&#8221;Pond St, Hampstead, London NW3 2QG, Vereinigtes K\u00f6nigreich&#8221; pin_address_lat=&#8221;51.5537706&#8243; pin_address_lng=&#8221;-0.1672142&#8243; pin_fill_color=&#8221;#2d788c&#8221; pin_stroke_color=&#8221;#06423a&#8221; pin_circle_color=&#8221;#ffffff&#8221; _builder_version=&#8221;4.3.4&#8243;][\/et_pb_map_pin_extended][\/et_pb_map_fullwidth_extended][\/et_pb_section][et_pb_section fb_built=&#8221;1&#8243; _builder_version=&#8221;4.3.1&#8243; da_disable_devices=&#8221;off|off|off&#8221; da_is_popup=&#8221;off&#8221; da_exit_intent=&#8221;off&#8221; da_has_close=&#8221;on&#8221; da_alt_close=&#8221;off&#8221; da_dark_close=&#8221;off&#8221; da_not_modal=&#8221;on&#8221; da_is_singular=&#8221;off&#8221; da_with_loader=&#8221;off&#8221; da_has_shadow=&#8221;on&#8221;][et_pb_row column_structure=&#8221;3_4,1_4&#8243; _builder_version=&#8221;4.3.2&#8243;][et_pb_column type=&#8221;3_4&#8243; _builder_version=&#8221;4.3.1&#8243;][et_pb_text _builder_version=&#8221;4.4.2&#8243;]<\/p>\n<h1>\u4f26\u6566\u5927\u5b66\u5b66\u9662\uff08UCL\uff09<\/h1>\n<h2><\/h2>\n<h2>\u4e00\u822c\u4fe1\u606f<\/h2>\n<p>UCL\u514d\u75ab\u4e0e\u79fb\u690d\u7814\u7a76\u6240\uff08IIT\uff09\u662f\u514d\u75ab\u5b66\u7814\u7a76\u7684\u56fd\u9645\u5353\u8d8a\u4e2d\u5fc3\u3002 IIT\u662f\u5b9e\u9a8c\u533b\u5b66\u7684\u4e2d\u5fc3\uff0c\u5b83\u5c06\u65b0\u9896\u7684\u7814\u7a76\u6982\u5ff5\u8f6c\u5316\u4e3a\u9488\u5bf9\u672c\u5730\u548c\u5168\u7403\u60a3\u8005\u7fa4\u4f53\u7684\u65b0\u8bca\u65ad\u5de5\u5177\u548c\u6cbb\u7597\u5e72\u9884\u63aa\u65bd\u3002 \u5b83\u7684\u591a\u5b66\u79d1\u7814\u7a76\u548c\u57f9\u8bad\u8ba1\u5212\u65e8\u5728\u6559\u80b2\u79d1\u5b66\u5bb6\u548c\u536b\u751f\u4e13\u4e1a\u4eba\u5458\u3002 \u901a\u8fc7\u5171\u540c\u52aa\u529b\uff0cIIT\u52a0\u5feb\u4e86\u5c06\u65b0\u578b\u514d\u75ab\u7597\u6cd5\u4f5c\u4e3a\u5e38\u89c4\u7597\u6cd5\u7684\u5b9e\u65bd\u3002 IIT\u65e8\u5728\u5f00\u53d1\u75ab\u82d7\uff0c\u57fa\u56e0\u7597\u6cd5\u548c\u7ec6\u80de\u7597\u6cd5\uff0c\u4ee5\u589e\u5f3a\u60a3\u6709\u764c\u75c7\u548c\u6162\u6027\u611f\u67d3\u7684\u60a3\u8005\u7684\u514d\u75ab\u529b\uff0c\u5e76\u8bf1\u5bfc\u81ea\u8eab\u514d\u75ab\u6027\u75be\u75c5\u4ee5\u53ca\u63a5\u53d7\u5e38\u89c4\u6216\u751f\u7269\u5de5\u7a0b\u79fb\u690d\u7684\u60a3\u8005\u7684\u8010\u53d7\u6027\u3002 IIT\u7684\u7814\u7a76\u6d3b\u52a8\u5206\u4e3a\u4e09\u4e2a\u7814\u7a76\u7ec4\uff0c\u6bcf\u4e2a\u7ec4\u5305\u542b\u4e24\u4e2a\u76f8\u5173\u7684\u7814\u7a76\u8ba1\u5212\uff1a1\uff09\u514d\u75ab\u8010\u53d7\u6027\uff0c <br \/>2\uff09\u514d\u75ab\u7597\u6cd5 3\uff09\u9057\u4f20\u75c5\u3002<\/p>\n<p>[\/et_pb_text][\/et_pb_column][et_pb_column type=&#8221;1_4&#8243; _builder_version=&#8221;4.3.2&#8243; background_enable_color=&#8221;off&#8221; use_background_color_gradient=&#8221;on&#8221; background_color_gradient_start=&#8221;rgba(0,0,0,0)&#8221; background_color_gradient_end=&#8221;rgba(92,189,217,0.25)&#8221; background_enable_image=&#8221;off&#8221; background_size=&#8221;initial&#8221; background_position=&#8221;top_left&#8221; custom_padding=&#8221;10px|10px|10px|10px|false|false&#8221; border_radii=&#8221;on|10px|10px|10px|10px&#8221; border_width_all=&#8221;2px&#8221; border_color_all=&#8221;#5cbdd9&#8243;][et_pb_image src=&#8221;https:\/\/www.thervacb.eu\/wp-content\/uploads\/ucl-logo.png&#8221; alt=&#8221;\u4f26\u6566\u5927\u5b66\u5b66\u9662&#8221; title_text=&#8221;\u4f26\u6566\u5927\u5b66\u5b66\u9662&#8221; _builder_version=&#8221;4.3.4&#8243;][\/et_pb_image][et_pb_text _builder_version=&#8221;4.4.2&#8243; max_width=&#8221;100%&#8221; module_alignment=&#8221;left&#8221;]<\/p>\n<p><strong>\u4f26\u6566\u5927\u5b66\u5b66\u9662<br \/> <\/strong><\/p>\n<p>\u5927\u5b66\u88575\u53f7<br \/> WC1E 6JF\u4f26\u6566<br \/> \u82f1\u56fd<\/p>\n<p><a href=\"http:\/\/www.ucl.ac.uk\/infection-immunity\" target=\"_blank\" rel=\"noopener noreferrer\" title=\"University College London\">www.ucl.ac.uk\/infection-immunity<\/a><\/p>\n<p>[\/et_pb_text][\/et_pb_column][\/et_pb_row][et_pb_row _builder_version=&#8221;4.3.1&#8243;][et_pb_column type=&#8221;4_4&#8243; _builder_version=&#8221;4.3.1&#8243;][et_pb_text _builder_version=&#8221;4.4.2&#8243;]<\/p>\n<h2>\u5728TherVacB\u4e2d\u7684\u4f5c\u7528<\/h2>\n<p>UCL\u901a\u8fc7\u63a2\u7d22\u6027\u514d\u75ab\u5b66\u6d4b\u5b9a\u6cd5\u4e3a\u514d\u75ab\u76d1\u6d4b\u548c\u751f\u7269\u6807\u5fd7\u7269\u8bc4\u4f30\u505a\u51fa\u4e86\u8d21\u732e\uff0c\u4ee5\u9610\u660e\u514d\u75ab\u9650\u5236\uff08\u5c24\u5176\u662fB\u7ec6\u80de\uff09\uff0c\u8fd9\u4e9b\u514d\u75ab\u9650\u5236\u53ef\u5728\u672a\u6765\u7684\u8bd5\u9a8c\u4e2d\u4f18\u5316\u6cbb\u7597\u6027\u75ab\u82d7\u7684\u53cd\u5e94\u3002<\/p>\n<p>[\/et_pb_text][\/et_pb_column][\/et_pb_row][et_pb_row _builder_version=&#8221;4.3.1&#8243; custom_padding=&#8221;||0px|||&#8221;][et_pb_column type=&#8221;4_4&#8243; _builder_version=&#8221;4.3.1&#8243;][et_pb_text _builder_version=&#8221;4.3.1&#8243;]<\/p>\n<h2>\u9879\u76ee\u4eba\u5458<\/h2>\n<p>&nbsp;<\/p>\n<p>[\/et_pb_text][\/et_pb_column][\/et_pb_row][et_pb_row column_structure=&#8221;1_2,1_2&#8243; make_equal=&#8221;on&#8221; _builder_version=&#8221;4.3.2&#8243; custom_padding=&#8221;0px|||||&#8221;][et_pb_column type=&#8221;1_2&#8243; _builder_version=&#8221;4.3.1&#8243;][et_pb_team_member name=&#8221;\u9a6c\u62c9\u7f05\u5c3c\u5dde&#8221; position=&#8221;\u7ec4\u957f &#8221; image_url=&#8221;https:\/\/www.thervacb.eu\/wp-content\/uploads\/UCL_Mala-Maini.jpg&#8221; _builder_version=&#8221;4.3.2&#8243; header_text_align=&#8221;center&#8221; position_text_align=&#8221;center&#8221; position_line_height=&#8221;2em&#8221; text_orientation=&#8221;left&#8221; custom_padding=&#8221;20px|20px|20px|20px|false|false&#8221; border_radii=&#8221;on|10px|10px|10px|10px&#8221; box_shadow_style=&#8221;preset1&#8243; transform_styles__hover_enabled=&#8221;on|hover&#8221; transform_scale__hover_enabled=&#8221;on|hover&#8221; transform_translate__hover_enabled=&#8221;on|desktop&#8221; transform_rotate__hover_enabled=&#8221;on|desktop&#8221; transform_skew__hover_enabled=&#8221;on|desktop&#8221; transform_origin__hover_enabled=&#8221;on|desktop&#8221; transform_scale__hover=&#8221;105%|105%&#8221; custom_css_member_image_last_edited=&#8221;on|desktop&#8221;]<\/p>\n<p style=\"text-align: center;\">\u4e13\u653bHBV\u514d\u75ab\u5b66\u548c\u514d\u75ab\u7597\u6cd5\u3002<\/p>\n<p>[\/et_pb_team_member][\/et_pb_column][et_pb_column type=&#8221;1_2&#8243; _builder_version=&#8221;4.3.1&#8243;][\/et_pb_column][\/et_pb_row][\/et_pb_section]<\/p>\n","protected":false},"excerpt":{"rendered":"<p>\u4f26\u6566\u5927\u5b66\u5b66\u9662\uff08UCL\uff09 \u4e00\u822c\u4fe1\u606f UCL\u514d\u75ab\u4e0e\u79fb\u690d\u7814\u7a76\u6240\uff08IIT\uff09\u662f\u514d\u75ab\u5b66\u7814\u7a76\u7684\u56fd\u9645\u5353\u8d8a\u4e2d\u5fc3\u3002 IIT\u662f\u5b9e\u9a8c\u533b [&hellip;]<\/p>\n","protected":false},"author":4,"featured_media":0,"parent":3714,"menu_order":15,"comment_status":"closed","ping_status":"closed","template":"","meta":{"_et_pb_use_builder":"on","_et_pb_old_content":"","_et_gb_content_width":"","_monsterinsights_skip_tracking":false,"_monsterinsights_sitenote_active":false,"_monsterinsights_sitenote_note":"","_monsterinsights_sitenote_category":0,"footnotes":"","_links_to":"","_links_to_target":""},"class_list":["post-3739","page","type-page","status-publish","hentry"],"aioseo_notices":[],"_links":{"self":[{"href":"https:\/\/www.thervacb.eu\/zh-hans\/wp-json\/wp\/v2\/pages\/3739","targetHints":{"allow":["GET"]}}],"collection":[{"href":"https:\/\/www.thervacb.eu\/zh-hans\/wp-json\/wp\/v2\/pages"}],"about":[{"href":"https:\/\/www.thervacb.eu\/zh-hans\/wp-json\/wp\/v2\/types\/page"}],"author":[{"embeddable":true,"href":"https:\/\/www.thervacb.eu\/zh-hans\/wp-json\/wp\/v2\/users\/4"}],"replies":[{"embeddable":true,"href":"https:\/\/www.thervacb.eu\/zh-hans\/wp-json\/wp\/v2\/comments?post=3739"}],"version-history":[{"count":1,"href":"https:\/\/www.thervacb.eu\/zh-hans\/wp-json\/wp\/v2\/pages\/3739\/revisions"}],"predecessor-version":[{"id":12580,"href":"https:\/\/www.thervacb.eu\/zh-hans\/wp-json\/wp\/v2\/pages\/3739\/revisions\/12580"}],"up":[{"embeddable":true,"href":"https:\/\/www.thervacb.eu\/zh-hans\/wp-json\/wp\/v2\/pages\/3714"}],"wp:attachment":[{"href":"https:\/\/www.thervacb.eu\/zh-hans\/wp-json\/wp\/v2\/media?parent=3739"}],"curies":[{"name":"wp","href":"https:\/\/api.w.org\/{rel}","templated":true}]}}