{"id":3767,"date":"2021-02-08T12:30:41","date_gmt":"2021-02-08T12:30:41","guid":{"rendered":"https:\/\/www.thervacb.eu\/%e7%90%83%e9%98%9f\/%e5%90%88%e4%bd%9c%e4%bc%99%e4%bc%b4blt\/"},"modified":"2025-07-15T07:26:46","modified_gmt":"2025-07-15T06:26:46","slug":"%e5%90%88%e4%bd%9c%e4%bc%99%e4%bc%b4blt","status":"publish","type":"page","link":"https:\/\/www.thervacb.eu\/zh-hans\/%e5%9b%a2%e9%98%9f\/%e5%90%88%e4%bd%9c%e4%bc%99%e4%bc%b4blt\/","title":{"rendered":"\u5408\u4f5c\u4f19\u4f34BLT"},"content":{"rendered":"<p>[et_pb_section fb_built=&#8221;1&#8243; fullwidth=&#8221;on&#8221; _builder_version=&#8221;4.2.2&#8243; da_disable_devices=&#8221;off|off|off&#8221; global_module=&#8221;539&#8243; saved_tabs=&#8221;all&#8221; da_is_popup=&#8221;off&#8221; da_exit_intent=&#8221;off&#8221; da_has_close=&#8221;on&#8221; da_alt_close=&#8221;off&#8221; da_dark_close=&#8221;off&#8221; da_not_modal=&#8221;on&#8221; da_is_singular=&#8221;off&#8221; da_with_loader=&#8221;off&#8221; da_has_shadow=&#8221;on&#8221;][et_pb_map_fullwidth_extended address=&#8221;Paris, France&#8221; zoom_level=&#8221;2&#8243; address_lat=&#8221;43.762201679538&#8243; address_lng=&#8221;5.1647219&#8243; mobile_dragging=&#8221;off&#8221; map_type_control_position=&#8221;LEFT_CENTER&#8221; streetview_control_position=&#8221;LEFT_BOTTOM&#8221; info_window_width=&#8221;300px&#8221; map_type=&#8221;2&#8243; _builder_version=&#8221;4.4.3&#8243; title_text_color=&#8221;#1c9080&#8243; title_font_size=&#8221;24px&#8221; content_text_color=&#8221;#666666&#8243; content_font_size=&#8221;18px&#8221;][et_pb_map_pin_extended title=&#8221;LMU&#8221; pin_address=&#8221;GESCHWISTER SCHOLL PLATZ 1, 80539 M\u00fcnchen,&#8221; pin_address_lat=&#8221;48.1540685&#8243; pin_address_lng=&#8221;11.5823284&#8243; pin_fill_color=&#8221;#2d788c&#8221; pin_stroke_color=&#8221;#06423a&#8221; pin_circle_color=&#8221;#ffffff&#8221; _builder_version=&#8221;4.4.3&#8243;]<\/p>\n<p><a href=\"https:\/\/www.thervacb.eu\/team\/partner-lmu\/\" title=\"LMU\"><img loading=\"lazy\" decoding=\"async\" src=\"https:\/\/www.thervacb.eu\/wp-content\/uploads\/lmu-logo.png\" alt=\"LMU\" class=\"wp-image-763 size-full\" width=\"204\" height=\"57\" \/><\/a> <\/p>\n<p>[\/et_pb_map_pin_extended][et_pb_map_pin_extended title=&#8221;CTC North&#8221; pin_address=&#8221;Martinistra\u00dfe 64, 20251 Hamburg, Deutschland&#8221; pin_address_lat=&#8221;53.5898297&#8243; pin_address_lng=&#8221;9.9736084&#8243; pin_fill_color=&#8221;#2d788c&#8221; pin_stroke_color=&#8221;#06423a&#8221; pin_circle_color=&#8221;#ffffff&#8221; _builder_version=&#8221;4.4.3&#8243;]<\/p>\n<p><a href=\"https:\/\/www.thervacb.eu\/team\/\" title=\"CTC North\"><img loading=\"lazy\" decoding=\"async\" src=\"https:\/\/www.thervacb.eu\/wp-content\/uploads\/151204-ctc-logo-cmyk-400x114.png\" alt=\"\" class=\"wp-image-523 aligncenter size-medium\" width=\"200\" height=\"57\" srcset=\"https:\/\/www.thervacb.eu\/wp-content\/uploads\/151204-ctc-logo-cmyk-400x116.png 400w, https:\/\/www.thervacb.eu\/wp-content\/uploads\/151204-ctc-logo-cmyk.png 406w\" sizes=\"auto, (max-width: 200px) 100vw, 200px\" \/><\/a><\/p>\n<p>[\/et_pb_map_pin_extended][et_pb_map_pin_extended title=&#8221;Fundaci\u00f3 Cl\u00ednic per a la Recerca Biom\u00e8dica&#8221; pin_address=&#8221;Carrer del Rossell\u00f3, 149, 08036 Barcelona, Spanien&#8221; pin_address_lat=&#8221;41.3885899&#8243; pin_address_lng=&#8221;2.1508862&#8243; pin_fill_color=&#8221;#2d788c&#8221; pin_stroke_color=&#8221;#06423a&#8221; pin_circle_color=&#8221;#ffffff&#8221; _builder_version=&#8221;4.4.2&#8243;]<\/p>\n<p><a href=\"https:\/\/www.thervacb.eu\/team\/partner-fcrb\/\" title=\"Clinic Barcelona\"><img loading=\"lazy\" decoding=\"async\" src=\"https:\/\/www.thervacb.eu\/wp-content\/uploads\/clinic-barcelona-logo.png\" alt=\"Clinic Barcelona\" class=\"wp-image-758 size-full\" width=\"200\" height=\"126\" \/><\/a><\/p>\n<p>[\/et_pb_map_pin_extended][et_pb_map_pin_extended title=&#8221;Helmholtz Zentrum M\u00fcnchen&#8221; pin_address=&#8221;Ingolst\u00e4dter Landstra\u00dfe 1, 85764 Oberschlei\u00dfheim, Deutschland&#8221; pin_address_lat=&#8221;48.2208172&#8243; pin_address_lng=&#8221;11.5871674&#8243; pin_fill_color=&#8221;#2d788c&#8221; pin_stroke_color=&#8221;#06423a&#8221; pin_circle_color=&#8221;#ffffff&#8221; _builder_version=&#8221;4.4.1&#8243;]<\/p>\n<p><a href=\"https:\/\/www.thervacb.eu\/team\/partner-hmgu\/\" title=\"Helmholtz Zentrum M\u00fcnchen\"><img loading=\"lazy\" decoding=\"async\" src=\"https:\/\/www.thervacb.eu\/wp-content\/uploads\/helmholzzentrum-logo.png\" alt=\"Helmholtz Zentrum M\u00fcnchen\" class=\"wp-image-760 size-full\" width=\"236\" height=\"50\" \/><\/a><\/p>\n<p>[\/et_pb_map_pin_extended][et_pb_map_pin_extended title=&#8221;Helmholtz Zentrum f\u00fcr Infektionsforschung GmbH&#8221; pin_address=&#8221;Inhoffenstra\u00dfe 7, 38124 Braunschweig, Deutschland&#8221; pin_address_lat=&#8221;52.2109803&#8243; pin_address_lng=&#8221;10.5314925&#8243; pin_fill_color=&#8221;#2d788c&#8221; pin_stroke_color=&#8221;#06423a&#8221; pin_circle_color=&#8221;#ffffff&#8221; _builder_version=&#8221;4.4.2&#8243;]<a href=\"https:\/\/www.thervacb.eu\/team\/partner-hzi\/\" title=\"Helmholtz-Zentrum f\u00fcr Infektionsforschung GmbH (HZI)\"><img loading=\"lazy\" decoding=\"async\" src=\"https:\/\/www.thervacb.eu\/wp-content\/uploads\/hzi-logo-400x133.png\" alt=\"\" class=\"wp-image-525 alignleft size-medium\" width=\"200\" height=\"66\" srcset=\"https:\/\/www.thervacb.eu\/wp-content\/uploads\/hzi-logo-400x133.png 400w, https:\/\/www.thervacb.eu\/wp-content\/uploads\/hzi-logo.png 406w\" sizes=\"auto, (max-width: 200px) 100vw, 200px\" \/><\/a>[\/et_pb_map_pin_extended][et_pb_map_pin_extended title=&#8221;Medizinische Hochschule Hannover&#8221; pin_address=&#8221;Carl-Neuberg-Stra\u00dfe 1, 30625 Hannover, Deutschland&#8221; pin_address_lat=&#8221;52.3834749&#8243; pin_address_lng=&#8221;9.8047999&#8243; pin_fill_color=&#8221;#2d788c&#8221; pin_stroke_color=&#8221;#06423a&#8221; pin_circle_color=&#8221;#ffffff&#8221; _builder_version=&#8221;4.4.1&#8243;]<\/p>\n<p><a href=\"https:\/\/www.thervacb.eu\/team\/partner-mhh\/\" title=\"Medizinische Hochschule Hannover\"><img loading=\"lazy\" decoding=\"async\" src=\"https:\/\/www.thervacb.eu\/wp-content\/uploads\/mhh-logo.png\" alt=\"MHH\" class=\"wp-image-765 size-full\" width=\"220\" height=\"38\" \/><\/a><\/p>\n<p>[\/et_pb_map_pin_extended][et_pb_map_pin_extended title=&#8221; NIMR-Mbeya Medical Research Center&#8221; pin_address=&#8221;Hospital Hill Rd, Mbeya, Tansania&#8221; pin_address_lat=&#8221;-8.8892372&#8243; pin_address_lng=&#8221;33.4397813&#8243; pin_fill_color=&#8221;#2d788c&#8221; pin_stroke_color=&#8221;#06423a&#8221; pin_circle_color=&#8221;#ffffff&#8221; _builder_version=&#8221;4.4.1&#8243;]<\/p>\n<p><a href=\"https:\/\/www.thervacb.eu\/team\/partner-nimr\/\" title=\" NIMR-Mbeya Medical Research Center\"><img loading=\"lazy\" decoding=\"async\" src=\"https:\/\/www.thervacb.eu\/wp-content\/uploads\/nimr-mmrc-logo-g.png\" alt=\"National Institute for Medical Research\" class=\"wp-image-600 size-full\" width=\"200\" height=\"200\" srcset=\"https:\/\/www.thervacb.eu\/wp-content\/uploads\/nimr-mmrc-logo-g.png 200w, https:\/\/www.thervacb.eu\/wp-content\/uploads\/nimr-mmrc-logo-g-150x150.png 150w\" sizes=\"auto, (max-width: 200px) 100vw, 200px\" \/><\/a><\/p>\n<p>[\/et_pb_map_pin_extended][et_pb_map_pin_extended title=&#8221;Technische Universit\u00e4t M\u00fcnchen&#8221; pin_address=&#8221;Arcisstra\u00dfe 21, 80333 M\u00fcnchen, Deutschland&#8221; pin_address_lat=&#8221;48.1486686&#8243; pin_address_lng=&#8221;11.5685941&#8243; pin_fill_color=&#8221;#2d788c&#8221; pin_stroke_color=&#8221;#06423a&#8221; pin_circle_color=&#8221;#ffffff&#8221; _builder_version=&#8221;4.4.1&#8243;]<\/p>\n<p><a href=\"https:\/\/www.thervacb.eu\/team\/partner-tum\/\" title=\"Technische Universit\u00e4t M\u00fcnchen\"><img loading=\"lazy\" decoding=\"async\" src=\"https:\/\/www.thervacb.eu\/wp-content\/uploads\/tum-logo.png\" alt=\"TUM\" class=\"wp-image-768 size-full\" width=\"200\" height=\"67\" \/><\/a> <\/p>\n<p>[\/et_pb_map_pin_extended][et_pb_map_pin_extended title=&#8221;UNIVERSITY COLLEGE LONDON&#8221; pin_address=&#8221;GOWER STREET, WC1E 6BT London&#8221; pin_address_lat=&#8221;51.5233687&#8243; pin_address_lng=&#8221;-0.135766&#8243; pin_fill_color=&#8221;#2d788c&#8221; pin_stroke_color=&#8221;#06423a&#8221; pin_circle_color=&#8221;#ffffff&#8221; _builder_version=&#8221;4.4.3&#8243;]<\/p>\n<p><a href=\"https:\/\/www.thervacb.eu\/team\/partner-ucl\/\" title=\"UNIVERSITY COLLEGE LONDON\"><img loading=\"lazy\" decoding=\"async\" src=\"https:\/\/www.thervacb.eu\/wp-content\/uploads\/ucl-logo.png\" alt=\"UCL\" class=\"wp-image-770 size-full\" width=\"200\" height=\"59\" \/><\/a><\/p>\n<p>[\/et_pb_map_pin_extended][et_pb_map_pin_extended title=&#8221;ARTTIC SAS&#8221; pin_address=&#8221;58a Rue du Dessous des Berges, 75013 Paris, Frankreich&#8221; pin_address_lat=&#8221;48.827405&#8243; pin_address_lng=&#8221;2.3743052&#8243; pin_fill_color=&#8221;#2d788c&#8221; pin_stroke_color=&#8221;#06423a&#8221; pin_circle_color=&#8221;#ffffff&#8221; _builder_version=&#8221;4.4.1&#8243;]<\/p>\n<p><a href=\"https:\/\/www.thervacb.eu\/team\/arttic\/\" title=\"ARTTIC\"><img loading=\"lazy\" decoding=\"async\" src=\"https:\/\/www.thervacb.eu\/wp-content\/uploads\/arttic-logo-400x200.png\" alt=\"\" class=\"wp-image-524 alignleft size-medium\" width=\"200\" height=\"100\" srcset=\"https:\/\/www.thervacb.eu\/wp-content\/uploads\/arttic-logo-400x200.png 400w, https:\/\/www.thervacb.eu\/wp-content\/uploads\/arttic-logo.png 406w\" sizes=\"auto, (max-width: 200px) 100vw, 200px\" \/><\/a><\/p>\n<p>[\/et_pb_map_pin_extended][et_pb_map_pin_extended title=&#8221;Klinikum Rechts der Isar der Technischen Universit\u00e4t M\u00fcnchen&#8221; pin_address=&#8221;H\u00f6rsaal A, Klinikum rechts der Isar, Ismaninger Str. 22, 81675 M\u00fcnchen, Deutschland&#8221; pin_address_lat=&#8221;48.1360041&#8243; pin_address_lng=&#8221;11.5997829&#8243; pin_fill_color=&#8221;#2d788c&#8221; pin_stroke_color=&#8221;#06423a&#8221; pin_circle_color=&#8221;#ffffff&#8221; _builder_version=&#8221;4.4.1&#8243;]<\/p>\n<p><a href=\"https:\/\/www.thervacb.eu\/team\/partner-tum-med\/\"><img loading=\"lazy\" decoding=\"async\" src=\"https:\/\/www.thervacb.eu\/wp-content\/uploads\/logo-mri-tum-400x118.png\" alt=\"\" class=\"wp-image-521 aligncenter size-medium\" style=\"float: left;\" width=\"200\" height=\"59\" srcset=\"https:\/\/www.thervacb.eu\/wp-content\/uploads\/logo-mri-tum-400x120.png 400w, https:\/\/www.thervacb.eu\/wp-content\/uploads\/logo-mri-tum.png 406w\" sizes=\"auto, (max-width: 200px) 100vw, 200px\" \/><\/a><\/p>\n<p>[\/et_pb_map_pin_extended][et_pb_map_pin_extended title=&#8221;Universit\u00e4tsklinikum Hamburg-Eppendorf &#8221; pin_address=&#8221;Martinistra\u00dfe 52, 20251 Hamburg, Deutschland&#8221; pin_address_lat=&#8221;53.5902421&#8243; pin_address_lng=&#8221;9.9785922&#8243; pin_fill_color=&#8221;#2d788c&#8221; pin_stroke_color=&#8221;#06423a&#8221; pin_circle_color=&#8221;#ffffff&#8221; _builder_version=&#8221;4.4.1&#8243;]<\/p>\n<p><a href=\"https:\/\/www.thervacb.eu\/team\/partner-uke\/\" title=\"University Medical Center Hamburg-Eppendorf, I. Department of Internal Medicin\"><img loading=\"lazy\" decoding=\"async\" src=\"https:\/\/www.thervacb.eu\/wp-content\/uploads\/uke-hamburg.png\" alt=\"University Medical Center Hamburg-Eppendorf, I. Department of Internal Medicin\" title=\"University Medical Center Hamburg-Eppendorf, I. Department of Internal Medicin\" class=\"wp-image-1057 aligncenter size-full\" style=\"float: left;\" width=\"195\" height=\"169\" \/><\/a><\/p>\n<p>[\/et_pb_map_pin_extended][et_pb_map_pin_extended title=&#8221;Universit\u00e1 degli Studi di Parma&#8221; pin_address=&#8221;Str. dell&#8217;Universit\u00e0, 12, 43121 Parma PR, Italien&#8221; pin_address_lat=&#8221;44.8012357&#8243; pin_address_lng=&#8221;10.3255389&#8243; pin_fill_color=&#8221;#2d788c&#8221; pin_stroke_color=&#8221;#06423a&#8221; pin_circle_color=&#8221;#ffffff&#8221; _builder_version=&#8221;4.4.1&#8243;]<a href=\"https:\/\/www.thervacb.eu\/team\/partner-aop-new\/\"><img loading=\"lazy\" decoding=\"async\" class=\"wp-image-520 aligncenter size-medium\" src=\"https:\/\/www.thervacb.eu\/wp-content\/uploads\/logo-azienda-ospedaliero-universitaria-di-parma-1-400x82.png\" alt=\"\" width=\"200\" height=\"41\" srcset=\"https:\/\/www.thervacb.eu\/wp-content\/uploads\/logo-azienda-ospedaliero-universitaria-di-parma-1-400x83.png 400w, https:\/\/www.thervacb.eu\/wp-content\/uploads\/logo-azienda-ospedaliero-universitaria-di-parma-1.png 406w\" sizes=\"auto, (max-width: 200px) 100vw, 200px\" \/><\/a>[\/et_pb_map_pin_extended][et_pb_map_pin_extended title=&#8221;Universit\u00e4t Leipzig&#8221; pin_address=&#8221;Ritterstra\u00dfe 26, 04109 Leipzig, Deutschland&#8221; pin_address_lat=&#8221;51.3412809&#8243; pin_address_lng=&#8221;12.3802676&#8243; pin_fill_color=&#8221;#2d788c&#8221; pin_stroke_color=&#8221;#06423a&#8221; pin_circle_color=&#8221;#ffffff&#8221; _builder_version=&#8221;4.3.4&#8243;][\/et_pb_map_pin_extended][et_pb_map_pin_extended title=&#8221;Barts Health NHS Trust&#8221; pin_address=&#8221;Co-operative Bank Plc, 9 Prescot St, Whitechapel, London E1 8AZ, Vereinigtes K\u00f6nigreich&#8221; zoom_level=&#8221;5&#8243; pin_address_lat=&#8221;51.5115034&#8243; pin_address_lng=&#8221;-0.0706499&#8243; pin_fill_color=&#8221;#2d788c&#8221; pin_stroke_color=&#8221;#06423a&#8221; pin_circle_color=&#8221;#ffffff&#8221; _builder_version=&#8221;4.4.3&#8243;][\/et_pb_map_pin_extended][et_pb_map_pin_extended title=&#8221;Royal Free London NHS Foundation Trust&#8221; pin_address=&#8221;Pond St, Hampstead, London NW3 2QG, Vereinigtes K\u00f6nigreich&#8221; pin_address_lat=&#8221;51.5537706&#8243; pin_address_lng=&#8221;-0.1672142&#8243; pin_fill_color=&#8221;#2d788c&#8221; pin_stroke_color=&#8221;#06423a&#8221; pin_circle_color=&#8221;#ffffff&#8221; _builder_version=&#8221;4.3.4&#8243;][\/et_pb_map_pin_extended][\/et_pb_map_fullwidth_extended][\/et_pb_section][et_pb_section fb_built=&#8221;1&#8243; _builder_version=&#8221;4.3.1&#8243; da_disable_devices=&#8221;off|off|off&#8221; da_is_popup=&#8221;off&#8221; da_exit_intent=&#8221;off&#8221; da_has_close=&#8221;on&#8221; da_alt_close=&#8221;off&#8221; da_dark_close=&#8221;off&#8221; da_not_modal=&#8221;on&#8221; da_is_singular=&#8221;off&#8221; da_with_loader=&#8221;off&#8221; da_has_shadow=&#8221;on&#8221;][et_pb_row column_structure=&#8221;3_4,1_4&#8243; _builder_version=&#8221;4.3.2&#8243;][et_pb_column type=&#8221;3_4&#8243; _builder_version=&#8221;4.3.1&#8243;][et_pb_text _builder_version=&#8221;4.4.3&#8243;]<\/p>\n<h1>Barts Health NHS\u4fe1\u6258<\/h1>\n<h2>\u4e00\u822c\u4fe1\u606f<\/h2>\n<p>Barts Health\u662fNHS\u7684\u4e00\u5bb6\u4fe1\u6258\u673a\u6784\uff0c\u5728\u4f26\u6566\u91d1\u878d\u57ce\u548c\u4e1c\u4f26\u6566\u7684\u4e94\u5bb6\u533b\u9662\u7ecf\u8425\u3002 \u5b83\u662f\u82f1\u56fd\u7b2c\u4e8c\u5927NHS\u4fe1\u6258\uff0c\u62e5\u670916,000\u591a\u540d\u5458\u5de5\uff0c\u5e76\u4e14\u662f\u82f1\u56fd\u6700\u5927\u7684\u75c5\u6bd2\u6027\u809d\u708e\u670d\u52a1\u4e4b\u4e00\u3002 \u5e15\u7279\u91cc\u514b\u00b7\u80af\u5c3c\u8fea\uff08Patrick Kennedy\uff09\u6559\u6388\u5728\u5df4\u7279\u65af\u5065\u5eb7NHS\u4fe1\u6258\u57fa\u91d1\u4f1a\u548c\u4e1c\u4f26\u6566\u7f51\u7edc\u7684\u62a4\u7406\u4e0b\uff0c\u4e3aCHB\u7684\u7ba1\u7406\u63d0\u4f9b\u4e86\u84ec\u52c3\u53d1\u5c55\u7684\u4e34\u5e8a\u670d\u52a1\uff0c\u5171\u67096,000\u591a\u540d\u60a3\u8005\u3002 \u4ed6\u5f00\u59cb\u4e3a\u6240\u6709CHB\u7ba1\u7406\u4e2d\u5fc3\u63d0\u4f9b\u591a\u5b66\u79d1\u670d\u52a1\uff0c\u5f62\u6210\u4e86\u771f\u6b63\u7684\u4e2d\u5fc3\u548c\u5206\u652f\u7f51\u7edc\u3002 \u8fd9\u7b80\u5316\u4e86\u60a3\u8005\u7ba1\u7406\uff0c\u6539\u5584\u4e86\u672c\u5730\u62a4\u7406\u9014\u5f84\uff0c\u5e76\u4fc3\u8fdb\u4e86\u8de8\u7ad9\u70b9\u5de5\u4f5c\u548c\u4ea4\u4ed8\u7ed9\u4e34\u5e8a\u8bd5\u9a8c\u3002 \u8fd9\u9879\u4e34\u5e8a\u670d\u52a1\u662f\u82f1\u56fd\u6700\u5927\u7684\u4e34\u5e8a\u670d\u52a1\u4e4b\u4e00\uff0c\u4f7fBarts Health\u5728CHB\u7684\u8bb8\u591a\u65b0\u9896\u8bd5\u9a8c\u4e2d\u5747\u5904\u4e8e\u5168\u7403\u9886\u5148\u5730\u4f4d\uff1b\u76ee\u524d&gt;10\u4e2a\u884c\u4e1a\u9886\u5148\u76841\u30012\u548c3\u671f\u4e34\u5e8a\u8bd5\u9a8c\u3002 \u6b64\u5916\uff0c\u80af\u5c3c\u8fea\u6559\u6388\u5728\u8f6c\u5316\u7814\u7a76\u9886\u57df\u62e5\u6709\u60a0\u4e45\u7684\u5f80\u7ee9\uff0c\u8fd9\u4e0eCHB\u4e34\u5e8a\u8bd5\u9a8c\u4ea7\u54c1\u7ec4\u5408\u606f\u606f\u76f8\u5173\uff0c\u4ece\u800c\u63d0\u9ad8\u4e86Barts Health\u4e34\u5e8a\u548c\u8f6c\u5316\u7814\u7a76\u7684\u6c34\u5e73\u3002<\/p>\n<p>[\/et_pb_text][\/et_pb_column][et_pb_column type=&#8221;1_4&#8243; _builder_version=&#8221;4.3.2&#8243; background_enable_color=&#8221;off&#8221; use_background_color_gradient=&#8221;on&#8221; background_color_gradient_start=&#8221;rgba(0,0,0,0)&#8221; background_color_gradient_end=&#8221;rgba(92,189,217,0.25)&#8221; background_enable_image=&#8221;off&#8221; background_size=&#8221;initial&#8221; background_position=&#8221;top_left&#8221; custom_padding=&#8221;10px|10px|10px|10px|false|false&#8221; border_radii=&#8221;on|10px|10px|10px|10px&#8221; border_width_all=&#8221;2px&#8221; border_color_all=&#8221;#5cbdd9&#8243;][et_pb_image src=&#8221;https:\/\/www.thervacb.eu\/wp-content\/uploads\/Barts-and-the-London-NHS.png&#8221; alt=&#8221;\u4f26\u6566\u5927\u5b66\u5b66\u9662&#8221; title_text=&#8221;\u4f26\u6566\u5927\u5b66\u5b66\u9662&#8221; _builder_version=&#8221;4.4.3&#8243;][\/et_pb_image][et_pb_text _builder_version=&#8221;4.4.3&#8243; max_width=&#8221;100%&#8221; module_alignment=&#8221;left&#8221;]<\/p>\n<p><strong>Barts Health NHS\u4fe1\u6258<br \/><\/strong>\u4f26\u6566\u7687\u5bb6\u533b\u9662<br \/>\u767d\u6559\u5802\u8def<br \/>\u4f26\u6566E1 1FR<br \/> \u82f1\u56fd<\/p>\n<p>[\/et_pb_text][\/et_pb_column][\/et_pb_row][et_pb_row _builder_version=&#8221;4.4.2&#8243;][et_pb_column type=&#8221;4_4&#8243; _builder_version=&#8221;4.4.2&#8243;][et_pb_text _builder_version=&#8221;4.4.3&#8243;]<\/p>\n<h2>\u5728TherVacB\u4e2d\u7684\u4f5c\u7528<\/h2>\n<p>Barts Health NHS Trust\u5c06\u62db\u52df\u60a3\u8005\u53c2\u52a0\u8be5\u9879\u76ee\u3002 \u5e15\u7279\u91cc\u514b\u00b7\u80af\u5c3c\u8fea\uff08Patrick Kennedy\uff09\u6559\u6388\u662f\u82f1\u56fd\u809d\u75c5\u7814\u7a76\u534f\u4f1a\uff08BASL\uff09\u4e59\u809d\u75c5\u6bd2\uff08HBV\uff09\u7279\u522b\u5174\u8da3\u5c0f\u7ec4\u7684\u8d1f\u8d23\u4eba\u3002 \u8be5\u89d2\u8272\u6d89\u53ca\u82f1\u56fdHBV\u7814\u7a76\u7684\u534f\u8c03\uff0c\u8ba1\u5212\u548c\u4ea4\u4ed8\u3002 \u6b64\u5916\uff0cBarts Health\u62e5\u6709\u7531\u80af\u5c3c\u8fea\u6559\u6388\u9886\u5bfc\u7684\u4e16\u754c\u9886\u5148\u7684HBV\u8f6c\u5316\u7814\u7a76\u8ba1\u5212\u3002 Barts Health NHS Trust\u4e3a\u5f53\u524d\u9879\u76ee\u7684\u89c4\u5212\u505a\u51fa\u4e86\u8d21\u732e\uff0c\u7279\u522b\u4fa7\u91cd\u4e8e\u60a3\u8005\u9009\u62e9\u3002 \u57fa\u4e8eHBV\u514d\u75ab\u5b66\u548c\u8f6c\u5316\u7814\u7a76\u7684\u4e13\u4e1a\u77e5\u8bc6\uff0cBarts Health\u5c06\u4e3a\u8ba1\u5212\u7684\u514d\u75ab\u5b66\u7814\u7a76\u505a\u51fa\u8d21\u732e\uff0c\u4f5c\u4e3a\u5f53\u524d\u9879\u76ee\u7684\u4e00\u90e8\u5206\u3002<\/p>\n<p>[\/et_pb_text][\/et_pb_column][\/et_pb_row][et_pb_row _builder_version=&#8221;4.4.2&#8243;][et_pb_column type=&#8221;4_4&#8243; _builder_version=&#8221;4.4.2&#8243;][et_pb_text _builder_version=&#8221;4.4.2&#8243;]<\/p>\n<h2>\u9879\u76ee\u4eba\u5458<\/h2>\n<p>[\/et_pb_text][\/et_pb_column][\/et_pb_row][et_pb_row column_structure=&#8221;1_2,1_2&#8243; _builder_version=&#8221;4.4.2&#8243;][et_pb_column type=&#8221;1_2&#8243; _builder_version=&#8221;4.4.2&#8243;][et_pb_team_member name=&#8221;\u5e15\u7279\u91cc\u514b\u00b7\u80af\u5c3c\u8fea&#8221; position=&#8221;\u8054\u5408\u7814\u7a76\u5458&#8221; image_url=&#8221;https:\/\/www.thervacb.eu\/wp-content\/uploads\/BLT_Patrick-Kennedy.jpg&#8221; _builder_version=&#8221;4.4.6&#8243; header_text_align=&#8221;center&#8221; position_text_align=&#8221;center&#8221; position_line_height=&#8221;2em&#8221; text_orientation=&#8221;left&#8221; hover_enabled=&#8221;0&#8243; custom_css_member_image=&#8221;-webkit-clip-path: circle(45% at 50% 68%);||clip-path: circle(43% at 50% 68%);||margin-top:-20px;||height:160px;||margin-left: auto;||margin-right: auto;||&#8221; custom_css_member_description=&#8221;margin-top:80px&#8221; box_shadow_style=&#8221;preset1&#8243; border_radii=&#8221;on|10px|10px|10px|10px&#8221; custom_margin=&#8221;||||false|false&#8221; custom_padding=&#8221;40px|20px|20px|20px|false|false&#8221;][\/et_pb_team_member][\/et_pb_column][et_pb_column type=&#8221;1_2&#8243; _builder_version=&#8221;4.4.2&#8243;][et_pb_team_member name=&#8221;\u8a79\u59c6\u65af\u00b7\u6c49\u5fb7&#8221; position=&#8221;\u4e34\u5e8a\u7814\u7a76\u7ecf\u7406&#8221; image_url=&#8221;https:\/\/www.thervacb.eu\/wp-content\/uploads\/person-blue.png&#8221; _builder_version=&#8221;4.4.6&#8243; header_text_align=&#8221;center&#8221; position_text_align=&#8221;center&#8221; position_line_height=&#8221;2em&#8221; text_orientation=&#8221;left&#8221; hover_enabled=&#8221;0&#8243; custom_css_member_image=&#8221;-webkit-clip-path: circle(45% at 50% 68%);||clip-path: circle(43% at 50% 68%);||margin-top:-20px;||height:160px;||margin-left: auto;||margin-right: auto;||&#8221; custom_css_member_description=&#8221;margin-top:80px&#8221; custom_padding=&#8221;40px|20px|20px|20px|false|false&#8221; border_radii=&#8221;on|10px|10px|10px|10px&#8221; box_shadow_style=&#8221;preset1&#8243;][\/et_pb_team_member][\/et_pb_column][\/et_pb_row][\/et_pb_section]<\/p>\n","protected":false},"excerpt":{"rendered":"<p>Barts Health NHS\u4fe1\u6258 \u4e00\u822c\u4fe1\u606f Barts Health\u662fNHS\u7684\u4e00\u5bb6\u4fe1\u6258\u673a\u6784\uff0c\u5728\u4f26\u6566\u91d1\u878d\u57ce\u548c [&hellip;]<\/p>\n","protected":false},"author":4,"featured_media":0,"parent":3714,"menu_order":4,"comment_status":"closed","ping_status":"closed","template":"","meta":{"_et_pb_use_builder":"on","_et_pb_old_content":"","_et_gb_content_width":"","_monsterinsights_skip_tracking":false,"_monsterinsights_sitenote_active":false,"_monsterinsights_sitenote_note":"","_monsterinsights_sitenote_category":0,"footnotes":"","_links_to":"","_links_to_target":""},"class_list":["post-3767","page","type-page","status-publish","hentry"],"aioseo_notices":[],"_links":{"self":[{"href":"https:\/\/www.thervacb.eu\/zh-hans\/wp-json\/wp\/v2\/pages\/3767","targetHints":{"allow":["GET"]}}],"collection":[{"href":"https:\/\/www.thervacb.eu\/zh-hans\/wp-json\/wp\/v2\/pages"}],"about":[{"href":"https:\/\/www.thervacb.eu\/zh-hans\/wp-json\/wp\/v2\/types\/page"}],"author":[{"embeddable":true,"href":"https:\/\/www.thervacb.eu\/zh-hans\/wp-json\/wp\/v2\/users\/4"}],"replies":[{"embeddable":true,"href":"https:\/\/www.thervacb.eu\/zh-hans\/wp-json\/wp\/v2\/comments?post=3767"}],"version-history":[{"count":1,"href":"https:\/\/www.thervacb.eu\/zh-hans\/wp-json\/wp\/v2\/pages\/3767\/revisions"}],"predecessor-version":[{"id":12581,"href":"https:\/\/www.thervacb.eu\/zh-hans\/wp-json\/wp\/v2\/pages\/3767\/revisions\/12581"}],"up":[{"embeddable":true,"href":"https:\/\/www.thervacb.eu\/zh-hans\/wp-json\/wp\/v2\/pages\/3714"}],"wp:attachment":[{"href":"https:\/\/www.thervacb.eu\/zh-hans\/wp-json\/wp\/v2\/media?parent=3767"}],"curies":[{"name":"wp","href":"https:\/\/api.w.org\/{rel}","templated":true}]}}